{"id":10499,"date":"2015-07-07T12:28:07","date_gmt":"2015-07-07T09:28:07","guid":{"rendered":"https:\/\/visitsavonlinna.fi\/?page_id=10499"},"modified":"2015-07-07T12:32:50","modified_gmt":"2015-07-07T09:32:50","slug":"essen","status":"publish","type":"page","link":"https:\/\/visitsavonlinna.fi\/de\/essen\/","title":{"rendered":"Essen"},"content":{"rendered":"<p>[vc_row full_width=&#8220;&#8220; parallax=&#8220;&#8220; parallax_image=&#8220;&#8220;][vc_column width=&#8220;1\/2&#8243;][vc_column_text css_animation=&#8220;&#8220;]<\/p>\n<h1>Regionale Esskultur<\/h1>\n<p>Die Restaurants und Caf\u00e9s in der Region Savonlinna versprechen Geschmacksnervenkitzel mit Delikatessen, die in den Fastfoodlokalen der gro\u00dfen St\u00e4dte jenseits aller Vorstellung w\u00e4ren. In den meisten Restaurants hier werden die Gerichte aus frischen lokalen Zutaten hausgemacht.[\/vc_column_text][\/vc_column][vc_column width=&#8220;1\/2&#8243;][\/vc_column][\/vc_row][vc_row full_width=&#8220;&#8220; parallax=&#8220;&#8220; parallax_image=&#8220;&#8220;][vc_column width=&#8220;1\/1&#8243;]<div class=\"posts-list-grid wpb_content_element\">\n                            <div class=\"row no-gutter\"><div class=\"row no-gutter\"><div class=\"col-xs-10 col-sm-5 col-lg-33\">    <div class=\"post-box post-stub post-575500 visit_saimaa_shop type-visit_saimaa_shop status-publish has-post-thumbnail hentry servicecategory-bestellrestaurants servicecategory-sommerrestaurants actioncategory-eat-de relatedcontent-osuuskauppa-suur-savo responsible-company shop essen-und-trinken bestellrestaurants sommerrestaurants priority-2\" data-openid=\"restaurant-linnantupa-olavinlinna-2-575500-1\" data-contentid=\"2:575500\" data-showrelated=\"1\" id=\"restaurant-linnantupa-olavinlinna-2-575500-1\">\n\n        <div class=\"vs_post_thumbnail\" style=\"background-image: url('https:\/\/visitsavonlinna.fi\/wp-content\/themes\/visitsavonlinna2021\/images\/default.jpg')\" data-attachment=\"207124-2\"><\/div>        \n        <div class=\"image_overlay\"><\/div>\n                    <div class=\"company-name\">Osuuskauppa Suur-Savo<\/div>\n                            <div class=\"responsible-icon\">\n                <img decoding=\"async\" src=\"https:\/\/visitsavonlinna.fi\/wp-content\/plugins\/visitsaimaa-content\/images\/responsibility-icons\/vastuullinen_yritys_kulma_plain_small.png\" alt=\"Responsible company\"\/>\n            <\/div>\n                \n        \n                <a href=\"https:\/\/visitsavonlinna.fi\/de\/shops\/restaurant-linnantupa-olavinlinna\/\"  class=\" get-post-details\" title=\"Restaurant Linnantupa, Olavinlinna\">\n            <span class=\"info\">\n                                    <span class=\"category\">Essen<\/span>\n                \n                                <span class=\"h3\">Restaurant Linnantupa, Olavinlinna<\/span>\n                                            <\/span><!-- \/.info -->\n        <\/a>\n\n    <\/div>\n    <\/div><div class=\"col-xs-10 col-sm-5 col-lg-33\">    <div class=\"post-box post-stub post-575359 visit_saimaa_shop type-visit_saimaa_shop status-publish has-post-thumbnail hentry servicecategory-cafeterrassen servicecategory-konferenzen-und-konferenzraume servicecategory-sommerrestaurants actioncategory-eat-de actioncategory-services-de relatedcontent-osuuskauppa-suur-savo responsible-company shop fur-firmen-und-gruppen essen-und-trinken cafeterrassen konferenzen-und-konferenzraume sommerrestaurants priority-2\" data-openid=\"restaurant-muikkuterassi-2-575359-2\" data-contentid=\"2:575359\" data-showrelated=\"1\" id=\"restaurant-muikkuterassi-2-575359-2\">\n\n        <div class=\"vs_post_thumbnail\" style=\"background-image: url('https:\/\/visitsavonlinna.fi\/wp-content\/themes\/visitsavonlinna2021\/images\/default.jpg')\" data-attachment=\"146043-2\"><\/div>        \n        <div class=\"image_overlay\"><\/div>\n                    <div class=\"company-name\">Osuuskauppa Suur-Savo<\/div>\n                            <div class=\"responsible-icon\">\n                <img decoding=\"async\" src=\"https:\/\/visitsavonlinna.fi\/wp-content\/plugins\/visitsaimaa-content\/images\/responsibility-icons\/vastuullinen_yritys_kulma_plain_small.png\" alt=\"Responsible company\"\/>\n            <\/div>\n                \n        \n                <a href=\"https:\/\/visitsavonlinna.fi\/de\/shops\/restaurant-muikkuterassi\/\"  class=\" get-post-details\" title=\"Restaurant Muikkuterassi\">\n            <span class=\"info\">\n                                    <span class=\"category\">Essen, Services<\/span>\n                \n                                <span class=\"h3\">Restaurant Muikkuterassi<\/span>\n                                            <\/span><!-- \/.info -->\n        <\/a>\n\n    <\/div>\n    <\/div><div class=\"col-xs-10 col-sm-5 col-lg-33\">    <div class=\"post-box post-stub post-101289 visit_saimaa_shop type-visit_saimaa_shop status-publish has-post-thumbnail hentry servicecategory-cafes-konditoreien-backereien servicecategory-cafeterrassen servicecategory-konferenzen-und-konferenzraume servicecategory-sommerrestaurants servicecategory-sonstige-restaurants actioncategory-eat-de actioncategory-services-de relatedcontent-saimaaholiday-oravi-de responsible-company shop fur-firmen-und-gruppen essen-und-trinken cafes-konditoreien-backereien cafeterrassen konferenzen-und-konferenzraume sommerrestaurants sonstige-restaurants priority-2\" data-openid=\"restaurant-ruukinranta-2-101289-3\" data-contentid=\"2:101289\" data-showrelated=\"1\" id=\"restaurant-ruukinranta-2-101289-3\">\n\n        <div class=\"vs_post_thumbnail\" style=\"background-image: url('https:\/\/visitsavonlinna.fi\/wp-content\/themes\/visitsavonlinna2021\/images\/default.jpg')\" data-attachment=\"558193-2\"><\/div>        \n        <div class=\"image_overlay\"><\/div>\n                    <div class=\"company-name\">SaimaaHoliday Oravi<\/div>\n                            <div class=\"responsible-icon\">\n                <img decoding=\"async\" src=\"https:\/\/visitsavonlinna.fi\/wp-content\/plugins\/visitsaimaa-content\/images\/responsibility-icons\/vastuullinen_yritys_kulma_plain_small.png\" alt=\"Responsible company\"\/>\n            <\/div>\n                \n        \n                <a href=\"https:\/\/visitsavonlinna.fi\/de\/shops\/restaurant-ruukinranta\/\"  class=\" get-post-details\" title=\"Restaurant Ruukinranta\">\n            <span class=\"info\">\n                                    <span class=\"category\">Essen, Services<\/span>\n                \n                                <span class=\"h3\">Restaurant Ruukinranta<\/span>\n                                            <\/span><!-- \/.info -->\n        <\/a>\n\n    <\/div>\n    <\/div><div class=\"col-xs-10 col-sm-5 col-lg-33\">    <div class=\"post-box post-stub post-27431 visit_saimaa_shop type-visit_saimaa_shop status-publish has-post-thumbnail hentry servicecategory-cafes-konditoreien-backereien servicecategory-speiserestaurants actioncategory-eat-de relatedcontent-holiday-resort-harjun-portti-de shop essen-und-trinken cafes-konditoreien-backereien speiserestaurants priority-2\" data-openid=\"restaurant-harjun-portti-2-27431-4\" data-contentid=\"2:27431\" data-showrelated=\"1\" id=\"restaurant-harjun-portti-2-27431-4\">\n\n        <div class=\"vs_post_thumbnail\" style=\"background-image: url('https:\/\/visitsavonlinna.fi\/wp-content\/themes\/visitsavonlinna2021\/images\/default.jpg')\" data-attachment=\"560360-2\"><\/div>        \n        <div class=\"image_overlay\"><\/div>\n                    <div class=\"company-name\">Holiday Resort Harjun Portti<\/div>\n                        \n        \n                <a href=\"https:\/\/visitsavonlinna.fi\/de\/shops\/restaurant-harjun-portti\/\"  class=\" get-post-details\" title=\"Restaurant Harjun Portti\">\n            <span class=\"info\">\n                                    <span class=\"category\">Essen<\/span>\n                \n                                <span class=\"h3\">Restaurant Harjun Portti<\/span>\n                                            <\/span><!-- \/.info -->\n        <\/a>\n\n    <\/div>\n    <\/div><div class=\"col-xs-10 col-sm-5 col-lg-33\">    <div class=\"post-box filler \" style=\"background-color: #ffffff;\">\n        <div class=\"icon\"><\/div>\n                    <div class=\"background-icon\" style=\" background-image: url('');\" ><\/div>\n        \n        \n                            \n    <\/div>\n\n    <\/div><div class=\"col-xs-10 col-sm-5 col-lg-33\">    <div class=\"post-box filler \" style=\"background-color: #ffffff;\">\n        <div class=\"icon\"><\/div>\n                    <div class=\"background-icon\" style=\" background-image: url('');\" ><\/div>\n        \n        \n                            \n    <\/div>\n\n    <\/div><\/div><!-- row --><\/div><!-- \/.row -->\n                        <\/div><!--\/.posts-list-grid -->[\/vc_column][\/vc_row]<\/p>\n","protected":false},"excerpt":{"rendered":"<p>[vc_row full_width=&#8220;&#8220; parallax=&#8220;&#8220; parallax_image=&#8220;&#8220;][vc_column width=&#8220;1\/2&#8243;][vc_column_text css_animation=&#8220;&#8220;] Regionale Esskultur Die Restaurants und Caf\u00e9s in der Region Savonlinna versprechen Geschmacksnervenkitzel mit Delikatessen, die in den Fastfoodlokalen der gro\u00dfen St\u00e4dte jenseits aller Vorstellung [&hellip;]<\/p>\n","protected":false},"author":2,"featured_media":11300,"parent":0,"menu_order":0,"comment_status":"closed","ping_status":"open","template":"","meta":{"footnotes":""},"relatedcontent":[],"class_list":["post-10499","page","type-page","status-publish","has-post-thumbnail","hentry","shop","essen-und-trinken","cafes-konditoreien-backereien","speiserestaurants","priority-2"],"yoast_head":"<!-- This site is optimized with the Yoast SEO Premium plugin v27.3 (Yoast SEO v27.5) - https:\/\/yoast.com\/product\/yoast-seo-premium-wordpress\/ -->\n<title>Essen - Visit Savonlinna<\/title>\n<meta name=\"description\" content=\"Regionale Esskultur Die Restaurants und Caf\u00e9s in der Region Savonlinna versprechen Geschmacksnervenkitzel mit Delikatessen, die in den Fastfoodlokalen der\" \/>\n<meta name=\"robots\" content=\"index, follow, max-snippet:-1, max-image-preview:large, max-video-preview:-1\" \/>\n<link rel=\"canonical\" href=\"https:\/\/visitsavonlinna.fi\/de\/essen\/\" \/>\n<meta property=\"og:locale\" content=\"de_DE\" \/>\n<meta property=\"og:type\" content=\"article\" \/>\n<meta property=\"og:title\" content=\"Essen\" \/>\n<meta property=\"og:description\" content=\"Regionale Esskultur Die Restaurants und Caf\u00e9s in der Region Savonlinna versprechen Geschmacksnervenkitzel mit Delikatessen, die in den Fastfoodlokalen der\" \/>\n<meta property=\"og:url\" content=\"https:\/\/visitsavonlinna.fi\/de\/essen\/\" \/>\n<meta property=\"og:site_name\" content=\"Visit Savonlinna\" \/>\n<meta property=\"article:modified_time\" content=\"2015-07-07T09:32:50+00:00\" \/>\n<meta property=\"og:image\" content=\"https:\/\/visitsavonlinna.fi\/wp-content\/uploads\/sites\/2\/2015\/07\/BW-Spahotel-restaurant.jpg\" \/>\n\t<meta property=\"og:image:width\" content=\"640\" \/>\n\t<meta property=\"og:image:height\" content=\"480\" \/>\n\t<meta property=\"og:image:type\" content=\"image\/jpeg\" \/>\n<meta name=\"twitter:card\" content=\"summary_large_image\" \/>\n<meta name=\"twitter:label1\" content=\"Gesch\u00e4tzte Lesezeit\" \/>\n\t<meta name=\"twitter:data1\" content=\"1 minute\" \/>\n<script type=\"application\/ld+json\" class=\"yoast-schema-graph\">{\"@context\":\"https:\\\/\\\/schema.org\",\"@graph\":[{\"@type\":\"WebPage\",\"@id\":\"https:\\\/\\\/visitsavonlinna.fi\\\/de\\\/essen\\\/\",\"url\":\"https:\\\/\\\/visitsavonlinna.fi\\\/de\\\/essen\\\/\",\"name\":\"Essen - Visit Savonlinna\",\"isPartOf\":{\"@id\":\"https:\\\/\\\/visitsavonlinna.fi\\\/#website\"},\"primaryImageOfPage\":{\"@id\":\"https:\\\/\\\/visitsavonlinna.fi\\\/de\\\/essen\\\/#primaryimage\"},\"image\":{\"@id\":\"https:\\\/\\\/visitsavonlinna.fi\\\/de\\\/essen\\\/#primaryimage\"},\"thumbnailUrl\":\"https:\\\/\\\/visitsavonlinna.fi\\\/wp-content\\\/uploads\\\/sites\\\/2\\\/2015\\\/07\\\/BW-Spahotel-restaurant.jpg\",\"datePublished\":\"2015-07-07T09:28:07+00:00\",\"dateModified\":\"2015-07-07T09:32:50+00:00\",\"description\":\"Regionale Esskultur Die Restaurants und Caf\u00e9s in der Region Savonlinna versprechen Geschmacksnervenkitzel mit Delikatessen, die in den Fastfoodlokalen der\",\"breadcrumb\":{\"@id\":\"https:\\\/\\\/visitsavonlinna.fi\\\/de\\\/essen\\\/#breadcrumb\"},\"inLanguage\":\"de-DE\",\"potentialAction\":[{\"@type\":\"ReadAction\",\"target\":[\"https:\\\/\\\/visitsavonlinna.fi\\\/de\\\/essen\\\/\"]}]},{\"@type\":\"ImageObject\",\"inLanguage\":\"de-DE\",\"@id\":\"https:\\\/\\\/visitsavonlinna.fi\\\/de\\\/essen\\\/#primaryimage\",\"url\":\"https:\\\/\\\/visitsavonlinna.fi\\\/wp-content\\\/uploads\\\/sites\\\/2\\\/2015\\\/07\\\/BW-Spahotel-restaurant.jpg\",\"contentUrl\":\"https:\\\/\\\/visitsavonlinna.fi\\\/wp-content\\\/uploads\\\/sites\\\/2\\\/2015\\\/07\\\/BW-Spahotel-restaurant.jpg\",\"width\":640,\"height\":480},{\"@type\":\"BreadcrumbList\",\"@id\":\"https:\\\/\\\/visitsavonlinna.fi\\\/de\\\/essen\\\/#breadcrumb\",\"itemListElement\":[{\"@type\":\"ListItem\",\"position\":1,\"name\":\"Visitsavonlinna.fi\",\"item\":\"https:\\\/\\\/visitsavonlinna.fi\\\/de\\\/\"},{\"@type\":\"ListItem\",\"position\":2,\"name\":\"Essen\"}]},{\"@type\":\"WebSite\",\"@id\":\"https:\\\/\\\/visitsavonlinna.fi\\\/#website\",\"url\":\"https:\\\/\\\/visitsavonlinna.fi\\\/\",\"name\":\"Visit Savonlinna\",\"description\":\"\",\"potentialAction\":[{\"@type\":\"SearchAction\",\"target\":{\"@type\":\"EntryPoint\",\"urlTemplate\":\"https:\\\/\\\/visitsavonlinna.fi\\\/?s={search_term_string}\"},\"query-input\":{\"@type\":\"PropertyValueSpecification\",\"valueRequired\":true,\"valueName\":\"search_term_string\"}}],\"inLanguage\":\"de-DE\"}]}<\/script>\n<!-- \/ Yoast SEO Premium plugin. -->","yoast_head_json":{"title":"Essen - Visit Savonlinna","description":"Regionale Esskultur Die Restaurants und Caf\u00e9s in der Region Savonlinna versprechen Geschmacksnervenkitzel mit Delikatessen, die in den Fastfoodlokalen der","robots":{"index":"index","follow":"follow","max-snippet":"max-snippet:-1","max-image-preview":"max-image-preview:large","max-video-preview":"max-video-preview:-1"},"canonical":"https:\/\/visitsavonlinna.fi\/de\/essen\/","og_locale":"de_DE","og_type":"article","og_title":"Essen","og_description":"Regionale Esskultur Die Restaurants und Caf\u00e9s in der Region Savonlinna versprechen Geschmacksnervenkitzel mit Delikatessen, die in den Fastfoodlokalen der","og_url":"https:\/\/visitsavonlinna.fi\/de\/essen\/","og_site_name":"Visit Savonlinna","article_modified_time":"2015-07-07T09:32:50+00:00","og_image":[{"width":640,"height":480,"url":"https:\/\/visitsavonlinna.fi\/wp-content\/uploads\/sites\/2\/2015\/07\/BW-Spahotel-restaurant.jpg","type":"image\/jpeg"}],"twitter_card":"summary_large_image","twitter_misc":{"Gesch\u00e4tzte Lesezeit":"1 minute"},"schema":{"@context":"https:\/\/schema.org","@graph":[{"@type":"WebPage","@id":"https:\/\/visitsavonlinna.fi\/de\/essen\/","url":"https:\/\/visitsavonlinna.fi\/de\/essen\/","name":"Essen - Visit Savonlinna","isPartOf":{"@id":"https:\/\/visitsavonlinna.fi\/#website"},"primaryImageOfPage":{"@id":"https:\/\/visitsavonlinna.fi\/de\/essen\/#primaryimage"},"image":{"@id":"https:\/\/visitsavonlinna.fi\/de\/essen\/#primaryimage"},"thumbnailUrl":"https:\/\/visitsavonlinna.fi\/wp-content\/uploads\/sites\/2\/2015\/07\/BW-Spahotel-restaurant.jpg","datePublished":"2015-07-07T09:28:07+00:00","dateModified":"2015-07-07T09:32:50+00:00","description":"Regionale Esskultur Die Restaurants und Caf\u00e9s in der Region Savonlinna versprechen Geschmacksnervenkitzel mit Delikatessen, die in den Fastfoodlokalen der","breadcrumb":{"@id":"https:\/\/visitsavonlinna.fi\/de\/essen\/#breadcrumb"},"inLanguage":"de-DE","potentialAction":[{"@type":"ReadAction","target":["https:\/\/visitsavonlinna.fi\/de\/essen\/"]}]},{"@type":"ImageObject","inLanguage":"de-DE","@id":"https:\/\/visitsavonlinna.fi\/de\/essen\/#primaryimage","url":"https:\/\/visitsavonlinna.fi\/wp-content\/uploads\/sites\/2\/2015\/07\/BW-Spahotel-restaurant.jpg","contentUrl":"https:\/\/visitsavonlinna.fi\/wp-content\/uploads\/sites\/2\/2015\/07\/BW-Spahotel-restaurant.jpg","width":640,"height":480},{"@type":"BreadcrumbList","@id":"https:\/\/visitsavonlinna.fi\/de\/essen\/#breadcrumb","itemListElement":[{"@type":"ListItem","position":1,"name":"Visitsavonlinna.fi","item":"https:\/\/visitsavonlinna.fi\/de\/"},{"@type":"ListItem","position":2,"name":"Essen"}]},{"@type":"WebSite","@id":"https:\/\/visitsavonlinna.fi\/#website","url":"https:\/\/visitsavonlinna.fi\/","name":"Visit Savonlinna","description":"","potentialAction":[{"@type":"SearchAction","target":{"@type":"EntryPoint","urlTemplate":"https:\/\/visitsavonlinna.fi\/?s={search_term_string}"},"query-input":{"@type":"PropertyValueSpecification","valueRequired":true,"valueName":"search_term_string"}}],"inLanguage":"de-DE"}]}},"_links":{"self":[{"href":"https:\/\/visitsavonlinna.fi\/de\/wp-json\/wp\/v2\/pages\/10499","targetHints":{"allow":["GET"]}}],"collection":[{"href":"https:\/\/visitsavonlinna.fi\/de\/wp-json\/wp\/v2\/pages"}],"about":[{"href":"https:\/\/visitsavonlinna.fi\/de\/wp-json\/wp\/v2\/types\/page"}],"author":[{"embeddable":true,"href":"https:\/\/visitsavonlinna.fi\/de\/wp-json\/wp\/v2\/users\/2"}],"replies":[{"embeddable":true,"href":"https:\/\/visitsavonlinna.fi\/de\/wp-json\/wp\/v2\/comments?post=10499"}],"version-history":[{"count":0,"href":"https:\/\/visitsavonlinna.fi\/de\/wp-json\/wp\/v2\/pages\/10499\/revisions"}],"wp:featuredmedia":[{"embeddable":true,"href":"https:\/\/visitsavonlinna.fi\/de\/wp-json\/wp\/v2\/media\/11300"}],"wp:attachment":[{"href":"https:\/\/visitsavonlinna.fi\/de\/wp-json\/wp\/v2\/media?parent=10499"}],"wp:term":[{"taxonomy":"relatedcontent","embeddable":true,"href":"https:\/\/visitsavonlinna.fi\/de\/wp-json\/wp\/v2\/relatedcontent?post=10499"}],"curies":[{"name":"wp","href":"https:\/\/api.w.org\/{rel}","templated":true}]}}