{"id":106435,"date":"2019-04-12T11:15:26","date_gmt":"2019-04-12T08:15:26","guid":{"rendered":"https:\/\/visitsavonlinna.fi\/?page_id=106435"},"modified":"2022-04-20T12:47:42","modified_gmt":"2022-04-20T09:47:42","slug":"angebote-aktuelles","status":"publish","type":"page","link":"https:\/\/visitsavonlinna.fi\/de\/angebote-aktuelles\/","title":{"rendered":"Angebote &#038; Aktuelles"},"content":{"rendered":"<p>[vc_row][vc_column][vc_empty_space][\/vc_column][\/vc_row][vc_row][vc_column width=&#8220;1\/4&#8243;][\/vc_column][vc_column width=&#8220;1\/2&#8243;][vc_column_text]<\/p>\n<h1 style=\"text-align: center;\">Angebote &amp; Aktuelles<\/h1>\n<p class=\"lead\" style=\"text-align: center;\">Suchen Sie ein g\u00fcnstiges Hotel, ein fertig geplantes Urlaubspaket oder einen interessanten Ausflug, f\u00fcr den Sie sich m\u00f6glicherweise ganz spontan entscheiden m\u00f6chten?<\/p>\n<p style=\"text-align: center;\">Oder vielleicht wollen Sie gerne ein Schn\u00e4ppchen beim Stadtbummel machen? Auf dieser Seite finden Sie aktuelle Informationen, die w\u00e4hrend Ihrer Reise von Nutzen sein k\u00f6nnen. Auch Top-Angebote der Reiseunternehmen k\u00f6nnen Sie hier aufdecken.<\/p>\n<p>[\/vc_column_text][\/vc_column][vc_column width=&#8220;1\/4&#8243;][\/vc_column][\/vc_row][vc_row][vc_column]<div class=\"posts-list-grid wpb_content_element\">\n                            <div class=\"row no-gutter\"><div class=\"row no-gutter\"><div class=\"col-xs-10 col-sm-5 col-lg-33\">    <div class=\"post-box post-stub post-92854 visit_saimaa_offer type-visit_saimaa_offer status-publish has-post-thumbnail hentry servicecategory-saunen actioncategory-savonlinna-dienstleistungen relatedcontent-saimaaholiday-oravi-de responsible-company offer wellness-gesundheit-und-schonheit saunen priority-2\" data-openid=\"sauna-am-strand-2-92854-1\" data-contentid=\"2:92854\" data-showrelated=\"1\" id=\"sauna-am-strand-2-92854-1\">\n\n        <div class=\"vs_post_thumbnail\" style=\"background-image: url('https:\/\/visitsavonlinna.fi\/wp-content\/themes\/visitsavonlinna2021\/images\/default.jpg')\" data-attachment=\"26778-2\"><\/div>        \n        <div class=\"image_overlay\"><\/div>\n                    <div class=\"company-name\">SaimaaHoliday Oravi<\/div>\n                            <div class=\"responsible-icon\">\n                <img decoding=\"async\" src=\"https:\/\/visitsavonlinna.fi\/wp-content\/plugins\/visitsaimaa-content\/images\/responsibility-icons\/vastuullinen_yritys_kulma_plain_small.png\" alt=\"Responsible company\"\/>\n            <\/div>\n                \n        \n                <a href=\"https:\/\/visitsavonlinna.fi\/de\/offers\/sauna-am-strand\/\"  class=\" get-post-details\" title=\"Sauna am Strand\">\n            <span class=\"info\">\n                                    <span class=\"category\">Savonlinna Dienstleistungen<\/span>\n                \n                                <span class=\"h3\">Sauna am Strand<\/span>\n                                            <\/span><!-- \/.info -->\n        <\/a>\n\n    <\/div>\n    <\/div><div class=\"col-xs-10 col-sm-5 col-lg-33\">    <div class=\"post-box post-stub post-585690 visit_saimaa_offer type-visit_saimaa_offer status-publish has-post-thumbnail hentry servicecategory-hotels-de servicecategory-paddeln actioncategory-aktivitaten actioncategory-sleep-de relatedcontent-saimaaholiday-oravi-de responsible-company offer aktivitaten ubernachten hotels-de paddeln priority-2\" data-openid=\"paddelpaket-in-oravi-2-tage-2-585690-2\" data-contentid=\"2:585690\" data-showrelated=\"1\" id=\"paddelpaket-in-oravi-2-tage-2-585690-2\">\n\n        <div class=\"vs_post_thumbnail\" style=\"background-image: url('https:\/\/visitsavonlinna.fi\/wp-content\/themes\/visitsavonlinna2021\/images\/default.jpg')\" data-attachment=\"101328-2\"><\/div>        \n        <div class=\"image_overlay\"><\/div>\n                    <div class=\"company-name\">SaimaaHoliday Oravi<\/div>\n                            <div class=\"responsible-icon\">\n                <img decoding=\"async\" src=\"https:\/\/visitsavonlinna.fi\/wp-content\/plugins\/visitsaimaa-content\/images\/responsibility-icons\/vastuullinen_yritys_kulma_plain_small.png\" alt=\"Responsible company\"\/>\n            <\/div>\n                \n        \n                <a href=\"https:\/\/visitsavonlinna.fi\/de\/offers\/paddelpaket-in-oravi-2-tage\/\"  class=\" get-post-details\" title=\"Paddelpaket in Oravi\">\n            <span class=\"info\">\n                                    <span class=\"category\">Aktivit\u00e4ten, Unterkunft<\/span>\n                \n                                <span class=\"h3\">Paddelpaket in Oravi<\/span>\n                                            <\/span><!-- \/.info -->\n        <\/a>\n\n    <\/div>\n    <\/div><div class=\"col-xs-10 col-sm-5 col-lg-33\">    <div class=\"post-box post-stub post-220416 visit_saimaa_offer type-visit_saimaa_offer status-publish has-post-thumbnail hentry servicecategory-norpparetket-de servicecategory-veneily-de actioncategory-aktivitaten relatedcontent-nature-hotel-and-spa-resort-jarvisydan responsible-company offer aktivitaten norpparetket-de veneily-de priority-3\" data-openid=\"ringelrobben-safari-2-220416-3\" data-contentid=\"2:220416\" data-showrelated=\"1\" id=\"ringelrobben-safari-2-220416-3\">\n\n        <div class=\"vs_post_thumbnail\" style=\"background-image: url('https:\/\/visitsavonlinna.fi\/wp-content\/themes\/visitsavonlinna2021\/images\/default.jpg')\" data-attachment=\"146057-2\"><\/div>        \n        <div class=\"image_overlay\"><\/div>\n                    <div class=\"company-name\">Nature Hotel &amp; Spa Resort J\u00e4rvisyd\u00e4n<\/div>\n                            <div class=\"responsible-icon\">\n                <img decoding=\"async\" src=\"https:\/\/visitsavonlinna.fi\/wp-content\/plugins\/visitsaimaa-content\/images\/responsibility-icons\/vastuullinen_yritys_kulma_plain_small.png\" alt=\"Responsible company\"\/>\n            <\/div>\n                \n        \n                <a href=\"https:\/\/visitsavonlinna.fi\/de\/offers\/ringelrobben-safari\/\"  class=\" get-post-details\" title=\"Ringelrobben-Safari\">\n            <span class=\"info\">\n                                    <span class=\"category\">Aktivit\u00e4ten<\/span>\n                \n                                <span class=\"h3\">Ringelrobben-Safari<\/span>\n                                            <\/span><!-- \/.info -->\n        <\/a>\n\n    <\/div>\n    <\/div><div class=\"col-xs-10 col-sm-5 col-lg-33\">    <div class=\"post-box post-stub post-578139 visit_saimaa_offer type-visit_saimaa_offer status-publish has-post-thumbnail hentry servicecategory-weitere-winteraktivitaten actioncategory-aktivitaten relatedcontent-saimaaholiday-oravi-de responsible-company offer aktivitaten weitere-winteraktivitaten priority-2\" data-openid=\"trockentauchanzug-floating-im-oravi-kanal-2-578139-4\" data-contentid=\"2:578139\" data-showrelated=\"1\" id=\"trockentauchanzug-floating-im-oravi-kanal-2-578139-4\">\n\n        <div class=\"vs_post_thumbnail\" style=\"background-image: url('https:\/\/visitsavonlinna.fi\/wp-content\/themes\/visitsavonlinna2021\/images\/default.jpg')\" data-attachment=\"46400-2\"><\/div>        \n        <div class=\"image_overlay\"><\/div>\n                    <div class=\"company-name\">SaimaaHoliday Oravi<\/div>\n                            <div class=\"responsible-icon\">\n                <img decoding=\"async\" src=\"https:\/\/visitsavonlinna.fi\/wp-content\/plugins\/visitsaimaa-content\/images\/responsibility-icons\/vastuullinen_yritys_kulma_plain_small.png\" alt=\"Responsible company\"\/>\n            <\/div>\n                \n        \n                <a href=\"https:\/\/visitsavonlinna.fi\/de\/offers\/trockentauchanzug-floating-im-oravi-kanal\/\"  class=\" get-post-details\" title=\"Trockentauchanzug-Floating im Oravi-Kanal\">\n            <span class=\"info\">\n                                    <span class=\"category\">Aktivit\u00e4ten<\/span>\n                \n                                <span class=\"h3\">Trockentauchanzug-Floating im Oravi-Kanal<\/span>\n                                            <\/span><!-- \/.info -->\n        <\/a>\n\n    <\/div>\n    <\/div><div class=\"col-xs-10 col-sm-5 col-lg-33\">    <div class=\"post-box post-stub post-577957 visit_saimaa_offer type-visit_saimaa_offer status-publish has-post-thumbnail hentry servicecategory-paddeln actioncategory-aktivitaten relatedcontent-saimaaholiday-oravi-de responsible-company offer aktivitaten paddeln priority-2\" data-openid=\"fruehlingsangebot-15-kanuverleih-in-den-nationalparks-linnansaari-und-kolovesi-2-577957-5\" data-contentid=\"2:577957\" data-showrelated=\"1\" id=\"fruehlingsangebot-15-kanuverleih-in-den-nationalparks-linnansaari-und-kolovesi-2-577957-5\">\n\n        <div class=\"vs_post_thumbnail\" style=\"background-image: url('https:\/\/visitsavonlinna.fi\/wp-content\/themes\/visitsavonlinna2021\/images\/default.jpg')\" data-attachment=\"556076-2\"><\/div>        \n        <div class=\"image_overlay\"><\/div>\n                    <div class=\"company-name\">SaimaaHoliday Oravi<\/div>\n                            <div class=\"responsible-icon\">\n                <img decoding=\"async\" src=\"https:\/\/visitsavonlinna.fi\/wp-content\/plugins\/visitsaimaa-content\/images\/responsibility-icons\/vastuullinen_yritys_kulma_plain_small.png\" alt=\"Responsible company\"\/>\n            <\/div>\n                \n        \n                <a href=\"https:\/\/visitsavonlinna.fi\/de\/offers\/fruehlingsangebot-15-kanuverleih-in-den-nationalparks-linnansaari-und-kolovesi\/\"  class=\" get-post-details\" title=\"Fr\u00fchlingsangebot -15% Kanuverleih in den Nationalparks Linnansaari und Kolovesi\">\n            <span class=\"info\">\n                                    <span class=\"category\">Aktivit\u00e4ten<\/span>\n                \n                                <span class=\"h3\">Fr\u00fchlingsangebot -15% Kanuverleih in den Nationalparks Linnansaari und Kolovesi<\/span>\n                                            <\/span><!-- \/.info -->\n        <\/a>\n\n    <\/div>\n    <\/div><div class=\"col-xs-10 col-sm-5 col-lg-33\">    <div class=\"post-box filler \" style=\"background-color: #ffffff;\">\n        <div class=\"icon\"><\/div>\n                    <div class=\"background-icon\" style=\" background-image: url('');\" ><\/div>\n        \n        \n                            \n    <\/div>\n\n    <\/div><\/div><!-- row --><\/div><!-- \/.row -->\n                        <\/div><!--\/.posts-list-grid -->[\/vc_column][\/vc_row][vc_row][vc_column][vc_empty_space][\/vc_column][\/vc_row]<\/p>\n","protected":false},"excerpt":{"rendered":"<p>[vc_row][vc_column][vc_empty_space][\/vc_column][\/vc_row][vc_row][vc_column width=&#8220;1\/4&#8243;][\/vc_column][vc_column width=&#8220;1\/2&#8243;][vc_column_text] Angebote &amp; Aktuelles Suchen Sie ein g\u00fcnstiges Hotel, ein fertig geplantes Urlaubspaket oder einen interessanten Ausflug, f\u00fcr den Sie sich m\u00f6glicherweise ganz spontan entscheiden m\u00f6chten? Oder vielleicht [&hellip;]<\/p>\n","protected":false},"author":2,"featured_media":106484,"parent":0,"menu_order":0,"comment_status":"closed","ping_status":"closed","template":"","meta":{"footnotes":""},"relatedcontent":[],"class_list":["post-106435","page","type-page","status-publish","has-post-thumbnail","hentry","offer","aktivitaten","paddeln","priority-2"],"yoast_head":"<!-- This site is optimized with the Yoast SEO Premium plugin v27.3 (Yoast SEO v27.2) - https:\/\/yoast.com\/product\/yoast-seo-premium-wordpress\/ -->\n<title>Angebote &amp; Aktuelles - Visit Savonlinna<\/title>\n<meta name=\"description\" content=\"Angebote &amp; Aktuelles Suchen Sie ein g\u00fcnstiges Hotel, ein fertig geplantes Urlaubspaket oder einen interessanten Ausflug, f\u00fcr den Sie sich\" \/>\n<meta name=\"robots\" content=\"index, follow, max-snippet:-1, max-image-preview:large, max-video-preview:-1\" \/>\n<link rel=\"canonical\" href=\"https:\/\/visitsavonlinna.fi\/de\/angebote-aktuelles\/\" \/>\n<meta property=\"og:locale\" content=\"de_DE\" \/>\n<meta property=\"og:type\" content=\"article\" \/>\n<meta property=\"og:title\" content=\"Angebote &amp; Aktuelles - Visit Savonlinna\" \/>\n<meta property=\"og:description\" content=\"Angebote &amp; Aktuelles Suchen Sie ein g\u00fcnstiges Hotel, ein fertig geplantes Urlaubspaket oder einen interessanten Ausflug, f\u00fcr den Sie sich\" \/>\n<meta property=\"og:url\" content=\"https:\/\/visitsavonlinna.fi\/de\/angebote-aktuelles\/\" \/>\n<meta property=\"og:site_name\" content=\"Visit Savonlinna\" \/>\n<meta property=\"article:modified_time\" content=\"2022-04-20T09:47:42+00:00\" \/>\n<meta property=\"og:image\" content=\"https:\/\/visitsavonlinna.fi\/wp-content\/uploads\/sites\/2\/2019\/04\/finnland-Savonlinna-seenland-saimaa-Angebote-Aktuelles.jpg\" \/>\n\t<meta property=\"og:image:width\" content=\"1999\" \/>\n\t<meta property=\"og:image:height\" content=\"964\" \/>\n\t<meta property=\"og:image:type\" content=\"image\/jpeg\" \/>\n<meta name=\"twitter:card\" content=\"summary_large_image\" \/>\n<meta name=\"twitter:label1\" content=\"Gesch\u00e4tzte Lesezeit\" \/>\n\t<meta name=\"twitter:data1\" content=\"1 minute\" \/>\n<script type=\"application\/ld+json\" class=\"yoast-schema-graph\">{\"@context\":\"https:\/\/schema.org\",\"@graph\":[{\"@type\":\"WebPage\",\"@id\":\"https:\/\/visitsavonlinna.fi\/de\/angebote-aktuelles\/\",\"url\":\"https:\/\/visitsavonlinna.fi\/de\/angebote-aktuelles\/\",\"name\":\"Angebote & Aktuelles - Visit Savonlinna\",\"isPartOf\":{\"@id\":\"https:\/\/visitsavonlinna.fi\/#website\"},\"primaryImageOfPage\":{\"@id\":\"https:\/\/visitsavonlinna.fi\/de\/angebote-aktuelles\/#primaryimage\"},\"image\":{\"@id\":\"https:\/\/visitsavonlinna.fi\/de\/angebote-aktuelles\/#primaryimage\"},\"thumbnailUrl\":\"https:\/\/visitsavonlinna.fi\/wp-content\/uploads\/sites\/2\/2019\/04\/finnland-Savonlinna-seenland-saimaa-Angebote-Aktuelles.jpg\",\"datePublished\":\"2019-04-12T08:15:26+00:00\",\"dateModified\":\"2022-04-20T09:47:42+00:00\",\"description\":\"Angebote &amp; Aktuelles Suchen Sie ein g\u00fcnstiges Hotel, ein fertig geplantes Urlaubspaket oder einen interessanten Ausflug, f\u00fcr den Sie sich\",\"breadcrumb\":{\"@id\":\"https:\/\/visitsavonlinna.fi\/de\/angebote-aktuelles\/#breadcrumb\"},\"inLanguage\":\"de-DE\",\"potentialAction\":[{\"@type\":\"ReadAction\",\"target\":[\"https:\/\/visitsavonlinna.fi\/de\/angebote-aktuelles\/\"]}]},{\"@type\":\"ImageObject\",\"inLanguage\":\"de-DE\",\"@id\":\"https:\/\/visitsavonlinna.fi\/de\/angebote-aktuelles\/#primaryimage\",\"url\":\"https:\/\/visitsavonlinna.fi\/wp-content\/uploads\/sites\/2\/2019\/04\/finnland-Savonlinna-seenland-saimaa-Angebote-Aktuelles.jpg\",\"contentUrl\":\"https:\/\/visitsavonlinna.fi\/wp-content\/uploads\/sites\/2\/2019\/04\/finnland-Savonlinna-seenland-saimaa-Angebote-Aktuelles.jpg\",\"width\":1999,\"height\":964,\"caption\":\"finnland Savonlinna seenland saimaa Angebote Aktuelles\"},{\"@type\":\"BreadcrumbList\",\"@id\":\"https:\/\/visitsavonlinna.fi\/de\/angebote-aktuelles\/#breadcrumb\",\"itemListElement\":[{\"@type\":\"ListItem\",\"position\":1,\"name\":\"Visitsavonlinna.fi\",\"item\":\"https:\/\/visitsavonlinna.fi\/de\/\"},{\"@type\":\"ListItem\",\"position\":2,\"name\":\"Angebote &#038; Aktuelles\"}]},{\"@type\":\"WebSite\",\"@id\":\"https:\/\/visitsavonlinna.fi\/#website\",\"url\":\"https:\/\/visitsavonlinna.fi\/\",\"name\":\"Visit Savonlinna\",\"description\":\"\",\"potentialAction\":[{\"@type\":\"SearchAction\",\"target\":{\"@type\":\"EntryPoint\",\"urlTemplate\":\"https:\/\/visitsavonlinna.fi\/?s={search_term_string}\"},\"query-input\":{\"@type\":\"PropertyValueSpecification\",\"valueRequired\":true,\"valueName\":\"search_term_string\"}}],\"inLanguage\":\"de-DE\"}]}<\/script>\n<!-- \/ Yoast SEO Premium plugin. -->","yoast_head_json":{"title":"Angebote & Aktuelles - Visit Savonlinna","description":"Angebote &amp; Aktuelles Suchen Sie ein g\u00fcnstiges Hotel, ein fertig geplantes Urlaubspaket oder einen interessanten Ausflug, f\u00fcr den Sie sich","robots":{"index":"index","follow":"follow","max-snippet":"max-snippet:-1","max-image-preview":"max-image-preview:large","max-video-preview":"max-video-preview:-1"},"canonical":"https:\/\/visitsavonlinna.fi\/de\/angebote-aktuelles\/","og_locale":"de_DE","og_type":"article","og_title":"Angebote & Aktuelles - Visit Savonlinna","og_description":"Angebote &amp; Aktuelles Suchen Sie ein g\u00fcnstiges Hotel, ein fertig geplantes Urlaubspaket oder einen interessanten Ausflug, f\u00fcr den Sie sich","og_url":"https:\/\/visitsavonlinna.fi\/de\/angebote-aktuelles\/","og_site_name":"Visit Savonlinna","article_modified_time":"2022-04-20T09:47:42+00:00","og_image":[{"width":1999,"height":964,"url":"https:\/\/visitsavonlinna.fi\/wp-content\/uploads\/sites\/2\/2019\/04\/finnland-Savonlinna-seenland-saimaa-Angebote-Aktuelles.jpg","type":"image\/jpeg"}],"twitter_card":"summary_large_image","twitter_misc":{"Gesch\u00e4tzte Lesezeit":"1 minute"},"schema":{"@context":"https:\/\/schema.org","@graph":[{"@type":"WebPage","@id":"https:\/\/visitsavonlinna.fi\/de\/angebote-aktuelles\/","url":"https:\/\/visitsavonlinna.fi\/de\/angebote-aktuelles\/","name":"Angebote & Aktuelles - Visit Savonlinna","isPartOf":{"@id":"https:\/\/visitsavonlinna.fi\/#website"},"primaryImageOfPage":{"@id":"https:\/\/visitsavonlinna.fi\/de\/angebote-aktuelles\/#primaryimage"},"image":{"@id":"https:\/\/visitsavonlinna.fi\/de\/angebote-aktuelles\/#primaryimage"},"thumbnailUrl":"https:\/\/visitsavonlinna.fi\/wp-content\/uploads\/sites\/2\/2019\/04\/finnland-Savonlinna-seenland-saimaa-Angebote-Aktuelles.jpg","datePublished":"2019-04-12T08:15:26+00:00","dateModified":"2022-04-20T09:47:42+00:00","description":"Angebote &amp; Aktuelles Suchen Sie ein g\u00fcnstiges Hotel, ein fertig geplantes Urlaubspaket oder einen interessanten Ausflug, f\u00fcr den Sie sich","breadcrumb":{"@id":"https:\/\/visitsavonlinna.fi\/de\/angebote-aktuelles\/#breadcrumb"},"inLanguage":"de-DE","potentialAction":[{"@type":"ReadAction","target":["https:\/\/visitsavonlinna.fi\/de\/angebote-aktuelles\/"]}]},{"@type":"ImageObject","inLanguage":"de-DE","@id":"https:\/\/visitsavonlinna.fi\/de\/angebote-aktuelles\/#primaryimage","url":"https:\/\/visitsavonlinna.fi\/wp-content\/uploads\/sites\/2\/2019\/04\/finnland-Savonlinna-seenland-saimaa-Angebote-Aktuelles.jpg","contentUrl":"https:\/\/visitsavonlinna.fi\/wp-content\/uploads\/sites\/2\/2019\/04\/finnland-Savonlinna-seenland-saimaa-Angebote-Aktuelles.jpg","width":1999,"height":964,"caption":"finnland Savonlinna seenland saimaa Angebote Aktuelles"},{"@type":"BreadcrumbList","@id":"https:\/\/visitsavonlinna.fi\/de\/angebote-aktuelles\/#breadcrumb","itemListElement":[{"@type":"ListItem","position":1,"name":"Visitsavonlinna.fi","item":"https:\/\/visitsavonlinna.fi\/de\/"},{"@type":"ListItem","position":2,"name":"Angebote &#038; Aktuelles"}]},{"@type":"WebSite","@id":"https:\/\/visitsavonlinna.fi\/#website","url":"https:\/\/visitsavonlinna.fi\/","name":"Visit Savonlinna","description":"","potentialAction":[{"@type":"SearchAction","target":{"@type":"EntryPoint","urlTemplate":"https:\/\/visitsavonlinna.fi\/?s={search_term_string}"},"query-input":{"@type":"PropertyValueSpecification","valueRequired":true,"valueName":"search_term_string"}}],"inLanguage":"de-DE"}]}},"_links":{"self":[{"href":"https:\/\/visitsavonlinna.fi\/de\/wp-json\/wp\/v2\/pages\/106435","targetHints":{"allow":["GET"]}}],"collection":[{"href":"https:\/\/visitsavonlinna.fi\/de\/wp-json\/wp\/v2\/pages"}],"about":[{"href":"https:\/\/visitsavonlinna.fi\/de\/wp-json\/wp\/v2\/types\/page"}],"author":[{"embeddable":true,"href":"https:\/\/visitsavonlinna.fi\/de\/wp-json\/wp\/v2\/users\/2"}],"replies":[{"embeddable":true,"href":"https:\/\/visitsavonlinna.fi\/de\/wp-json\/wp\/v2\/comments?post=106435"}],"version-history":[{"count":2,"href":"https:\/\/visitsavonlinna.fi\/de\/wp-json\/wp\/v2\/pages\/106435\/revisions"}],"predecessor-version":[{"id":216911,"href":"https:\/\/visitsavonlinna.fi\/de\/wp-json\/wp\/v2\/pages\/106435\/revisions\/216911"}],"wp:featuredmedia":[{"embeddable":true,"href":"https:\/\/visitsavonlinna.fi\/de\/wp-json\/wp\/v2\/media\/106484"}],"wp:attachment":[{"href":"https:\/\/visitsavonlinna.fi\/de\/wp-json\/wp\/v2\/media?parent=106435"}],"wp:term":[{"taxonomy":"relatedcontent","embeddable":true,"href":"https:\/\/visitsavonlinna.fi\/de\/wp-json\/wp\/v2\/relatedcontent?post=106435"}],"curies":[{"name":"wp","href":"https:\/\/api.w.org\/{rel}","templated":true}]}}