{"id":106866,"date":"2019-04-25T14:45:59","date_gmt":"2019-04-25T11:45:59","guid":{"rendered":"https:\/\/visitsavonlinna.fi\/?page_id=106866"},"modified":"2023-02-27T10:17:10","modified_gmt":"2023-02-27T08:17:10","slug":"allgemeine-informationen","status":"publish","type":"page","link":"https:\/\/visitsavonlinna.fi\/de\/allgemeine-informationen\/","title":{"rendered":"Savonlinna-Information"},"content":{"rendered":"<p>[vc_row][vc_column][vc_empty_space][\/vc_column][\/vc_row][vc_row][vc_column width=&#8220;1\/4&#8243;][\/vc_column][vc_column width=&#8220;1\/2&#8243;][vc_column_text]<\/p>\n<h1 style=\"text-align: center\">Savonlinna-Information<\/h1>\n<p style=\"text-align: center\">Das idyllische Savonlinna geh\u00f6rt zu den \u00e4ltesten St\u00e4dten Finnlands. Es wurde 1639 von dem damaligen Generalgouverneur von Finnland Per Brahe der J\u00fcngere gegr\u00fcndet. Die Siedlung ist allm\u00e4hlich entstanden, nachdem die Burg Olavinlinna im Sp\u00e4tmittelalter gegr\u00fcndet worden war. Savonlinna war lange eine bedeutsame Stadt an der Grenze zwischen Schweden und Russland und sp\u00e4ter ein wichtiges Zentrum f\u00fcr Schifffahrt auf dem Saimaa-See. Westliche und \u00f6stliche Kultureinfl\u00fcsse pr\u00e4gen immer noch das Leben in der seenreichen Gegend, was u.a. im Wesen der Einheimischen, im Wortschatz und im kulinarischen Bereich zu bemerken ist. Die Menschen sind fr\u00f6hlich und redselig \u2013 suchen Sie ruhig den Kontakt.<\/p>\n<p><!--more--><\/p>\n<p style=\"text-align: center\">Heute hat Savonlinna rund 35 000 Einwohner. Urspr\u00fcnglich bestand die Stadt aus sieben Inseln in der N\u00e4he der Burg, die heute die \u00f6stliche H\u00e4lfte des Zentrums bilden. In Laufe der Zeit sind vier Gemeinden in Savonlinna eingemeindet worden, und zwar S\u00e4\u00e4minki, Savonranta, Kerim\u00e4ki und Punkaharju. Dank der Erweiterung hat Savonlinna heutzutage mehrere bedeutende Anziehungspunkte, die jeder Reisende in Finnland mindestens einmal sehen sollte. Dazu z\u00e4hlen neben dem sauberen Saimaa-See u.a. der Bergr\u00fccken Punkaharju und die gr\u00f6\u00dfte Holzkirche der Welt in Kerim\u00e4ki.[\/vc_column_text][\/vc_column][vc_column width=&#8220;1\/4&#8243;][\/vc_column][\/vc_row][vc_row][vc_column][\/vc_column][\/vc_row][vc_row][vc_column]<div class=\"posts-list-grid wpb_content_element\">\n                            <div class=\"row no-gutter\"><div class=\"col-xs-12 col-md-5\">    <div class=\"post-box-buttoned post-box post-253119 page type-page status-publish has-post-thumbnail hentry\"  data-contentid=\"2:253119\"  id=\"reisen-nach-savonlinna-2-253119-1\">\n\n        <div class=\"vs_post_thumbnail\" style=\"background-image: url('https:\/\/visitsavonlinna.fi\/wp-content\/themes\/visitsavonlinna2021\/images\/default.jpg')\" data-attachment=\"253130-2\"><\/div>        <a href=\"https:\/\/visitsavonlinna.fi\/de\/reisen-nach-savonlinna\/\"  class=\"back-to-canonical \" title=\"Reisen nach Savonlinna\">\n            <span class=\"info\">\n              \n\n                                <button class=\"btn btn-primary\">Reisen nach Savonlinna<\/button>\n               \n            <\/span><!-- \/.info -->\n        <\/a>\n\n    <\/div>\n    <\/div><div class=\"col-xs-12 col-md-5\">    <div class=\"post-box-buttoned post-box post-253137 page type-page status-publish has-post-thumbnail hentry\"  data-contentid=\"2:253137\"  id=\"touristen-information-2-253137-2\">\n\n        <div class=\"vs_post_thumbnail\" style=\"background-image: url('https:\/\/visitsavonlinna.fi\/wp-content\/themes\/visitsavonlinna2021\/images\/default.jpg')\" data-attachment=\"253138-2\"><\/div>        <a href=\"https:\/\/visitsavonlinna.fi\/de\/touristen-information\/\"  class=\"back-to-canonical \" title=\"Touristeninformation\">\n            <span class=\"info\">\n              \n\n                                <button class=\"btn btn-primary\">Touristeninformation<\/button>\n               \n            <\/span><!-- \/.info -->\n        <\/a>\n\n    <\/div>\n    <\/div><\/div><!-- \/.row -->\n                            <\/div><!--\/.posts-list-grid -->[\/vc_column][\/vc_row]<\/p>\n","protected":false},"excerpt":{"rendered":"<p>[vc_row][vc_column][vc_empty_space][\/vc_column][\/vc_row][vc_row][vc_column width=&#8220;1\/4&#8243;][\/vc_column][vc_column width=&#8220;1\/2&#8243;][vc_column_text] Savonlinna-Information Das idyllische Savonlinna geh\u00f6rt zu den \u00e4ltesten St\u00e4dten Finnlands. Es wurde 1639 von dem damaligen Generalgouverneur von Finnland Per Brahe der J\u00fcngere gegr\u00fcndet. Die Siedlung ist [&hellip;]<\/p>\n","protected":false},"author":51,"featured_media":108044,"parent":0,"menu_order":0,"comment_status":"closed","ping_status":"closed","template":"","meta":{"footnotes":""},"relatedcontent":[],"class_list":{"0":"post-106866","1":"page","2":"type-page","3":"status-publish","4":"has-post-thumbnail","5":"hentry","7":"priority-3"},"yoast_head":"<!-- This site is optimized with the Yoast SEO Premium plugin v27.3 (Yoast SEO v27.3) - https:\/\/yoast.com\/product\/yoast-seo-premium-wordpress\/ -->\n<title>Savonlinna-Information I Saimaa-See I Finnland<\/title>\n<meta name=\"description\" content=\"Erfahren Sie mehr \u00fcber die Geschichte von Savonlinna und Turistinformationen und wie Sie in die Saimaa-Region gelangen.\" \/>\n<meta name=\"robots\" content=\"index, follow, max-snippet:-1, max-image-preview:large, max-video-preview:-1\" \/>\n<link rel=\"canonical\" href=\"https:\/\/visitsavonlinna.fi\/de\/allgemeine-informationen\/\" \/>\n<meta property=\"og:locale\" content=\"de_DE\" \/>\n<meta property=\"og:type\" content=\"article\" \/>\n<meta property=\"og:title\" content=\"Savonlinna-Information\" \/>\n<meta property=\"og:description\" content=\"Erfahren Sie mehr \u00fcber die Geschichte von Savonlinna und Turistinformationen und wie Sie in die Saimaa-Region gelangen.\" \/>\n<meta property=\"og:url\" content=\"https:\/\/visitsavonlinna.fi\/de\/allgemeine-informationen\/\" \/>\n<meta property=\"og:site_name\" content=\"Visit Savonlinna\" \/>\n<meta property=\"article:modified_time\" content=\"2023-02-27T08:17:10+00:00\" \/>\n<meta property=\"og:image\" content=\"https:\/\/visitsavonlinna.fi\/wp-content\/uploads\/sites\/2\/2019\/04\/finnland-seenland-saimaa-savonlinna-information.jpg\" \/>\n\t<meta property=\"og:image:width\" content=\"2000\" \/>\n\t<meta property=\"og:image:height\" content=\"953\" \/>\n\t<meta property=\"og:image:type\" content=\"image\/jpeg\" \/>\n<meta name=\"twitter:card\" content=\"summary_large_image\" \/>\n<meta name=\"twitter:label1\" content=\"Gesch\u00e4tzte Lesezeit\" \/>\n\t<meta name=\"twitter:data1\" content=\"2 minutes\" \/>\n<script type=\"application\/ld+json\" class=\"yoast-schema-graph\">{\"@context\":\"https:\\\/\\\/schema.org\",\"@graph\":[{\"@type\":\"WebPage\",\"@id\":\"https:\\\/\\\/visitsavonlinna.fi\\\/de\\\/allgemeine-informationen\\\/\",\"url\":\"https:\\\/\\\/visitsavonlinna.fi\\\/de\\\/allgemeine-informationen\\\/\",\"name\":\"Savonlinna-Information I Saimaa-See I Finnland\",\"isPartOf\":{\"@id\":\"https:\\\/\\\/visitsavonlinna.fi\\\/#website\"},\"primaryImageOfPage\":{\"@id\":\"https:\\\/\\\/visitsavonlinna.fi\\\/de\\\/allgemeine-informationen\\\/#primaryimage\"},\"image\":{\"@id\":\"https:\\\/\\\/visitsavonlinna.fi\\\/de\\\/allgemeine-informationen\\\/#primaryimage\"},\"thumbnailUrl\":\"https:\\\/\\\/visitsavonlinna.fi\\\/wp-content\\\/uploads\\\/sites\\\/2\\\/2019\\\/04\\\/finnland-seenland-saimaa-savonlinna-information.jpg\",\"datePublished\":\"2019-04-25T11:45:59+00:00\",\"dateModified\":\"2023-02-27T08:17:10+00:00\",\"description\":\"Erfahren Sie mehr \u00fcber die Geschichte von Savonlinna und Turistinformationen und wie Sie in die Saimaa-Region gelangen.\",\"breadcrumb\":{\"@id\":\"https:\\\/\\\/visitsavonlinna.fi\\\/de\\\/allgemeine-informationen\\\/#breadcrumb\"},\"inLanguage\":\"de-DE\",\"potentialAction\":[{\"@type\":\"ReadAction\",\"target\":[\"https:\\\/\\\/visitsavonlinna.fi\\\/de\\\/allgemeine-informationen\\\/\"]}]},{\"@type\":\"ImageObject\",\"inLanguage\":\"de-DE\",\"@id\":\"https:\\\/\\\/visitsavonlinna.fi\\\/de\\\/allgemeine-informationen\\\/#primaryimage\",\"url\":\"https:\\\/\\\/visitsavonlinna.fi\\\/wp-content\\\/uploads\\\/sites\\\/2\\\/2019\\\/04\\\/finnland-seenland-saimaa-savonlinna-information.jpg\",\"contentUrl\":\"https:\\\/\\\/visitsavonlinna.fi\\\/wp-content\\\/uploads\\\/sites\\\/2\\\/2019\\\/04\\\/finnland-seenland-saimaa-savonlinna-information.jpg\",\"width\":2000,\"height\":953,\"caption\":\"finnland seenland saimaa savonlinna information\"},{\"@type\":\"BreadcrumbList\",\"@id\":\"https:\\\/\\\/visitsavonlinna.fi\\\/de\\\/allgemeine-informationen\\\/#breadcrumb\",\"itemListElement\":[{\"@type\":\"ListItem\",\"position\":1,\"name\":\"Visitsavonlinna.fi\",\"item\":\"https:\\\/\\\/visitsavonlinna.fi\\\/de\\\/\"},{\"@type\":\"ListItem\",\"position\":2,\"name\":\"Savonlinna-Information\"}]},{\"@type\":\"WebSite\",\"@id\":\"https:\\\/\\\/visitsavonlinna.fi\\\/#website\",\"url\":\"https:\\\/\\\/visitsavonlinna.fi\\\/\",\"name\":\"Visit Savonlinna\",\"description\":\"\",\"potentialAction\":[{\"@type\":\"SearchAction\",\"target\":{\"@type\":\"EntryPoint\",\"urlTemplate\":\"https:\\\/\\\/visitsavonlinna.fi\\\/?s={search_term_string}\"},\"query-input\":{\"@type\":\"PropertyValueSpecification\",\"valueRequired\":true,\"valueName\":\"search_term_string\"}}],\"inLanguage\":\"de-DE\"}]}<\/script>\n<!-- \/ Yoast SEO Premium plugin. -->","yoast_head_json":{"title":"Savonlinna-Information I Saimaa-See I Finnland","description":"Erfahren Sie mehr \u00fcber die Geschichte von Savonlinna und Turistinformationen und wie Sie in die Saimaa-Region gelangen.","robots":{"index":"index","follow":"follow","max-snippet":"max-snippet:-1","max-image-preview":"max-image-preview:large","max-video-preview":"max-video-preview:-1"},"canonical":"https:\/\/visitsavonlinna.fi\/de\/allgemeine-informationen\/","og_locale":"de_DE","og_type":"article","og_title":"Savonlinna-Information","og_description":"Erfahren Sie mehr \u00fcber die Geschichte von Savonlinna und Turistinformationen und wie Sie in die Saimaa-Region gelangen.","og_url":"https:\/\/visitsavonlinna.fi\/de\/allgemeine-informationen\/","og_site_name":"Visit Savonlinna","article_modified_time":"2023-02-27T08:17:10+00:00","og_image":[{"width":2000,"height":953,"url":"https:\/\/visitsavonlinna.fi\/wp-content\/uploads\/sites\/2\/2019\/04\/finnland-seenland-saimaa-savonlinna-information.jpg","type":"image\/jpeg"}],"twitter_card":"summary_large_image","twitter_misc":{"Gesch\u00e4tzte Lesezeit":"2 minutes"},"schema":{"@context":"https:\/\/schema.org","@graph":[{"@type":"WebPage","@id":"https:\/\/visitsavonlinna.fi\/de\/allgemeine-informationen\/","url":"https:\/\/visitsavonlinna.fi\/de\/allgemeine-informationen\/","name":"Savonlinna-Information I Saimaa-See I Finnland","isPartOf":{"@id":"https:\/\/visitsavonlinna.fi\/#website"},"primaryImageOfPage":{"@id":"https:\/\/visitsavonlinna.fi\/de\/allgemeine-informationen\/#primaryimage"},"image":{"@id":"https:\/\/visitsavonlinna.fi\/de\/allgemeine-informationen\/#primaryimage"},"thumbnailUrl":"https:\/\/visitsavonlinna.fi\/wp-content\/uploads\/sites\/2\/2019\/04\/finnland-seenland-saimaa-savonlinna-information.jpg","datePublished":"2019-04-25T11:45:59+00:00","dateModified":"2023-02-27T08:17:10+00:00","description":"Erfahren Sie mehr \u00fcber die Geschichte von Savonlinna und Turistinformationen und wie Sie in die Saimaa-Region gelangen.","breadcrumb":{"@id":"https:\/\/visitsavonlinna.fi\/de\/allgemeine-informationen\/#breadcrumb"},"inLanguage":"de-DE","potentialAction":[{"@type":"ReadAction","target":["https:\/\/visitsavonlinna.fi\/de\/allgemeine-informationen\/"]}]},{"@type":"ImageObject","inLanguage":"de-DE","@id":"https:\/\/visitsavonlinna.fi\/de\/allgemeine-informationen\/#primaryimage","url":"https:\/\/visitsavonlinna.fi\/wp-content\/uploads\/sites\/2\/2019\/04\/finnland-seenland-saimaa-savonlinna-information.jpg","contentUrl":"https:\/\/visitsavonlinna.fi\/wp-content\/uploads\/sites\/2\/2019\/04\/finnland-seenland-saimaa-savonlinna-information.jpg","width":2000,"height":953,"caption":"finnland seenland saimaa savonlinna information"},{"@type":"BreadcrumbList","@id":"https:\/\/visitsavonlinna.fi\/de\/allgemeine-informationen\/#breadcrumb","itemListElement":[{"@type":"ListItem","position":1,"name":"Visitsavonlinna.fi","item":"https:\/\/visitsavonlinna.fi\/de\/"},{"@type":"ListItem","position":2,"name":"Savonlinna-Information"}]},{"@type":"WebSite","@id":"https:\/\/visitsavonlinna.fi\/#website","url":"https:\/\/visitsavonlinna.fi\/","name":"Visit Savonlinna","description":"","potentialAction":[{"@type":"SearchAction","target":{"@type":"EntryPoint","urlTemplate":"https:\/\/visitsavonlinna.fi\/?s={search_term_string}"},"query-input":{"@type":"PropertyValueSpecification","valueRequired":true,"valueName":"search_term_string"}}],"inLanguage":"de-DE"}]}},"_links":{"self":[{"href":"https:\/\/visitsavonlinna.fi\/de\/wp-json\/wp\/v2\/pages\/106866","targetHints":{"allow":["GET"]}}],"collection":[{"href":"https:\/\/visitsavonlinna.fi\/de\/wp-json\/wp\/v2\/pages"}],"about":[{"href":"https:\/\/visitsavonlinna.fi\/de\/wp-json\/wp\/v2\/types\/page"}],"author":[{"embeddable":true,"href":"https:\/\/visitsavonlinna.fi\/de\/wp-json\/wp\/v2\/users\/51"}],"replies":[{"embeddable":true,"href":"https:\/\/visitsavonlinna.fi\/de\/wp-json\/wp\/v2\/comments?post=106866"}],"version-history":[{"count":8,"href":"https:\/\/visitsavonlinna.fi\/de\/wp-json\/wp\/v2\/pages\/106866\/revisions"}],"predecessor-version":[{"id":461106,"href":"https:\/\/visitsavonlinna.fi\/de\/wp-json\/wp\/v2\/pages\/106866\/revisions\/461106"}],"wp:featuredmedia":[{"embeddable":true,"href":"https:\/\/visitsavonlinna.fi\/de\/wp-json\/wp\/v2\/media\/108044"}],"wp:attachment":[{"href":"https:\/\/visitsavonlinna.fi\/de\/wp-json\/wp\/v2\/media?parent=106866"}],"wp:term":[{"taxonomy":"relatedcontent","embeddable":true,"href":"https:\/\/visitsavonlinna.fi\/de\/wp-json\/wp\/v2\/relatedcontent?post=106866"}],"curies":[{"name":"wp","href":"https:\/\/api.w.org\/{rel}","templated":true}]}}