{"id":106932,"date":"2019-04-16T12:51:21","date_gmt":"2019-04-16T09:51:21","guid":{"rendered":"https:\/\/visitsavonlinna.fi\/?page_id=106932"},"modified":"2023-01-25T14:28:28","modified_gmt":"2023-01-25T12:28:28","slug":"essen-einkaufen","status":"publish","type":"page","link":"https:\/\/visitsavonlinna.fi\/de\/essen-einkaufen\/","title":{"rendered":"Essen &amp; Einkaufen"},"content":{"rendered":"<p>[vc_row][vc_column][vc_empty_space][\/vc_column][\/vc_row][vc_row][vc_column width=&#8220;1\/4&#8243;][\/vc_column][vc_column width=&#8220;1\/2&#8243;][vc_column_text]<\/p>\n<h1 style=\"text-align: center\">Essen &amp; Einkaufen<\/h1>\n<p class=\"lead\" style=\"text-align: center\">Die N\u00e4he der Natur und die vielen Gew\u00e4ssern des Saimaa-Sees ergeben sich auch in den K\u00f6stlichkeiten, die die Savonlinna-Region zu bieten hat.<\/p>\n<p style=\"text-align: center\">Aus sauberen Zutaten, wie Waldbeeren, verschiedenen Fischarten und Gem\u00fcse aus heimischem Anbau, entstehen viele leckere Gerichte, die den Reisenden zu kulinarischen Erlebnissen werden k\u00f6nnen. Aber auch Freunde der internationalen K\u00fcche k\u00f6nnen ihren Hunger ganz leicht in Savonlinna und seiner Umgebung stillen.<\/p>\n<p style=\"text-align: center\"><!--more--><\/p>\n<p style=\"text-align: center\">F\u00fcr Feinschmecker lohnt es sich z.B. ins Restaurant des entz\u00fcckenden Hotels Punkaharju einzukehren, das wegen seiner k\u00f6stlichen Pilzgerichte bekannt geworden ist. Viele Restaurants bieten leckere Fischspeisen an, von denen die gebratenen Kleinen Mar\u00e4nen absolut probierenswert sind <span style=\"float: none;background-color: transparent;color: #333333;cursor: text;font-family: Georgia,'Times New Roman','Bitstream Charter',Times,serif;font-size: 16px;font-style: normal;font-variant: normal;font-weight: 400;letter-spacing: normal;text-align: left;text-decoration: none;text-indent: 0px;text-transform: none\">\u2013<\/span> ein echter Leckerbissen des Seenlandes Saimaa.<\/p>\n<p style=\"text-align: center\">Am Marktplatz von Savonlinna k\u00f6nnen Sie herausfinden, wie ein \u201aL\u00f6rtsy\u2018 schmeckt, was man \u00fcbrigens in seiner urspr\u00fcnglichen Form nur in dieser Gegend findet. Oder trinken Sie dort am Nachmittag einen Kaffee mit einer\u201a Korvapuusti\u2018, was der finnischen Zimtschnecke entspricht.<\/p>\n<p style=\"text-align: center\">Probieren Sie auch einmal auf dem Marktplatz die frischen Knackererbsen oder Erdbeeren, die einfach zum finnischen Sommer geh\u00f6ren. Hmm\u2026 Lecker!<\/p>\n<p style=\"text-align: center\">Wenn Sie sich Gedanken \u00fcber Mitbringsel aus Ihrem Saimaa-Urlaub machen, lohnt es sich in Savonlinna neben dem Marktplatz bei den kleinen Gesch\u00e4ften in der Linnankatu-Stra\u00dfe vorbei zu kommen. Gleichzeitig k\u00f6nnen Sie dort die Atmosph\u00e4re des vergangenen Jahrhunderts versp\u00fcren, weil viele Boutiquen in alten h\u00fcbschen Holzh\u00e4usern aus dem 19 Jh. gelegen sind. Auch die Museen der Savonlinna-Region haben eine gute Auswahl an Souvenirs. Das vielseitige Sortiment reicht von Textilien, Schmuckst\u00fccken und Holzwaren bis hin zur Schmiedekunst der lokalen Handwerker.<\/p>\n<p style=\"text-align: center\">Auch Lebensmittel sind sch\u00f6ne Reiseandenken. Es gibt u.a. viele Fisch-, Beeren- und Getreideprodukte, die Sie ganz praktisch konserviert oder getrocknet nach Hause von Ihrem Finnlandurlaub mitbringen k\u00f6nnen.<\/p>\n<p style=\"text-align: center\">F\u00fcr Bierkenner gibt es \u00fcbrigens eine sich stets erweiternde Auswahl an Biersorten, die von kleinen lokalen Brauereien handwerklich in Savonlinna hergestellt werden. Kippis \u2013 zum Wohle!<\/p>\n<p>[\/vc_column_text][\/vc_column][vc_column width=&#8220;1\/4&#8243;][\/vc_column][\/vc_row][vc_row][vc_column][vc_empty_space][vc_empty_space][\/vc_column][\/vc_row][vc_row][vc_column][vc_column_text]<\/p>\n<h2 style=\"text-align: center\">Ideen f\u00fcr Mitbringsel<\/h2>\n<p>[\/vc_column_text][vc_empty_space]<div class=\"posts-list-grid wpb_content_element\">\n                            <div class=\"row no-gutter\"><div class=\"row no-gutter\"><div class=\"col-xs-10 col-sm-5 col-lg-33\">    <div class=\"post-box post-stub post-26357 visit_saimaa_shop type-visit_saimaa_shop status-publish has-post-thumbnail hentry servicecategory-handarbeit actioncategory-einkauf relatedcontent-taito-shop-de shop einkaufen handarbeit priority-3\" data-openid=\"kunsthandwerkzentrum-taito-shop-savonlinna-2-26357-1\" data-contentid=\"2:26357\" data-showrelated=\"1\" id=\"kunsthandwerkzentrum-taito-shop-savonlinna-2-26357-1\">\n\n        <div class=\"vs_post_thumbnail\" style=\"background-image: url('https:\/\/visitsavonlinna.fi\/wp-content\/themes\/visitsavonlinna2021\/images\/default.jpg')\" data-attachment=\"543846-2\"><\/div>        \n        <div class=\"image_overlay\"><\/div>\n                    <div class=\"company-name\">Taito Shop<\/div>\n                        \n        \n                <a href=\"https:\/\/visitsavonlinna.fi\/de\/shops\/kunsthandwerkzentrum-taito-shop-savonlinna\/\"  class=\" get-post-details\" title=\"Kunsthandwerkzentrum Taito Shop Savonlinna\">\n            <span class=\"info\">\n                                    <span class=\"category\">Einkauf<\/span>\n                \n                                <span class=\"h3\">Kunsthandwerkzentrum Taito Shop Savonlinna<\/span>\n                                            <\/span><!-- \/.info -->\n        <\/a>\n\n    <\/div>\n    <\/div><div class=\"col-xs-10 col-sm-5 col-lg-33\">    <div class=\"post-box post-stub post-110318 page type-page status-publish has-post-thumbnail hentry priority-3\"  data-contentid=\"2:110318\" data-showrelated=\"1\" id=\"marktplatz-von-savonlinna-2-110318-2\">\n\n        <div class=\"vs_post_thumbnail\" style=\"background-image: url('https:\/\/visitsavonlinna.fi\/wp-content\/themes\/visitsavonlinna2021\/images\/default.jpg')\" data-attachment=\"112822-2\"><\/div>        \n        <div class=\"image_overlay\"><\/div>\n                        \n        \n                <a href=\"https:\/\/visitsavonlinna.fi\/de\/marktplatz-von-savonlinna\/\"  class=\"back-to-canonical \" title=\"Marktplatz von Savonlinna\">\n            <span class=\"info\">\n                \n                                <span class=\"h3\">Marktplatz von Savonlinna<\/span>\n                                            <\/span><!-- \/.info -->\n        <\/a>\n\n    <\/div>\n    <\/div><div class=\"col-xs-10 col-sm-5 col-lg-33\">    <div class=\"post-box filler \" style=\"background-color: #ffffff;\">\n        <div class=\"icon\"><\/div>\n                    <div class=\"background-icon\" style=\" background-image: url('');\" ><\/div>\n        \n        \n                            \n    <\/div>\n\n    <\/div><\/div><!-- row --><\/div><!-- \/.row -->\n                            <\/div><!--\/.posts-list-grid -->[\/vc_column][\/vc_row][vc_row][vc_column][vc_empty_space][vc_column_text]<\/p>\n<h2 style=\"text-align: center\">F\u00fcr den kleinen und gro\u00dfen Hunger<\/h2>\n<p>[\/vc_column_text][vc_empty_space]<div class=\"posts-list-grid wpb_content_element\">\n                            <div class=\"row no-gutter\"><div class=\"row no-gutter\"><div class=\"col-xs-10 col-sm-5 col-lg-33\">    <div class=\"post-box post-stub post-575500 visit_saimaa_shop type-visit_saimaa_shop status-publish has-post-thumbnail hentry servicecategory-bestellrestaurants servicecategory-sommerrestaurants actioncategory-eat-de relatedcontent-osuuskauppa-suur-savo responsible-company shop essen-und-trinken bestellrestaurants sommerrestaurants priority-2\" data-openid=\"restaurant-linnantupa-olavinlinna-2-575500-1\" data-contentid=\"2:575500\" data-showrelated=\"1\" id=\"restaurant-linnantupa-olavinlinna-2-575500-1\">\n\n        <div class=\"vs_post_thumbnail\" style=\"background-image: url('https:\/\/visitsavonlinna.fi\/wp-content\/themes\/visitsavonlinna2021\/images\/default.jpg')\" data-attachment=\"207124-2\"><\/div>        \n        <div class=\"image_overlay\"><\/div>\n                    <div class=\"company-name\">Osuuskauppa Suur-Savo<\/div>\n                            <div class=\"responsible-icon\">\n                <img decoding=\"async\" src=\"https:\/\/visitsavonlinna.fi\/wp-content\/plugins\/visitsaimaa-content\/images\/responsibility-icons\/vastuullinen_yritys_kulma_plain_small.png\" alt=\"Responsible company\"\/>\n            <\/div>\n                \n        \n                <a href=\"https:\/\/visitsavonlinna.fi\/de\/shops\/restaurant-linnantupa-olavinlinna\/\"  class=\" get-post-details\" title=\"Restaurant Linnantupa, Olavinlinna\">\n            <span class=\"info\">\n                                    <span class=\"category\">Essen<\/span>\n                \n                                <span class=\"h3\">Restaurant Linnantupa, Olavinlinna<\/span>\n                                            <\/span><!-- \/.info -->\n        <\/a>\n\n    <\/div>\n    <\/div><div class=\"col-xs-10 col-sm-5 col-lg-33\">    <div class=\"post-box post-stub post-575359 visit_saimaa_shop type-visit_saimaa_shop status-publish has-post-thumbnail hentry servicecategory-cafeterrassen servicecategory-konferenzen-und-konferenzraume servicecategory-sommerrestaurants actioncategory-eat-de actioncategory-services-de relatedcontent-osuuskauppa-suur-savo responsible-company shop fur-firmen-und-gruppen essen-und-trinken cafeterrassen konferenzen-und-konferenzraume sommerrestaurants priority-2\" data-openid=\"restaurant-muikkuterassi-2-575359-2\" data-contentid=\"2:575359\" data-showrelated=\"1\" id=\"restaurant-muikkuterassi-2-575359-2\">\n\n        <div class=\"vs_post_thumbnail\" style=\"background-image: url('https:\/\/visitsavonlinna.fi\/wp-content\/themes\/visitsavonlinna2021\/images\/default.jpg')\" data-attachment=\"146043-2\"><\/div>        \n        <div class=\"image_overlay\"><\/div>\n                    <div class=\"company-name\">Osuuskauppa Suur-Savo<\/div>\n                            <div class=\"responsible-icon\">\n                <img decoding=\"async\" src=\"https:\/\/visitsavonlinna.fi\/wp-content\/plugins\/visitsaimaa-content\/images\/responsibility-icons\/vastuullinen_yritys_kulma_plain_small.png\" alt=\"Responsible company\"\/>\n            <\/div>\n                \n        \n                <a href=\"https:\/\/visitsavonlinna.fi\/de\/shops\/restaurant-muikkuterassi\/\"  class=\" get-post-details\" title=\"Restaurant Muikkuterassi\">\n            <span class=\"info\">\n                                    <span class=\"category\">Essen, Services<\/span>\n                \n                                <span class=\"h3\">Restaurant Muikkuterassi<\/span>\n                                            <\/span><!-- \/.info -->\n        <\/a>\n\n    <\/div>\n    <\/div><div class=\"col-xs-10 col-sm-5 col-lg-33\">    <div class=\"post-box post-stub post-34365 visit_saimaa_shop type-visit_saimaa_shop status-publish has-post-thumbnail hentry servicecategory-speiserestaurants servicecategory-tagesrestaurants actioncategory-eat-de relatedcontent-osuuskauppa-suur-savo responsible-company shop essen-und-trinken speiserestaurants tagesrestaurants priority-2\" data-openid=\"perlina-di-castello-2-34365-3\" data-contentid=\"2:34365\" data-showrelated=\"1\" id=\"perlina-di-castello-2-34365-3\">\n\n        <div class=\"vs_post_thumbnail\" style=\"background-image: url('https:\/\/visitsavonlinna.fi\/wp-content\/themes\/visitsavonlinna2021\/images\/default.jpg')\" data-attachment=\"220703-2\"><\/div>        \n        <div class=\"image_overlay\"><\/div>\n                    <div class=\"company-name\">Osuuskauppa Suur-Savo<\/div>\n                            <div class=\"responsible-icon\">\n                <img decoding=\"async\" src=\"https:\/\/visitsavonlinna.fi\/wp-content\/plugins\/visitsaimaa-content\/images\/responsibility-icons\/vastuullinen_yritys_kulma_plain_small.png\" alt=\"Responsible company\"\/>\n            <\/div>\n                \n        \n                <a href=\"https:\/\/visitsavonlinna.fi\/de\/shops\/perlina-di-castello\/\"  class=\" get-post-details\" title=\"Perlina di Castello\">\n            <span class=\"info\">\n                                    <span class=\"category\">Essen<\/span>\n                \n                                <span class=\"h3\">Perlina di Castello<\/span>\n                                            <\/span><!-- \/.info -->\n        <\/a>\n\n    <\/div>\n    <\/div><div class=\"col-xs-10 col-sm-5 col-lg-33\">    <div class=\"post-box post-stub post-27431 visit_saimaa_shop type-visit_saimaa_shop status-publish has-post-thumbnail hentry servicecategory-cafes-konditoreien-backereien servicecategory-speiserestaurants actioncategory-eat-de relatedcontent-holiday-resort-harjun-portti-de shop essen-und-trinken cafes-konditoreien-backereien speiserestaurants priority-2\" data-openid=\"restaurant-harjun-portti-2-27431-4\" data-contentid=\"2:27431\" data-showrelated=\"1\" id=\"restaurant-harjun-portti-2-27431-4\">\n\n        <div class=\"vs_post_thumbnail\" style=\"background-image: url('https:\/\/visitsavonlinna.fi\/wp-content\/themes\/visitsavonlinna2021\/images\/default.jpg')\" data-attachment=\"560360-2\"><\/div>        \n        <div class=\"image_overlay\"><\/div>\n                    <div class=\"company-name\">Holiday Resort Harjun Portti<\/div>\n                        \n        \n                <a href=\"https:\/\/visitsavonlinna.fi\/de\/shops\/restaurant-harjun-portti\/\"  class=\" get-post-details\" title=\"Restaurant Harjun Portti\">\n            <span class=\"info\">\n                                    <span class=\"category\">Essen<\/span>\n                \n                                <span class=\"h3\">Restaurant Harjun Portti<\/span>\n                                            <\/span><!-- \/.info -->\n        <\/a>\n\n    <\/div>\n    <\/div><div class=\"col-xs-10 col-sm-5 col-lg-33\">    <div class=\"post-box post-stub post-101289 visit_saimaa_shop type-visit_saimaa_shop status-publish has-post-thumbnail hentry servicecategory-cafes-konditoreien-backereien servicecategory-cafeterrassen servicecategory-konferenzen-und-konferenzraume servicecategory-sommerrestaurants servicecategory-sonstige-restaurants actioncategory-eat-de actioncategory-services-de relatedcontent-saimaaholiday-oravi-de responsible-company shop fur-firmen-und-gruppen essen-und-trinken cafes-konditoreien-backereien cafeterrassen konferenzen-und-konferenzraume sommerrestaurants sonstige-restaurants priority-2\" data-openid=\"restaurant-ruukinranta-2-101289-5\" data-contentid=\"2:101289\" data-showrelated=\"1\" id=\"restaurant-ruukinranta-2-101289-5\">\n\n        <div class=\"vs_post_thumbnail\" style=\"background-image: url('https:\/\/visitsavonlinna.fi\/wp-content\/themes\/visitsavonlinna2021\/images\/default.jpg')\" data-attachment=\"558193-2\"><\/div>        \n        <div class=\"image_overlay\"><\/div>\n                    <div class=\"company-name\">SaimaaHoliday Oravi<\/div>\n                            <div class=\"responsible-icon\">\n                <img decoding=\"async\" src=\"https:\/\/visitsavonlinna.fi\/wp-content\/plugins\/visitsaimaa-content\/images\/responsibility-icons\/vastuullinen_yritys_kulma_plain_small.png\" alt=\"Responsible company\"\/>\n            <\/div>\n                \n        \n                <a href=\"https:\/\/visitsavonlinna.fi\/de\/shops\/restaurant-ruukinranta\/\"  class=\" get-post-details\" title=\"Restaurant Ruukinranta\">\n            <span class=\"info\">\n                                    <span class=\"category\">Essen, Services<\/span>\n                \n                                <span class=\"h3\">Restaurant Ruukinranta<\/span>\n                                            <\/span><!-- \/.info -->\n        <\/a>\n\n    <\/div>\n    <\/div><div class=\"col-xs-10 col-sm-5 col-lg-33\">    <div class=\"post-box filler \" style=\"background-color: #ffffff;\">\n        <div class=\"icon\"><\/div>\n                    <div class=\"background-icon\" style=\" background-image: url('');\" ><\/div>\n        \n        \n                            \n    <\/div>\n\n    <\/div><\/div><!-- row --><\/div><!-- \/.row -->\n                        <\/div><!--\/.posts-list-grid -->[\/vc_column][\/vc_row]<\/p>\n","protected":false},"excerpt":{"rendered":"<p>[vc_row][vc_column][vc_empty_space][\/vc_column][\/vc_row][vc_row][vc_column width=&#8220;1\/4&#8243;][\/vc_column][vc_column width=&#8220;1\/2&#8243;][vc_column_text] Essen &amp; Einkaufen Die N\u00e4he der Natur und die vielen Gew\u00e4ssern des Saimaa-Sees ergeben sich auch in den K\u00f6stlichkeiten, die die Savonlinna-Region zu bieten hat. Aus sauberen [&hellip;]<\/p>\n","protected":false},"author":51,"featured_media":108037,"parent":0,"menu_order":0,"comment_status":"closed","ping_status":"closed","template":"","meta":{"footnotes":""},"relatedcontent":[],"class_list":["post-106932","page","type-page","status-publish","has-post-thumbnail","hentry","shop","fur-firmen-und-gruppen","essen-und-trinken","cafes-konditoreien-backereien","cafeterrassen","konferenzen-und-konferenzraume","sommerrestaurants","sonstige-restaurants","priority-2"],"yoast_head":"<!-- This site is optimized with the Yoast SEO Premium plugin v27.3 (Yoast SEO v27.2) - https:\/\/yoast.com\/product\/yoast-seo-premium-wordpress\/ -->\n<title>Essen I Einkaufen I Lakeland Finnland I Savonlinna<\/title>\n<meta name=\"description\" content=\"Genie\u00dfen Sie lokale K\u00f6stlichkeiten in den vielen Restaurants der Region Savonlinna und besuchen Sie die lokalen Gesch\u00e4fte.\" \/>\n<meta name=\"robots\" content=\"index, follow, max-snippet:-1, max-image-preview:large, max-video-preview:-1\" \/>\n<link rel=\"canonical\" href=\"https:\/\/visitsavonlinna.fi\/de\/essen-einkaufen\/\" \/>\n<meta property=\"og:locale\" content=\"de_DE\" \/>\n<meta property=\"og:type\" content=\"article\" \/>\n<meta property=\"og:title\" content=\"Essen I Einkaufen I Lakeland Finnland I Savonlinna\" \/>\n<meta property=\"og:description\" content=\"Genie\u00dfen Sie lokale K\u00f6stlichkeiten in den vielen Restaurants der Region Savonlinna und besuchen Sie die lokalen Gesch\u00e4fte.\" \/>\n<meta property=\"og:url\" content=\"https:\/\/visitsavonlinna.fi\/de\/essen-einkaufen\/\" \/>\n<meta property=\"og:site_name\" content=\"Visit Savonlinna\" \/>\n<meta property=\"article:modified_time\" content=\"2023-01-25T12:28:28+00:00\" \/>\n<meta property=\"og:image\" content=\"https:\/\/visitsavonlinna.fi\/wp-content\/uploads\/sites\/2\/2019\/04\/finnland-Savonlinna-seenland-saimaa-essen-einkaufen.jpg\" \/>\n\t<meta property=\"og:image:width\" content=\"2000\" \/>\n\t<meta property=\"og:image:height\" content=\"980\" \/>\n\t<meta property=\"og:image:type\" content=\"image\/jpeg\" \/>\n<meta name=\"twitter:card\" content=\"summary_large_image\" \/>\n<meta name=\"twitter:label1\" content=\"Gesch\u00e4tzte Lesezeit\" \/>\n\t<meta name=\"twitter:data1\" content=\"2 minutes\" \/>\n<script type=\"application\/ld+json\" class=\"yoast-schema-graph\">{\"@context\":\"https:\/\/schema.org\",\"@graph\":[{\"@type\":\"WebPage\",\"@id\":\"https:\/\/visitsavonlinna.fi\/de\/essen-einkaufen\/\",\"url\":\"https:\/\/visitsavonlinna.fi\/de\/essen-einkaufen\/\",\"name\":\"Essen I Einkaufen I Lakeland Finnland I Savonlinna\",\"isPartOf\":{\"@id\":\"https:\/\/visitsavonlinna.fi\/#website\"},\"primaryImageOfPage\":{\"@id\":\"https:\/\/visitsavonlinna.fi\/de\/essen-einkaufen\/#primaryimage\"},\"image\":{\"@id\":\"https:\/\/visitsavonlinna.fi\/de\/essen-einkaufen\/#primaryimage\"},\"thumbnailUrl\":\"https:\/\/visitsavonlinna.fi\/wp-content\/uploads\/sites\/2\/2019\/04\/finnland-Savonlinna-seenland-saimaa-essen-einkaufen.jpg\",\"datePublished\":\"2019-04-16T09:51:21+00:00\",\"dateModified\":\"2023-01-25T12:28:28+00:00\",\"description\":\"Genie\u00dfen Sie lokale K\u00f6stlichkeiten in den vielen Restaurants der Region Savonlinna und besuchen Sie die lokalen Gesch\u00e4fte.\",\"breadcrumb\":{\"@id\":\"https:\/\/visitsavonlinna.fi\/de\/essen-einkaufen\/#breadcrumb\"},\"inLanguage\":\"de-DE\",\"potentialAction\":[{\"@type\":\"ReadAction\",\"target\":[\"https:\/\/visitsavonlinna.fi\/de\/essen-einkaufen\/\"]}]},{\"@type\":\"ImageObject\",\"inLanguage\":\"de-DE\",\"@id\":\"https:\/\/visitsavonlinna.fi\/de\/essen-einkaufen\/#primaryimage\",\"url\":\"https:\/\/visitsavonlinna.fi\/wp-content\/uploads\/sites\/2\/2019\/04\/finnland-Savonlinna-seenland-saimaa-essen-einkaufen.jpg\",\"contentUrl\":\"https:\/\/visitsavonlinna.fi\/wp-content\/uploads\/sites\/2\/2019\/04\/finnland-Savonlinna-seenland-saimaa-essen-einkaufen.jpg\",\"width\":2000,\"height\":980,\"caption\":\"finnland Savonlinna seenland saimaa essen einkaufen\"},{\"@type\":\"BreadcrumbList\",\"@id\":\"https:\/\/visitsavonlinna.fi\/de\/essen-einkaufen\/#breadcrumb\",\"itemListElement\":[{\"@type\":\"ListItem\",\"position\":1,\"name\":\"Visitsavonlinna.fi\",\"item\":\"https:\/\/visitsavonlinna.fi\/de\/\"},{\"@type\":\"ListItem\",\"position\":2,\"name\":\"Essen &amp; Einkaufen\"}]},{\"@type\":\"WebSite\",\"@id\":\"https:\/\/visitsavonlinna.fi\/#website\",\"url\":\"https:\/\/visitsavonlinna.fi\/\",\"name\":\"Visit Savonlinna\",\"description\":\"\",\"potentialAction\":[{\"@type\":\"SearchAction\",\"target\":{\"@type\":\"EntryPoint\",\"urlTemplate\":\"https:\/\/visitsavonlinna.fi\/?s={search_term_string}\"},\"query-input\":{\"@type\":\"PropertyValueSpecification\",\"valueRequired\":true,\"valueName\":\"search_term_string\"}}],\"inLanguage\":\"de-DE\"}]}<\/script>\n<!-- \/ Yoast SEO Premium plugin. -->","yoast_head_json":{"title":"Essen I Einkaufen I Lakeland Finnland I Savonlinna","description":"Genie\u00dfen Sie lokale K\u00f6stlichkeiten in den vielen Restaurants der Region Savonlinna und besuchen Sie die lokalen Gesch\u00e4fte.","robots":{"index":"index","follow":"follow","max-snippet":"max-snippet:-1","max-image-preview":"max-image-preview:large","max-video-preview":"max-video-preview:-1"},"canonical":"https:\/\/visitsavonlinna.fi\/de\/essen-einkaufen\/","og_locale":"de_DE","og_type":"article","og_title":"Essen I Einkaufen I Lakeland Finnland I Savonlinna","og_description":"Genie\u00dfen Sie lokale K\u00f6stlichkeiten in den vielen Restaurants der Region Savonlinna und besuchen Sie die lokalen Gesch\u00e4fte.","og_url":"https:\/\/visitsavonlinna.fi\/de\/essen-einkaufen\/","og_site_name":"Visit Savonlinna","article_modified_time":"2023-01-25T12:28:28+00:00","og_image":[{"width":2000,"height":980,"url":"https:\/\/visitsavonlinna.fi\/wp-content\/uploads\/sites\/2\/2019\/04\/finnland-Savonlinna-seenland-saimaa-essen-einkaufen.jpg","type":"image\/jpeg"}],"twitter_card":"summary_large_image","twitter_misc":{"Gesch\u00e4tzte Lesezeit":"2 minutes"},"schema":{"@context":"https:\/\/schema.org","@graph":[{"@type":"WebPage","@id":"https:\/\/visitsavonlinna.fi\/de\/essen-einkaufen\/","url":"https:\/\/visitsavonlinna.fi\/de\/essen-einkaufen\/","name":"Essen I Einkaufen I Lakeland Finnland I Savonlinna","isPartOf":{"@id":"https:\/\/visitsavonlinna.fi\/#website"},"primaryImageOfPage":{"@id":"https:\/\/visitsavonlinna.fi\/de\/essen-einkaufen\/#primaryimage"},"image":{"@id":"https:\/\/visitsavonlinna.fi\/de\/essen-einkaufen\/#primaryimage"},"thumbnailUrl":"https:\/\/visitsavonlinna.fi\/wp-content\/uploads\/sites\/2\/2019\/04\/finnland-Savonlinna-seenland-saimaa-essen-einkaufen.jpg","datePublished":"2019-04-16T09:51:21+00:00","dateModified":"2023-01-25T12:28:28+00:00","description":"Genie\u00dfen Sie lokale K\u00f6stlichkeiten in den vielen Restaurants der Region Savonlinna und besuchen Sie die lokalen Gesch\u00e4fte.","breadcrumb":{"@id":"https:\/\/visitsavonlinna.fi\/de\/essen-einkaufen\/#breadcrumb"},"inLanguage":"de-DE","potentialAction":[{"@type":"ReadAction","target":["https:\/\/visitsavonlinna.fi\/de\/essen-einkaufen\/"]}]},{"@type":"ImageObject","inLanguage":"de-DE","@id":"https:\/\/visitsavonlinna.fi\/de\/essen-einkaufen\/#primaryimage","url":"https:\/\/visitsavonlinna.fi\/wp-content\/uploads\/sites\/2\/2019\/04\/finnland-Savonlinna-seenland-saimaa-essen-einkaufen.jpg","contentUrl":"https:\/\/visitsavonlinna.fi\/wp-content\/uploads\/sites\/2\/2019\/04\/finnland-Savonlinna-seenland-saimaa-essen-einkaufen.jpg","width":2000,"height":980,"caption":"finnland Savonlinna seenland saimaa essen einkaufen"},{"@type":"BreadcrumbList","@id":"https:\/\/visitsavonlinna.fi\/de\/essen-einkaufen\/#breadcrumb","itemListElement":[{"@type":"ListItem","position":1,"name":"Visitsavonlinna.fi","item":"https:\/\/visitsavonlinna.fi\/de\/"},{"@type":"ListItem","position":2,"name":"Essen &amp; Einkaufen"}]},{"@type":"WebSite","@id":"https:\/\/visitsavonlinna.fi\/#website","url":"https:\/\/visitsavonlinna.fi\/","name":"Visit Savonlinna","description":"","potentialAction":[{"@type":"SearchAction","target":{"@type":"EntryPoint","urlTemplate":"https:\/\/visitsavonlinna.fi\/?s={search_term_string}"},"query-input":{"@type":"PropertyValueSpecification","valueRequired":true,"valueName":"search_term_string"}}],"inLanguage":"de-DE"}]}},"_links":{"self":[{"href":"https:\/\/visitsavonlinna.fi\/de\/wp-json\/wp\/v2\/pages\/106932","targetHints":{"allow":["GET"]}}],"collection":[{"href":"https:\/\/visitsavonlinna.fi\/de\/wp-json\/wp\/v2\/pages"}],"about":[{"href":"https:\/\/visitsavonlinna.fi\/de\/wp-json\/wp\/v2\/types\/page"}],"author":[{"embeddable":true,"href":"https:\/\/visitsavonlinna.fi\/de\/wp-json\/wp\/v2\/users\/51"}],"replies":[{"embeddable":true,"href":"https:\/\/visitsavonlinna.fi\/de\/wp-json\/wp\/v2\/comments?post=106932"}],"version-history":[{"count":6,"href":"https:\/\/visitsavonlinna.fi\/de\/wp-json\/wp\/v2\/pages\/106932\/revisions"}],"predecessor-version":[{"id":253164,"href":"https:\/\/visitsavonlinna.fi\/de\/wp-json\/wp\/v2\/pages\/106932\/revisions\/253164"}],"wp:featuredmedia":[{"embeddable":true,"href":"https:\/\/visitsavonlinna.fi\/de\/wp-json\/wp\/v2\/media\/108037"}],"wp:attachment":[{"href":"https:\/\/visitsavonlinna.fi\/de\/wp-json\/wp\/v2\/media?parent=106932"}],"wp:term":[{"taxonomy":"relatedcontent","embeddable":true,"href":"https:\/\/visitsavonlinna.fi\/de\/wp-json\/wp\/v2\/relatedcontent?post=106932"}],"curies":[{"name":"wp","href":"https:\/\/api.w.org\/{rel}","templated":true}]}}