{"id":10877,"date":"2015-07-03T13:54:53","date_gmt":"2015-07-03T10:54:53","guid":{"rendered":"https:\/\/visitsavonlinna.fi\/?page_id=10877"},"modified":"2023-01-10T16:17:47","modified_gmt":"2023-01-10T14:17:47","slug":"verzeichnis","status":"publish","type":"page","link":"https:\/\/visitsavonlinna.fi\/de\/verzeichnis\/","title":{"rendered":"Verzeichnis"},"content":{"rendered":"<p>[vc_row][vc_column width=&#8220;1\/2&#8243;][vc_column_text]<\/p>\n<h1>Verzeichnis<\/h1>\n<p>Im Verzeichnis sind alle f\u00fcr Ihre Freizeit n\u00fctzlichen Dienstleistungen zusammengefasst. Hier finden Sie ein vielseitiges Angebot an privaten und \u00f6ffentlichen Dienstleistern. Auch die Suchfunktion kann hilfreich sein.[\/vc_column_text][\/vc_column][vc_column width=&#8220;1\/2&#8243;][\/vc_column][\/vc_row][vc_row][vc_column]<div id=\"vs_search_form_1\" class=\"vs_search_form fast\" data-formid=\"1\"  >\n    <form role=\"search\" class=\"search form fast\" data-formid=\"1\" action=\"https:\/\/visitsavonlinna.fi\/de\/\" method=\"GET\" >\n\n        <div class=\"row\">\n            <div class=\"main col-xs-10 col-lg-33\">\n                \n                                \n                                \n                                    <div class=\"locationselection row\" >\n                        <div class=\"col-xs-10\">\n                            \n                                                            <div class=\"form-group address\">\n                                    <label class=\"control-label\" for=\"address\">Near address<\/label>\n                                    <input type=\"text\" class=\"form-control\" name=\"address\" id=\"address\" placeholder=\"Adresse, Stadt\" value=\"\">\n                                <\/div>\n                                <div class=\"form-group latlong\">\n                                    <label class=\"control-label sr-only\" for=\"latlong\">Latitude,Longitude<\/label>\n                                    <input readonly type=\"text\" class=\"form-control\" name=\"latlong\" id=\"latlong\" placeholder=\"Latitude,Longitude\" value=\"\">\n                                <\/div>\n                                       \n                                <div class=\"form-group range\">\n                                    <label class=\"control-label sr-only\" for=\"range\">Range<\/label>\n                                    <input type=\"text\" class=\"form-control\" name=\"range\" id=\"range\" placeholder=\"Range in Kilometers\" value=\"\">\n                                <\/div>\n                                \n                                              \n                            \n                        <\/div>\n                    <\/div><!-- \/.locationselection -->\n                                \n                    \n                \n\n                \n                \n            <\/div><!-- \/.main -->\n            \n                        \n\n\n                <div class=\"options col-xs-10 col-lg-66\">\n                    <div class=\"row\" >\n                            \n                                                \n                            <div class=\"typeselection col-xs-10 col-lg-5\">\n                                                             \n                                <div data-toggle=\"buttons\">\n                                        <label class=\"btn btn-checkbox\" data-hide=\".category\">\n                                        <input type=\"radio\" autocomplete=\"off\" name=\"types\" value=\"all\" checked=\"checked\"> Alle                                        <\/label>\n\n                                                                                  \n                                            <label class=\"btn btn-checkbox event\"  data-typeclass=\"event\">\n                                            <input type=\"radio\" autocomplete=\"off\" name=\"types\" value=\"visit_saimaa_event\" > Events                                            <\/label>                 \n                                        \n                                                                                  \n                                            <label class=\"btn btn-checkbox product\"  data-show=\".category\"  data-hide=\".meetingroomselection\"  data-typeclass=\"product\">\n                                            <input type=\"radio\" autocomplete=\"off\" name=\"types\" value=\"visit_saimaa_product\" > Produkte und Dienstleistungen                                            <\/label>                 \n                                        \n                                                                                  \n                                            <label class=\"btn btn-checkbox shop\"  data-show=\".category\"  data-hide=\".meetingroomselection\"  data-typeclass=\"shop\">\n                                            <input type=\"radio\" autocomplete=\"off\" name=\"types\" value=\"visit_saimaa_shop\" > Shops                                            <\/label>                 \n                                        \n                                                                                  \n                                            <label class=\"btn btn-checkbox offer\"  data-show=\".category\"  data-hide=\".meetingroomselection\"  data-typeclass=\"offer\">\n                                            <input type=\"radio\" autocomplete=\"off\" name=\"types\" value=\"visit_saimaa_offer\" > Angebote                                            <\/label>                 \n                                        \n                                                                                  \n                                            <label class=\"btn btn-checkbox mroom\"  data-show=\".meetingroomselection\"  data-hide=\".category\"  data-typeclass=\"mroom\">\n                                            <input type=\"radio\" autocomplete=\"off\" name=\"types\" value=\"visit_saimaa_mroom\" > Meeting rooms                                            <\/label>                 \n                                        \n                                                                                  \n                                            <label class=\"btn btn-checkbox theme\"  data-typeclass=\"theme\">\n                                            <input type=\"radio\" autocomplete=\"off\" name=\"types\" value=\"visit_saimaa_theme\" > Themes                                            <\/label>                 \n                                        \n                                                                                  \n                                            <label class=\"btn btn-checkbox _content\"  data-typeclass=\"_content\">\n                                            <input type=\"radio\" autocomplete=\"off\" name=\"types\" value=\"_content\" > Info                                            <\/label>                 \n                                        \n                                                                    <\/div><!-- \/.btn-group -->\n                            <\/div><!-- \/.typeselection -->\n                            \n                        \n                                            \n                        \n                                            \n                                                    <div class=\"actioncategory category col-xs-10 col-lg-5\" style=\"display: none;\" >\n                                                            \n                                                                    \n                                                                            <div data-toggle=\"buttons\">\n                                            <label class=\"btn btn-checkbox active\">\n                                                <input type=\"radio\" autocomplete=\"off\" checked=\"checked\" name=\"actioncategory\" value=\"all\" checked> Alle                                            <\/label>                                 \n                                            \n                                                    <label class=\"btn btn-checkbox product  \">\n                                                    <input type=\"radio\" autocomplete=\"off\" name=\"actioncategory\" value=\"aktivitaten\" > Aktivit\u00e4ten                                                    <\/label> \n                            \n                                            \n                                                    <label class=\"btn btn-checkbox product  \">\n                                                    <input type=\"radio\" autocomplete=\"off\" name=\"actioncategory\" value=\"einkauf\" > Einkauf                                                    <\/label> \n                            \n                                            \n                                                    <label class=\"btn btn-checkbox product  \">\n                                                    <input type=\"radio\" autocomplete=\"off\" name=\"actioncategory\" value=\"erholung\" > Erholung                                                    <\/label> \n                            \n                                            \n                                                    <label class=\"btn btn-checkbox product  \">\n                                                    <input type=\"radio\" autocomplete=\"off\" name=\"actioncategory\" value=\"eat-de\" > Essen                                                    <\/label> \n                            \n                                            \n                                                    <label class=\"btn btn-checkbox product  \">\n                                                    <input type=\"radio\" autocomplete=\"off\" name=\"actioncategory\" value=\"savonlinna-dienstleistungen\" > Savonlinna Dienstleistungen                                                    <\/label> \n                            \n                                            \n                                                    <label class=\"btn btn-checkbox product  \">\n                                                    <input type=\"radio\" autocomplete=\"off\" name=\"actioncategory\" value=\"sehenswertes\" > Sehenswertes                                                    <\/label> \n                            \n                                            \n                                                    <label class=\"btn btn-checkbox product  \">\n                                                    <input type=\"radio\" autocomplete=\"off\" name=\"actioncategory\" value=\"services-de\" > Services                                                    <\/label> \n                            \n                                            \n                                                    <label class=\"btn btn-checkbox product  \">\n                                                    <input type=\"radio\" autocomplete=\"off\" name=\"actioncategory\" value=\"sleep-de\" > Unterkunft                                                    <\/label> \n                            \n                                                                                    \n                                        <\/div><!-- \/.btn-group -->\n                                    \n                                                                                        <\/div><!-- \/actioncategory -->\n                           \n                                                            \n                                                \n                            \n                                            \n                    <\/div><!-- \/.row -->\n                <\/div><!-- \/.options -->\n                    <\/div><!-- row -->\n\n\n                \n         \n\n                                        \n\n        \n                    <input type=\"hidden\" name=\"tpl\" value=\"directory\" \/>\n                \n    <\/form>\n    \n<\/div><!-- \/.vs_search_form -->\n<div class=\"vs_search search_results\" id=\"search_results-1\" >\n    <button type=\"button\" class=\"close closeIcon\" title=\"Close search results\"><span aria-hidden=\"true\">&times;<\/span><span class=\"sr-only\">Close<\/span><\/button>\n    <div class=\"list\">\n            <\/div>\n<\/div> <!-- \/.vs_search -->\n<script>(function($) { $('body').trigger('vs_search_form_loaded', [ '#vs_search_form_1' ] );})(jQuery);<\/script>\n[\/vc_column][\/vc_row][vc_row][vc_column]<div class=\"posts-list-grid wpb_content_element\">\n                            <div class=\"row no-gutter\"><div class=\"row no-gutter\"><div class=\"col-xs-10 col-sm-5 col-lg-33\">    <div class=\"post-box post-stub post-10459 page type-page status-publish has-post-thumbnail hentry priority-3\"  data-contentid=\"2:10459\" data-showrelated=\"1\" id=\"aktuelles-2-10459-1\">\n\n        <div class=\"vs_post_thumbnail\" style=\"background-image: url('https:\/\/visitsavonlinna.fi\/wp-content\/themes\/visitsavonlinna2021\/images\/default.jpg')\" data-attachment=\"11387-2\"><\/div>        \n        <div class=\"image_overlay\"><\/div>\n                        \n        \n                <a href=\"https:\/\/visitsavonlinna.fi\/de\/aktuelles\/\"  class=\"back-to-canonical \" title=\"Aktuelles\">\n            <span class=\"info\">\n                \n                                <span class=\"h3\">Aktuelles<\/span>\n                                            <\/span><!-- \/.info -->\n        <\/a>\n\n    <\/div>\n    <\/div><div class=\"col-xs-10 col-sm-5 col-lg-33\">    <div class=\"post-box post-stub post-10518 page type-page status-publish has-post-thumbnail hentry priority-3\"  data-contentid=\"2:10518\" data-showrelated=\"1\" id=\"einkauf-2-10518-2\">\n\n        <div class=\"vs_post_thumbnail\" style=\"background-image: url('https:\/\/visitsavonlinna.fi\/wp-content\/themes\/visitsavonlinna2021\/images\/default.jpg')\" data-attachment=\"11288-2\"><\/div>        \n        <div class=\"image_overlay\"><\/div>\n                        \n        \n                <a href=\"https:\/\/visitsavonlinna.fi\/de\/einkauf\/\"  class=\"back-to-canonical \" title=\"Einkauf\">\n            <span class=\"info\">\n                \n                                <span class=\"h3\">Einkauf<\/span>\n                                            <\/span><!-- \/.info -->\n        <\/a>\n\n    <\/div>\n    <\/div><div class=\"col-xs-10 col-sm-5 col-lg-33\">    <div class=\"post-box post-stub post-10505 page type-page status-publish has-post-thumbnail hentry priority-3\"  data-contentid=\"2:10505\" data-showrelated=\"1\" id=\"sehen-erleben-2-10505-3\">\n\n        <div class=\"vs_post_thumbnail\" style=\"background-image: url('https:\/\/visitsavonlinna.fi\/wp-content\/themes\/visitsavonlinna2021\/images\/default.jpg')\" data-attachment=\"253224-2\"><\/div>        \n        <div class=\"image_overlay\"><\/div>\n                        \n        \n                <a href=\"https:\/\/visitsavonlinna.fi\/de\/sehen-erleben\/\"  class=\"back-to-canonical \" title=\"Sehen &amp; Erleben\">\n            <span class=\"info\">\n                \n                                <span class=\"h3\">Sehen &amp; Erleben<\/span>\n                                            <\/span><!-- \/.info -->\n        <\/a>\n\n    <\/div>\n    <\/div><div class=\"col-xs-10 col-sm-5 col-lg-33\">    <div class=\"post-box post-stub post-10499 page type-page status-publish has-post-thumbnail hentry priority-3\"  data-contentid=\"2:10499\" data-showrelated=\"1\" id=\"essen-2-10499-4\">\n\n        <div class=\"vs_post_thumbnail\" style=\"background-image: url('https:\/\/visitsavonlinna.fi\/wp-content\/themes\/visitsavonlinna2021\/images\/default.jpg')\" data-attachment=\"11300-2\"><\/div>        \n        <div class=\"image_overlay\"><\/div>\n                        \n        \n                <a href=\"https:\/\/visitsavonlinna.fi\/de\/essen\/\"  class=\"back-to-canonical \" title=\"Essen\">\n            <span class=\"info\">\n                \n                                <span class=\"h3\">Essen<\/span>\n                                            <\/span><!-- \/.info -->\n        <\/a>\n\n    <\/div>\n    <\/div><div class=\"col-xs-10 col-sm-5 col-lg-33\">    <div class=\"post-box post-stub post-10527 page type-page status-publish has-post-thumbnail hentry priority-3\"  data-contentid=\"2:10527\" data-showrelated=\"1\" id=\"sehenswertes-2-10527-5\">\n\n        <div class=\"vs_post_thumbnail\" style=\"background-image: url('https:\/\/visitsavonlinna.fi\/wp-content\/themes\/visitsavonlinna2021\/images\/default.jpg')\" data-attachment=\"11308-2\"><\/div>        \n        <div class=\"image_overlay\"><\/div>\n                        \n        \n                <a href=\"https:\/\/visitsavonlinna.fi\/de\/sehenswertes\/\"  class=\"back-to-canonical \" title=\"Sehenswertes\">\n            <span class=\"info\">\n                \n                                <span class=\"h3\">Sehenswertes<\/span>\n                                            <\/span><!-- \/.info -->\n        <\/a>\n\n    <\/div>\n    <\/div><div class=\"col-xs-10 col-sm-5 col-lg-33\">    <div class=\"post-box post-stub post-10545 page type-page status-publish has-post-thumbnail hentry priority-3\"  data-contentid=\"2:10545\" data-showrelated=\"1\" id=\"dienstleistungen-2-10545-6\">\n\n        <div class=\"vs_post_thumbnail\" style=\"background-image: url('https:\/\/visitsavonlinna.fi\/wp-content\/themes\/visitsavonlinna2021\/images\/default.jpg')\" data-attachment=\"11443-2\"><\/div>        \n        <div class=\"image_overlay\"><\/div>\n                        \n        \n                <a href=\"https:\/\/visitsavonlinna.fi\/de\/dienstleistungen\/\"  class=\"back-to-canonical \" title=\"Savonlinna Dienstleistungen\">\n            <span class=\"info\">\n                \n                                <span class=\"h3\">Savonlinna Dienstleistungen<\/span>\n                                            <\/span><!-- \/.info -->\n        <\/a>\n\n    <\/div>\n    <\/div><\/div><!-- row --><\/div><!-- \/.row -->\n                            <\/div><!--\/.posts-list-grid -->[\/vc_column][\/vc_row]<\/p>\n","protected":false},"excerpt":{"rendered":"<p>[vc_row][vc_column width=&#8220;1\/2&#8243;][vc_column_text] Verzeichnis Im Verzeichnis sind alle f\u00fcr Ihre Freizeit n\u00fctzlichen Dienstleistungen zusammengefasst. Hier finden Sie ein vielseitiges Angebot an privaten und \u00f6ffentlichen Dienstleistern. Auch die Suchfunktion kann hilfreich sein.[\/vc_column_text][\/vc_column][vc_column [&hellip;]<\/p>\n","protected":false},"author":2,"featured_media":0,"parent":0,"menu_order":0,"comment_status":"closed","ping_status":"open","template":"","meta":{"footnotes":""},"relatedcontent":[],"class_list":{"0":"post-10877","1":"page","2":"type-page","3":"status-publish","4":"hentry","6":"priority-3"},"yoast_head":"<!-- This site is optimized with the Yoast SEO Premium plugin v27.3 (Yoast SEO v27.3) - https:\/\/yoast.com\/product\/yoast-seo-premium-wordpress\/ -->\n<title>Verzeichnis - Visit Savonlinna<\/title>\n<meta name=\"description\" content=\"Verzeichnis Im Verzeichnis sind alle f\u00fcr Ihre Freizeit n\u00fctzlichen Dienstleistungen zusammengefasst. Hier finden Sie ein vielseitiges Angebot an privaten\" \/>\n<meta name=\"robots\" content=\"index, follow, max-snippet:-1, max-image-preview:large, max-video-preview:-1\" \/>\n<link rel=\"canonical\" href=\"https:\/\/visitsavonlinna.fi\/de\/verzeichnis\/\" \/>\n<meta property=\"og:locale\" content=\"de_DE\" \/>\n<meta property=\"og:type\" content=\"article\" \/>\n<meta property=\"og:title\" content=\"Verzeichnis\" \/>\n<meta property=\"og:description\" content=\"Verzeichnis Im Verzeichnis sind alle f\u00fcr Ihre Freizeit n\u00fctzlichen Dienstleistungen zusammengefasst. Hier finden Sie ein vielseitiges Angebot an privaten\" \/>\n<meta property=\"og:url\" content=\"https:\/\/visitsavonlinna.fi\/de\/verzeichnis\/\" \/>\n<meta property=\"og:site_name\" content=\"Visit Savonlinna\" \/>\n<meta property=\"article:modified_time\" content=\"2023-01-10T14:17:47+00:00\" \/>\n<meta name=\"twitter:card\" content=\"summary_large_image\" \/>\n<meta name=\"twitter:label1\" content=\"Gesch\u00e4tzte Lesezeit\" \/>\n\t<meta name=\"twitter:data1\" content=\"1 minute\" \/>\n<script type=\"application\/ld+json\" class=\"yoast-schema-graph\">{\"@context\":\"https:\\\/\\\/schema.org\",\"@graph\":[{\"@type\":\"WebPage\",\"@id\":\"https:\\\/\\\/visitsavonlinna.fi\\\/de\\\/verzeichnis\\\/\",\"url\":\"https:\\\/\\\/visitsavonlinna.fi\\\/de\\\/verzeichnis\\\/\",\"name\":\"Verzeichnis - Visit Savonlinna\",\"isPartOf\":{\"@id\":\"https:\\\/\\\/visitsavonlinna.fi\\\/#website\"},\"datePublished\":\"2015-07-03T10:54:53+00:00\",\"dateModified\":\"2023-01-10T14:17:47+00:00\",\"description\":\"Verzeichnis Im Verzeichnis sind alle f\u00fcr Ihre Freizeit n\u00fctzlichen Dienstleistungen zusammengefasst. Hier finden Sie ein vielseitiges Angebot an privaten\",\"breadcrumb\":{\"@id\":\"https:\\\/\\\/visitsavonlinna.fi\\\/de\\\/verzeichnis\\\/#breadcrumb\"},\"inLanguage\":\"de-DE\",\"potentialAction\":[{\"@type\":\"ReadAction\",\"target\":[\"https:\\\/\\\/visitsavonlinna.fi\\\/de\\\/verzeichnis\\\/\"]}]},{\"@type\":\"BreadcrumbList\",\"@id\":\"https:\\\/\\\/visitsavonlinna.fi\\\/de\\\/verzeichnis\\\/#breadcrumb\",\"itemListElement\":[{\"@type\":\"ListItem\",\"position\":1,\"name\":\"Visitsavonlinna.fi\",\"item\":\"https:\\\/\\\/visitsavonlinna.fi\\\/de\\\/\"},{\"@type\":\"ListItem\",\"position\":2,\"name\":\"Verzeichnis\"}]},{\"@type\":\"WebSite\",\"@id\":\"https:\\\/\\\/visitsavonlinna.fi\\\/#website\",\"url\":\"https:\\\/\\\/visitsavonlinna.fi\\\/\",\"name\":\"Visit Savonlinna\",\"description\":\"\",\"potentialAction\":[{\"@type\":\"SearchAction\",\"target\":{\"@type\":\"EntryPoint\",\"urlTemplate\":\"https:\\\/\\\/visitsavonlinna.fi\\\/?s={search_term_string}\"},\"query-input\":{\"@type\":\"PropertyValueSpecification\",\"valueRequired\":true,\"valueName\":\"search_term_string\"}}],\"inLanguage\":\"de-DE\"}]}<\/script>\n<!-- \/ Yoast SEO Premium plugin. -->","yoast_head_json":{"title":"Verzeichnis - Visit Savonlinna","description":"Verzeichnis Im Verzeichnis sind alle f\u00fcr Ihre Freizeit n\u00fctzlichen Dienstleistungen zusammengefasst. Hier finden Sie ein vielseitiges Angebot an privaten","robots":{"index":"index","follow":"follow","max-snippet":"max-snippet:-1","max-image-preview":"max-image-preview:large","max-video-preview":"max-video-preview:-1"},"canonical":"https:\/\/visitsavonlinna.fi\/de\/verzeichnis\/","og_locale":"de_DE","og_type":"article","og_title":"Verzeichnis","og_description":"Verzeichnis Im Verzeichnis sind alle f\u00fcr Ihre Freizeit n\u00fctzlichen Dienstleistungen zusammengefasst. Hier finden Sie ein vielseitiges Angebot an privaten","og_url":"https:\/\/visitsavonlinna.fi\/de\/verzeichnis\/","og_site_name":"Visit Savonlinna","article_modified_time":"2023-01-10T14:17:47+00:00","twitter_card":"summary_large_image","twitter_misc":{"Gesch\u00e4tzte Lesezeit":"1 minute"},"schema":{"@context":"https:\/\/schema.org","@graph":[{"@type":"WebPage","@id":"https:\/\/visitsavonlinna.fi\/de\/verzeichnis\/","url":"https:\/\/visitsavonlinna.fi\/de\/verzeichnis\/","name":"Verzeichnis - Visit Savonlinna","isPartOf":{"@id":"https:\/\/visitsavonlinna.fi\/#website"},"datePublished":"2015-07-03T10:54:53+00:00","dateModified":"2023-01-10T14:17:47+00:00","description":"Verzeichnis Im Verzeichnis sind alle f\u00fcr Ihre Freizeit n\u00fctzlichen Dienstleistungen zusammengefasst. Hier finden Sie ein vielseitiges Angebot an privaten","breadcrumb":{"@id":"https:\/\/visitsavonlinna.fi\/de\/verzeichnis\/#breadcrumb"},"inLanguage":"de-DE","potentialAction":[{"@type":"ReadAction","target":["https:\/\/visitsavonlinna.fi\/de\/verzeichnis\/"]}]},{"@type":"BreadcrumbList","@id":"https:\/\/visitsavonlinna.fi\/de\/verzeichnis\/#breadcrumb","itemListElement":[{"@type":"ListItem","position":1,"name":"Visitsavonlinna.fi","item":"https:\/\/visitsavonlinna.fi\/de\/"},{"@type":"ListItem","position":2,"name":"Verzeichnis"}]},{"@type":"WebSite","@id":"https:\/\/visitsavonlinna.fi\/#website","url":"https:\/\/visitsavonlinna.fi\/","name":"Visit Savonlinna","description":"","potentialAction":[{"@type":"SearchAction","target":{"@type":"EntryPoint","urlTemplate":"https:\/\/visitsavonlinna.fi\/?s={search_term_string}"},"query-input":{"@type":"PropertyValueSpecification","valueRequired":true,"valueName":"search_term_string"}}],"inLanguage":"de-DE"}]}},"_links":{"self":[{"href":"https:\/\/visitsavonlinna.fi\/de\/wp-json\/wp\/v2\/pages\/10877","targetHints":{"allow":["GET"]}}],"collection":[{"href":"https:\/\/visitsavonlinna.fi\/de\/wp-json\/wp\/v2\/pages"}],"about":[{"href":"https:\/\/visitsavonlinna.fi\/de\/wp-json\/wp\/v2\/types\/page"}],"author":[{"embeddable":true,"href":"https:\/\/visitsavonlinna.fi\/de\/wp-json\/wp\/v2\/users\/2"}],"replies":[{"embeddable":true,"href":"https:\/\/visitsavonlinna.fi\/de\/wp-json\/wp\/v2\/comments?post=10877"}],"version-history":[{"count":2,"href":"https:\/\/visitsavonlinna.fi\/de\/wp-json\/wp\/v2\/pages\/10877\/revisions"}],"predecessor-version":[{"id":251998,"href":"https:\/\/visitsavonlinna.fi\/de\/wp-json\/wp\/v2\/pages\/10877\/revisions\/251998"}],"wp:attachment":[{"href":"https:\/\/visitsavonlinna.fi\/de\/wp-json\/wp\/v2\/media?parent=10877"}],"wp:term":[{"taxonomy":"relatedcontent","embeddable":true,"href":"https:\/\/visitsavonlinna.fi\/de\/wp-json\/wp\/v2\/relatedcontent?post=10877"}],"curies":[{"name":"wp","href":"https:\/\/api.w.org\/{rel}","templated":true}]}}