{"id":110318,"date":"2019-05-13T12:12:23","date_gmt":"2019-05-13T09:12:23","guid":{"rendered":"https:\/\/visitsavonlinna.fi\/?page_id=110318"},"modified":"2023-01-24T14:34:29","modified_gmt":"2023-01-24T12:34:29","slug":"marktplatz-von-savonlinna","status":"publish","type":"page","link":"https:\/\/visitsavonlinna.fi\/de\/marktplatz-von-savonlinna\/","title":{"rendered":"Marktplatz von Savonlinna"},"content":{"rendered":"<p>[vc_row full_width=&#8220;stretch_row_content_no_spaces&#8220;][vc_column][\/vc_column][\/vc_row][vc_row][vc_column][vc_empty_space][\/vc_column][\/vc_row][vc_row][vc_column width=&#8220;1\/4&#8243;][\/vc_column][vc_column width=&#8220;1\/2&#8243;][vc_column_text]<\/p>\n<h1 style=\"text-align: center;\">Marktplatz von Savonlinna<\/h1>\n<h2 style=\"text-align: center;\">Treffen wir uns auf dem Marktplatz?<\/h2>\n<p style=\"text-align: center;\">Der Marktplatz von Savonlinna war schon am Ende des 19. Jahrhunderts ein wichtiger Treffpunkt f\u00fcr die Stadt- und Landbewohner. Da hat man Bekannte getroffen und die neuesten Nachrichten geh\u00f6rt. Er war auch eine Sehensw\u00fcrdigkeit f\u00fcr die Reisende, die die Landsleute von Savo kennen lernen wollten.<\/p>\n<p style=\"text-align: center;\">Der Markt ist bis heute ein wichtiger Treff- und Anziehungspunkt Savonlinnas geblieben, wo man immer noch den lebendigen Savo-Dialekt h\u00f6ren kann. Wie in alten Zeiten wird dort gehandelt, man gibt sich der nostalgischen Stimmung hin und genie\u00dft einfach herrliche Sommertage nach Herzenslust in unmittelbarer N\u00e4he des sch\u00f6nen Saimaa-Sees.<\/p>\n<p style=\"text-align: center;\">Der Marktplatz verw\u00f6hnt die Savonlinna-Besucher insbesondere mit einheimischen Produkten, die dort verkauft werden. Handarbeiten, Geb\u00e4cke und Delikatessen aus der Savonlinna-Region sowie l\u00e4ndliche Produkte aus den lokalen Bauernh\u00f6fen gehen weg wie warme Semmel \u2013 ganz zu schweigen von den Kleinen Mar\u00e4nen, die garantiert jedem den Appetit anregen!<\/p>\n<p style=\"text-align: center;\"><!--more--><\/p>\n<p style=\"text-align: center;\">Am besten versp\u00fcren Sie den Herzschlag der idyllischen Kleinstadt beim Kaffeetrinken auf dem Marktplatz oder auf einer der entz\u00fcckenden Sommerterrassen in der Gegend des Hafens von Savonlinna. Die ungezwungene Plauderei der Einheimischen und die tollk\u00fchnen Erz\u00e4hlungen der Marktverk\u00e4ufer pr\u00e4gen die gem\u00fctliche Atmosph\u00e4re auf dem sch\u00f6nsten Sommermarkt Finnlands. Die Erfahrung spickt man nat\u00fcrlich am besten mit lokalen K\u00f6stlichkeiten, wie L\u00f6rtsys (frittierte Pastete mit herzhafter oder s\u00fc\u00dfer F\u00fcllung), M\u00f6tt\u00f6nens (ein Hefegeb\u00e4ck mit herzhafter F\u00fcllung) oder ger\u00e4ucherten Kleinen Mar\u00e4nen.\u00a0Das vielf\u00e4ltige Angebot und die leckeren D\u00fcfte machen jedem den Mund w\u00e4ssrig.<\/p>\n<p style=\"text-align: center;\">Wie in alten Zeiten geh\u00f6ren auch die pfeifenden Begr\u00fc\u00dfungen der im Hafen ankommenden und abfahrenden Dampfschiffe zum Marktleben von Savonlinna und laden alle ein, an Bord zu kommen. Von den Marktst\u00e4nden erreichen Sie schnell die Schiffe, falls eine erholsame Kreuzfahrt auf dem umliegenden Saimaa-See Sie anzieht. Der Marktplatz und der Passagierhafen sind das Herz der sommerlichen Stadt und der beste Ort, um das echte Savonlinna zu erleben!<\/p>\n<p style=\"text-align: center;\">Der Marktplatz von Savonlinna k\u00f6nnte wohl der charmanteste Sommermarkt in Finnland sein. Verbringen Sie dort einen unvergesslichen Sommertag mit den netten Einheimischen!<\/p>\n<p>&nbsp;<\/p>\n<p style=\"text-align: center;\"><strong>TIPP:<\/strong><br \/>\nDie Sommersaison wird in Savonlinna traditionell am ersten Wochenende im Juni er\u00f6ffnet. Dann gibt es viel Programm f\u00fcr die ganze Familie.<\/p>\n<p>[\/vc_column_text][\/vc_column][vc_column width=&#8220;1\/4&#8243;][\/vc_column][\/vc_row][vc_row][vc_column][\/vc_column][\/vc_row][vc_row][vc_column]<div class=\"posts-list-grid wpb_content_element\">\n                            <div class=\"row no-gutter\"><div class=\"row no-gutter\"><div class=\"col-xs-10 col-sm-5 col-lg-33\">    <div class=\"post-box post-stub post-588086 visit_saimaa_product type-visit_saimaa_product status-publish has-post-thumbnail hentry servicecategory-ausfluege-und-reisen servicecategory-erholungstage servicecategory-linien-schiffsrundfahrten servicecategory-schifffahrtsangebote servicecategory-schiffsrundfahrten actioncategory-aktivitaten actioncategory-services-de relatedcontent-sapha-oy-de product aktivitaten fur-firmen-und-gruppen ausfluege-und-reisen erholungstage linien-schiffsrundfahrten schifffahrtsangebote schiffsrundfahrten priority-2\" data-openid=\"m-s-lake-star-m-s-lake-seal-2-588086-1\" data-contentid=\"2:588086\" data-showrelated=\"1\" id=\"m-s-lake-star-m-s-lake-seal-2-588086-1\">\n\n        <div class=\"vs_post_thumbnail\" style=\"background-image: url('https:\/\/visitsavonlinna.fi\/wp-content\/themes\/visitsavonlinna2021\/images\/default.jpg')\" data-attachment=\"184012-2\"><\/div>        \n        <div class=\"image_overlay\"><\/div>\n                    <div class=\"company-name\">Sapha Oy<\/div>\n                        \n        \n                <a href=\"https:\/\/visitsavonlinna.fi\/de\/products\/m-s-lake-star-m-s-lake-seal\/\"  class=\" get-post-details\" title=\"M\/S Lake Star, M\/S Lake Seal\">\n            <span class=\"info\">\n                                    <span class=\"category\">Aktivit\u00e4ten, Services<\/span>\n                \n                                <span class=\"h3\">M\/S Lake Star, M\/S Lake Seal<\/span>\n                                            <\/span><!-- \/.info -->\n        <\/a>\n\n    <\/div>\n    <\/div><div class=\"col-xs-10 col-sm-5 col-lg-33\">    <div class=\"post-box post-stub post-586489 visit_saimaa_product type-visit_saimaa_product status-publish has-post-thumbnail hentry servicecategory-themenschifffahrten actioncategory-aktivitaten relatedcontent-kreuzfahrten-in-savonlinna responsible-company product aktivitaten themenschifffahrten priority-2\" data-openid=\"opera-charterfahrt-2-586489-2\" data-contentid=\"2:586489\" data-showrelated=\"1\" id=\"opera-charterfahrt-2-586489-2\">\n\n        <div class=\"vs_post_thumbnail\" style=\"background-image: url('https:\/\/visitsavonlinna.fi\/wp-content\/themes\/visitsavonlinna2021\/images\/default.jpg')\" data-attachment=\"554814-2\"><\/div>        \n        <div class=\"image_overlay\"><\/div>\n                    <div class=\"company-name\">Kreuzfahrten in Savonlinna<\/div>\n                            <div class=\"responsible-icon\">\n                <img decoding=\"async\" src=\"https:\/\/visitsavonlinna.fi\/wp-content\/plugins\/visitsaimaa-content\/images\/responsibility-icons\/vastuullinen_yritys_kulma_plain_small.png\" alt=\"Responsible company\"\/>\n            <\/div>\n                \n        \n                <a href=\"https:\/\/visitsavonlinna.fi\/de\/products\/opera-charterfahrt\/\"  class=\" get-post-details\" title=\"Opera-Charterfahrt\">\n            <span class=\"info\">\n                                    <span class=\"category\">Aktivit\u00e4ten<\/span>\n                \n                                <span class=\"h3\">Opera-Charterfahrt<\/span>\n                                            <\/span><!-- \/.info -->\n        <\/a>\n\n    <\/div>\n    <\/div><div class=\"col-xs-10 col-sm-5 col-lg-33\">    <div class=\"post-box post-stub post-568690 visit_saimaa_product type-visit_saimaa_product status-publish has-post-thumbnail hentry servicecategory-schiffsrundfahrten actioncategory-aktivitaten relatedcontent-kreuzfahrten-in-savonlinna responsible-company product aktivitaten schiffsrundfahrten priority-3\" data-openid=\"inselrundfahrt-auf-m-s-elviira-2-568690-3\" data-contentid=\"2:568690\" data-showrelated=\"1\" id=\"inselrundfahrt-auf-m-s-elviira-2-568690-3\">\n\n        <div class=\"vs_post_thumbnail\" style=\"background-image: url('https:\/\/visitsavonlinna.fi\/wp-content\/themes\/visitsavonlinna2021\/images\/default.jpg')\" data-attachment=\"586498-2\"><\/div>        \n        <div class=\"image_overlay\"><\/div>\n                    <div class=\"company-name\">Kreuzfahrten in Savonlinna<\/div>\n                            <div class=\"responsible-icon\">\n                <img decoding=\"async\" src=\"https:\/\/visitsavonlinna.fi\/wp-content\/plugins\/visitsaimaa-content\/images\/responsibility-icons\/vastuullinen_yritys_kulma_plain_small.png\" alt=\"Responsible company\"\/>\n            <\/div>\n                \n        \n                <a href=\"https:\/\/visitsavonlinna.fi\/de\/products\/inselrundfahrt-auf-m-s-elviira\/\"  class=\" get-post-details\" title=\"Inselrundfahrt auf m\/s Elviira\">\n            <span class=\"info\">\n                                    <span class=\"category\">Aktivit\u00e4ten<\/span>\n                \n                                <span class=\"h3\">Inselrundfahrt auf m\/s Elviira<\/span>\n                                            <\/span><!-- \/.info -->\n        <\/a>\n\n    <\/div>\n    <\/div><div class=\"col-xs-10 col-sm-5 col-lg-33\">    <div class=\"post-box post-stub post-586495 visit_saimaa_product type-visit_saimaa_product status-publish has-post-thumbnail hentry servicecategory-schiffsrundfahrten actioncategory-aktivitaten relatedcontent-kreuzfahrten-in-savonlinna responsible-company product aktivitaten schiffsrundfahrten priority-3\" data-openid=\"panoramafahrt-auf-m-s-ieva-um-die-stadtmitte-herum-2-586495-4\" data-contentid=\"2:586495\" data-showrelated=\"1\" id=\"panoramafahrt-auf-m-s-ieva-um-die-stadtmitte-herum-2-586495-4\">\n\n        <div class=\"vs_post_thumbnail\" style=\"background-image: url('https:\/\/visitsavonlinna.fi\/wp-content\/themes\/visitsavonlinna2021\/images\/default.jpg')\" data-attachment=\"586492-2\"><\/div>        \n        <div class=\"image_overlay\"><\/div>\n                    <div class=\"company-name\">Kreuzfahrten in Savonlinna<\/div>\n                            <div class=\"responsible-icon\">\n                <img decoding=\"async\" src=\"https:\/\/visitsavonlinna.fi\/wp-content\/plugins\/visitsaimaa-content\/images\/responsibility-icons\/vastuullinen_yritys_kulma_plain_small.png\" alt=\"Responsible company\"\/>\n            <\/div>\n                \n        \n                <a href=\"https:\/\/visitsavonlinna.fi\/de\/products\/panoramafahrt-auf-m-s-ieva-um-die-stadtmitte-herum\/\"  class=\" get-post-details\" title=\"Panoramafahrt auf m\/s IEVA um die Stadtmitte herum\">\n            <span class=\"info\">\n                                    <span class=\"category\">Aktivit\u00e4ten<\/span>\n                \n                                <span class=\"h3\">Panoramafahrt auf m\/s IEVA um die Stadtmitte herum<\/span>\n                                            <\/span><!-- \/.info -->\n        <\/a>\n\n    <\/div>\n    <\/div><div class=\"col-xs-10 col-sm-5 col-lg-33\">    <div class=\"post-box filler \" style=\"background-color: #ffffff;\">\n        <div class=\"icon\"><\/div>\n                    <div class=\"background-icon\" style=\" background-image: url('');\" ><\/div>\n        \n        \n                            \n    <\/div>\n\n    <\/div><div class=\"col-xs-10 col-sm-5 col-lg-33\">    <div class=\"post-box filler \" style=\"background-color: #ffffff;\">\n        <div class=\"icon\"><\/div>\n                    <div class=\"background-icon\" style=\" background-image: url('');\" ><\/div>\n        \n        \n                            \n    <\/div>\n\n    <\/div><\/div><!-- row --><\/div><!-- \/.row -->\n                        <\/div><!--\/.posts-list-grid -->[\/vc_column][\/vc_row][vc_row][vc_column][vc_gmaps link=&#8220;#E-8_JTNDaWZyYW1lJTIwc3JjJTNEJTIyaHR0cHMlM0ElMkYlMkZ3d3cuZ29vZ2xlLmNvbSUyRm1hcHMlMkZlbWJlZCUzRnBiJTNEJTIxMW0xOCUyMTFtMTIlMjExbTMlMjExZDM3NjIuNDQwNjYzMjA4OTI4NSUyMTJkMjguODgwNDA2NjE4MTE4MjcyJTIxM2Q2MS44Njc5NDkyMjcwNTAzMSUyMTJtMyUyMTFmMCUyMTJmMCUyMTNmMCUyMTNtMiUyMTFpMTAyNCUyMTJpNzY4JTIxNGYxMy4xJTIxM20zJTIxMW0yJTIxMXMweDQ2OWE0ZmZhNDk5MGUwN2YlMjUzQTB4ZDllNWIwNWVjNTdlNTM0MiUyMTJzU2F2b25saW5uYW4lMkJrYXVwcGF0b3JpJTIxNWUwJTIxM20yJTIxMXNmaSUyMTJzZmklMjE0djE1NjYyMjA0MjM4MDclMjE1bTIlMjExc2ZpJTIxMnNmaSUyMiUyMHdpZHRoJTNEJTIyNjAwJTIyJTIwaGVpZ2h0JTNEJTIyNDUwJTIyJTIwZnJhbWVib3JkZXIlM0QlMjIwJTIyJTIwc3R5bGUlM0QlMjJib3JkZXIlM0EwJTIyJTIwYWxsb3dmdWxsc2NyZWVuJTNFJTNDJTJGaWZyYW1lJTNF&#8220; title=&#8220;Marktplatz von Savonlinna&#8220;][\/vc_column][\/vc_row]<\/p>\n","protected":false},"excerpt":{"rendered":"<p>[vc_row full_width=&#8220;stretch_row_content_no_spaces&#8220;][vc_column][\/vc_column][\/vc_row][vc_row][vc_column][vc_empty_space][\/vc_column][\/vc_row][vc_row][vc_column width=&#8220;1\/4&#8243;][\/vc_column][vc_column width=&#8220;1\/2&#8243;][vc_column_text] Marktplatz von Savonlinna Treffen wir uns auf dem Marktplatz? Der Marktplatz von Savonlinna war schon am Ende des 19. Jahrhunderts ein wichtiger Treffpunkt f\u00fcr die Stadt- [&hellip;]<\/p>\n","protected":false},"author":51,"featured_media":112822,"parent":0,"menu_order":0,"comment_status":"closed","ping_status":"closed","template":"","meta":{"footnotes":""},"relatedcontent":[],"class_list":["post-110318","page","type-page","status-publish","has-post-thumbnail","hentry","product","aktivitaten","schiffsrundfahrten","priority-3"],"yoast_head":"<!-- This site is optimized with the Yoast SEO Premium plugin v27.3 (Yoast SEO v27.4) - https:\/\/yoast.com\/product\/yoast-seo-premium-wordpress\/ -->\n<title>Marktplatz von Savonlinna - Visit Savonlinna<\/title>\n<meta name=\"description\" content=\"Marktplatz von Savonlinna Treffen wir uns auf dem Marktplatz? Der Marktplatz von Savonlinna war schon am Ende des 19. Jahrhunderts ein wichtiger\" \/>\n<meta name=\"robots\" content=\"index, follow, max-snippet:-1, max-image-preview:large, max-video-preview:-1\" \/>\n<link rel=\"canonical\" href=\"https:\/\/visitsavonlinna.fi\/de\/marktplatz-von-savonlinna\/\" \/>\n<meta property=\"og:locale\" content=\"de_DE\" \/>\n<meta property=\"og:type\" content=\"article\" \/>\n<meta property=\"og:title\" content=\"Marktplatz von Savonlinna\" \/>\n<meta property=\"og:description\" content=\"Marktplatz von Savonlinna Treffen wir uns auf dem Marktplatz? Der Marktplatz von Savonlinna war schon am Ende des 19. Jahrhunderts ein wichtiger\" \/>\n<meta property=\"og:url\" content=\"https:\/\/visitsavonlinna.fi\/de\/marktplatz-von-savonlinna\/\" \/>\n<meta property=\"og:site_name\" content=\"Visit Savonlinna\" \/>\n<meta property=\"article:modified_time\" content=\"2023-01-24T12:34:29+00:00\" \/>\n<meta property=\"og:image\" content=\"https:\/\/visitsavonlinna.fi\/wp-content\/uploads\/sites\/2\/2019\/06\/finnland-seenland-saimaa-Marktplatz-von-Savonlinna.jpg\" \/>\n\t<meta property=\"og:image:width\" content=\"2000\" \/>\n\t<meta property=\"og:image:height\" content=\"838\" \/>\n\t<meta property=\"og:image:type\" content=\"image\/jpeg\" \/>\n<meta name=\"twitter:card\" content=\"summary_large_image\" \/>\n<meta name=\"twitter:label1\" content=\"Gesch\u00e4tzte Lesezeit\" \/>\n\t<meta name=\"twitter:data1\" content=\"3 minutes\" \/>\n<script type=\"application\/ld+json\" class=\"yoast-schema-graph\">{\"@context\":\"https:\\\/\\\/schema.org\",\"@graph\":[{\"@type\":\"WebPage\",\"@id\":\"https:\\\/\\\/visitsavonlinna.fi\\\/de\\\/marktplatz-von-savonlinna\\\/\",\"url\":\"https:\\\/\\\/visitsavonlinna.fi\\\/de\\\/marktplatz-von-savonlinna\\\/\",\"name\":\"Marktplatz von Savonlinna - Visit Savonlinna\",\"isPartOf\":{\"@id\":\"https:\\\/\\\/visitsavonlinna.fi\\\/#website\"},\"primaryImageOfPage\":{\"@id\":\"https:\\\/\\\/visitsavonlinna.fi\\\/de\\\/marktplatz-von-savonlinna\\\/#primaryimage\"},\"image\":{\"@id\":\"https:\\\/\\\/visitsavonlinna.fi\\\/de\\\/marktplatz-von-savonlinna\\\/#primaryimage\"},\"thumbnailUrl\":\"https:\\\/\\\/visitsavonlinna.fi\\\/wp-content\\\/uploads\\\/sites\\\/2\\\/2019\\\/06\\\/finnland-seenland-saimaa-Marktplatz-von-Savonlinna.jpg\",\"datePublished\":\"2019-05-13T09:12:23+00:00\",\"dateModified\":\"2023-01-24T12:34:29+00:00\",\"description\":\"Marktplatz von Savonlinna Treffen wir uns auf dem Marktplatz? Der Marktplatz von Savonlinna war schon am Ende des 19. Jahrhunderts ein wichtiger\",\"breadcrumb\":{\"@id\":\"https:\\\/\\\/visitsavonlinna.fi\\\/de\\\/marktplatz-von-savonlinna\\\/#breadcrumb\"},\"inLanguage\":\"de-DE\",\"potentialAction\":[{\"@type\":\"ReadAction\",\"target\":[\"https:\\\/\\\/visitsavonlinna.fi\\\/de\\\/marktplatz-von-savonlinna\\\/\"]}]},{\"@type\":\"ImageObject\",\"inLanguage\":\"de-DE\",\"@id\":\"https:\\\/\\\/visitsavonlinna.fi\\\/de\\\/marktplatz-von-savonlinna\\\/#primaryimage\",\"url\":\"https:\\\/\\\/visitsavonlinna.fi\\\/wp-content\\\/uploads\\\/sites\\\/2\\\/2019\\\/06\\\/finnland-seenland-saimaa-Marktplatz-von-Savonlinna.jpg\",\"contentUrl\":\"https:\\\/\\\/visitsavonlinna.fi\\\/wp-content\\\/uploads\\\/sites\\\/2\\\/2019\\\/06\\\/finnland-seenland-saimaa-Marktplatz-von-Savonlinna.jpg\",\"width\":2000,\"height\":838,\"caption\":\"finnland seenland saimaa Marktplatz von Savonlinna\"},{\"@type\":\"BreadcrumbList\",\"@id\":\"https:\\\/\\\/visitsavonlinna.fi\\\/de\\\/marktplatz-von-savonlinna\\\/#breadcrumb\",\"itemListElement\":[{\"@type\":\"ListItem\",\"position\":1,\"name\":\"Visitsavonlinna.fi\",\"item\":\"https:\\\/\\\/visitsavonlinna.fi\\\/de\\\/\"},{\"@type\":\"ListItem\",\"position\":2,\"name\":\"Marktplatz von Savonlinna\"}]},{\"@type\":\"WebSite\",\"@id\":\"https:\\\/\\\/visitsavonlinna.fi\\\/#website\",\"url\":\"https:\\\/\\\/visitsavonlinna.fi\\\/\",\"name\":\"Visit Savonlinna\",\"description\":\"\",\"potentialAction\":[{\"@type\":\"SearchAction\",\"target\":{\"@type\":\"EntryPoint\",\"urlTemplate\":\"https:\\\/\\\/visitsavonlinna.fi\\\/?s={search_term_string}\"},\"query-input\":{\"@type\":\"PropertyValueSpecification\",\"valueRequired\":true,\"valueName\":\"search_term_string\"}}],\"inLanguage\":\"de-DE\"}]}<\/script>\n<!-- \/ Yoast SEO Premium plugin. -->","yoast_head_json":{"title":"Marktplatz von Savonlinna - Visit Savonlinna","description":"Marktplatz von Savonlinna Treffen wir uns auf dem Marktplatz? Der Marktplatz von Savonlinna war schon am Ende des 19. Jahrhunderts ein wichtiger","robots":{"index":"index","follow":"follow","max-snippet":"max-snippet:-1","max-image-preview":"max-image-preview:large","max-video-preview":"max-video-preview:-1"},"canonical":"https:\/\/visitsavonlinna.fi\/de\/marktplatz-von-savonlinna\/","og_locale":"de_DE","og_type":"article","og_title":"Marktplatz von Savonlinna","og_description":"Marktplatz von Savonlinna Treffen wir uns auf dem Marktplatz? Der Marktplatz von Savonlinna war schon am Ende des 19. Jahrhunderts ein wichtiger","og_url":"https:\/\/visitsavonlinna.fi\/de\/marktplatz-von-savonlinna\/","og_site_name":"Visit Savonlinna","article_modified_time":"2023-01-24T12:34:29+00:00","og_image":[{"width":2000,"height":838,"url":"https:\/\/visitsavonlinna.fi\/wp-content\/uploads\/sites\/2\/2019\/06\/finnland-seenland-saimaa-Marktplatz-von-Savonlinna.jpg","type":"image\/jpeg"}],"twitter_card":"summary_large_image","twitter_misc":{"Gesch\u00e4tzte Lesezeit":"3 minutes"},"schema":{"@context":"https:\/\/schema.org","@graph":[{"@type":"WebPage","@id":"https:\/\/visitsavonlinna.fi\/de\/marktplatz-von-savonlinna\/","url":"https:\/\/visitsavonlinna.fi\/de\/marktplatz-von-savonlinna\/","name":"Marktplatz von Savonlinna - Visit Savonlinna","isPartOf":{"@id":"https:\/\/visitsavonlinna.fi\/#website"},"primaryImageOfPage":{"@id":"https:\/\/visitsavonlinna.fi\/de\/marktplatz-von-savonlinna\/#primaryimage"},"image":{"@id":"https:\/\/visitsavonlinna.fi\/de\/marktplatz-von-savonlinna\/#primaryimage"},"thumbnailUrl":"https:\/\/visitsavonlinna.fi\/wp-content\/uploads\/sites\/2\/2019\/06\/finnland-seenland-saimaa-Marktplatz-von-Savonlinna.jpg","datePublished":"2019-05-13T09:12:23+00:00","dateModified":"2023-01-24T12:34:29+00:00","description":"Marktplatz von Savonlinna Treffen wir uns auf dem Marktplatz? Der Marktplatz von Savonlinna war schon am Ende des 19. Jahrhunderts ein wichtiger","breadcrumb":{"@id":"https:\/\/visitsavonlinna.fi\/de\/marktplatz-von-savonlinna\/#breadcrumb"},"inLanguage":"de-DE","potentialAction":[{"@type":"ReadAction","target":["https:\/\/visitsavonlinna.fi\/de\/marktplatz-von-savonlinna\/"]}]},{"@type":"ImageObject","inLanguage":"de-DE","@id":"https:\/\/visitsavonlinna.fi\/de\/marktplatz-von-savonlinna\/#primaryimage","url":"https:\/\/visitsavonlinna.fi\/wp-content\/uploads\/sites\/2\/2019\/06\/finnland-seenland-saimaa-Marktplatz-von-Savonlinna.jpg","contentUrl":"https:\/\/visitsavonlinna.fi\/wp-content\/uploads\/sites\/2\/2019\/06\/finnland-seenland-saimaa-Marktplatz-von-Savonlinna.jpg","width":2000,"height":838,"caption":"finnland seenland saimaa Marktplatz von Savonlinna"},{"@type":"BreadcrumbList","@id":"https:\/\/visitsavonlinna.fi\/de\/marktplatz-von-savonlinna\/#breadcrumb","itemListElement":[{"@type":"ListItem","position":1,"name":"Visitsavonlinna.fi","item":"https:\/\/visitsavonlinna.fi\/de\/"},{"@type":"ListItem","position":2,"name":"Marktplatz von Savonlinna"}]},{"@type":"WebSite","@id":"https:\/\/visitsavonlinna.fi\/#website","url":"https:\/\/visitsavonlinna.fi\/","name":"Visit Savonlinna","description":"","potentialAction":[{"@type":"SearchAction","target":{"@type":"EntryPoint","urlTemplate":"https:\/\/visitsavonlinna.fi\/?s={search_term_string}"},"query-input":{"@type":"PropertyValueSpecification","valueRequired":true,"valueName":"search_term_string"}}],"inLanguage":"de-DE"}]}},"_links":{"self":[{"href":"https:\/\/visitsavonlinna.fi\/de\/wp-json\/wp\/v2\/pages\/110318","targetHints":{"allow":["GET"]}}],"collection":[{"href":"https:\/\/visitsavonlinna.fi\/de\/wp-json\/wp\/v2\/pages"}],"about":[{"href":"https:\/\/visitsavonlinna.fi\/de\/wp-json\/wp\/v2\/types\/page"}],"author":[{"embeddable":true,"href":"https:\/\/visitsavonlinna.fi\/de\/wp-json\/wp\/v2\/users\/51"}],"replies":[{"embeddable":true,"href":"https:\/\/visitsavonlinna.fi\/de\/wp-json\/wp\/v2\/comments?post=110318"}],"version-history":[{"count":1,"href":"https:\/\/visitsavonlinna.fi\/de\/wp-json\/wp\/v2\/pages\/110318\/revisions"}],"predecessor-version":[{"id":252981,"href":"https:\/\/visitsavonlinna.fi\/de\/wp-json\/wp\/v2\/pages\/110318\/revisions\/252981"}],"wp:featuredmedia":[{"embeddable":true,"href":"https:\/\/visitsavonlinna.fi\/de\/wp-json\/wp\/v2\/media\/112822"}],"wp:attachment":[{"href":"https:\/\/visitsavonlinna.fi\/de\/wp-json\/wp\/v2\/media?parent=110318"}],"wp:term":[{"taxonomy":"relatedcontent","embeddable":true,"href":"https:\/\/visitsavonlinna.fi\/de\/wp-json\/wp\/v2\/relatedcontent?post=110318"}],"curies":[{"name":"wp","href":"https:\/\/api.w.org\/{rel}","templated":true}]}}