{"id":110372,"date":"2019-06-03T17:51:43","date_gmt":"2019-06-03T14:51:43","guid":{"rendered":"https:\/\/visitsavonlinna.fi\/?page_id=110372"},"modified":"2024-04-23T13:54:18","modified_gmt":"2024-04-23T10:54:18","slug":"kreuzfahrten-auf-dem-saimaa-see","status":"publish","type":"page","link":"https:\/\/visitsavonlinna.fi\/de\/kreuzfahrten-auf-dem-saimaa-see\/","title":{"rendered":"Kreuzfahrten auf dem Saimaa-See"},"content":{"rendered":"<p>[vc_row full_width=&#8220;stretch_row_content_no_spaces&#8220;][vc_column][\/vc_column][\/vc_row][vc_row][vc_column][vc_empty_space][\/vc_column][\/vc_row][vc_row][vc_column width=&#8220;1\/4&#8243;][\/vc_column][vc_column width=&#8220;1\/2&#8243;][vc_column_text]<\/p>\n<div class=\"main_header normal\">\n<div class=\"main_header_content\">\n<div class=\"container\">\n<h1 id=\"breadcrumbs\" style=\"text-align: center\"><span class=\"breadcrumb_last\">Kreuzfahrten auf dem Saimaa-See<\/span><\/h1>\n<\/div>\n<\/div>\n<\/div>\n<p style=\"text-align: center\">Der Saimaa-See hat eine jahrhundertelange Tradition als ein wichtiger Schifffahrtsweg von der Bl\u00fctezeit des Teerhandels bis heute. Vormals verkehrten in den Gew\u00e4ssern rund um Savonlinna bis zu zweihundert sog. \u201eTeerdampfer\u201c.<\/p>\n<p style=\"text-align: center\">Die \u00f6rtlichen Sehensw\u00fcrdigkeiten, wie die Burg Olavinlinna und der Landr\u00fccken Punkaharju, zogen bereits schon im 19. Jahrhundert Touristen an, so dass neben dem Frachtverkehr auch immer mehr Passagierschiffe auf den Gew\u00e4ssern des Saimaa-Sees kreuzten. Am legend\u00e4rsten davon waren die wei\u00dfen Dampfschiffe vom Anfang des 20. Jahrhunderts, auf denen man noch heute den Archipel des Saimaa-Sees bewundern kann. Diese Schiffe k\u00f6nnen Sie im Hafen von Savonlinna vorfinden genauso wie ihre moderneren Varianten.<\/p>\n<p style=\"text-align: center\">Eine Kreuzfahrt ist eine ausgezeichnete Art, einen sonnigen Sommertag in Savonlinna zu verbringen und gleichzeitig die wundersch\u00f6ne Saimaa-Seenlandschaft mit ihren vielen Inseln zu bestaunen. Die pfeifenden Begr\u00fc\u00dfungen der im Hafen von Savonlinna ankommenden und abfahrenden Dampfschiffe laden alle ein, an Bord zu kommen. Schiff Ahoi!<\/p>\n<p>[\/vc_column_text][\/vc_column][vc_column width=&#8220;1\/4&#8243;][\/vc_column][\/vc_row][vc_row][vc_column][vc_column_text css=&#8220;&#8220;]<\/p>\n<h2 style=\"text-align: center\">Kaufen Sie eine Kreuzfahrt online<\/h2>\n<p>[\/vc_column_text]<div class=\"image-and-button-shortcode\" style=\"background-image: url('https:\/\/visitsavonlinna.fi\/wp-content\/uploads\/sites\/2\/2023\/06\/risteily-sulosaari-2021-savonlinna-0016-1859x600.jpg')\">\n\t<a href=\"https:\/\/visitsavonlinna.fi\/de\/online-kaufen\/\"  class=\"btn btn-primary\">Eine Kreuzfahrt kaufen &raquo;<\/a>\n<\/div>[vc_empty_space][\/vc_column][\/vc_row][vc_row][vc_column][vc_column_text css=&#8220;&#8220;]<\/p>\n<h2 style=\"text-align: center\">Kreuzfahrtanbieter in Savonlinna<\/h2>\n<p>[\/vc_column_text][\/vc_column][\/vc_row][vc_row][vc_column][vc_empty_space][\/vc_column][\/vc_row][vc_row][vc_column]<div class=\"posts-list-grid wpb_content_element\">\n                            <div class=\"row no-gutter\"><div class=\"row no-gutter\"><div class=\"col-xs-10 col-sm-5 col-lg-33\">    <div class=\"post-box post-stub post-586495 visit_saimaa_product type-visit_saimaa_product status-publish has-post-thumbnail hentry servicecategory-schiffsrundfahrten actioncategory-aktivitaten relatedcontent-kreuzfahrten-in-savonlinna responsible-company product aktivitaten schiffsrundfahrten priority-3\" data-openid=\"panoramafahrt-auf-m-s-ieva-um-die-stadtmitte-herum-2-586495-1\" data-contentid=\"2:586495\" data-showrelated=\"1\" id=\"panoramafahrt-auf-m-s-ieva-um-die-stadtmitte-herum-2-586495-1\">\n\n        <div class=\"vs_post_thumbnail\" style=\"background-image: url('https:\/\/visitsavonlinna.fi\/wp-content\/themes\/visitsavonlinna2021\/images\/default.jpg')\" data-attachment=\"586492-2\"><\/div>        \n        <div class=\"image_overlay\"><\/div>\n                    <div class=\"company-name\">Kreuzfahrten in Savonlinna<\/div>\n                            <div class=\"responsible-icon\">\n                <img decoding=\"async\" src=\"https:\/\/visitsavonlinna.fi\/wp-content\/plugins\/visitsaimaa-content\/images\/responsibility-icons\/vastuullinen_yritys_kulma_plain_small.png\" alt=\"Responsible company\"\/>\n            <\/div>\n                \n        \n                <a href=\"https:\/\/visitsavonlinna.fi\/de\/products\/panoramafahrt-auf-m-s-ieva-um-die-stadtmitte-herum\/\"  class=\" get-post-details\" title=\"Panoramafahrt auf m\/s IEVA um die Stadtmitte herum\">\n            <span class=\"info\">\n                                    <span class=\"category\">Aktivit\u00e4ten<\/span>\n                \n                                <span class=\"h3\">Panoramafahrt auf m\/s IEVA um die Stadtmitte herum<\/span>\n                                            <\/span><!-- \/.info -->\n        <\/a>\n\n    <\/div>\n    <\/div><div class=\"col-xs-10 col-sm-5 col-lg-33\">    <div class=\"post-box post-stub post-588086 visit_saimaa_product type-visit_saimaa_product status-publish has-post-thumbnail hentry servicecategory-ausfluege-und-reisen servicecategory-erholungstage servicecategory-linien-schiffsrundfahrten servicecategory-schifffahrtsangebote servicecategory-schiffsrundfahrten actioncategory-aktivitaten actioncategory-services-de relatedcontent-sapha-oy-de product aktivitaten fur-firmen-und-gruppen ausfluege-und-reisen erholungstage linien-schiffsrundfahrten schifffahrtsangebote schiffsrundfahrten priority-2\" data-openid=\"m-s-lake-star-m-s-lake-seal-2-588086-2\" data-contentid=\"2:588086\" data-showrelated=\"1\" id=\"m-s-lake-star-m-s-lake-seal-2-588086-2\">\n\n        <div class=\"vs_post_thumbnail\" style=\"background-image: url('https:\/\/visitsavonlinna.fi\/wp-content\/themes\/visitsavonlinna2021\/images\/default.jpg')\" data-attachment=\"184012-2\"><\/div>        \n        <div class=\"image_overlay\"><\/div>\n                    <div class=\"company-name\">Sapha Oy<\/div>\n                        \n        \n                <a href=\"https:\/\/visitsavonlinna.fi\/de\/products\/m-s-lake-star-m-s-lake-seal\/\"  class=\" get-post-details\" title=\"M\/S Lake Star, M\/S Lake Seal\">\n            <span class=\"info\">\n                                    <span class=\"category\">Aktivit\u00e4ten, Services<\/span>\n                \n                                <span class=\"h3\">M\/S Lake Star, M\/S Lake Seal<\/span>\n                                            <\/span><!-- \/.info -->\n        <\/a>\n\n    <\/div>\n    <\/div><div class=\"col-xs-10 col-sm-5 col-lg-33\">    <div class=\"post-box post-stub post-586515 visit_saimaa_product type-visit_saimaa_product status-publish has-post-thumbnail hentry servicecategory-konferenzen-und-konferenzraume servicecategory-schifffahrten-auf-bestellung actioncategory-aktivitaten actioncategory-services-de relatedcontent-kreuzfahrten-in-savonlinna responsible-company product aktivitaten fur-firmen-und-gruppen konferenzen-und-konferenzraume schifffahrten-auf-bestellung priority-2\" data-openid=\"vom-fruehlingslicht-bis-zur-goldenen-herbstzeit-firmenkreuzfahrten-auf-dem-saimaa-see-mit-m-s-elviira-und-m-s-ieva-2-586515-3\" data-contentid=\"2:586515\" data-showrelated=\"1\" id=\"vom-fruehlingslicht-bis-zur-goldenen-herbstzeit-firmenkreuzfahrten-auf-dem-saimaa-see-mit-m-s-elviira-und-m-s-ieva-2-586515-3\">\n\n        <div class=\"vs_post_thumbnail\" style=\"background-image: url('https:\/\/visitsavonlinna.fi\/wp-content\/themes\/visitsavonlinna2021\/images\/default.jpg')\" data-attachment=\"586517-2\"><\/div>        \n        <div class=\"image_overlay\"><\/div>\n                    <div class=\"company-name\">Kreuzfahrten in Savonlinna<\/div>\n                            <div class=\"responsible-icon\">\n                <img decoding=\"async\" src=\"https:\/\/visitsavonlinna.fi\/wp-content\/plugins\/visitsaimaa-content\/images\/responsibility-icons\/vastuullinen_yritys_kulma_plain_small.png\" alt=\"Responsible company\"\/>\n            <\/div>\n                \n        \n                <a href=\"https:\/\/visitsavonlinna.fi\/de\/products\/vom-fruehlingslicht-bis-zur-goldenen-herbstzeit-firmenkreuzfahrten-auf-dem-saimaa-see-mit-m-s-elviira-und-m-s-ieva\/\"  class=\" get-post-details\" title=\"Vom Fr\u00fchlingslicht bis zur goldenen Herbstzeit \u2013 Firmenkreuzfahrten auf dem Saimaa-See mit m\/s Elviira und m\/s Ieva.\">\n            <span class=\"info\">\n                                    <span class=\"category\">Aktivit\u00e4ten, Services<\/span>\n                \n                                <span class=\"h3\">Vom Fr\u00fchlingslicht bis zur goldenen Herbstzeit \u2013 Firmenkreuzfahrten auf dem Saimaa-See mit m\/s Elviira und m\/s Ieva.<\/span>\n                                            <\/span><!-- \/.info -->\n        <\/a>\n\n    <\/div>\n    <\/div><div class=\"col-xs-10 col-sm-5 col-lg-33\">    <div class=\"post-box post-stub post-568690 visit_saimaa_product type-visit_saimaa_product status-publish has-post-thumbnail hentry servicecategory-schiffsrundfahrten actioncategory-aktivitaten relatedcontent-kreuzfahrten-in-savonlinna responsible-company product aktivitaten schiffsrundfahrten priority-3\" data-openid=\"inselrundfahrt-auf-m-s-elviira-2-568690-4\" data-contentid=\"2:568690\" data-showrelated=\"1\" id=\"inselrundfahrt-auf-m-s-elviira-2-568690-4\">\n\n        <div class=\"vs_post_thumbnail\" style=\"background-image: url('https:\/\/visitsavonlinna.fi\/wp-content\/themes\/visitsavonlinna2021\/images\/default.jpg')\" data-attachment=\"586498-2\"><\/div>        \n        <div class=\"image_overlay\"><\/div>\n                    <div class=\"company-name\">Kreuzfahrten in Savonlinna<\/div>\n                            <div class=\"responsible-icon\">\n                <img decoding=\"async\" src=\"https:\/\/visitsavonlinna.fi\/wp-content\/plugins\/visitsaimaa-content\/images\/responsibility-icons\/vastuullinen_yritys_kulma_plain_small.png\" alt=\"Responsible company\"\/>\n            <\/div>\n                \n        \n                <a href=\"https:\/\/visitsavonlinna.fi\/de\/products\/inselrundfahrt-auf-m-s-elviira\/\"  class=\" get-post-details\" title=\"Inselrundfahrt auf m\/s Elviira\">\n            <span class=\"info\">\n                                    <span class=\"category\">Aktivit\u00e4ten<\/span>\n                \n                                <span class=\"h3\">Inselrundfahrt auf m\/s Elviira<\/span>\n                                            <\/span><!-- \/.info -->\n        <\/a>\n\n    <\/div>\n    <\/div><div class=\"col-xs-10 col-sm-5 col-lg-33\">    <div class=\"post-box filler \" style=\"background-color: #ffffff;\">\n        <div class=\"icon\"><\/div>\n                    <div class=\"background-icon\" style=\" background-image: url('');\" ><\/div>\n        \n        \n                            \n    <\/div>\n\n    <\/div><div class=\"col-xs-10 col-sm-5 col-lg-33\">    <div class=\"post-box filler \" style=\"background-color: #ffffff;\">\n        <div class=\"icon\"><\/div>\n                    <div class=\"background-icon\" style=\" background-image: url('');\" ><\/div>\n        \n        \n                            \n    <\/div>\n\n    <\/div><\/div><!-- row --><\/div><!-- \/.row -->\n                        <\/div><!--\/.posts-list-grid -->[\/vc_column][\/vc_row]<\/p>\n","protected":false},"excerpt":{"rendered":"<p>[vc_row full_width=&#8220;stretch_row_content_no_spaces&#8220;][vc_column][\/vc_column][\/vc_row][vc_row][vc_column][vc_empty_space][\/vc_column][\/vc_row][vc_row][vc_column width=&#8220;1\/4&#8243;][\/vc_column][vc_column width=&#8220;1\/2&#8243;][vc_column_text] Kreuzfahrten auf dem Saimaa-See Der Saimaa-See hat eine jahrhundertelange Tradition als ein wichtiger Schifffahrtsweg von der Bl\u00fctezeit des Teerhandels bis heute. Vormals verkehrten in den Gew\u00e4ssern [&hellip;]<\/p>\n","protected":false},"author":51,"featured_media":285051,"parent":0,"menu_order":0,"comment_status":"closed","ping_status":"closed","template":"","meta":{"footnotes":""},"relatedcontent":[],"class_list":["post-110372","page","type-page","status-publish","has-post-thumbnail","hentry","product","aktivitaten","schiffsrundfahrten","priority-3"],"yoast_head":"<!-- This site is optimized with the Yoast SEO Premium plugin v27.3 (Yoast SEO v27.4) - https:\/\/yoast.com\/product\/yoast-seo-premium-wordpress\/ -->\n<title>Kreuzfahrten auf dem Saimaa See I Lakeland Finnland<\/title>\n<meta name=\"description\" content=\"Erleben Sie den Saimaa-See von seiner sch\u00f6nsten Seite bei einer Fahrt mit dem Schiff in Savonlinna.\" \/>\n<meta name=\"robots\" content=\"index, follow, max-snippet:-1, max-image-preview:large, max-video-preview:-1\" \/>\n<link rel=\"canonical\" href=\"https:\/\/visitsavonlinna.fi\/de\/kreuzfahrten-auf-dem-saimaa-see\/\" \/>\n<meta property=\"og:locale\" content=\"de_DE\" \/>\n<meta property=\"og:type\" content=\"article\" \/>\n<meta property=\"og:title\" content=\"Kreuzfahrten auf dem Saimaa-See\" \/>\n<meta property=\"og:description\" content=\"Erleben Sie den Saimaa-See von seiner sch\u00f6nsten Seite bei einer Fahrt mit dem Schiff in Savonlinna.\" \/>\n<meta property=\"og:url\" content=\"https:\/\/visitsavonlinna.fi\/de\/kreuzfahrten-auf-dem-saimaa-see\/\" \/>\n<meta property=\"og:site_name\" content=\"Visit Savonlinna\" \/>\n<meta property=\"article:modified_time\" content=\"2024-04-23T10:54:18+00:00\" \/>\n<meta property=\"og:image\" content=\"https:\/\/visitsavonlinna.fi\/wp-content\/uploads\/sites\/2\/2021\/09\/savonlinna-sisavesiristeilyt-saimaalla-maisemaristeily-samppanjaristeily.jpg\" \/>\n<meta name=\"twitter:card\" content=\"summary_large_image\" \/>\n<meta name=\"twitter:label1\" content=\"Gesch\u00e4tzte Lesezeit\" \/>\n\t<meta name=\"twitter:data1\" content=\"2 minutes\" \/>\n<script type=\"application\/ld+json\" class=\"yoast-schema-graph\">{\"@context\":\"https:\\\/\\\/schema.org\",\"@graph\":[{\"@type\":\"WebPage\",\"@id\":\"https:\\\/\\\/visitsavonlinna.fi\\\/de\\\/kreuzfahrten-auf-dem-saimaa-see\\\/\",\"url\":\"https:\\\/\\\/visitsavonlinna.fi\\\/de\\\/kreuzfahrten-auf-dem-saimaa-see\\\/\",\"name\":\"Kreuzfahrten auf dem Saimaa See I Lakeland Finnland\",\"isPartOf\":{\"@id\":\"https:\\\/\\\/visitsavonlinna.fi\\\/#website\"},\"primaryImageOfPage\":{\"@id\":\"https:\\\/\\\/visitsavonlinna.fi\\\/de\\\/kreuzfahrten-auf-dem-saimaa-see\\\/#primaryimage\"},\"image\":{\"@id\":\"https:\\\/\\\/visitsavonlinna.fi\\\/de\\\/kreuzfahrten-auf-dem-saimaa-see\\\/#primaryimage\"},\"thumbnailUrl\":\"https:\\\/\\\/visitsavonlinna.fi\\\/wp-content\\\/uploads\\\/sites\\\/2\\\/2021\\\/05\\\/ss-savonlinna-laivat-satamassa.jpg\",\"datePublished\":\"2019-06-03T14:51:43+00:00\",\"dateModified\":\"2024-04-23T10:54:18+00:00\",\"description\":\"Erleben Sie den Saimaa-See von seiner sch\u00f6nsten Seite bei einer Fahrt mit dem Schiff in Savonlinna.\",\"breadcrumb\":{\"@id\":\"https:\\\/\\\/visitsavonlinna.fi\\\/de\\\/kreuzfahrten-auf-dem-saimaa-see\\\/#breadcrumb\"},\"inLanguage\":\"de-DE\",\"potentialAction\":[{\"@type\":\"ReadAction\",\"target\":[\"https:\\\/\\\/visitsavonlinna.fi\\\/de\\\/kreuzfahrten-auf-dem-saimaa-see\\\/\"]}]},{\"@type\":\"ImageObject\",\"inLanguage\":\"de-DE\",\"@id\":\"https:\\\/\\\/visitsavonlinna.fi\\\/de\\\/kreuzfahrten-auf-dem-saimaa-see\\\/#primaryimage\",\"url\":\"https:\\\/\\\/visitsavonlinna.fi\\\/wp-content\\\/uploads\\\/sites\\\/2\\\/2021\\\/05\\\/ss-savonlinna-laivat-satamassa.jpg\",\"contentUrl\":\"https:\\\/\\\/visitsavonlinna.fi\\\/wp-content\\\/uploads\\\/sites\\\/2\\\/2021\\\/05\\\/ss-savonlinna-laivat-satamassa.jpg\",\"width\":2048,\"height\":1365},{\"@type\":\"BreadcrumbList\",\"@id\":\"https:\\\/\\\/visitsavonlinna.fi\\\/de\\\/kreuzfahrten-auf-dem-saimaa-see\\\/#breadcrumb\",\"itemListElement\":[{\"@type\":\"ListItem\",\"position\":1,\"name\":\"Visitsavonlinna.fi\",\"item\":\"https:\\\/\\\/visitsavonlinna.fi\\\/de\\\/\"},{\"@type\":\"ListItem\",\"position\":2,\"name\":\"Kreuzfahrten auf dem Saimaa-See\"}]},{\"@type\":\"WebSite\",\"@id\":\"https:\\\/\\\/visitsavonlinna.fi\\\/#website\",\"url\":\"https:\\\/\\\/visitsavonlinna.fi\\\/\",\"name\":\"Visit Savonlinna\",\"description\":\"\",\"potentialAction\":[{\"@type\":\"SearchAction\",\"target\":{\"@type\":\"EntryPoint\",\"urlTemplate\":\"https:\\\/\\\/visitsavonlinna.fi\\\/?s={search_term_string}\"},\"query-input\":{\"@type\":\"PropertyValueSpecification\",\"valueRequired\":true,\"valueName\":\"search_term_string\"}}],\"inLanguage\":\"de-DE\"}]}<\/script>\n<!-- \/ Yoast SEO Premium plugin. -->","yoast_head_json":{"title":"Kreuzfahrten auf dem Saimaa See I Lakeland Finnland","description":"Erleben Sie den Saimaa-See von seiner sch\u00f6nsten Seite bei einer Fahrt mit dem Schiff in Savonlinna.","robots":{"index":"index","follow":"follow","max-snippet":"max-snippet:-1","max-image-preview":"max-image-preview:large","max-video-preview":"max-video-preview:-1"},"canonical":"https:\/\/visitsavonlinna.fi\/de\/kreuzfahrten-auf-dem-saimaa-see\/","og_locale":"de_DE","og_type":"article","og_title":"Kreuzfahrten auf dem Saimaa-See","og_description":"Erleben Sie den Saimaa-See von seiner sch\u00f6nsten Seite bei einer Fahrt mit dem Schiff in Savonlinna.","og_url":"https:\/\/visitsavonlinna.fi\/de\/kreuzfahrten-auf-dem-saimaa-see\/","og_site_name":"Visit Savonlinna","article_modified_time":"2024-04-23T10:54:18+00:00","og_image":[{"url":"https:\/\/visitsavonlinna.fi\/wp-content\/uploads\/sites\/2\/2021\/09\/savonlinna-sisavesiristeilyt-saimaalla-maisemaristeily-samppanjaristeily.jpg","type":"","width":"","height":""}],"twitter_card":"summary_large_image","twitter_misc":{"Gesch\u00e4tzte Lesezeit":"2 minutes"},"schema":{"@context":"https:\/\/schema.org","@graph":[{"@type":"WebPage","@id":"https:\/\/visitsavonlinna.fi\/de\/kreuzfahrten-auf-dem-saimaa-see\/","url":"https:\/\/visitsavonlinna.fi\/de\/kreuzfahrten-auf-dem-saimaa-see\/","name":"Kreuzfahrten auf dem Saimaa See I Lakeland Finnland","isPartOf":{"@id":"https:\/\/visitsavonlinna.fi\/#website"},"primaryImageOfPage":{"@id":"https:\/\/visitsavonlinna.fi\/de\/kreuzfahrten-auf-dem-saimaa-see\/#primaryimage"},"image":{"@id":"https:\/\/visitsavonlinna.fi\/de\/kreuzfahrten-auf-dem-saimaa-see\/#primaryimage"},"thumbnailUrl":"https:\/\/visitsavonlinna.fi\/wp-content\/uploads\/sites\/2\/2021\/05\/ss-savonlinna-laivat-satamassa.jpg","datePublished":"2019-06-03T14:51:43+00:00","dateModified":"2024-04-23T10:54:18+00:00","description":"Erleben Sie den Saimaa-See von seiner sch\u00f6nsten Seite bei einer Fahrt mit dem Schiff in Savonlinna.","breadcrumb":{"@id":"https:\/\/visitsavonlinna.fi\/de\/kreuzfahrten-auf-dem-saimaa-see\/#breadcrumb"},"inLanguage":"de-DE","potentialAction":[{"@type":"ReadAction","target":["https:\/\/visitsavonlinna.fi\/de\/kreuzfahrten-auf-dem-saimaa-see\/"]}]},{"@type":"ImageObject","inLanguage":"de-DE","@id":"https:\/\/visitsavonlinna.fi\/de\/kreuzfahrten-auf-dem-saimaa-see\/#primaryimage","url":"https:\/\/visitsavonlinna.fi\/wp-content\/uploads\/sites\/2\/2021\/05\/ss-savonlinna-laivat-satamassa.jpg","contentUrl":"https:\/\/visitsavonlinna.fi\/wp-content\/uploads\/sites\/2\/2021\/05\/ss-savonlinna-laivat-satamassa.jpg","width":2048,"height":1365},{"@type":"BreadcrumbList","@id":"https:\/\/visitsavonlinna.fi\/de\/kreuzfahrten-auf-dem-saimaa-see\/#breadcrumb","itemListElement":[{"@type":"ListItem","position":1,"name":"Visitsavonlinna.fi","item":"https:\/\/visitsavonlinna.fi\/de\/"},{"@type":"ListItem","position":2,"name":"Kreuzfahrten auf dem Saimaa-See"}]},{"@type":"WebSite","@id":"https:\/\/visitsavonlinna.fi\/#website","url":"https:\/\/visitsavonlinna.fi\/","name":"Visit Savonlinna","description":"","potentialAction":[{"@type":"SearchAction","target":{"@type":"EntryPoint","urlTemplate":"https:\/\/visitsavonlinna.fi\/?s={search_term_string}"},"query-input":{"@type":"PropertyValueSpecification","valueRequired":true,"valueName":"search_term_string"}}],"inLanguage":"de-DE"}]}},"_links":{"self":[{"href":"https:\/\/visitsavonlinna.fi\/de\/wp-json\/wp\/v2\/pages\/110372","targetHints":{"allow":["GET"]}}],"collection":[{"href":"https:\/\/visitsavonlinna.fi\/de\/wp-json\/wp\/v2\/pages"}],"about":[{"href":"https:\/\/visitsavonlinna.fi\/de\/wp-json\/wp\/v2\/types\/page"}],"author":[{"embeddable":true,"href":"https:\/\/visitsavonlinna.fi\/de\/wp-json\/wp\/v2\/users\/51"}],"replies":[{"embeddable":true,"href":"https:\/\/visitsavonlinna.fi\/de\/wp-json\/wp\/v2\/comments?post=110372"}],"version-history":[{"count":5,"href":"https:\/\/visitsavonlinna.fi\/de\/wp-json\/wp\/v2\/pages\/110372\/revisions"}],"predecessor-version":[{"id":556231,"href":"https:\/\/visitsavonlinna.fi\/de\/wp-json\/wp\/v2\/pages\/110372\/revisions\/556231"}],"wp:featuredmedia":[{"embeddable":true,"href":"https:\/\/visitsavonlinna.fi\/de\/wp-json\/wp\/v2\/media\/285051"}],"wp:attachment":[{"href":"https:\/\/visitsavonlinna.fi\/de\/wp-json\/wp\/v2\/media?parent=110372"}],"wp:term":[{"taxonomy":"relatedcontent","embeddable":true,"href":"https:\/\/visitsavonlinna.fi\/de\/wp-json\/wp\/v2\/relatedcontent?post=110372"}],"curies":[{"name":"wp","href":"https:\/\/api.w.org\/{rel}","templated":true}]}}