{"id":110663,"date":"2019-05-16T12:59:06","date_gmt":"2019-05-16T09:59:06","guid":{"rendered":"https:\/\/visitsavonlinna.fi\/?page_id=110663"},"modified":"2019-09-12T14:49:47","modified_gmt":"2019-09-12T11:49:47","slug":"hyterma","status":"publish","type":"page","link":"https:\/\/visitsavonlinna.fi\/de\/hyterma\/","title":{"rendered":"Hyterm\u00e4"},"content":{"rendered":"<p>[vc_row full_width=&#8220;stretch_row_content_no_spaces&#8220;][vc_column]<div class=\"main_header normal\">\n    <figure style=\"background-image: url('https:\/\/visitsavonlinna.fi\/wp-content\/uploads\/sites\/2\/2019\/05\/finnland-seenland-saimaa-savonlinna-Hyterm-kerim-ki-puruvesi-1920x600.jpg'); background-position: center center;\"><\/figure>\n    <div class=\"main_header_content\" style=\"\">\n        <div class=\"container\">\n            \n<h1 style=\"text-align: center;\">Hyterm\u00e4 &#8211; das Erbe von Schrott-Heikki<\/h1>\n<p style=\"text-align: center;\">#saimaamoments<\/p>\n    \n        <\/div><!-- \/.container -->\n    <\/div>\n<\/div><!-- \/.main_header -->\n        <div class=\"container\">\n            <p id=\"breadcrumbs\"><span><span><a href=\"https:\/\/visitsavonlinna.fi\/de\/\">Visitsavonlinna.fi<\/a><\/span><\/span><\/p>        <\/div>\n    [\/vc_column][\/vc_row][vc_row][vc_column][vc_empty_space][\/vc_column][\/vc_row][vc_row][vc_column width=&#8220;1\/6&#8243;][\/vc_column][vc_column width=&#8220;2\/3&#8243;][vc_column_text]<\/p>\n<p style=\"text-align: center;\">Die Naturschutz- und Museumsinseln Hyterm\u00e4 sind ein sch\u00f6nes Ausflugsziel in Kerim\u00e4ki. Sie liegen ca. 7 km vom Zentrum in Richtung H\u00e4lv\u00e4. Hyterm\u00e4 wurde bereits 1931 zum Naturschutzgebiet erkl\u00e4rt. Dank des ehemaligen Gerichtsvollziehers von Savonlinna, Heikki H\u00e4yrynen (1916-1940), auch Schrott-Heikki genannt, und seiner Frau konnte das Gebiet fast vollst\u00e4ndig naturbelassen erhalten bleiben.<\/p>\n<p style=\"text-align: center;\">Auf den Inseln gibt es eine besondere Sammlung von Steinkunst sowie leicht begehbare Naturpfade. Hyterm\u00e4 ist nur \u00fcber den Wasserweg zu erreichen. Wenn Sie kein eigenes Boot haben, k\u00f6nnen Sie ein Ruderboot ausleihen und die 400 m \u00fcber den See entspannt zur\u00fccklegen. Die Insel hat einen sch\u00f6nen Sandstrand und einen Steg.<\/p>\n<p style=\"text-align: center;\">Adresse: H\u00e4lv\u00e4nsaarentie 80, Kerim\u00e4ki.<\/p>\n<p style=\"text-align: center;\">Ausfl\u00fcge zum Hyterm\u00e4: <a href=\"https:\/\/activitymaker.fi\/home\/\" target=\"_blank\" rel=\"noopener noreferrer\">Activity Maker<\/a>.<\/p>\n<p>[\/vc_column_text][\/vc_column][vc_column width=&#8220;1\/6&#8243;][\/vc_column][\/vc_row][vc_row][vc_column][vc_column_text]<\/p>\n<h2 style=\"text-align: center;\">Online-Buchnung<\/h2>\n<p>[\/vc_column_text][\/vc_column][\/vc_row][vc_row][vc_column width=&#8220;1\/6&#8243;][\/vc_column][vc_column width=&#8220;2\/3&#8243;][vc_raw_html]JTNDZGl2JTIwaWQlM0QlMjJib2t1bi13NjYxMjhfZWUxNDc4MmRfYzU3N180ZmVlXzg2YjNfMjdkY2E0MjE4YzM3JTIyJTNFTG9hZGluZy4uLiUzQyUyRmRpdiUzRSUzQ3NjcmlwdCUyMHR5cGUlM0QlMjJ0ZXh0JTJGamF2YXNjcmlwdCUyMiUzRSUwQXZhciUyMHc2NjEyOF9lZTE0NzgyZF9jNTc3XzRmZWVfODZiM18yN2RjYTQyMThjMzclM0IlMEElMjhmdW5jdGlvbiUyOGQlMkMlMjB0JTI5JTIwJTdCJTBBJTIwJTIwdmFyJTIwaG9zdCUyMCUzRCUyMCUyN3dpZGdldHMuYm9rdW4uaW8lMjclM0IlMEElMjAlMjB2YXIlMjBmcmFtZVVybCUyMCUzRCUyMCUyN2h0dHBzJTNBJTJGJTJGJTI3JTIwJTJCJTIwaG9zdCUyMCUyQiUyMCUyNyUyRndpZGdldHMlMkY2NjEyOCUzRmJvb2tpbmdDaGFubmVsVVVJRCUzRDg1NDNjMzEzLWI2NmItNDFiNS1iZWQ2LWYxODA5ZmYxNjE2ZCUyNmFtcCUzQmxhbmclM0RlbiUyNmFtcCUzQmNjeSUzREVVUiUyNmFtcCUzQmhhc2glM0R3NjYxMjhfZWUxNDc4MmRfYzU3N180ZmVlXzg2YjNfMjdkY2E0MjE4YzM3JTI3JTNCJTBBJTIwJTIwdmFyJTIwcyUyMCUzRCUyMGQuY3JlYXRlRWxlbWVudCUyOHQlMjklMkMlMjBvcHRpb25zJTIwJTNEJTIwJTdCJTI3aG9zdCUyNyUzQSUyMGhvc3QlMkMlMjAlMjdmcmFtZVVybCUyNyUzQSUyMGZyYW1lVXJsJTJDJTIwJTI3d2lkZ2V0SGFzaCUyNyUzQSUyN3c2NjEyOF9lZTE0NzgyZF9jNTc3XzRmZWVfODZiM18yN2RjYTQyMThjMzclMjclMkMlMjAlMjdhdXRvUmVzaXplJTI3JTNBdHJ1ZSUyQyUyN2hlaWdodCUyNyUzQSUyNyUyNyUyQyUyN3dpZHRoJTI3JTNBJTI3MTAwJTI1JTI3JTJDJTIwJTI3bWluSGVpZ2h0JTI3JTNBJTIwMCUyQyUyN2FzeW5jJTI3JTNBdHJ1ZSUyQyUyMCUyN3NzbCUyNyUzQXRydWUlMkMlMjAlMjdhZmZpbGlhdGVUcmFja2luZ0NvZGUlMjclM0ElMjAlMjclMjclMkMlMjAlMjd0cmFuc2llbnRTZXNzaW9uJTI3JTNBJTIwdHJ1ZSUyQyUyMCUyN2Nvb2tpZUxpZmV0aW1lJTI3JTNBJTIwNDMyMDAlMjAlN0QlM0IlMEElMjAlMjBzLnNyYyUyMCUzRCUyMCUyN2h0dHBzJTNBJTJGJTJGJTI3JTIwJTJCJTIwaG9zdCUyMCUyQiUyMCUyNyUyRmFzc2V0cyUyRmphdmFzY3JpcHRzJTJGd2lkZ2V0cyUyRmVtYmVkZGVyLmpzJTI3JTNCJTBBJTIwJTIwcy5vbmxvYWQlMjAlM0QlMjBzLm9ucmVhZHlzdGF0ZWNoYW5nZSUyMCUzRCUyMGZ1bmN0aW9uJTI4JTI5JTIwJTdCJTBBJTIwJTIwJTIwJTIwdmFyJTIwcnMlMjAlM0QlMjB0aGlzLnJlYWR5U3RhdGUlM0IlMjBpZiUyMCUyOHJzJTI5JTIwaWYlMjAlMjhycyUyMCUyMSUzRCUyMCUyN2NvbXBsZXRlJTI3JTI5JTIwaWYlMjAlMjhycyUyMCUyMSUzRCUyMCUyN2xvYWRlZCUyNyUyOSUyMHJldHVybiUzQiUwQSUyMCUyMCUyMCUyMHRyeSUyMCU3QiUwQSUyMCUyMCUyMCUyMCUyMCUyMHc2NjEyOF9lZTE0NzgyZF9jNTc3XzRmZWVfODZiM18yN2RjYTQyMThjMzclMjAlM0QlMjBuZXclMjBCb2t1bldpZGdldEVtYmVkZGVyJTI4JTI5JTNCJTIwdzY2MTI4X2VlMTQ3ODJkX2M1NzdfNGZlZV84NmIzXzI3ZGNhNDIxOGMzNy5pbml0aWFsaXplJTI4b3B0aW9ucyUyOSUzQiUyMHc2NjEyOF9lZTE0NzgyZF9jNTc3XzRmZWVfODZiM18yN2RjYTQyMThjMzcuZGlzcGxheSUyOCUyOSUzQiUwQSUyMCUyMCUyMCUyMCU3RCUyMGNhdGNoJTIwJTI4ZSUyOSUyMCU3QiU3RCUwQSUyMCUyMCU3RCUzQiUwQSUyMCUyMHZhciUyMHNjciUyMCUzRCUyMGQuZ2V0RWxlbWVudHNCeVRhZ05hbWUlMjh0JTI5JTVCMCU1RCUyQyUyMHBhciUyMCUzRCUyMHNjci5wYXJlbnROb2RlJTNCJTIwcGFyLmluc2VydEJlZm9yZSUyOHMlMkMlMjBzY3IlMjklM0IlMEElN0QlMjklMjhkb2N1bWVudCUyQyUyMCUyN3NjcmlwdCUyNyUyOSUzQiUwQSUzQyUyRnNjcmlwdCUzRSUwQQ==[\/vc_raw_html][\/vc_column][vc_column width=&#8220;1\/6&#8243;][\/vc_column][\/vc_row][vc_row][vc_column]<div class=\"posts-list-grid wpb_content_element no-list-items\"><\/div>[\/vc_column][\/vc_row]<\/p>\n","protected":false},"excerpt":{"rendered":"<p>[vc_row full_width=&#8220;stretch_row_content_no_spaces&#8220;][vc_column][\/vc_column][\/vc_row][vc_row][vc_column][vc_empty_space][\/vc_column][\/vc_row][vc_row][vc_column width=&#8220;1\/6&#8243;][\/vc_column][vc_column width=&#8220;2\/3&#8243;][vc_column_text] Die Naturschutz- und Museumsinseln Hyterm\u00e4 sind ein sch\u00f6nes Ausflugsziel in Kerim\u00e4ki. Sie liegen ca. 7 km vom Zentrum in Richtung H\u00e4lv\u00e4. Hyterm\u00e4 wurde bereits 1931 zum [&hellip;]<\/p>\n","protected":false},"author":2,"featured_media":110665,"parent":0,"menu_order":0,"comment_status":"closed","ping_status":"closed","template":"","meta":{"footnotes":""},"relatedcontent":[],"class_list":{"0":"post-110663","1":"page","2":"type-page","3":"status-publish","4":"has-post-thumbnail","5":"hentry","7":"priority-3"},"yoast_head":"<!-- This site is optimized with the Yoast SEO Premium plugin v27.3 (Yoast SEO v27.4) - https:\/\/yoast.com\/product\/yoast-seo-premium-wordpress\/ -->\n<title>Hyterm\u00e4 - Visit Savonlinna<\/title>\n<meta name=\"description\" content=\"Die Naturschutz- und Museumsinseln Hyterm\u00e4 sind ein sch\u00f6nes Ausflugsziel in Kerim\u00e4ki. Sie liegen ca. 7 km vom Zentrum in Richtung H\u00e4lv\u00e4. Hyterm\u00e4 wurde\" \/>\n<meta name=\"robots\" content=\"index, follow, max-snippet:-1, max-image-preview:large, max-video-preview:-1\" \/>\n<link rel=\"canonical\" href=\"https:\/\/visitsavonlinna.fi\/de\/hyterma\/\" \/>\n<meta property=\"og:locale\" content=\"de_DE\" \/>\n<meta property=\"og:type\" content=\"article\" \/>\n<meta property=\"og:title\" content=\"Hyterm\u00e4\" \/>\n<meta property=\"og:description\" content=\"Die Naturschutz- und Museumsinseln Hyterm\u00e4 sind ein sch\u00f6nes Ausflugsziel in Kerim\u00e4ki. Sie liegen ca. 7 km vom Zentrum in Richtung H\u00e4lv\u00e4. Hyterm\u00e4 wurde\" \/>\n<meta property=\"og:url\" content=\"https:\/\/visitsavonlinna.fi\/de\/hyterma\/\" \/>\n<meta property=\"og:site_name\" content=\"Visit Savonlinna\" \/>\n<meta property=\"article:modified_time\" content=\"2019-09-12T11:49:47+00:00\" \/>\n<meta property=\"og:image\" content=\"https:\/\/visitsavonlinna.fi\/wp-content\/uploads\/sites\/2\/2019\/05\/finnland-seenland-saimaa-savonlinna-Hyterm-kerim-ki-puruvesi.jpg\" \/>\n\t<meta property=\"og:image:width\" content=\"2000\" \/>\n\t<meta property=\"og:image:height\" content=\"740\" \/>\n\t<meta property=\"og:image:type\" content=\"image\/jpeg\" \/>\n<meta name=\"twitter:card\" content=\"summary_large_image\" \/>\n<meta name=\"twitter:label1\" content=\"Gesch\u00e4tzte Lesezeit\" \/>\n\t<meta name=\"twitter:data1\" content=\"2 minutes\" \/>\n<script type=\"application\/ld+json\" class=\"yoast-schema-graph\">{\"@context\":\"https:\\\/\\\/schema.org\",\"@graph\":[{\"@type\":\"WebPage\",\"@id\":\"https:\\\/\\\/visitsavonlinna.fi\\\/de\\\/hyterma\\\/\",\"url\":\"https:\\\/\\\/visitsavonlinna.fi\\\/de\\\/hyterma\\\/\",\"name\":\"Hyterm\u00e4 - Visit Savonlinna\",\"isPartOf\":{\"@id\":\"https:\\\/\\\/visitsavonlinna.fi\\\/#website\"},\"primaryImageOfPage\":{\"@id\":\"https:\\\/\\\/visitsavonlinna.fi\\\/de\\\/hyterma\\\/#primaryimage\"},\"image\":{\"@id\":\"https:\\\/\\\/visitsavonlinna.fi\\\/de\\\/hyterma\\\/#primaryimage\"},\"thumbnailUrl\":\"https:\\\/\\\/visitsavonlinna.fi\\\/wp-content\\\/uploads\\\/sites\\\/2\\\/2019\\\/05\\\/finnland-seenland-saimaa-savonlinna-Hyterm-kerim-ki-puruvesi.jpg\",\"datePublished\":\"2019-05-16T09:59:06+00:00\",\"dateModified\":\"2019-09-12T11:49:47+00:00\",\"description\":\"Die Naturschutz- und Museumsinseln Hyterm\u00e4 sind ein sch\u00f6nes Ausflugsziel in Kerim\u00e4ki. Sie liegen ca. 7 km vom Zentrum in Richtung H\u00e4lv\u00e4. Hyterm\u00e4 wurde\",\"breadcrumb\":{\"@id\":\"https:\\\/\\\/visitsavonlinna.fi\\\/de\\\/hyterma\\\/#breadcrumb\"},\"inLanguage\":\"de-DE\",\"potentialAction\":[{\"@type\":\"ReadAction\",\"target\":[\"https:\\\/\\\/visitsavonlinna.fi\\\/de\\\/hyterma\\\/\"]}]},{\"@type\":\"ImageObject\",\"inLanguage\":\"de-DE\",\"@id\":\"https:\\\/\\\/visitsavonlinna.fi\\\/de\\\/hyterma\\\/#primaryimage\",\"url\":\"https:\\\/\\\/visitsavonlinna.fi\\\/wp-content\\\/uploads\\\/sites\\\/2\\\/2019\\\/05\\\/finnland-seenland-saimaa-savonlinna-Hyterm-kerim-ki-puruvesi.jpg\",\"contentUrl\":\"https:\\\/\\\/visitsavonlinna.fi\\\/wp-content\\\/uploads\\\/sites\\\/2\\\/2019\\\/05\\\/finnland-seenland-saimaa-savonlinna-Hyterm-kerim-ki-puruvesi.jpg\",\"width\":2000,\"height\":740,\"caption\":\"finnland seenland saimaa savonlinna Hyterm\u00e4 kerim\u00e4ki puruvesi\"},{\"@type\":\"BreadcrumbList\",\"@id\":\"https:\\\/\\\/visitsavonlinna.fi\\\/de\\\/hyterma\\\/#breadcrumb\",\"itemListElement\":[{\"@type\":\"ListItem\",\"position\":1,\"name\":\"Visitsavonlinna.fi\",\"item\":\"https:\\\/\\\/visitsavonlinna.fi\\\/de\\\/\"},{\"@type\":\"ListItem\",\"position\":2,\"name\":\"Hyterm\u00e4\"}]},{\"@type\":\"WebSite\",\"@id\":\"https:\\\/\\\/visitsavonlinna.fi\\\/#website\",\"url\":\"https:\\\/\\\/visitsavonlinna.fi\\\/\",\"name\":\"Visit Savonlinna\",\"description\":\"\",\"potentialAction\":[{\"@type\":\"SearchAction\",\"target\":{\"@type\":\"EntryPoint\",\"urlTemplate\":\"https:\\\/\\\/visitsavonlinna.fi\\\/?s={search_term_string}\"},\"query-input\":{\"@type\":\"PropertyValueSpecification\",\"valueRequired\":true,\"valueName\":\"search_term_string\"}}],\"inLanguage\":\"de-DE\"}]}<\/script>\n<!-- \/ Yoast SEO Premium plugin. -->","yoast_head_json":{"title":"Hyterm\u00e4 - Visit Savonlinna","description":"Die Naturschutz- und Museumsinseln Hyterm\u00e4 sind ein sch\u00f6nes Ausflugsziel in Kerim\u00e4ki. Sie liegen ca. 7 km vom Zentrum in Richtung H\u00e4lv\u00e4. Hyterm\u00e4 wurde","robots":{"index":"index","follow":"follow","max-snippet":"max-snippet:-1","max-image-preview":"max-image-preview:large","max-video-preview":"max-video-preview:-1"},"canonical":"https:\/\/visitsavonlinna.fi\/de\/hyterma\/","og_locale":"de_DE","og_type":"article","og_title":"Hyterm\u00e4","og_description":"Die Naturschutz- und Museumsinseln Hyterm\u00e4 sind ein sch\u00f6nes Ausflugsziel in Kerim\u00e4ki. Sie liegen ca. 7 km vom Zentrum in Richtung H\u00e4lv\u00e4. Hyterm\u00e4 wurde","og_url":"https:\/\/visitsavonlinna.fi\/de\/hyterma\/","og_site_name":"Visit Savonlinna","article_modified_time":"2019-09-12T11:49:47+00:00","og_image":[{"width":2000,"height":740,"url":"https:\/\/visitsavonlinna.fi\/wp-content\/uploads\/sites\/2\/2019\/05\/finnland-seenland-saimaa-savonlinna-Hyterm-kerim-ki-puruvesi.jpg","type":"image\/jpeg"}],"twitter_card":"summary_large_image","twitter_misc":{"Gesch\u00e4tzte Lesezeit":"2 minutes"},"schema":{"@context":"https:\/\/schema.org","@graph":[{"@type":"WebPage","@id":"https:\/\/visitsavonlinna.fi\/de\/hyterma\/","url":"https:\/\/visitsavonlinna.fi\/de\/hyterma\/","name":"Hyterm\u00e4 - Visit Savonlinna","isPartOf":{"@id":"https:\/\/visitsavonlinna.fi\/#website"},"primaryImageOfPage":{"@id":"https:\/\/visitsavonlinna.fi\/de\/hyterma\/#primaryimage"},"image":{"@id":"https:\/\/visitsavonlinna.fi\/de\/hyterma\/#primaryimage"},"thumbnailUrl":"https:\/\/visitsavonlinna.fi\/wp-content\/uploads\/sites\/2\/2019\/05\/finnland-seenland-saimaa-savonlinna-Hyterm-kerim-ki-puruvesi.jpg","datePublished":"2019-05-16T09:59:06+00:00","dateModified":"2019-09-12T11:49:47+00:00","description":"Die Naturschutz- und Museumsinseln Hyterm\u00e4 sind ein sch\u00f6nes Ausflugsziel in Kerim\u00e4ki. Sie liegen ca. 7 km vom Zentrum in Richtung H\u00e4lv\u00e4. Hyterm\u00e4 wurde","breadcrumb":{"@id":"https:\/\/visitsavonlinna.fi\/de\/hyterma\/#breadcrumb"},"inLanguage":"de-DE","potentialAction":[{"@type":"ReadAction","target":["https:\/\/visitsavonlinna.fi\/de\/hyterma\/"]}]},{"@type":"ImageObject","inLanguage":"de-DE","@id":"https:\/\/visitsavonlinna.fi\/de\/hyterma\/#primaryimage","url":"https:\/\/visitsavonlinna.fi\/wp-content\/uploads\/sites\/2\/2019\/05\/finnland-seenland-saimaa-savonlinna-Hyterm-kerim-ki-puruvesi.jpg","contentUrl":"https:\/\/visitsavonlinna.fi\/wp-content\/uploads\/sites\/2\/2019\/05\/finnland-seenland-saimaa-savonlinna-Hyterm-kerim-ki-puruvesi.jpg","width":2000,"height":740,"caption":"finnland seenland saimaa savonlinna Hyterm\u00e4 kerim\u00e4ki puruvesi"},{"@type":"BreadcrumbList","@id":"https:\/\/visitsavonlinna.fi\/de\/hyterma\/#breadcrumb","itemListElement":[{"@type":"ListItem","position":1,"name":"Visitsavonlinna.fi","item":"https:\/\/visitsavonlinna.fi\/de\/"},{"@type":"ListItem","position":2,"name":"Hyterm\u00e4"}]},{"@type":"WebSite","@id":"https:\/\/visitsavonlinna.fi\/#website","url":"https:\/\/visitsavonlinna.fi\/","name":"Visit Savonlinna","description":"","potentialAction":[{"@type":"SearchAction","target":{"@type":"EntryPoint","urlTemplate":"https:\/\/visitsavonlinna.fi\/?s={search_term_string}"},"query-input":{"@type":"PropertyValueSpecification","valueRequired":true,"valueName":"search_term_string"}}],"inLanguage":"de-DE"}]}},"_links":{"self":[{"href":"https:\/\/visitsavonlinna.fi\/de\/wp-json\/wp\/v2\/pages\/110663","targetHints":{"allow":["GET"]}}],"collection":[{"href":"https:\/\/visitsavonlinna.fi\/de\/wp-json\/wp\/v2\/pages"}],"about":[{"href":"https:\/\/visitsavonlinna.fi\/de\/wp-json\/wp\/v2\/types\/page"}],"author":[{"embeddable":true,"href":"https:\/\/visitsavonlinna.fi\/de\/wp-json\/wp\/v2\/users\/2"}],"replies":[{"embeddable":true,"href":"https:\/\/visitsavonlinna.fi\/de\/wp-json\/wp\/v2\/comments?post=110663"}],"version-history":[{"count":0,"href":"https:\/\/visitsavonlinna.fi\/de\/wp-json\/wp\/v2\/pages\/110663\/revisions"}],"wp:featuredmedia":[{"embeddable":true,"href":"https:\/\/visitsavonlinna.fi\/de\/wp-json\/wp\/v2\/media\/110665"}],"wp:attachment":[{"href":"https:\/\/visitsavonlinna.fi\/de\/wp-json\/wp\/v2\/media?parent=110663"}],"wp:term":[{"taxonomy":"relatedcontent","embeddable":true,"href":"https:\/\/visitsavonlinna.fi\/de\/wp-json\/wp\/v2\/relatedcontent?post=110663"}],"curies":[{"name":"wp","href":"https:\/\/api.w.org\/{rel}","templated":true}]}}