{"id":120752,"date":"2019-08-01T14:55:17","date_gmt":"2019-08-01T11:55:17","guid":{"rendered":"https:\/\/visitsavonlinna.fi\/?page_id=120752"},"modified":"2019-08-19T15:46:57","modified_gmt":"2019-08-19T12:46:57","slug":"kulturweg-des-heiligen-olavs","status":"publish","type":"page","link":"https:\/\/visitsavonlinna.fi\/de\/kulturweg-des-heiligen-olavs\/","title":{"rendered":"Kulturweg des Heiligen Olavs"},"content":{"rendered":"<p>[vc_row full_width=&#8220;stretch_row_content_no_spaces&#8220;][vc_column]<div class=\"main_header normal\">\n    <figure style=\"background-image: url('https:\/\/visitsavonlinna.fi\/wp-content\/uploads\/sites\/2\/2019\/08\/Burg-Olavinlinna-in-D-mmerung-1-1920x600.jpg'); background-position: center center;\"><\/figure>\n    <div class=\"main_header_content\" style=\"\">\n        <div class=\"container\">\n            \n<h1>Kulturweg des Heiligen Olavs<\/h1>\n<p>#saimaamoments    \n        <\/div><!-- \/.container -->\n    <\/div>\n<\/div><!-- \/.main_header -->\n        <div class=\"container\">\n            <p id=\"breadcrumbs\"><span><span><a href=\"https:\/\/visitsavonlinna.fi\/de\/\">Visitsavonlinna.fi<\/a><\/span><\/span><\/p>        <\/div>\n    [\/vc_column][\/vc_row][vc_row][vc_column][vc_empty_space][\/vc_column][\/vc_row][vc_row][vc_column width=&#8220;1\/6&#8243;][\/vc_column][vc_column width=&#8220;2\/3&#8243;][vc_column_text]<\/p>\n<p style=\"text-align: center;\"><strong>Der Heilige Olav pr\u00e4gt immer noch stark die Umgebung von Savonlinna. Die Spuren des Olavskult sind hier bis heute in Form von lebhaften Traditionen und faszinierenden Sehensw\u00fcrdigkeiten erkennbar: neben der Burg Olavinlinna (\u201aBurg des Heiligen Olavs\u2018) berichten zahlreiche Statuen, Kirchen, Naturdenkm\u00e4ler und historische Gegenst\u00e4nde \u00fcber die wechselvolle Geschichte der Savonlinna-Region.<\/strong><\/p>\n<p style=\"text-align: center;\">Das Thema des Heiligen Olavs bietet interessante Inhalte f\u00fcr alle Reisenden, die sich auf einen Tagesausflug oder eine mehrt\u00e4gige Themenreise rund um Savonlinna begeben m\u00f6chten. Das Angebot erstreckt sich nicht nur auf Sehensw\u00fcrdigkeiten und Veranstaltungen, sondern auch auf <a href=\"\/?page_id=106932\">einheimische Produkte<\/a> und Dienstleistungen, die auf das Erbe des Olavs hinweisen. Oder wenn Sie sogar eine Pilgerwanderung unternehmen m\u00f6chten, ist Savonlinna mit seiner wundersch\u00f6nen Seen- und Waldnatur ein ausgezeichneter Ausgangspunkt daf\u00fcr!<\/p>\n<p>&nbsp;<\/p>\n<p><!--more--><\/p>\n<p style=\"text-align: center;\">Der Olavskult basiert auf der Legende des <a href=\"\/?p=121010\">Heiligen Olavs<\/a>, der urspr\u00fcnglich der Wikingerk\u00f6nig Olav II. Haraldsson (995 bis 1030) war. Er wurde in der Savonlinna-Region sp\u00e4testens im 15. Jahrhundert bekannt, als die <a href=\"\/?page_id=22756\">Burg Olavinlinna<\/a> gegr\u00fcndet wurde und sich gleichzeitig der Olavskult an den Ufern des Saimaasees verbreitete. Der neue, christliche Glaube existierte zwar lange parallel mit alten Naturreligionen, aber die mit Olav zusammenh\u00e4ngenden Traditionen sind durch Jahrhunderte ausgerechnet im Savonlinna-Gebiet gut erhalten geblieben \u2013 vielleicht dank der Burg, die als einzige Festung in der Welt nach dem Lieblingsheiligen der Nordl\u00e4nder benannt wurde.<\/p>\n<p style=\"text-align: center;\">Heute erinnern u.a. viele Statuen und Veranstaltungen in Savonlinna an den Heiligen Olav. Am 29. Juli wird er j\u00e4hrlich im Stadtzentrum und in der N\u00e4he der Burg Olavinlinna gro\u00dfartig <a href=\"\/?p=121111\">gefeiert<\/a>. Dann feiert man gleichzeitig auch den Geburtstag der Stadt Savonlinna, und es gibt ein interessantes Programm f\u00fcr die ganze Familie vom fr\u00fchen Morgen bis zum sp\u00e4ten Abend. Zur Sommerzeit findet auch ein dem Heiligen Olav gewidmeter Marathonlauf statt, um nur einige Beispiele zu nennen. Mit dem Olavskult verbindet man in der Savonlinna-Gegend auch den schwarzen Bock, der einmal die Burg gerettet haben soll und der noch als Figur auf der Tallisaari-Insel verewigt worden ist.<\/p>\n<p style=\"text-align: center;\">Au\u00dferdem gibt es in der N\u00e4he von Savonlinna eine Menge von anderen interessanten Sehensw\u00fcrdigkeiten, die unter dieses Thema fallen, wie seltsame Schalensteine in Kerim\u00e4ki, alte <a href=\"\/?page_id=121029\">Kirchen<\/a> und Kirchh\u00f6fe und die ber\u00fchmte Wallburg in Sulkava, die wahrscheinlich schon in der Eisenzeit gebaut wurde. Savonlinna war lange ein bedeutender Grenzort zwischen dem Osten und Westen. Der Heilige Olav war nicht nur f\u00fcr die Katholiken, sondern auch f\u00fcr die Orthodoxen ein wichtiger Heiliger, der die ganze Savonlinna-Region mit dem gesamteurop\u00e4ischen Kulturkreis schon fr\u00fch verbunden hat.<\/p>\n<p style=\"text-align: center;\">Momentan wird durch das kontinentale Finnland ein Pilgerweg gebaut, dem man eventuell aus Savonlinna sogar bis nach Trondheim Norwegen zu der letzten Ruhest\u00e4tte des gro\u00dfen Wikingerk\u00f6nigs folgen kann. Der Weg sollte schon Anfang 2020 begehbar sein, aber bereits davor k\u00f6nnen Sie die weitreichende Olavstraditionen in Savonlinna entdecken.<\/p>\n<p style=\"text-align: center;\"><strong>Willkommen auf den Spuren des Heiligen Olavs!<\/strong><\/p>\n<p>[\/vc_column_text][\/vc_column][vc_column width=&#8220;1\/6&#8243;][\/vc_column][\/vc_row][vc_row][vc_column][vc_empty_space][\/vc_column][\/vc_row][vc_row][vc_column]<div class=\"posts-list-grid wpb_content_element\">\n                            <div class=\"row no-gutter\"><div class=\"row no-gutter\"><div class=\"col-xs-10 col-sm-5 col-lg-33\">    <div class=\"post-box post-stub post-121036 page type-page status-publish hentry priority-3\"  data-contentid=\"2:121036\" data-showrelated=\"1\" id=\"dom-von-savonlinna-2-121036-1\">\n\n        <div class=\"vs_post_thumbnail\" style=\"background-image: url('https:\/\/visitsavonlinna.fi\/wp-content\/themes\/visitsavonlinna2021\/images\/default.jpg')\" ><\/div>        \n        <div class=\"image_overlay\"><\/div>\n                        \n        \n                <a href=\"https:\/\/visitsavonlinna.fi\/de\/dom-von-savonlinna\/\"  class=\"back-to-canonical \" title=\"Der Dom von Savonlinna\">\n            <span class=\"info\">\n                \n                                <span class=\"h3\">Der Dom von Savonlinna<\/span>\n                                            <\/span><!-- \/.info -->\n        <\/a>\n\n    <\/div>\n    <\/div><div class=\"col-xs-10 col-sm-5 col-lg-33\">    <div class=\"post-box post-stub post-22756 page type-page status-publish has-post-thumbnail hentry priority-3\"  data-contentid=\"2:22756\" data-showrelated=\"1\" id=\"olavinlinna-2-22756-2\">\n\n        <div class=\"vs_post_thumbnail\" style=\"background-image: url('https:\/\/visitsavonlinna.fi\/wp-content\/themes\/visitsavonlinna2021\/images\/default.jpg')\" data-attachment=\"218118-2\"><\/div>        \n        <div class=\"image_overlay\"><\/div>\n                        \n        \n                <a href=\"https:\/\/visitsavonlinna.fi\/de\/olavinlinna\/\"  class=\"back-to-canonical \" title=\"Burg Olavinlinna\">\n            <span class=\"info\">\n                \n                                <span class=\"h3\">Burg Olavinlinna<\/span>\n                                            <\/span><!-- \/.info -->\n        <\/a>\n\n    <\/div>\n    <\/div><div class=\"col-xs-10 col-sm-5 col-lg-33\">    <div class=\"post-box post-stub post-18426 visit_saimaa_product type-visit_saimaa_product status-publish has-post-thumbnail hentry servicecategory-ausstellungen servicecategory-museen actioncategory-sehenswertes relatedcontent-riihisaari responsible-company product kultur-sehenswuerdigkeiten-infos ausstellungen museen priority-3\" data-openid=\"riihisaari-natur-und-kulturzentrum-saimaa-2-18426-3\" data-contentid=\"2:18426\" data-showrelated=\"1\" id=\"riihisaari-natur-und-kulturzentrum-saimaa-2-18426-3\">\n\n        <div class=\"vs_post_thumbnail\" style=\"background-image: url('https:\/\/visitsavonlinna.fi\/wp-content\/themes\/visitsavonlinna2021\/images\/default.jpg')\" data-attachment=\"584760-2\"><\/div>        \n        <div class=\"image_overlay\"><\/div>\n                    <div class=\"company-name\">Riihisaari<\/div>\n                            <div class=\"responsible-icon\">\n                <img decoding=\"async\" src=\"https:\/\/visitsavonlinna.fi\/wp-content\/plugins\/visitsaimaa-content\/images\/responsibility-icons\/vastuullinen_yritys_kulma_plain_small.png\" alt=\"Responsible company\"\/>\n            <\/div>\n                \n        \n                <a href=\"https:\/\/visitsavonlinna.fi\/de\/products\/riihisaari-natur-und-kulturzentrum-saimaa\/\"  class=\" get-post-details\" title=\"Riihisaari\">\n            <span class=\"info\">\n                                    <span class=\"category\">Sehenswertes<\/span>\n                \n                                <span class=\"h3\">Riihisaari<\/span>\n                                            <\/span><!-- \/.info -->\n        <\/a>\n\n    <\/div>\n    <\/div><div class=\"col-xs-10 col-sm-5 col-lg-33\">    <div class=\"post-box post-stub post-121029 page type-page status-publish has-post-thumbnail hentry relatedcontent-dom-von-savonlinna relatedcontent-kirche-von-kerimaeki relatedcontent-kirchen-von-savonlinna priority-3\"  data-contentid=\"2:121029\" data-showrelated=\"1\" id=\"kirchen-von-savonlinna-2-121029-4\">\n\n        <div class=\"vs_post_thumbnail\" style=\"background-image: url('https:\/\/visitsavonlinna.fi\/wp-content\/themes\/visitsavonlinna2021\/images\/default.jpg')\" data-attachment=\"121031-2\"><\/div>        \n        <div class=\"image_overlay\"><\/div>\n                        \n        \n                <a href=\"https:\/\/visitsavonlinna.fi\/de\/kirchen-von-savonlinna\/\"  class=\"back-to-canonical \" title=\"Kirchen in der Savonlinna-Region\">\n            <span class=\"info\">\n                \n                                <span class=\"h3\">Kirchen von Savonlinna<\/span>\n                                            <\/span><!-- \/.info -->\n        <\/a>\n\n    <\/div>\n    <\/div><div class=\"col-xs-10 col-sm-5 col-lg-33\">    <div class=\"post-box filler \" style=\"background-color: #ffffff;\">\n        <div class=\"icon\"><\/div>\n                    <div class=\"background-icon\" style=\" background-image: url('');\" ><\/div>\n        \n        \n                            \n    <\/div>\n\n    <\/div><div class=\"col-xs-10 col-sm-5 col-lg-33\">    <div class=\"post-box filler \" style=\"background-color: #ffffff;\">\n        <div class=\"icon\"><\/div>\n                    <div class=\"background-icon\" style=\" background-image: url('');\" ><\/div>\n        \n        \n                            \n    <\/div>\n\n    <\/div><\/div><!-- row --><\/div><!-- \/.row -->\n                            <\/div><!--\/.posts-list-grid -->[\/vc_column][\/vc_row]<\/p>\n","protected":false},"excerpt":{"rendered":"<p>[vc_row full_width=&#8220;stretch_row_content_no_spaces&#8220;][vc_column][\/vc_column][\/vc_row][vc_row][vc_column][vc_empty_space][\/vc_column][\/vc_row][vc_row][vc_column width=&#8220;1\/6&#8243;][\/vc_column][vc_column width=&#8220;2\/3&#8243;][vc_column_text] Der Heilige Olav pr\u00e4gt immer noch stark die Umgebung von Savonlinna. Die Spuren des Olavskult sind hier bis heute in Form von lebhaften Traditionen und faszinierenden [&hellip;]<\/p>\n","protected":false},"author":51,"featured_media":286086,"parent":0,"menu_order":0,"comment_status":"closed","ping_status":"closed","template":"","meta":{"footnotes":""},"relatedcontent":[1806,1807],"class_list":{"0":"post-120752","1":"page","2":"type-page","3":"status-publish","4":"has-post-thumbnail","5":"hentry","6":"relatedcontent-heiliger-olav","7":"relatedcontent-kulturweg","9":"priority-3"},"yoast_head":"<!-- This site is optimized with the Yoast SEO Premium plugin v27.3 (Yoast SEO v27.5) - https:\/\/yoast.com\/product\/yoast-seo-premium-wordpress\/ -->\n<title>Kulturweg des Heiligen Olavs - Visit Savonlinna<\/title>\n<meta name=\"description\" content=\"Der Heilige Olav pr\u00e4gt immer noch stark die Umgebung von Savonlinna. Die Spuren des Olavskult sind hier bis heute in Form von lebhaften Traditionen und\" \/>\n<meta name=\"robots\" content=\"index, follow, max-snippet:-1, max-image-preview:large, max-video-preview:-1\" \/>\n<link rel=\"canonical\" href=\"https:\/\/visitsavonlinna.fi\/de\/kulturweg-des-heiligen-olavs\/\" \/>\n<meta property=\"og:locale\" content=\"de_DE\" \/>\n<meta property=\"og:type\" content=\"article\" \/>\n<meta property=\"og:title\" content=\"Kulturweg des Heiligen Olavs\" \/>\n<meta property=\"og:description\" content=\"Der Heilige Olav pr\u00e4gt immer noch stark die Umgebung von Savonlinna. Die Spuren des Olavskult sind hier bis heute in Form von lebhaften Traditionen und\" \/>\n<meta property=\"og:url\" content=\"https:\/\/visitsavonlinna.fi\/de\/kulturweg-des-heiligen-olavs\/\" \/>\n<meta property=\"og:site_name\" content=\"Visit Savonlinna\" \/>\n<meta property=\"article:modified_time\" content=\"2019-08-19T12:46:57+00:00\" \/>\n<meta name=\"twitter:card\" content=\"summary_large_image\" \/>\n<meta name=\"twitter:label1\" content=\"Gesch\u00e4tzte Lesezeit\" \/>\n\t<meta name=\"twitter:data1\" content=\"3 minutes\" \/>\n<script type=\"application\/ld+json\" class=\"yoast-schema-graph\">{\"@context\":\"https:\\\/\\\/schema.org\",\"@graph\":[{\"@type\":\"WebPage\",\"@id\":\"https:\\\/\\\/visitsavonlinna.fi\\\/de\\\/kulturweg-des-heiligen-olavs\\\/\",\"url\":\"https:\\\/\\\/visitsavonlinna.fi\\\/de\\\/kulturweg-des-heiligen-olavs\\\/\",\"name\":\"Kulturweg des Heiligen Olavs - Visit Savonlinna\",\"isPartOf\":{\"@id\":\"https:\\\/\\\/visitsavonlinna.fi\\\/#website\"},\"primaryImageOfPage\":{\"@id\":\"https:\\\/\\\/visitsavonlinna.fi\\\/de\\\/kulturweg-des-heiligen-olavs\\\/#primaryimage\"},\"image\":{\"@id\":\"https:\\\/\\\/visitsavonlinna.fi\\\/de\\\/kulturweg-des-heiligen-olavs\\\/#primaryimage\"},\"thumbnailUrl\":\"https:\\\/\\\/visitsavonlinna.fi\\\/wp-content\\\/uploads\\\/sites\\\/2\\\/2021\\\/10\\\/Olavinlinna_tammikuu2021-3-1.jpg\",\"datePublished\":\"2019-08-01T11:55:17+00:00\",\"dateModified\":\"2019-08-19T12:46:57+00:00\",\"description\":\"Der Heilige Olav pr\u00e4gt immer noch stark die Umgebung von Savonlinna. Die Spuren des Olavskult sind hier bis heute in Form von lebhaften Traditionen und\",\"breadcrumb\":{\"@id\":\"https:\\\/\\\/visitsavonlinna.fi\\\/de\\\/kulturweg-des-heiligen-olavs\\\/#breadcrumb\"},\"inLanguage\":\"de-DE\",\"potentialAction\":[{\"@type\":\"ReadAction\",\"target\":[\"https:\\\/\\\/visitsavonlinna.fi\\\/de\\\/kulturweg-des-heiligen-olavs\\\/\"]}]},{\"@type\":\"ImageObject\",\"inLanguage\":\"de-DE\",\"@id\":\"https:\\\/\\\/visitsavonlinna.fi\\\/de\\\/kulturweg-des-heiligen-olavs\\\/#primaryimage\",\"url\":\"https:\\\/\\\/visitsavonlinna.fi\\\/wp-content\\\/uploads\\\/sites\\\/2\\\/2021\\\/10\\\/Olavinlinna_tammikuu2021-3-1.jpg\",\"contentUrl\":\"https:\\\/\\\/visitsavonlinna.fi\\\/wp-content\\\/uploads\\\/sites\\\/2\\\/2021\\\/10\\\/Olavinlinna_tammikuu2021-3-1.jpg\",\"width\":1024,\"height\":683},{\"@type\":\"BreadcrumbList\",\"@id\":\"https:\\\/\\\/visitsavonlinna.fi\\\/de\\\/kulturweg-des-heiligen-olavs\\\/#breadcrumb\",\"itemListElement\":[{\"@type\":\"ListItem\",\"position\":1,\"name\":\"Visitsavonlinna.fi\",\"item\":\"https:\\\/\\\/visitsavonlinna.fi\\\/de\\\/\"},{\"@type\":\"ListItem\",\"position\":2,\"name\":\"Kulturweg des Heiligen Olavs\"}]},{\"@type\":\"WebSite\",\"@id\":\"https:\\\/\\\/visitsavonlinna.fi\\\/#website\",\"url\":\"https:\\\/\\\/visitsavonlinna.fi\\\/\",\"name\":\"Visit Savonlinna\",\"description\":\"\",\"potentialAction\":[{\"@type\":\"SearchAction\",\"target\":{\"@type\":\"EntryPoint\",\"urlTemplate\":\"https:\\\/\\\/visitsavonlinna.fi\\\/?s={search_term_string}\"},\"query-input\":{\"@type\":\"PropertyValueSpecification\",\"valueRequired\":true,\"valueName\":\"search_term_string\"}}],\"inLanguage\":\"de-DE\"}]}<\/script>\n<!-- \/ Yoast SEO Premium plugin. -->","yoast_head_json":{"title":"Kulturweg des Heiligen Olavs - Visit Savonlinna","description":"Der Heilige Olav pr\u00e4gt immer noch stark die Umgebung von Savonlinna. Die Spuren des Olavskult sind hier bis heute in Form von lebhaften Traditionen und","robots":{"index":"index","follow":"follow","max-snippet":"max-snippet:-1","max-image-preview":"max-image-preview:large","max-video-preview":"max-video-preview:-1"},"canonical":"https:\/\/visitsavonlinna.fi\/de\/kulturweg-des-heiligen-olavs\/","og_locale":"de_DE","og_type":"article","og_title":"Kulturweg des Heiligen Olavs","og_description":"Der Heilige Olav pr\u00e4gt immer noch stark die Umgebung von Savonlinna. Die Spuren des Olavskult sind hier bis heute in Form von lebhaften Traditionen und","og_url":"https:\/\/visitsavonlinna.fi\/de\/kulturweg-des-heiligen-olavs\/","og_site_name":"Visit Savonlinna","article_modified_time":"2019-08-19T12:46:57+00:00","twitter_card":"summary_large_image","twitter_misc":{"Gesch\u00e4tzte Lesezeit":"3 minutes"},"schema":{"@context":"https:\/\/schema.org","@graph":[{"@type":"WebPage","@id":"https:\/\/visitsavonlinna.fi\/de\/kulturweg-des-heiligen-olavs\/","url":"https:\/\/visitsavonlinna.fi\/de\/kulturweg-des-heiligen-olavs\/","name":"Kulturweg des Heiligen Olavs - Visit Savonlinna","isPartOf":{"@id":"https:\/\/visitsavonlinna.fi\/#website"},"primaryImageOfPage":{"@id":"https:\/\/visitsavonlinna.fi\/de\/kulturweg-des-heiligen-olavs\/#primaryimage"},"image":{"@id":"https:\/\/visitsavonlinna.fi\/de\/kulturweg-des-heiligen-olavs\/#primaryimage"},"thumbnailUrl":"https:\/\/visitsavonlinna.fi\/wp-content\/uploads\/sites\/2\/2021\/10\/Olavinlinna_tammikuu2021-3-1.jpg","datePublished":"2019-08-01T11:55:17+00:00","dateModified":"2019-08-19T12:46:57+00:00","description":"Der Heilige Olav pr\u00e4gt immer noch stark die Umgebung von Savonlinna. Die Spuren des Olavskult sind hier bis heute in Form von lebhaften Traditionen und","breadcrumb":{"@id":"https:\/\/visitsavonlinna.fi\/de\/kulturweg-des-heiligen-olavs\/#breadcrumb"},"inLanguage":"de-DE","potentialAction":[{"@type":"ReadAction","target":["https:\/\/visitsavonlinna.fi\/de\/kulturweg-des-heiligen-olavs\/"]}]},{"@type":"ImageObject","inLanguage":"de-DE","@id":"https:\/\/visitsavonlinna.fi\/de\/kulturweg-des-heiligen-olavs\/#primaryimage","url":"https:\/\/visitsavonlinna.fi\/wp-content\/uploads\/sites\/2\/2021\/10\/Olavinlinna_tammikuu2021-3-1.jpg","contentUrl":"https:\/\/visitsavonlinna.fi\/wp-content\/uploads\/sites\/2\/2021\/10\/Olavinlinna_tammikuu2021-3-1.jpg","width":1024,"height":683},{"@type":"BreadcrumbList","@id":"https:\/\/visitsavonlinna.fi\/de\/kulturweg-des-heiligen-olavs\/#breadcrumb","itemListElement":[{"@type":"ListItem","position":1,"name":"Visitsavonlinna.fi","item":"https:\/\/visitsavonlinna.fi\/de\/"},{"@type":"ListItem","position":2,"name":"Kulturweg des Heiligen Olavs"}]},{"@type":"WebSite","@id":"https:\/\/visitsavonlinna.fi\/#website","url":"https:\/\/visitsavonlinna.fi\/","name":"Visit Savonlinna","description":"","potentialAction":[{"@type":"SearchAction","target":{"@type":"EntryPoint","urlTemplate":"https:\/\/visitsavonlinna.fi\/?s={search_term_string}"},"query-input":{"@type":"PropertyValueSpecification","valueRequired":true,"valueName":"search_term_string"}}],"inLanguage":"de-DE"}]}},"_links":{"self":[{"href":"https:\/\/visitsavonlinna.fi\/de\/wp-json\/wp\/v2\/pages\/120752","targetHints":{"allow":["GET"]}}],"collection":[{"href":"https:\/\/visitsavonlinna.fi\/de\/wp-json\/wp\/v2\/pages"}],"about":[{"href":"https:\/\/visitsavonlinna.fi\/de\/wp-json\/wp\/v2\/types\/page"}],"author":[{"embeddable":true,"href":"https:\/\/visitsavonlinna.fi\/de\/wp-json\/wp\/v2\/users\/51"}],"replies":[{"embeddable":true,"href":"https:\/\/visitsavonlinna.fi\/de\/wp-json\/wp\/v2\/comments?post=120752"}],"version-history":[{"count":0,"href":"https:\/\/visitsavonlinna.fi\/de\/wp-json\/wp\/v2\/pages\/120752\/revisions"}],"wp:featuredmedia":[{"embeddable":true,"href":"https:\/\/visitsavonlinna.fi\/de\/wp-json\/wp\/v2\/media\/286086"}],"wp:attachment":[{"href":"https:\/\/visitsavonlinna.fi\/de\/wp-json\/wp\/v2\/media?parent=120752"}],"wp:term":[{"taxonomy":"relatedcontent","embeddable":true,"href":"https:\/\/visitsavonlinna.fi\/de\/wp-json\/wp\/v2\/relatedcontent?post=120752"}],"curies":[{"name":"wp","href":"https:\/\/api.w.org\/{rel}","templated":true}]}}