{"id":121029,"date":"2019-08-05T14:50:48","date_gmt":"2019-08-05T11:50:48","guid":{"rendered":"https:\/\/visitsavonlinna.fi\/?page_id=121029"},"modified":"2021-11-19T12:20:41","modified_gmt":"2021-11-19T10:20:41","slug":"kirchen-von-savonlinna","status":"publish","type":"page","link":"https:\/\/visitsavonlinna.fi\/de\/kirchen-von-savonlinna\/","title":{"rendered":"Kirchen in der Savonlinna-Region"},"content":{"rendered":"<p>[vc_row full_width=&#8220;stretch_row_content_no_spaces&#8220;][vc_column]<div class=\"main_header normal\">\n    <figure style=\"background-image: url('https:\/\/visitsavonlinna.fi\/wp-content\/uploads\/sites\/2\/2016\/05\/Savonlinna-kerim-en-kirkko-1920x600.jpg'); background-position: center center;\"><\/figure>\n    <div class=\"main_header_content\" style=\"\">\n        <div class=\"container\">\n            \n<h1 style=\"text-align: center;\">Kirchen in der Savonlinna-Region<\/h1>\n<p style=\"text-align: center;\">#saimaamoments<\/p>\n    \n        <\/div><!-- \/.container -->\n    <\/div>\n<\/div><!-- \/.main_header -->\n        <div class=\"container\">\n            <p id=\"breadcrumbs\"><span><span><a href=\"https:\/\/visitsavonlinna.fi\/de\/\">Visitsavonlinna.fi<\/a><\/span><\/span><\/p>        <\/div>\n    [\/vc_column][\/vc_row][vc_row][vc_column][vc_empty_space][\/vc_column][\/vc_row][vc_row][vc_column width=&#8220;1\/6&#8243;][\/vc_column][vc_column width=&#8220;2\/3&#8243;][vc_column_text]<\/p>\n<p style=\"text-align: center;\">Die Kirchen von Savonlinna sind definitiv einen Besuch wert und h\u00e4ufig finden dort musikalische Veranstaltungen jeglicher Art statt. Viele Kirchen und -kapellen berichten au\u00dferdem \u00fcber die vielf\u00e4ltige Geschichte des ganzen Gebietes rund um Savonlinna. Das Gebiet wurde lange sowohl von der westlichen als auch der \u00f6stlichen Kultur beeinflusst, weshalb es hier auch noch orthodoxe Kirchen gibt.<\/p>\n<p style=\"text-align: center;\">Im Dorfzentrum von Kerim\u00e4ki, ca. 20 km von Savonlinna entfernt, befindet sich<a href=\"https:\/\/visitsavonlinna.fi\/de\/products\/die-kirche-von-kerimaeki\/\"> die gr\u00f6\u00dfte Holzkirche der Welt<\/a>, worauf die Einheimischen verst\u00e4ndlich besonders stolz sind. Die Kirche wird \u201edie gr\u00f6\u00dfte Kirche der Christenheit\u201c genannt. Das \u00fcberw\u00e4ltigende Geb\u00e4ude ist zur Sommerzeit ge\u00f6ffnet. Am 25. Dezember wird dort ein Weihnachtsgottesdienst bei Kerzenlicht abgehalten, was jedem ein wundersch\u00f6nes Erlebnis bereitet.<\/p>\n<p style=\"text-align: center;\">Der <a href=\"\/?page_id=121036\">Dom von Savonlinna<\/a> steht im heutigen Stadtzentrum. Er wurde im Jahre 1879 fertig und diente zuerst zwei verschiedenen Gemeinden, und zwar Savonlinna und das ehemalige S\u00e4\u00e4minki. Davor befand sich die Kirche in Kirkkoniemi, wo heute noch ein alter Glockenturm und Friedhof verblieben sind.<\/p>\n<p>[\/vc_column_text][\/vc_column][vc_column width=&#8220;1\/6&#8243;][\/vc_column][\/vc_row][vc_row][vc_column][vc_column_text]<\/p>\n<h2 style=\"text-align: center;\">Kirchen und kirchliche Geb\u00e4ude<\/h2>\n<p>[\/vc_column_text][\/vc_column][\/vc_row][vc_row][vc_column]<div class=\"posts-list-grid wpb_content_element\">\n                            <div class=\"row no-gutter\"><div class=\"row no-gutter\"><div class=\"col-xs-10 col-sm-5 col-lg-33\">    <div class=\"post-box post-stub post-121036 page type-page status-publish hentry priority-3\"  data-contentid=\"2:121036\" data-showrelated=\"1\" id=\"dom-von-savonlinna-2-121036-1\">\n\n        <div class=\"vs_post_thumbnail\" style=\"background-image: url('https:\/\/visitsavonlinna.fi\/wp-content\/themes\/visitsavonlinna2021\/images\/default.jpg')\" ><\/div>        \n        <div class=\"image_overlay\"><\/div>\n                        \n        \n                <a href=\"https:\/\/visitsavonlinna.fi\/de\/dom-von-savonlinna\/\"  class=\"back-to-canonical \" title=\"Der Dom von Savonlinna\">\n            <span class=\"info\">\n                \n                                <span class=\"h3\">Der Dom von Savonlinna<\/span>\n                                            <\/span><!-- \/.info -->\n        <\/a>\n\n    <\/div>\n    <\/div><div class=\"col-xs-10 col-sm-5 col-lg-33\">    <div class=\"post-box filler \" style=\"background-color: #ffffff;\">\n        <div class=\"icon\"><\/div>\n                    <div class=\"background-icon\" style=\" background-image: url('');\" ><\/div>\n        \n        \n                            \n    <\/div>\n\n    <\/div><div class=\"col-xs-10 col-sm-5 col-lg-33\">    <div class=\"post-box filler \" style=\"background-color: #ffffff;\">\n        <div class=\"icon\"><\/div>\n                    <div class=\"background-icon\" style=\" background-image: url('');\" ><\/div>\n        \n        \n                            \n    <\/div>\n\n    <\/div><\/div><!-- row --><\/div><!-- \/.row -->\n                            <\/div><!--\/.posts-list-grid -->[\/vc_column][\/vc_row]<\/p>\n","protected":false},"excerpt":{"rendered":"<p>[vc_row full_width=&#8220;stretch_row_content_no_spaces&#8220;][vc_column][\/vc_column][\/vc_row][vc_row][vc_column][vc_empty_space][\/vc_column][\/vc_row][vc_row][vc_column width=&#8220;1\/6&#8243;][\/vc_column][vc_column width=&#8220;2\/3&#8243;][vc_column_text] Die Kirchen von Savonlinna sind definitiv einen Besuch wert und h\u00e4ufig finden dort musikalische Veranstaltungen jeglicher Art statt. Viele Kirchen und -kapellen berichten au\u00dferdem \u00fcber die [&hellip;]<\/p>\n","protected":false},"author":51,"featured_media":121031,"parent":0,"menu_order":0,"comment_status":"closed","ping_status":"closed","template":"","meta":{"footnotes":""},"relatedcontent":[1817,1818,1816],"class_list":{"0":"post-121029","1":"page","2":"type-page","3":"status-publish","4":"has-post-thumbnail","5":"hentry","6":"relatedcontent-dom-von-savonlinna","7":"relatedcontent-kirche-von-kerimaeki","8":"relatedcontent-kirchen-von-savonlinna","10":"priority-3"},"yoast_head":"<!-- This site is optimized with the Yoast SEO Premium plugin v27.3 (Yoast SEO v27.4) - https:\/\/yoast.com\/product\/yoast-seo-premium-wordpress\/ -->\n<title>Kirchen in der Savonlinna-Region - Visit Savonlinna<\/title>\n<meta name=\"description\" content=\"Die Kirchen von Savonlinna sind definitiv einen Besuch wert und h\u00e4ufig finden dort musikalische Veranstaltungen jeglicher Art statt. Viele Kirchen und\" \/>\n<meta name=\"robots\" content=\"index, follow, max-snippet:-1, max-image-preview:large, max-video-preview:-1\" \/>\n<link rel=\"canonical\" href=\"https:\/\/visitsavonlinna.fi\/de\/kirchen-von-savonlinna\/\" \/>\n<meta property=\"og:locale\" content=\"de_DE\" \/>\n<meta property=\"og:type\" content=\"article\" \/>\n<meta property=\"og:title\" content=\"Kirchen in der Savonlinna-Region\" \/>\n<meta property=\"og:description\" content=\"Die Kirchen von Savonlinna sind definitiv einen Besuch wert und h\u00e4ufig finden dort musikalische Veranstaltungen jeglicher Art statt. Viele Kirchen und\" \/>\n<meta property=\"og:url\" content=\"https:\/\/visitsavonlinna.fi\/de\/kirchen-von-savonlinna\/\" \/>\n<meta property=\"og:site_name\" content=\"Visit Savonlinna\" \/>\n<meta property=\"article:modified_time\" content=\"2021-11-19T10:20:41+00:00\" \/>\n<meta property=\"og:image\" content=\"https:\/\/visitsavonlinna.fi\/wp-content\/uploads\/sites\/2\/2016\/05\/Savonlinna-kerim-en-kirkko.jpg\" \/>\n\t<meta property=\"og:image:width\" content=\"2000\" \/>\n\t<meta property=\"og:image:height\" content=\"1335\" \/>\n\t<meta property=\"og:image:type\" content=\"image\/jpeg\" \/>\n<meta name=\"twitter:card\" content=\"summary_large_image\" \/>\n<meta name=\"twitter:label1\" content=\"Gesch\u00e4tzte Lesezeit\" \/>\n\t<meta name=\"twitter:data1\" content=\"1 minute\" \/>\n<script type=\"application\/ld+json\" class=\"yoast-schema-graph\">{\"@context\":\"https:\\\/\\\/schema.org\",\"@graph\":[{\"@type\":\"WebPage\",\"@id\":\"https:\\\/\\\/visitsavonlinna.fi\\\/de\\\/kirchen-von-savonlinna\\\/\",\"url\":\"https:\\\/\\\/visitsavonlinna.fi\\\/de\\\/kirchen-von-savonlinna\\\/\",\"name\":\"Kirchen in der Savonlinna-Region - Visit Savonlinna\",\"isPartOf\":{\"@id\":\"https:\\\/\\\/visitsavonlinna.fi\\\/#website\"},\"primaryImageOfPage\":{\"@id\":\"https:\\\/\\\/visitsavonlinna.fi\\\/de\\\/kirchen-von-savonlinna\\\/#primaryimage\"},\"image\":{\"@id\":\"https:\\\/\\\/visitsavonlinna.fi\\\/de\\\/kirchen-von-savonlinna\\\/#primaryimage\"},\"thumbnailUrl\":\"https:\\\/\\\/visitsavonlinna.fi\\\/wp-content\\\/uploads\\\/sites\\\/2\\\/2016\\\/05\\\/Savonlinna-kerim-en-kirkko.jpg\",\"datePublished\":\"2019-08-05T11:50:48+00:00\",\"dateModified\":\"2021-11-19T10:20:41+00:00\",\"description\":\"Die Kirchen von Savonlinna sind definitiv einen Besuch wert und h\u00e4ufig finden dort musikalische Veranstaltungen jeglicher Art statt. Viele Kirchen und\",\"breadcrumb\":{\"@id\":\"https:\\\/\\\/visitsavonlinna.fi\\\/de\\\/kirchen-von-savonlinna\\\/#breadcrumb\"},\"inLanguage\":\"de-DE\",\"potentialAction\":[{\"@type\":\"ReadAction\",\"target\":[\"https:\\\/\\\/visitsavonlinna.fi\\\/de\\\/kirchen-von-savonlinna\\\/\"]}]},{\"@type\":\"ImageObject\",\"inLanguage\":\"de-DE\",\"@id\":\"https:\\\/\\\/visitsavonlinna.fi\\\/de\\\/kirchen-von-savonlinna\\\/#primaryimage\",\"url\":\"https:\\\/\\\/visitsavonlinna.fi\\\/wp-content\\\/uploads\\\/sites\\\/2\\\/2016\\\/05\\\/Savonlinna-kerim-en-kirkko.jpg\",\"contentUrl\":\"https:\\\/\\\/visitsavonlinna.fi\\\/wp-content\\\/uploads\\\/sites\\\/2\\\/2016\\\/05\\\/Savonlinna-kerim-en-kirkko.jpg\",\"width\":2000,\"height\":1335,\"caption\":\"Savonlinna kerim\u00e4en kirkko\"},{\"@type\":\"BreadcrumbList\",\"@id\":\"https:\\\/\\\/visitsavonlinna.fi\\\/de\\\/kirchen-von-savonlinna\\\/#breadcrumb\",\"itemListElement\":[{\"@type\":\"ListItem\",\"position\":1,\"name\":\"Visitsavonlinna.fi\",\"item\":\"https:\\\/\\\/visitsavonlinna.fi\\\/de\\\/\"},{\"@type\":\"ListItem\",\"position\":2,\"name\":\"Kirchen in der Savonlinna-Region\"}]},{\"@type\":\"WebSite\",\"@id\":\"https:\\\/\\\/visitsavonlinna.fi\\\/#website\",\"url\":\"https:\\\/\\\/visitsavonlinna.fi\\\/\",\"name\":\"Visit Savonlinna\",\"description\":\"\",\"potentialAction\":[{\"@type\":\"SearchAction\",\"target\":{\"@type\":\"EntryPoint\",\"urlTemplate\":\"https:\\\/\\\/visitsavonlinna.fi\\\/?s={search_term_string}\"},\"query-input\":{\"@type\":\"PropertyValueSpecification\",\"valueRequired\":true,\"valueName\":\"search_term_string\"}}],\"inLanguage\":\"de-DE\"}]}<\/script>\n<!-- \/ Yoast SEO Premium plugin. -->","yoast_head_json":{"title":"Kirchen in der Savonlinna-Region - Visit Savonlinna","description":"Die Kirchen von Savonlinna sind definitiv einen Besuch wert und h\u00e4ufig finden dort musikalische Veranstaltungen jeglicher Art statt. Viele Kirchen und","robots":{"index":"index","follow":"follow","max-snippet":"max-snippet:-1","max-image-preview":"max-image-preview:large","max-video-preview":"max-video-preview:-1"},"canonical":"https:\/\/visitsavonlinna.fi\/de\/kirchen-von-savonlinna\/","og_locale":"de_DE","og_type":"article","og_title":"Kirchen in der Savonlinna-Region","og_description":"Die Kirchen von Savonlinna sind definitiv einen Besuch wert und h\u00e4ufig finden dort musikalische Veranstaltungen jeglicher Art statt. Viele Kirchen und","og_url":"https:\/\/visitsavonlinna.fi\/de\/kirchen-von-savonlinna\/","og_site_name":"Visit Savonlinna","article_modified_time":"2021-11-19T10:20:41+00:00","og_image":[{"width":2000,"height":1335,"url":"https:\/\/visitsavonlinna.fi\/wp-content\/uploads\/sites\/2\/2016\/05\/Savonlinna-kerim-en-kirkko.jpg","type":"image\/jpeg"}],"twitter_card":"summary_large_image","twitter_misc":{"Gesch\u00e4tzte Lesezeit":"1 minute"},"schema":{"@context":"https:\/\/schema.org","@graph":[{"@type":"WebPage","@id":"https:\/\/visitsavonlinna.fi\/de\/kirchen-von-savonlinna\/","url":"https:\/\/visitsavonlinna.fi\/de\/kirchen-von-savonlinna\/","name":"Kirchen in der Savonlinna-Region - Visit Savonlinna","isPartOf":{"@id":"https:\/\/visitsavonlinna.fi\/#website"},"primaryImageOfPage":{"@id":"https:\/\/visitsavonlinna.fi\/de\/kirchen-von-savonlinna\/#primaryimage"},"image":{"@id":"https:\/\/visitsavonlinna.fi\/de\/kirchen-von-savonlinna\/#primaryimage"},"thumbnailUrl":"https:\/\/visitsavonlinna.fi\/wp-content\/uploads\/sites\/2\/2016\/05\/Savonlinna-kerim-en-kirkko.jpg","datePublished":"2019-08-05T11:50:48+00:00","dateModified":"2021-11-19T10:20:41+00:00","description":"Die Kirchen von Savonlinna sind definitiv einen Besuch wert und h\u00e4ufig finden dort musikalische Veranstaltungen jeglicher Art statt. Viele Kirchen und","breadcrumb":{"@id":"https:\/\/visitsavonlinna.fi\/de\/kirchen-von-savonlinna\/#breadcrumb"},"inLanguage":"de-DE","potentialAction":[{"@type":"ReadAction","target":["https:\/\/visitsavonlinna.fi\/de\/kirchen-von-savonlinna\/"]}]},{"@type":"ImageObject","inLanguage":"de-DE","@id":"https:\/\/visitsavonlinna.fi\/de\/kirchen-von-savonlinna\/#primaryimage","url":"https:\/\/visitsavonlinna.fi\/wp-content\/uploads\/sites\/2\/2016\/05\/Savonlinna-kerim-en-kirkko.jpg","contentUrl":"https:\/\/visitsavonlinna.fi\/wp-content\/uploads\/sites\/2\/2016\/05\/Savonlinna-kerim-en-kirkko.jpg","width":2000,"height":1335,"caption":"Savonlinna kerim\u00e4en kirkko"},{"@type":"BreadcrumbList","@id":"https:\/\/visitsavonlinna.fi\/de\/kirchen-von-savonlinna\/#breadcrumb","itemListElement":[{"@type":"ListItem","position":1,"name":"Visitsavonlinna.fi","item":"https:\/\/visitsavonlinna.fi\/de\/"},{"@type":"ListItem","position":2,"name":"Kirchen in der Savonlinna-Region"}]},{"@type":"WebSite","@id":"https:\/\/visitsavonlinna.fi\/#website","url":"https:\/\/visitsavonlinna.fi\/","name":"Visit Savonlinna","description":"","potentialAction":[{"@type":"SearchAction","target":{"@type":"EntryPoint","urlTemplate":"https:\/\/visitsavonlinna.fi\/?s={search_term_string}"},"query-input":{"@type":"PropertyValueSpecification","valueRequired":true,"valueName":"search_term_string"}}],"inLanguage":"de-DE"}]}},"_links":{"self":[{"href":"https:\/\/visitsavonlinna.fi\/de\/wp-json\/wp\/v2\/pages\/121029","targetHints":{"allow":["GET"]}}],"collection":[{"href":"https:\/\/visitsavonlinna.fi\/de\/wp-json\/wp\/v2\/pages"}],"about":[{"href":"https:\/\/visitsavonlinna.fi\/de\/wp-json\/wp\/v2\/types\/page"}],"author":[{"embeddable":true,"href":"https:\/\/visitsavonlinna.fi\/de\/wp-json\/wp\/v2\/users\/51"}],"replies":[{"embeddable":true,"href":"https:\/\/visitsavonlinna.fi\/de\/wp-json\/wp\/v2\/comments?post=121029"}],"version-history":[{"count":0,"href":"https:\/\/visitsavonlinna.fi\/de\/wp-json\/wp\/v2\/pages\/121029\/revisions"}],"wp:featuredmedia":[{"embeddable":true,"href":"https:\/\/visitsavonlinna.fi\/de\/wp-json\/wp\/v2\/media\/121031"}],"wp:attachment":[{"href":"https:\/\/visitsavonlinna.fi\/de\/wp-json\/wp\/v2\/media?parent=121029"}],"wp:term":[{"taxonomy":"relatedcontent","embeddable":true,"href":"https:\/\/visitsavonlinna.fi\/de\/wp-json\/wp\/v2\/relatedcontent?post=121029"}],"curies":[{"name":"wp","href":"https:\/\/api.w.org\/{rel}","templated":true}]}}