{"id":121036,"date":"2019-08-05T15:12:51","date_gmt":"2019-08-05T12:12:51","guid":{"rendered":"https:\/\/visitsavonlinna.fi\/?page_id=121036"},"modified":"2019-08-19T16:09:40","modified_gmt":"2019-08-19T13:09:40","slug":"dom-von-savonlinna","status":"publish","type":"page","link":"https:\/\/visitsavonlinna.fi\/de\/dom-von-savonlinna\/","title":{"rendered":"Der Dom von Savonlinna"},"content":{"rendered":"<p>[vc_row full_width=&#8220;stretch_row_content_no_spaces&#8220;][vc_column]<div class=\"main_header normal\">\n    <figure style=\"background-image: url('https:\/\/visitsavonlinna.fi\/wp-content\/uploads\/sites\/2\/2019\/08\/Dom-von-Savonlinna-1920x600.jpg'); background-position: center center;\"><\/figure>\n    <div class=\"main_header_content\" style=\"\">\n        <div class=\"container\">\n            \n<h1 style=\"text-align: center;\">Der Dom von Savonlinna<\/h1>\n<p style=\"text-align: center;\">#saimaamoments<\/p>\n    \n        <\/div><!-- \/.container -->\n    <\/div>\n<\/div><!-- \/.main_header -->\n        <div class=\"container\">\n            <p id=\"breadcrumbs\"><span><span><a href=\"https:\/\/visitsavonlinna.fi\/de\/\">Visitsavonlinna.fi<\/a><\/span><\/span><\/p>        <\/div>\n    [\/vc_column][\/vc_row][vc_row][vc_column][vc_empty_space][\/vc_column][\/vc_row][vc_row][vc_column width=&#8220;1\/6&#8243;][\/vc_column][vc_column width=&#8220;2\/3&#8243;][vc_column_text]<\/p>\n<h2 style=\"text-align: center\">Neogotik aus dem Jahr 1879<\/h2>\n<p style=\"text-align: center\">Der Dom von Savonlinna ist die Pfarrkirche der evangelisch-lutherischen Gemeinde. Sie wird noch \u201eDom\u201c genannt, weil sich in Savonlinna ein Bischofssitz von 1897 bis 1924 befand.<\/p>\n<p style=\"text-align: center\">Die Kirche wurde vom Architekten A. H. Dahlstr\u00f6m 1858 geplant und am 02.02.1879 eingeweiht. Das Geb\u00e4ude wurde im Winterkrieg 1940 in einem Luftangriff besch\u00e4digt. Der Architekt B. Liljeqvist hat seinen Aufbau geplant. Das Deckenfresko des Altarchores, die Gem\u00e4lde an den Emporengel\u00e4ndern und die Kronleuchter sind alle Werke vom K\u00fcnstler Antti Salmenlinna. Das Altarbild \u201eJesus in Gethsemane\u201d ist ein Triptyk des K\u00fcnstlers Paavo Leinonen. Die Kirchentextilien stammen aus dem Jahr 1979, und diese hat die K\u00fcnstlerin Helena Karvonen gestaltet.<\/p>\n<p style=\"text-align: center\">Die Barockorgel mit 45 Registern geh\u00f6rt zu den imponierendsten Gegenst\u00e4nden der Kirche. Sie wurde von Urkurakentamo Martti Porthan Oy 1991 gebaut.<\/p>\n<p style=\"text-align: center\">Der Dom hat heute 800 Sitzpl\u00e4tze. Ein Gottesdienst wird dort sonntags um 10.00 Uhr abgehalten.<\/p>\n<p>&nbsp;<\/p>\n<p style=\"text-align: center\"><strong>\u00d6ffnungszeiten<\/strong><\/p>\n<p style=\"text-align: center\">Der Dom ist 03.06.\u201311.08.2019 von 10:00\u201318:00 Uhr ge\u00f6ffnet.<\/p>\n<p>[\/vc_column_text][\/vc_column][vc_column width=&#8220;1\/6&#8243;][\/vc_column][\/vc_row][vc_row][vc_column][vc_gmaps link=&#8220;#E-8_JTNDaWZyYW1lJTIwc3JjJTNEJTIyaHR0cHMlM0ElMkYlMkZ3d3cuZ29vZ2xlLmNvbSUyRm1hcHMlMkZlbWJlZCUzRnBiJTNEJTIxMW0xOCUyMTFtMTIlMjExbTMlMjExZDE4ODEuMTkzMTk0OTM2NzY2NSUyMTJkMjguODc3MTYxNTY2Nzc5MzUzJTIxM2Q2MS44NjgzOTExMjY5MzY1MyUyMTJtMyUyMTFmMCUyMTJmMCUyMTNmMCUyMTNtMiUyMTFpMTAyNCUyMTJpNzY4JTIxNGYxMy4xJTIxM20zJTIxMW0yJTIxMXMweDQ2OWE0ZmZjMDE4MTVhNDElMjUzQTB4OGQ0NTIwZDk1N2E4Mzk2ZCUyMTJzU2F2b25saW5uYW4lMkJUdW9taW9raXJra28lMjE1ZTAlMjEzbTIlMjExc2ZpJTIxMnNmaSUyMTR2MTU2NjIyMDAyMjkxNyUyMTVtMiUyMTFzZmklMjEyc2ZpJTIyJTIwd2lkdGglM0QlMjI2MDAlMjIlMjBoZWlnaHQlM0QlMjI0NTAlMjIlMjBmcmFtZWJvcmRlciUzRCUyMjAlMjIlMjBzdHlsZSUzRCUyMmJvcmRlciUzQTAlMjIlMjBhbGxvd2Z1bGxzY3JlZW4lM0UlM0MlMkZpZnJhbWUlM0U=&#8220; title=&#8220;Dom von Savonlinna&#8220;][\/vc_column][\/vc_row]<\/p>\n","protected":false},"excerpt":{"rendered":"<p>[vc_row full_width=&#8220;stretch_row_content_no_spaces&#8220;][vc_column][\/vc_column][\/vc_row][vc_row][vc_column][vc_empty_space][\/vc_column][\/vc_row][vc_row][vc_column width=&#8220;1\/6&#8243;][\/vc_column][vc_column width=&#8220;2\/3&#8243;][vc_column_text] Neogotik aus dem Jahr 1879 Der Dom von Savonlinna ist die Pfarrkirche der evangelisch-lutherischen Gemeinde. Sie wird noch \u201eDom\u201c genannt, weil sich in Savonlinna ein Bischofssitz [&hellip;]<\/p>\n","protected":false},"author":51,"featured_media":0,"parent":0,"menu_order":0,"comment_status":"closed","ping_status":"closed","template":"","meta":{"footnotes":""},"relatedcontent":[],"class_list":{"0":"post-121036","1":"page","2":"type-page","3":"status-publish","4":"hentry","6":"priority-3"},"yoast_head":"<!-- This site is optimized with the Yoast SEO Premium plugin v27.3 (Yoast SEO v27.4) - https:\/\/yoast.com\/product\/yoast-seo-premium-wordpress\/ -->\n<title>Der Dom von Savonlinna - Visit Savonlinna<\/title>\n<meta name=\"description\" content=\"Neogotik aus dem Jahr 1879 Der Dom von Savonlinna ist die Pfarrkirche der evangelisch-lutherischen Gemeinde. Sie wird noch \u201eDom\u201c genannt, weil sich in\" \/>\n<meta name=\"robots\" content=\"index, follow, max-snippet:-1, max-image-preview:large, max-video-preview:-1\" \/>\n<link rel=\"canonical\" href=\"https:\/\/visitsavonlinna.fi\/de\/dom-von-savonlinna\/\" \/>\n<meta property=\"og:locale\" content=\"de_DE\" \/>\n<meta property=\"og:type\" content=\"article\" \/>\n<meta property=\"og:title\" content=\"Der Dom von Savonlinna\" \/>\n<meta property=\"og:description\" content=\"Neogotik aus dem Jahr 1879 Der Dom von Savonlinna ist die Pfarrkirche der evangelisch-lutherischen Gemeinde. Sie wird noch \u201eDom\u201c genannt, weil sich in\" \/>\n<meta property=\"og:url\" content=\"https:\/\/visitsavonlinna.fi\/de\/dom-von-savonlinna\/\" \/>\n<meta property=\"og:site_name\" content=\"Visit Savonlinna\" \/>\n<meta property=\"article:modified_time\" content=\"2019-08-19T13:09:40+00:00\" \/>\n<meta name=\"twitter:card\" content=\"summary_large_image\" \/>\n<meta name=\"twitter:label1\" content=\"Gesch\u00e4tzte Lesezeit\" \/>\n\t<meta name=\"twitter:data1\" content=\"1 minute\" \/>\n<script type=\"application\/ld+json\" class=\"yoast-schema-graph\">{\"@context\":\"https:\\\/\\\/schema.org\",\"@graph\":[{\"@type\":\"WebPage\",\"@id\":\"https:\\\/\\\/visitsavonlinna.fi\\\/de\\\/dom-von-savonlinna\\\/\",\"url\":\"https:\\\/\\\/visitsavonlinna.fi\\\/de\\\/dom-von-savonlinna\\\/\",\"name\":\"Der Dom von Savonlinna - Visit Savonlinna\",\"isPartOf\":{\"@id\":\"https:\\\/\\\/visitsavonlinna.fi\\\/#website\"},\"datePublished\":\"2019-08-05T12:12:51+00:00\",\"dateModified\":\"2019-08-19T13:09:40+00:00\",\"description\":\"Neogotik aus dem Jahr 1879 Der Dom von Savonlinna ist die Pfarrkirche der evangelisch-lutherischen Gemeinde. Sie wird noch \u201eDom\u201c genannt, weil sich in\",\"breadcrumb\":{\"@id\":\"https:\\\/\\\/visitsavonlinna.fi\\\/de\\\/dom-von-savonlinna\\\/#breadcrumb\"},\"inLanguage\":\"de-DE\",\"potentialAction\":[{\"@type\":\"ReadAction\",\"target\":[\"https:\\\/\\\/visitsavonlinna.fi\\\/de\\\/dom-von-savonlinna\\\/\"]}]},{\"@type\":\"BreadcrumbList\",\"@id\":\"https:\\\/\\\/visitsavonlinna.fi\\\/de\\\/dom-von-savonlinna\\\/#breadcrumb\",\"itemListElement\":[{\"@type\":\"ListItem\",\"position\":1,\"name\":\"Visitsavonlinna.fi\",\"item\":\"https:\\\/\\\/visitsavonlinna.fi\\\/de\\\/\"},{\"@type\":\"ListItem\",\"position\":2,\"name\":\"Der Dom von Savonlinna\"}]},{\"@type\":\"WebSite\",\"@id\":\"https:\\\/\\\/visitsavonlinna.fi\\\/#website\",\"url\":\"https:\\\/\\\/visitsavonlinna.fi\\\/\",\"name\":\"Visit Savonlinna\",\"description\":\"\",\"potentialAction\":[{\"@type\":\"SearchAction\",\"target\":{\"@type\":\"EntryPoint\",\"urlTemplate\":\"https:\\\/\\\/visitsavonlinna.fi\\\/?s={search_term_string}\"},\"query-input\":{\"@type\":\"PropertyValueSpecification\",\"valueRequired\":true,\"valueName\":\"search_term_string\"}}],\"inLanguage\":\"de-DE\"}]}<\/script>\n<!-- \/ Yoast SEO Premium plugin. -->","yoast_head_json":{"title":"Der Dom von Savonlinna - Visit Savonlinna","description":"Neogotik aus dem Jahr 1879 Der Dom von Savonlinna ist die Pfarrkirche der evangelisch-lutherischen Gemeinde. Sie wird noch \u201eDom\u201c genannt, weil sich in","robots":{"index":"index","follow":"follow","max-snippet":"max-snippet:-1","max-image-preview":"max-image-preview:large","max-video-preview":"max-video-preview:-1"},"canonical":"https:\/\/visitsavonlinna.fi\/de\/dom-von-savonlinna\/","og_locale":"de_DE","og_type":"article","og_title":"Der Dom von Savonlinna","og_description":"Neogotik aus dem Jahr 1879 Der Dom von Savonlinna ist die Pfarrkirche der evangelisch-lutherischen Gemeinde. Sie wird noch \u201eDom\u201c genannt, weil sich in","og_url":"https:\/\/visitsavonlinna.fi\/de\/dom-von-savonlinna\/","og_site_name":"Visit Savonlinna","article_modified_time":"2019-08-19T13:09:40+00:00","twitter_card":"summary_large_image","twitter_misc":{"Gesch\u00e4tzte Lesezeit":"1 minute"},"schema":{"@context":"https:\/\/schema.org","@graph":[{"@type":"WebPage","@id":"https:\/\/visitsavonlinna.fi\/de\/dom-von-savonlinna\/","url":"https:\/\/visitsavonlinna.fi\/de\/dom-von-savonlinna\/","name":"Der Dom von Savonlinna - Visit Savonlinna","isPartOf":{"@id":"https:\/\/visitsavonlinna.fi\/#website"},"datePublished":"2019-08-05T12:12:51+00:00","dateModified":"2019-08-19T13:09:40+00:00","description":"Neogotik aus dem Jahr 1879 Der Dom von Savonlinna ist die Pfarrkirche der evangelisch-lutherischen Gemeinde. Sie wird noch \u201eDom\u201c genannt, weil sich in","breadcrumb":{"@id":"https:\/\/visitsavonlinna.fi\/de\/dom-von-savonlinna\/#breadcrumb"},"inLanguage":"de-DE","potentialAction":[{"@type":"ReadAction","target":["https:\/\/visitsavonlinna.fi\/de\/dom-von-savonlinna\/"]}]},{"@type":"BreadcrumbList","@id":"https:\/\/visitsavonlinna.fi\/de\/dom-von-savonlinna\/#breadcrumb","itemListElement":[{"@type":"ListItem","position":1,"name":"Visitsavonlinna.fi","item":"https:\/\/visitsavonlinna.fi\/de\/"},{"@type":"ListItem","position":2,"name":"Der Dom von Savonlinna"}]},{"@type":"WebSite","@id":"https:\/\/visitsavonlinna.fi\/#website","url":"https:\/\/visitsavonlinna.fi\/","name":"Visit Savonlinna","description":"","potentialAction":[{"@type":"SearchAction","target":{"@type":"EntryPoint","urlTemplate":"https:\/\/visitsavonlinna.fi\/?s={search_term_string}"},"query-input":{"@type":"PropertyValueSpecification","valueRequired":true,"valueName":"search_term_string"}}],"inLanguage":"de-DE"}]}},"_links":{"self":[{"href":"https:\/\/visitsavonlinna.fi\/de\/wp-json\/wp\/v2\/pages\/121036","targetHints":{"allow":["GET"]}}],"collection":[{"href":"https:\/\/visitsavonlinna.fi\/de\/wp-json\/wp\/v2\/pages"}],"about":[{"href":"https:\/\/visitsavonlinna.fi\/de\/wp-json\/wp\/v2\/types\/page"}],"author":[{"embeddable":true,"href":"https:\/\/visitsavonlinna.fi\/de\/wp-json\/wp\/v2\/users\/51"}],"replies":[{"embeddable":true,"href":"https:\/\/visitsavonlinna.fi\/de\/wp-json\/wp\/v2\/comments?post=121036"}],"version-history":[{"count":0,"href":"https:\/\/visitsavonlinna.fi\/de\/wp-json\/wp\/v2\/pages\/121036\/revisions"}],"wp:attachment":[{"href":"https:\/\/visitsavonlinna.fi\/de\/wp-json\/wp\/v2\/media?parent=121036"}],"wp:term":[{"taxonomy":"relatedcontent","embeddable":true,"href":"https:\/\/visitsavonlinna.fi\/de\/wp-json\/wp\/v2\/relatedcontent?post=121036"}],"curies":[{"name":"wp","href":"https:\/\/api.w.org\/{rel}","templated":true}]}}