{"id":125646,"date":"2019-09-16T15:07:28","date_gmt":"2019-09-16T12:07:28","guid":{"rendered":"https:\/\/visitsavonlinna.fi\/?page_id=125646"},"modified":"2019-09-16T15:15:59","modified_gmt":"2019-09-16T12:15:59","slug":"reitwanderung","status":"publish","type":"page","link":"https:\/\/visitsavonlinna.fi\/de\/reitwanderung\/","title":{"rendered":"Reitwanderung"},"content":{"rendered":"<p>[vc_row full_width=&#8220;stretch_row_content_no_spaces&#8220;][vc_column]<div class=\"main_header normal\">\n    <figure style=\"background-image: url('https:\/\/visitsavonlinna.fi\/wp-content\/uploads\/sites\/2\/2019\/09\/finnland-seenland-saimaa-savonlinna-Reitwanderung-1615x600.jpg'); background-position: center center;\"><\/figure>\n    <div class=\"main_header_content\" style=\"\">\n        <div class=\"container\">\n            \n<h1 style=\"text-align: center;\">Reitwanderung<\/h1>\n<p style=\"text-align: center;\">#saimaamoments<\/p>\n    \n        <\/div><!-- \/.container -->\n    <\/div>\n<\/div><!-- \/.main_header -->\n        <div class=\"container\">\n            <p id=\"breadcrumbs\"><span><span><a href=\"https:\/\/visitsavonlinna.fi\/de\/\">Visitsavonlinna.fi<\/a><\/span><\/span><\/p>        <\/div>\n    [\/vc_column][\/vc_row][vc_row][vc_column width=&#8220;1\/6&#8243;][vc_empty_space][\/vc_column][vc_column width=&#8220;2\/3&#8243;][\/vc_column][vc_column width=&#8220;1\/6&#8243;][\/vc_column][\/vc_row][vc_row][vc_column width=&#8220;1\/6&#8243;][\/vc_column][vc_column width=&#8220;2\/3&#8243;][vc_column_text]<\/p>\n<p style=\"text-align: center;\">Verweilen Sie im Scho\u00df der Natur und genie\u00dfen Sie die sch\u00f6ne Landschaft auf einer Reitwanderung. Zahlreiche Reiterh\u00f6fe des Gebiets bieten das ganze Jahr \u00fcber erstklassige Angebote und M\u00f6glichkeiten. Sie k\u00f6nnen in der Halle reiten, auf dem Au\u00dfenplatz, auf Wald- oder Sandwegen und auf sch\u00f6nen Uferpfaden.<\/p>\n<p>[\/vc_column_text][\/vc_column][vc_column width=&#8220;1\/6&#8243;][\/vc_column][\/vc_row][vc_row][vc_column]<div class=\"posts-list-grid wpb_content_element no-list-items\"><\/p>\n<h4>Sorry, No items<\/h4>\n<p><\/div>[\/vc_column][\/vc_row]<\/p>\n","protected":false},"excerpt":{"rendered":"<p>[vc_row full_width=&#8220;stretch_row_content_no_spaces&#8220;][vc_column][\/vc_column][\/vc_row][vc_row][vc_column width=&#8220;1\/6&#8243;][vc_empty_space][\/vc_column][vc_column width=&#8220;2\/3&#8243;][\/vc_column][vc_column width=&#8220;1\/6&#8243;][\/vc_column][\/vc_row][vc_row][vc_column width=&#8220;1\/6&#8243;][\/vc_column][vc_column width=&#8220;2\/3&#8243;][vc_column_text] Verweilen Sie im Scho\u00df der Natur und genie\u00dfen Sie die sch\u00f6ne Landschaft auf einer Reitwanderung. Zahlreiche Reiterh\u00f6fe des Gebiets bieten das ganze Jahr [&hellip;]<\/p>\n","protected":false},"author":2,"featured_media":125649,"parent":0,"menu_order":0,"comment_status":"closed","ping_status":"closed","template":"","meta":{"footnotes":""},"relatedcontent":[],"class_list":{"0":"post-125646","1":"page","2":"type-page","3":"status-publish","4":"has-post-thumbnail","5":"hentry","7":"priority-3"},"yoast_head":"<!-- This site is optimized with the Yoast SEO Premium plugin v27.3 (Yoast SEO v27.4) - https:\/\/yoast.com\/product\/yoast-seo-premium-wordpress\/ -->\n<title>Reitwanderung - Visit Savonlinna<\/title>\n<meta name=\"description\" content=\"Verweilen Sie im Scho\u00df der Natur und genie\u00dfen Sie die sch\u00f6ne Landschaft auf einer Reitwanderung. Zahlreiche Reiterh\u00f6fe des Gebiets bieten das ganze Jahr\" \/>\n<meta name=\"robots\" content=\"index, follow, max-snippet:-1, max-image-preview:large, max-video-preview:-1\" \/>\n<link rel=\"canonical\" href=\"https:\/\/visitsavonlinna.fi\/de\/reitwanderung\/\" \/>\n<meta property=\"og:locale\" content=\"de_DE\" \/>\n<meta property=\"og:type\" content=\"article\" \/>\n<meta property=\"og:title\" content=\"Reitwanderung\" \/>\n<meta property=\"og:description\" content=\"Verweilen Sie im Scho\u00df der Natur und genie\u00dfen Sie die sch\u00f6ne Landschaft auf einer Reitwanderung. Zahlreiche Reiterh\u00f6fe des Gebiets bieten das ganze Jahr\" \/>\n<meta property=\"og:url\" content=\"https:\/\/visitsavonlinna.fi\/de\/reitwanderung\/\" \/>\n<meta property=\"og:site_name\" content=\"Visit Savonlinna\" \/>\n<meta property=\"article:modified_time\" content=\"2019-09-16T12:15:59+00:00\" \/>\n<meta property=\"og:image\" content=\"https:\/\/visitsavonlinna.fi\/wp-content\/uploads\/sites\/2\/2019\/09\/finnland-seenland-saimaa-savonlinna-Reitwanderung.jpg\" \/>\n\t<meta property=\"og:image:width\" content=\"1615\" \/>\n\t<meta property=\"og:image:height\" content=\"681\" \/>\n\t<meta property=\"og:image:type\" content=\"image\/jpeg\" \/>\n<meta name=\"twitter:card\" content=\"summary_large_image\" \/>\n<meta name=\"twitter:label1\" content=\"Gesch\u00e4tzte Lesezeit\" \/>\n\t<meta name=\"twitter:data1\" content=\"1 minute\" \/>\n<script type=\"application\/ld+json\" class=\"yoast-schema-graph\">{\"@context\":\"https:\\\/\\\/schema.org\",\"@graph\":[{\"@type\":\"WebPage\",\"@id\":\"https:\\\/\\\/visitsavonlinna.fi\\\/de\\\/reitwanderung\\\/\",\"url\":\"https:\\\/\\\/visitsavonlinna.fi\\\/de\\\/reitwanderung\\\/\",\"name\":\"Reitwanderung - Visit Savonlinna\",\"isPartOf\":{\"@id\":\"https:\\\/\\\/visitsavonlinna.fi\\\/#website\"},\"primaryImageOfPage\":{\"@id\":\"https:\\\/\\\/visitsavonlinna.fi\\\/de\\\/reitwanderung\\\/#primaryimage\"},\"image\":{\"@id\":\"https:\\\/\\\/visitsavonlinna.fi\\\/de\\\/reitwanderung\\\/#primaryimage\"},\"thumbnailUrl\":\"https:\\\/\\\/visitsavonlinna.fi\\\/wp-content\\\/uploads\\\/sites\\\/2\\\/2019\\\/09\\\/finnland-seenland-saimaa-savonlinna-Reitwanderung.jpg\",\"datePublished\":\"2019-09-16T12:07:28+00:00\",\"dateModified\":\"2019-09-16T12:15:59+00:00\",\"description\":\"Verweilen Sie im Scho\u00df der Natur und genie\u00dfen Sie die sch\u00f6ne Landschaft auf einer Reitwanderung. Zahlreiche Reiterh\u00f6fe des Gebiets bieten das ganze Jahr\",\"breadcrumb\":{\"@id\":\"https:\\\/\\\/visitsavonlinna.fi\\\/de\\\/reitwanderung\\\/#breadcrumb\"},\"inLanguage\":\"de-DE\",\"potentialAction\":[{\"@type\":\"ReadAction\",\"target\":[\"https:\\\/\\\/visitsavonlinna.fi\\\/de\\\/reitwanderung\\\/\"]}]},{\"@type\":\"ImageObject\",\"inLanguage\":\"de-DE\",\"@id\":\"https:\\\/\\\/visitsavonlinna.fi\\\/de\\\/reitwanderung\\\/#primaryimage\",\"url\":\"https:\\\/\\\/visitsavonlinna.fi\\\/wp-content\\\/uploads\\\/sites\\\/2\\\/2019\\\/09\\\/finnland-seenland-saimaa-savonlinna-Reitwanderung.jpg\",\"contentUrl\":\"https:\\\/\\\/visitsavonlinna.fi\\\/wp-content\\\/uploads\\\/sites\\\/2\\\/2019\\\/09\\\/finnland-seenland-saimaa-savonlinna-Reitwanderung.jpg\",\"width\":1615,\"height\":681,\"caption\":\"finnland seenland saimaa savonlinna Reitwanderung\"},{\"@type\":\"BreadcrumbList\",\"@id\":\"https:\\\/\\\/visitsavonlinna.fi\\\/de\\\/reitwanderung\\\/#breadcrumb\",\"itemListElement\":[{\"@type\":\"ListItem\",\"position\":1,\"name\":\"Visitsavonlinna.fi\",\"item\":\"https:\\\/\\\/visitsavonlinna.fi\\\/de\\\/\"},{\"@type\":\"ListItem\",\"position\":2,\"name\":\"Reitwanderung\"}]},{\"@type\":\"WebSite\",\"@id\":\"https:\\\/\\\/visitsavonlinna.fi\\\/#website\",\"url\":\"https:\\\/\\\/visitsavonlinna.fi\\\/\",\"name\":\"Visit Savonlinna\",\"description\":\"\",\"potentialAction\":[{\"@type\":\"SearchAction\",\"target\":{\"@type\":\"EntryPoint\",\"urlTemplate\":\"https:\\\/\\\/visitsavonlinna.fi\\\/?s={search_term_string}\"},\"query-input\":{\"@type\":\"PropertyValueSpecification\",\"valueRequired\":true,\"valueName\":\"search_term_string\"}}],\"inLanguage\":\"de-DE\"}]}<\/script>\n<!-- \/ Yoast SEO Premium plugin. -->","yoast_head_json":{"title":"Reitwanderung - Visit Savonlinna","description":"Verweilen Sie im Scho\u00df der Natur und genie\u00dfen Sie die sch\u00f6ne Landschaft auf einer Reitwanderung. Zahlreiche Reiterh\u00f6fe des Gebiets bieten das ganze Jahr","robots":{"index":"index","follow":"follow","max-snippet":"max-snippet:-1","max-image-preview":"max-image-preview:large","max-video-preview":"max-video-preview:-1"},"canonical":"https:\/\/visitsavonlinna.fi\/de\/reitwanderung\/","og_locale":"de_DE","og_type":"article","og_title":"Reitwanderung","og_description":"Verweilen Sie im Scho\u00df der Natur und genie\u00dfen Sie die sch\u00f6ne Landschaft auf einer Reitwanderung. Zahlreiche Reiterh\u00f6fe des Gebiets bieten das ganze Jahr","og_url":"https:\/\/visitsavonlinna.fi\/de\/reitwanderung\/","og_site_name":"Visit Savonlinna","article_modified_time":"2019-09-16T12:15:59+00:00","og_image":[{"width":1615,"height":681,"url":"https:\/\/visitsavonlinna.fi\/wp-content\/uploads\/sites\/2\/2019\/09\/finnland-seenland-saimaa-savonlinna-Reitwanderung.jpg","type":"image\/jpeg"}],"twitter_card":"summary_large_image","twitter_misc":{"Gesch\u00e4tzte Lesezeit":"1 minute"},"schema":{"@context":"https:\/\/schema.org","@graph":[{"@type":"WebPage","@id":"https:\/\/visitsavonlinna.fi\/de\/reitwanderung\/","url":"https:\/\/visitsavonlinna.fi\/de\/reitwanderung\/","name":"Reitwanderung - Visit Savonlinna","isPartOf":{"@id":"https:\/\/visitsavonlinna.fi\/#website"},"primaryImageOfPage":{"@id":"https:\/\/visitsavonlinna.fi\/de\/reitwanderung\/#primaryimage"},"image":{"@id":"https:\/\/visitsavonlinna.fi\/de\/reitwanderung\/#primaryimage"},"thumbnailUrl":"https:\/\/visitsavonlinna.fi\/wp-content\/uploads\/sites\/2\/2019\/09\/finnland-seenland-saimaa-savonlinna-Reitwanderung.jpg","datePublished":"2019-09-16T12:07:28+00:00","dateModified":"2019-09-16T12:15:59+00:00","description":"Verweilen Sie im Scho\u00df der Natur und genie\u00dfen Sie die sch\u00f6ne Landschaft auf einer Reitwanderung. Zahlreiche Reiterh\u00f6fe des Gebiets bieten das ganze Jahr","breadcrumb":{"@id":"https:\/\/visitsavonlinna.fi\/de\/reitwanderung\/#breadcrumb"},"inLanguage":"de-DE","potentialAction":[{"@type":"ReadAction","target":["https:\/\/visitsavonlinna.fi\/de\/reitwanderung\/"]}]},{"@type":"ImageObject","inLanguage":"de-DE","@id":"https:\/\/visitsavonlinna.fi\/de\/reitwanderung\/#primaryimage","url":"https:\/\/visitsavonlinna.fi\/wp-content\/uploads\/sites\/2\/2019\/09\/finnland-seenland-saimaa-savonlinna-Reitwanderung.jpg","contentUrl":"https:\/\/visitsavonlinna.fi\/wp-content\/uploads\/sites\/2\/2019\/09\/finnland-seenland-saimaa-savonlinna-Reitwanderung.jpg","width":1615,"height":681,"caption":"finnland seenland saimaa savonlinna Reitwanderung"},{"@type":"BreadcrumbList","@id":"https:\/\/visitsavonlinna.fi\/de\/reitwanderung\/#breadcrumb","itemListElement":[{"@type":"ListItem","position":1,"name":"Visitsavonlinna.fi","item":"https:\/\/visitsavonlinna.fi\/de\/"},{"@type":"ListItem","position":2,"name":"Reitwanderung"}]},{"@type":"WebSite","@id":"https:\/\/visitsavonlinna.fi\/#website","url":"https:\/\/visitsavonlinna.fi\/","name":"Visit Savonlinna","description":"","potentialAction":[{"@type":"SearchAction","target":{"@type":"EntryPoint","urlTemplate":"https:\/\/visitsavonlinna.fi\/?s={search_term_string}"},"query-input":{"@type":"PropertyValueSpecification","valueRequired":true,"valueName":"search_term_string"}}],"inLanguage":"de-DE"}]}},"_links":{"self":[{"href":"https:\/\/visitsavonlinna.fi\/de\/wp-json\/wp\/v2\/pages\/125646","targetHints":{"allow":["GET"]}}],"collection":[{"href":"https:\/\/visitsavonlinna.fi\/de\/wp-json\/wp\/v2\/pages"}],"about":[{"href":"https:\/\/visitsavonlinna.fi\/de\/wp-json\/wp\/v2\/types\/page"}],"author":[{"embeddable":true,"href":"https:\/\/visitsavonlinna.fi\/de\/wp-json\/wp\/v2\/users\/2"}],"replies":[{"embeddable":true,"href":"https:\/\/visitsavonlinna.fi\/de\/wp-json\/wp\/v2\/comments?post=125646"}],"version-history":[{"count":0,"href":"https:\/\/visitsavonlinna.fi\/de\/wp-json\/wp\/v2\/pages\/125646\/revisions"}],"wp:featuredmedia":[{"embeddable":true,"href":"https:\/\/visitsavonlinna.fi\/de\/wp-json\/wp\/v2\/media\/125649"}],"wp:attachment":[{"href":"https:\/\/visitsavonlinna.fi\/de\/wp-json\/wp\/v2\/media?parent=125646"}],"wp:term":[{"taxonomy":"relatedcontent","embeddable":true,"href":"https:\/\/visitsavonlinna.fi\/de\/wp-json\/wp\/v2\/relatedcontent?post=125646"}],"curies":[{"name":"wp","href":"https:\/\/api.w.org\/{rel}","templated":true}]}}