{"id":13186,"date":"2015-09-07T10:29:01","date_gmt":"2015-09-07T07:29:01","guid":{"rendered":"https:\/\/visitsavonlinna.fi\/?page_id=13186"},"modified":"2017-03-21T15:26:43","modified_gmt":"2017-03-21T13:26:43","slug":"active-savonlinna","status":"publish","type":"page","link":"https:\/\/visitsavonlinna.fi\/de\/active-savonlinna\/","title":{"rendered":"Active Savonlinna"},"content":{"rendered":"<p>[vc_row full_width=&#8220;stretch_row_content_no_spaces&#8220;][vc_column]<div class=\"main_header big\">\n    <figure style=\"background-image: url('https:\/\/visitsavonlinna.fi\/wp-content\/uploads\/sites\/2\/2015\/06\/boatheader-1920x600.jpg'); background-position: center center;\"><\/figure>\n    <div class=\"main_header_content\" style=\"\">\n        <div class=\"container\">\n            \n<h1 style=\"text-align: center\">ACTIVE SAVONLINNA<\/h1>\n<p style=\"text-align: center\">Sport, Wellness, Outdoor<\/p>\n    \n        <\/div><!-- \/.container -->\n    <\/div>\n<\/div><!-- \/.main_header -->\n        <div class=\"container\">\n            <p id=\"breadcrumbs\"><span><span><a href=\"https:\/\/visitsavonlinna.fi\/de\/\">Visitsavonlinna.fi<\/a><\/span><\/span><\/p>        <\/div>\n    [\/vc_column][\/vc_row][vc_row][vc_column width=&#8220;2\/3&#8243;][vc_empty_space height=&#8220;52px&#8220;][vc_column_text css=&#8220;.vc_custom_1478507575805{margin-left: 10px !important;}&#8220;]<\/p>\n<h1>Active Savonlinna-Netzwerk entstand aus Sport, Wellness und Outdoor.<\/h1>\n<p>Saubere Gew\u00e4sser und reine Luft zeichnen die Region Savonlinna aus. Es ist erwiesen, dass die Stille und Ruhe der Natur entspannend und beruhigend auf das Gem\u00fct des Menschen wirken.<\/p>\n<p>In Ihrem Urlaub k\u00f6nnen Sie in der Natur je nach Jahreszeit Sport treiben, Beeren und Pilze sammeln oder angeln.<\/p>\n<p>Unsere Unternehmen bevorzugen regionale Lebensmittellieferanten und bieten ihren Kunden ein gesundes und vielseitiges Essen. Alle unsere Objekte verf\u00fcgen \u00fcber eine Sauna am Seeufer, die mit traditionellen holzbeheizbaren Sauna\u00f6fen ausgestattet sind. Ein abendlicher Saunagang mit sanften Aufg\u00fcssen entspannt, aktiviert den Blutkreislauf und verleiht Ihnen einen erholsamen Schlaf.<\/p>\n<p>Bei uns erhalten Sie einen Ihre Gesundheit unterst\u00fctzenden Rahmen f\u00fcr Ihren Urlaub und ein vielseitiges ma\u00dfgeschneidertes Programm.<\/p>\n<p>Der gemeinsame Nenner jedes Unternehmens in unserem Netzwerk sind eine fundierte Fachkompetenz und die Leidenschaft f\u00fcr ein hochwertiges Leistungsangebot. Diese Faktoren, kombiniert mit der sch\u00f6nen Natur, bieten dem Kunden unvergessliche Erlebnisse und Erfahrungen.<\/p>\n<p>Die meisten Unternehmen befinden sich in Nationalparkgebieten und in der N\u00e4he von Sehensw\u00fcrdigkeiten. Die Natur ist sommers wie winters in Ihrer N\u00e4he, denn wir sind ganzj\u00e4hrig ge\u00f6ffnet.<\/p>\n<p>F\u00fcr uns ist es am wichtigsten, unseren Kunden einen vielseitigen und unvergesslichen \u2013 einfach den besten \u2013 Urlaub im Herzen von Saimaa anzubieten!<\/p>\n<p>&nbsp;<\/p>\n<p style=\"text-align: center\"><em>Sport, Wellness &amp; Outdoor \u2013 hinter diesen W\u00f6rtern stecken die Erlebnisse Ihres besten Urlaubs!<\/em><\/p>\n<p>[\/vc_column_text][\/vc_column][vc_column width=&#8220;1\/3&#8243;][vc_empty_space height=&#8220;22px&#8220;][vc_single_image image=&#8220;9730&#8243; img_size=&#8220;300&#215;300&#8243; alignment=&#8220;center&#8220; css=&#8220;.vc_custom_1490102579947{margin-right: 20px !important;}&#8220;][vc_column_text css=&#8220;.vc_custom_1490102807010{margin-right: 20px !important;margin-left: 10px !important;border-top-width: 1px !important;border-right-width: 1px !important;border-bottom-width: 1px !important;border-left-width: 1px !important;padding-top: 5px !important;padding-right: 10px !important;padding-bottom: 5px !important;padding-left: 10px !important;border-left-color: #f2f2f2 !important;border-left-style: solid !important;border-right-color: #f2f2f2 !important;border-right-style: solid !important;border-top-color: #f2f2f2 !important;border-top-style: solid !important;border-bottom-color: #f2f2f2 !important;border-bottom-style: solid !important;border-radius: 1px !important;}&#8220;]<\/p>\n<h2 style=\"text-align: center\">What kind of is your Active Savonlinna?<\/h2>\n<p style=\"text-align: center\">Tag us with #ActiveSavonlinna #LiveLifeToTheFullest.<\/p>\n<p><a href=\"https:\/\/visitsavonlinna.fi\/wp-content\/uploads\/sites\/2\/2015\/06\/SOME.png\"><img decoding=\"async\" class=\"alignnone size-medium wp-image-27122 aligncenter\" src=\"https:\/\/visitsavonlinna.fi\/wp-content\/uploads\/sites\/2\/2015\/06\/SOME-300x163.png\" alt=\"SOME\" width=\"300\" height=\"163\" srcset=\"https:\/\/visitsavonlinna.fi\/wp-content\/uploads\/sites\/2\/2015\/06\/SOME-300x163.png 300w, https:\/\/visitsavonlinna.fi\/wp-content\/uploads\/sites\/2\/2015\/06\/SOME.png 346w\" sizes=\"(max-width: 300px) 100vw, 300px\" \/><\/a>[\/vc_column_text][\/vc_column][\/vc_row][vc_row el_class=&#8220;TAPAHTUMAT&#8220;][vc_column]<div class=\"posts-list-grid wpb_content_element no-list-items\"><\/div>[\/vc_column][\/vc_row][vc_row][vc_column][vc_gmaps link=&#8220;#E-8_JTNDaWZyYW1lJTIwc3JjJTNEJTIyaHR0cHMlM0ElMkYlMkZ3d3cuZ29vZ2xlLmNvbSUyRm1hcHMlMkZkJTJGZW1iZWQlM0ZtaWQlM0QxeS1kbG5QX3R1dHRFemluRDJNU2pqNjdpRkVJJTIyJTIwd2lkdGglM0QlMjI2NDAlMjIlMjBoZWlnaHQlM0QlMjI0ODAlMjIlM0UlM0MlMkZpZnJhbWUlM0U=&#8220;][\/vc_column][\/vc_row][vc_row][vc_column][vc_single_image image=&#8220;28464&#8243; img_size=&#8220;large&#8220; alignment=&#8220;center&#8220;][\/vc_column][\/vc_row]<\/p>\n","protected":false},"excerpt":{"rendered":"<p>[vc_row full_width=&#8220;stretch_row_content_no_spaces&#8220;][vc_column][\/vc_column][\/vc_row][vc_row][vc_column width=&#8220;2\/3&#8243;][vc_empty_space height=&#8220;52px&#8220;][vc_column_text css=&#8220;.vc_custom_1478507575805{margin-left: 10px !important;}&#8220;] Active Savonlinna-Netzwerk entstand aus Sport, Wellness und Outdoor. Saubere Gew\u00e4sser und reine Luft zeichnen die Region Savonlinna aus. Es ist erwiesen, dass die [&hellip;]<\/p>\n","protected":false},"author":11,"featured_media":31838,"parent":0,"menu_order":0,"comment_status":"closed","ping_status":"closed","template":"","meta":{"footnotes":""},"relatedcontent":[],"class_list":{"0":"post-13186","1":"page","2":"type-page","3":"status-publish","4":"has-post-thumbnail","5":"hentry","7":"priority-3"},"yoast_head":"<!-- This site is optimized with the Yoast SEO Premium plugin v27.3 (Yoast SEO v27.5) - https:\/\/yoast.com\/product\/yoast-seo-premium-wordpress\/ -->\n<title>Active Savonlinna - Visit Savonlinna<\/title>\n<meta name=\"description\" content=\"Active Savonlinna-Netzwerk entstand aus Sport, Wellness und Outdoor. Saubere Gew\u00e4sser und reine Luft zeichnen die Region Savonlinna aus. Es ist erwiesen,\" \/>\n<meta name=\"robots\" content=\"index, follow, max-snippet:-1, max-image-preview:large, max-video-preview:-1\" \/>\n<link rel=\"canonical\" href=\"https:\/\/visitsavonlinna.fi\/de\/active-savonlinna\/\" \/>\n<meta property=\"og:locale\" content=\"de_DE\" \/>\n<meta property=\"og:type\" content=\"article\" \/>\n<meta property=\"og:title\" content=\"Active Savonlinna\" \/>\n<meta property=\"og:description\" content=\"Active Savonlinna-Netzwerk entstand aus Sport, Wellness und Outdoor. Saubere Gew\u00e4sser und reine Luft zeichnen die Region Savonlinna aus. Es ist erwiesen,\" \/>\n<meta property=\"og:url\" content=\"https:\/\/visitsavonlinna.fi\/de\/active-savonlinna\/\" \/>\n<meta property=\"og:site_name\" content=\"Visit Savonlinna\" \/>\n<meta property=\"article:modified_time\" content=\"2017-03-21T13:26:43+00:00\" \/>\n<meta property=\"og:image\" content=\"https:\/\/visitsavonlinna.fi\/wp-content\/uploads\/sites\/2\/2016\/07\/retkiluistelua-1024x577.jpg\" \/>\n\t<meta property=\"og:image:width\" content=\"1024\" \/>\n\t<meta property=\"og:image:height\" content=\"577\" \/>\n\t<meta property=\"og:image:type\" content=\"image\/jpeg\" \/>\n<meta name=\"twitter:card\" content=\"summary_large_image\" \/>\n<meta name=\"twitter:label1\" content=\"Gesch\u00e4tzte Lesezeit\" \/>\n\t<meta name=\"twitter:data1\" content=\"2 minutes\" \/>\n<script type=\"application\/ld+json\" class=\"yoast-schema-graph\">{\"@context\":\"https:\\\/\\\/schema.org\",\"@graph\":[{\"@type\":\"WebPage\",\"@id\":\"https:\\\/\\\/visitsavonlinna.fi\\\/de\\\/active-savonlinna\\\/\",\"url\":\"https:\\\/\\\/visitsavonlinna.fi\\\/de\\\/active-savonlinna\\\/\",\"name\":\"Active Savonlinna - Visit Savonlinna\",\"isPartOf\":{\"@id\":\"https:\\\/\\\/visitsavonlinna.fi\\\/#website\"},\"primaryImageOfPage\":{\"@id\":\"https:\\\/\\\/visitsavonlinna.fi\\\/de\\\/active-savonlinna\\\/#primaryimage\"},\"image\":{\"@id\":\"https:\\\/\\\/visitsavonlinna.fi\\\/de\\\/active-savonlinna\\\/#primaryimage\"},\"thumbnailUrl\":\"https:\\\/\\\/visitsavonlinna.fi\\\/wp-content\\\/uploads\\\/sites\\\/2\\\/2016\\\/07\\\/retkiluistelua.jpg\",\"datePublished\":\"2015-09-07T07:29:01+00:00\",\"dateModified\":\"2017-03-21T13:26:43+00:00\",\"description\":\"Active Savonlinna-Netzwerk entstand aus Sport, Wellness und Outdoor. Saubere Gew\u00e4sser und reine Luft zeichnen die Region Savonlinna aus. Es ist erwiesen,\",\"breadcrumb\":{\"@id\":\"https:\\\/\\\/visitsavonlinna.fi\\\/de\\\/active-savonlinna\\\/#breadcrumb\"},\"inLanguage\":\"de-DE\",\"potentialAction\":[{\"@type\":\"ReadAction\",\"target\":[\"https:\\\/\\\/visitsavonlinna.fi\\\/de\\\/active-savonlinna\\\/\"]}]},{\"@type\":\"ImageObject\",\"inLanguage\":\"de-DE\",\"@id\":\"https:\\\/\\\/visitsavonlinna.fi\\\/de\\\/active-savonlinna\\\/#primaryimage\",\"url\":\"https:\\\/\\\/visitsavonlinna.fi\\\/wp-content\\\/uploads\\\/sites\\\/2\\\/2016\\\/07\\\/retkiluistelua.jpg\",\"contentUrl\":\"https:\\\/\\\/visitsavonlinna.fi\\\/wp-content\\\/uploads\\\/sites\\\/2\\\/2016\\\/07\\\/retkiluistelua.jpg\",\"width\":1920,\"height\":1081},{\"@type\":\"BreadcrumbList\",\"@id\":\"https:\\\/\\\/visitsavonlinna.fi\\\/de\\\/active-savonlinna\\\/#breadcrumb\",\"itemListElement\":[{\"@type\":\"ListItem\",\"position\":1,\"name\":\"Visitsavonlinna.fi\",\"item\":\"https:\\\/\\\/visitsavonlinna.fi\\\/de\\\/\"},{\"@type\":\"ListItem\",\"position\":2,\"name\":\"Active Savonlinna\"}]},{\"@type\":\"WebSite\",\"@id\":\"https:\\\/\\\/visitsavonlinna.fi\\\/#website\",\"url\":\"https:\\\/\\\/visitsavonlinna.fi\\\/\",\"name\":\"Visit Savonlinna\",\"description\":\"\",\"potentialAction\":[{\"@type\":\"SearchAction\",\"target\":{\"@type\":\"EntryPoint\",\"urlTemplate\":\"https:\\\/\\\/visitsavonlinna.fi\\\/?s={search_term_string}\"},\"query-input\":{\"@type\":\"PropertyValueSpecification\",\"valueRequired\":true,\"valueName\":\"search_term_string\"}}],\"inLanguage\":\"de-DE\"}]}<\/script>\n<!-- \/ Yoast SEO Premium plugin. -->","yoast_head_json":{"title":"Active Savonlinna - Visit Savonlinna","description":"Active Savonlinna-Netzwerk entstand aus Sport, Wellness und Outdoor. Saubere Gew\u00e4sser und reine Luft zeichnen die Region Savonlinna aus. Es ist erwiesen,","robots":{"index":"index","follow":"follow","max-snippet":"max-snippet:-1","max-image-preview":"max-image-preview:large","max-video-preview":"max-video-preview:-1"},"canonical":"https:\/\/visitsavonlinna.fi\/de\/active-savonlinna\/","og_locale":"de_DE","og_type":"article","og_title":"Active Savonlinna","og_description":"Active Savonlinna-Netzwerk entstand aus Sport, Wellness und Outdoor. Saubere Gew\u00e4sser und reine Luft zeichnen die Region Savonlinna aus. Es ist erwiesen,","og_url":"https:\/\/visitsavonlinna.fi\/de\/active-savonlinna\/","og_site_name":"Visit Savonlinna","article_modified_time":"2017-03-21T13:26:43+00:00","og_image":[{"width":1024,"height":577,"url":"https:\/\/visitsavonlinna.fi\/wp-content\/uploads\/sites\/2\/2016\/07\/retkiluistelua-1024x577.jpg","type":"image\/jpeg"}],"twitter_card":"summary_large_image","twitter_misc":{"Gesch\u00e4tzte Lesezeit":"2 minutes"},"schema":{"@context":"https:\/\/schema.org","@graph":[{"@type":"WebPage","@id":"https:\/\/visitsavonlinna.fi\/de\/active-savonlinna\/","url":"https:\/\/visitsavonlinna.fi\/de\/active-savonlinna\/","name":"Active Savonlinna - Visit Savonlinna","isPartOf":{"@id":"https:\/\/visitsavonlinna.fi\/#website"},"primaryImageOfPage":{"@id":"https:\/\/visitsavonlinna.fi\/de\/active-savonlinna\/#primaryimage"},"image":{"@id":"https:\/\/visitsavonlinna.fi\/de\/active-savonlinna\/#primaryimage"},"thumbnailUrl":"https:\/\/visitsavonlinna.fi\/wp-content\/uploads\/sites\/2\/2016\/07\/retkiluistelua.jpg","datePublished":"2015-09-07T07:29:01+00:00","dateModified":"2017-03-21T13:26:43+00:00","description":"Active Savonlinna-Netzwerk entstand aus Sport, Wellness und Outdoor. Saubere Gew\u00e4sser und reine Luft zeichnen die Region Savonlinna aus. Es ist erwiesen,","breadcrumb":{"@id":"https:\/\/visitsavonlinna.fi\/de\/active-savonlinna\/#breadcrumb"},"inLanguage":"de-DE","potentialAction":[{"@type":"ReadAction","target":["https:\/\/visitsavonlinna.fi\/de\/active-savonlinna\/"]}]},{"@type":"ImageObject","inLanguage":"de-DE","@id":"https:\/\/visitsavonlinna.fi\/de\/active-savonlinna\/#primaryimage","url":"https:\/\/visitsavonlinna.fi\/wp-content\/uploads\/sites\/2\/2016\/07\/retkiluistelua.jpg","contentUrl":"https:\/\/visitsavonlinna.fi\/wp-content\/uploads\/sites\/2\/2016\/07\/retkiluistelua.jpg","width":1920,"height":1081},{"@type":"BreadcrumbList","@id":"https:\/\/visitsavonlinna.fi\/de\/active-savonlinna\/#breadcrumb","itemListElement":[{"@type":"ListItem","position":1,"name":"Visitsavonlinna.fi","item":"https:\/\/visitsavonlinna.fi\/de\/"},{"@type":"ListItem","position":2,"name":"Active Savonlinna"}]},{"@type":"WebSite","@id":"https:\/\/visitsavonlinna.fi\/#website","url":"https:\/\/visitsavonlinna.fi\/","name":"Visit Savonlinna","description":"","potentialAction":[{"@type":"SearchAction","target":{"@type":"EntryPoint","urlTemplate":"https:\/\/visitsavonlinna.fi\/?s={search_term_string}"},"query-input":{"@type":"PropertyValueSpecification","valueRequired":true,"valueName":"search_term_string"}}],"inLanguage":"de-DE"}]}},"_links":{"self":[{"href":"https:\/\/visitsavonlinna.fi\/de\/wp-json\/wp\/v2\/pages\/13186","targetHints":{"allow":["GET"]}}],"collection":[{"href":"https:\/\/visitsavonlinna.fi\/de\/wp-json\/wp\/v2\/pages"}],"about":[{"href":"https:\/\/visitsavonlinna.fi\/de\/wp-json\/wp\/v2\/types\/page"}],"author":[{"embeddable":true,"href":"https:\/\/visitsavonlinna.fi\/de\/wp-json\/wp\/v2\/users\/11"}],"replies":[{"embeddable":true,"href":"https:\/\/visitsavonlinna.fi\/de\/wp-json\/wp\/v2\/comments?post=13186"}],"version-history":[{"count":0,"href":"https:\/\/visitsavonlinna.fi\/de\/wp-json\/wp\/v2\/pages\/13186\/revisions"}],"wp:featuredmedia":[{"embeddable":true,"href":"https:\/\/visitsavonlinna.fi\/de\/wp-json\/wp\/v2\/media\/31838"}],"wp:attachment":[{"href":"https:\/\/visitsavonlinna.fi\/de\/wp-json\/wp\/v2\/media?parent=13186"}],"wp:term":[{"taxonomy":"relatedcontent","embeddable":true,"href":"https:\/\/visitsavonlinna.fi\/de\/wp-json\/wp\/v2\/relatedcontent?post=13186"}],"curies":[{"name":"wp","href":"https:\/\/api.w.org\/{rel}","templated":true}]}}