{"id":252989,"date":"2023-01-24T15:38:30","date_gmt":"2023-01-24T13:38:30","guid":{"rendered":"https:\/\/visitsavonlinna.fi\/?page_id=252989"},"modified":"2023-01-24T16:57:50","modified_gmt":"2023-01-24T14:57:50","slug":"saimaa-ringelrobbenexkursionen","status":"publish","type":"page","link":"https:\/\/visitsavonlinna.fi\/de\/saimaa-ringelrobbenexkursionen\/","title":{"rendered":"Die Saimaa-Ringelrobbenexkursionen"},"content":{"rendered":"<p>[vc_row][vc_column width=&#8220;1\/4&#8243;][\/vc_column][vc_column width=&#8220;1\/2&#8243;][vc_column_text]<\/p>\n<h1 dir=\"ltr\" style=\"text-align: center;\" data-placeholder=\"K\u00e4\u00e4nn\u00f6s\">Robben-<br \/>\nexkursionen<\/h1>\n<p id=\"tw-target-text\" class=\"tw-data-text tw-text-large tw-ta\" dir=\"ltr\" style=\"text-align: center;\" data-placeholder=\"K\u00e4\u00e4nn\u00f6s\"><span class=\"Y2IQFc\" lang=\"de\"><strong>Im Saimaa-See lebt ein einzigartiges Tier, das man sonst nirgendwo auf der Welt findet \u2013 die Saimaa-Ringelrobbe (Pusa hispida saimensis), auf Finnisch \u201enorppa\u201c genannt. <\/strong> <\/span><\/p>\n<p class=\"tw-data-text tw-text-large tw-ta\" dir=\"ltr\" style=\"text-align: center;\" data-placeholder=\"K\u00e4\u00e4nn\u00f6s\"><span class=\"Y2IQFc\" lang=\"de\">Die Wurzeln der Saimaa-Ringelrobbe reichen etwa 8.000 Jahre zur\u00fcck, als sie nach der letzten Eiszeit von anderen Ringelrobbenpopulationen getrennt wurde. Seitdem hat es sich an das Leben im S\u00fc\u00dfwasser angepasst. Derzeit leben rund 400 Robben im Saimaa-See. <\/span><\/p>\n<p class=\"tw-data-text tw-text-large tw-ta\" dir=\"ltr\" style=\"text-align: center;\" data-placeholder=\"K\u00e4\u00e4nn\u00f6s\"><span class=\"Y2IQFc\" lang=\"de\">Die Saimaa-Ringelrobbe ist ein S\u00e4ugetier, das im Wasser lebt und nur gelegentlich trockenes Land besucht. Mai und Juni sind die besten Monate zum Beobachten von Robben, denn nachdem das Eis von den Seen geschmolzen ist, wechseln die Robben ihr Fell und w\u00e4rmen sich in der Fr\u00fchlingssonne auf den Felsen.<\/span><\/p>\n<p class=\"tw-data-text tw-text-large tw-ta\" dir=\"ltr\" style=\"text-align: center;\" data-placeholder=\"K\u00e4\u00e4nn\u00f6s\"><span class=\"Y2IQFc\" lang=\"de\">Wenn Sie eine Saimaa-Ringelrobbe sehen m\u00f6chten, empfiehlt sich eine Robbenexkursion mit einem erfahrenen Guide. Die Guides kennen den Saimaa-See und seine Robben wie ihre Westentasche! Wenn Sie im Fr\u00fchling einen gef\u00fchrten Ausflug unternehmen, bekommen Sie dieses vom Aussterben bedrohte Tier fast garantiert zu Gesicht. Diese Touren und Safaris werden immer im besten Interesse der Robben durchgef\u00fchrt und sie werden nie gest\u00f6rt.<\/span><\/p>\n<p>[\/vc_column_text][\/vc_column][vc_column width=&#8220;1\/4&#8243;][\/vc_column][\/vc_row][vc_row][vc_column][vc_empty_space][\/vc_column][\/vc_row][vc_row][vc_column][vc_column_text]<\/p>\n<h2 style=\"text-align: center;\">Online reservieren<\/h2>\n<p>[\/vc_column_text][vc_empty_space][\/vc_column][\/vc_row][vc_row][vc_column]<div class=\"posts-list-grid wpb_content_element\">\n                            <div class=\"row no-gutter\"><div class=\"row no-gutter\"><div class=\"col-xs-10 col-sm-5 col-lg-33\">    <div class=\"post-box post-stub post-207899 visit_saimaa_product type-visit_saimaa_product status-publish has-post-thumbnail hentry servicecategory-norpparetket-de servicecategory-veneily-de actioncategory-aktivitaten relatedcontent-saimaaholiday-oravi-de responsible-company product aktivitaten norpparetket-de veneily-de priority-2\" data-openid=\"sonnenuntergangs-robbensafari-in-den-nationalpark-linnansaari-juni-september-2-207899-1\" data-contentid=\"2:207899\" data-showrelated=\"1\" id=\"sonnenuntergangs-robbensafari-in-den-nationalpark-linnansaari-juni-september-2-207899-1\">\n\n        <div class=\"vs_post_thumbnail\" style=\"background-image: url('https:\/\/visitsavonlinna.fi\/wp-content\/themes\/visitsavonlinna2021\/images\/default.jpg')\" data-attachment=\"218608-2\"><\/div>        \n        <div class=\"image_overlay\"><\/div>\n                    <div class=\"company-name\">SaimaaHoliday Oravi<\/div>\n                            <div class=\"responsible-icon\">\n                <img decoding=\"async\" src=\"https:\/\/visitsavonlinna.fi\/wp-content\/plugins\/visitsaimaa-content\/images\/responsibility-icons\/vastuullinen_yritys_kulma_plain_small.png\" alt=\"Responsible company\"\/>\n            <\/div>\n                \n        \n                <a href=\"https:\/\/visitsavonlinna.fi\/de\/products\/sonnenuntergangs-robbensafari-in-den-nationalpark-linnansaari-juni-september\/\"  class=\" get-post-details\" title=\"Sonnenuntergangs-Robbensafari in den Nationalpark Linnansaari (Juni-September)\">\n            <span class=\"info\">\n                                    <span class=\"category\">Aktivit\u00e4ten<\/span>\n                \n                                <span class=\"h3\">Sonnenuntergangs-Robbensafari in den Nationalpark Linnansaari (Juni-September)<\/span>\n                                            <\/span><!-- \/.info -->\n        <\/a>\n\n    <\/div>\n    <\/div><div class=\"col-xs-10 col-sm-5 col-lg-33\">    <div class=\"post-box post-stub post-207896 visit_saimaa_product type-visit_saimaa_product status-publish has-post-thumbnail hentry servicecategory-norpparetket-de actioncategory-aktivitaten relatedcontent-saimaaholiday-oravi-de responsible-company product aktivitaten norpparetket-de priority-2\" data-openid=\"unvergessliche-robbenfahrt-nach-linnansaari-mai-2-207896-2\" data-contentid=\"2:207896\" data-showrelated=\"1\" id=\"unvergessliche-robbenfahrt-nach-linnansaari-mai-2-207896-2\">\n\n        <div class=\"vs_post_thumbnail\" style=\"background-image: url('https:\/\/visitsavonlinna.fi\/wp-content\/themes\/visitsavonlinna2021\/images\/default.jpg')\" data-attachment=\"567629-2\"><\/div>        \n        <div class=\"image_overlay\"><\/div>\n                    <div class=\"company-name\">SaimaaHoliday Oravi<\/div>\n                            <div class=\"responsible-icon\">\n                <img decoding=\"async\" src=\"https:\/\/visitsavonlinna.fi\/wp-content\/plugins\/visitsaimaa-content\/images\/responsibility-icons\/vastuullinen_yritys_kulma_plain_small.png\" alt=\"Responsible company\"\/>\n            <\/div>\n                \n        \n                <a href=\"https:\/\/visitsavonlinna.fi\/de\/products\/unvergessliche-robbenfahrt-nach-linnansaari-mai\/\"  class=\" get-post-details\" title=\"Unvergessliche Robbenfahrt nach Linnansaari (Mai)\">\n            <span class=\"info\">\n                                    <span class=\"category\">Aktivit\u00e4ten<\/span>\n                \n                                <span class=\"h3\">Unvergessliche Robbenfahrt nach Linnansaari (Mai)<\/span>\n                                            <\/span><!-- \/.info -->\n        <\/a>\n\n    <\/div>\n    <\/div><div class=\"col-xs-10 col-sm-5 col-lg-33\">    <div class=\"post-box post-stub post-74548 visit_saimaa_product type-visit_saimaa_product status-publish has-post-thumbnail hentry servicecategory-norpparetket-de actioncategory-aktivitaten relatedcontent-saimaaholiday-oravi-de responsible-company product aktivitaten norpparetket-de priority-2\" data-openid=\"saimaaseerobben-safari-2-74548-3\" data-contentid=\"2:74548\" data-showrelated=\"1\" id=\"saimaaseerobben-safari-2-74548-3\">\n\n        <div class=\"vs_post_thumbnail\" style=\"background-image: url('https:\/\/visitsavonlinna.fi\/wp-content\/themes\/visitsavonlinna2021\/images\/default.jpg')\" data-attachment=\"567630-2\"><\/div>        \n        <div class=\"image_overlay\"><\/div>\n                    <div class=\"company-name\">SaimaaHoliday Oravi<\/div>\n                            <div class=\"responsible-icon\">\n                <img decoding=\"async\" src=\"https:\/\/visitsavonlinna.fi\/wp-content\/plugins\/visitsaimaa-content\/images\/responsibility-icons\/vastuullinen_yritys_kulma_plain_small.png\" alt=\"Responsible company\"\/>\n            <\/div>\n                \n        \n                <a href=\"https:\/\/visitsavonlinna.fi\/de\/products\/saimaaseerobben-safari\/\"  class=\" get-post-details\" title=\"Unvergessliche Robbensafari PRIVAT\">\n            <span class=\"info\">\n                                    <span class=\"category\">Aktivit\u00e4ten<\/span>\n                \n                                <span class=\"h3\">Unvergessliche Robbensafari PRIVAT<\/span>\n                                            <\/span><!-- \/.info -->\n        <\/a>\n\n    <\/div>\n    <\/div><\/div><!-- row --><\/div><!-- \/.row -->\n                            <\/div><!--\/.posts-list-grid -->[\/vc_column][\/vc_row]<\/p>\n","protected":false},"excerpt":{"rendered":"<p>[vc_row][vc_column width=&#8220;1\/4&#8243;][\/vc_column][vc_column width=&#8220;1\/2&#8243;][vc_column_text] Robben- exkursionen Im Saimaa-See lebt ein einzigartiges Tier, das man sonst nirgendwo auf der Welt findet \u2013 die Saimaa-Ringelrobbe (Pusa hispida saimensis), auf Finnisch \u201enorppa\u201c genannt. Die [&hellip;]<\/p>\n","protected":false},"author":55,"featured_media":253002,"parent":0,"menu_order":0,"comment_status":"closed","ping_status":"closed","template":"","meta":{"footnotes":""},"relatedcontent":[],"class_list":["post-252989","page","type-page","status-publish","has-post-thumbnail","hentry"],"yoast_head":"<!-- This site is optimized with the Yoast SEO Premium plugin v27.3 (Yoast SEO v27.3) - https:\/\/yoast.com\/product\/yoast-seo-premium-wordpress\/ -->\n<title>Die Saimaa-Ringelrobbe I Lakeland Finland I Visit Savonlinna<\/title>\n<meta name=\"description\" content=\"Wenn Sie eine Saimaa-Ringelrobbe sehen m\u00f6chten, empfiehlt sich eine Robbenexkursion mit einem erfahrenen Guide.\" \/>\n<meta name=\"robots\" content=\"index, follow, max-snippet:-1, max-image-preview:large, max-video-preview:-1\" \/>\n<link rel=\"canonical\" href=\"https:\/\/visitsavonlinna.fi\/de\/saimaa-ringelrobbenexkursionen\/\" \/>\n<meta property=\"og:locale\" content=\"de_DE\" \/>\n<meta property=\"og:type\" content=\"article\" \/>\n<meta property=\"og:title\" content=\"Die Saimaa-Ringelrobbenexkursionen\" \/>\n<meta property=\"og:description\" content=\"Wenn Sie eine Saimaa-Ringelrobbe sehen m\u00f6chten, empfiehlt sich eine Robbenexkursion mit einem erfahrenen Guide.\" \/>\n<meta property=\"og:url\" content=\"https:\/\/visitsavonlinna.fi\/de\/saimaa-ringelrobbenexkursionen\/\" \/>\n<meta property=\"og:site_name\" content=\"Visit Savonlinna\" \/>\n<meta property=\"article:modified_time\" content=\"2023-01-24T14:57:50+00:00\" \/>\n<meta property=\"og:image\" content=\"https:\/\/visitsavonlinna.fi\/wp-content\/uploads\/sites\/2\/2023\/01\/savonlinna-saimaa-ringelrobbe-lakeland-finnland-exkursionen.jpg\" \/>\n\t<meta property=\"og:image:width\" content=\"2000\" \/>\n\t<meta property=\"og:image:height\" content=\"1216\" \/>\n\t<meta property=\"og:image:type\" content=\"image\/jpeg\" \/>\n<meta name=\"twitter:card\" content=\"summary_large_image\" \/>\n<meta name=\"twitter:label1\" content=\"Gesch\u00e4tzte Lesezeit\" \/>\n\t<meta name=\"twitter:data1\" content=\"2 minutes\" \/>\n<script type=\"application\/ld+json\" class=\"yoast-schema-graph\">{\"@context\":\"https:\\\/\\\/schema.org\",\"@graph\":[{\"@type\":\"WebPage\",\"@id\":\"https:\\\/\\\/visitsavonlinna.fi\\\/de\\\/saimaa-ringelrobbenexkursionen\\\/\",\"url\":\"https:\\\/\\\/visitsavonlinna.fi\\\/de\\\/saimaa-ringelrobbenexkursionen\\\/\",\"name\":\"Die Saimaa-Ringelrobbe I Lakeland Finland I Visit Savonlinna\",\"isPartOf\":{\"@id\":\"https:\\\/\\\/visitsavonlinna.fi\\\/#website\"},\"primaryImageOfPage\":{\"@id\":\"https:\\\/\\\/visitsavonlinna.fi\\\/de\\\/saimaa-ringelrobbenexkursionen\\\/#primaryimage\"},\"image\":{\"@id\":\"https:\\\/\\\/visitsavonlinna.fi\\\/de\\\/saimaa-ringelrobbenexkursionen\\\/#primaryimage\"},\"thumbnailUrl\":\"https:\\\/\\\/visitsavonlinna.fi\\\/wp-content\\\/uploads\\\/sites\\\/2\\\/2023\\\/01\\\/savonlinna-saimaa-ringelrobbe-lakeland-finnland-exkursionen.jpg\",\"datePublished\":\"2023-01-24T13:38:30+00:00\",\"dateModified\":\"2023-01-24T14:57:50+00:00\",\"description\":\"Wenn Sie eine Saimaa-Ringelrobbe sehen m\u00f6chten, empfiehlt sich eine Robbenexkursion mit einem erfahrenen Guide.\",\"breadcrumb\":{\"@id\":\"https:\\\/\\\/visitsavonlinna.fi\\\/de\\\/saimaa-ringelrobbenexkursionen\\\/#breadcrumb\"},\"inLanguage\":\"de-DE\",\"potentialAction\":[{\"@type\":\"ReadAction\",\"target\":[\"https:\\\/\\\/visitsavonlinna.fi\\\/de\\\/saimaa-ringelrobbenexkursionen\\\/\"]}]},{\"@type\":\"ImageObject\",\"inLanguage\":\"de-DE\",\"@id\":\"https:\\\/\\\/visitsavonlinna.fi\\\/de\\\/saimaa-ringelrobbenexkursionen\\\/#primaryimage\",\"url\":\"https:\\\/\\\/visitsavonlinna.fi\\\/wp-content\\\/uploads\\\/sites\\\/2\\\/2023\\\/01\\\/savonlinna-saimaa-ringelrobbe-lakeland-finnland-exkursionen.jpg\",\"contentUrl\":\"https:\\\/\\\/visitsavonlinna.fi\\\/wp-content\\\/uploads\\\/sites\\\/2\\\/2023\\\/01\\\/savonlinna-saimaa-ringelrobbe-lakeland-finnland-exkursionen.jpg\",\"width\":2000,\"height\":1216,\"caption\":\"Savonlinna saimaa-ringelrobbe lakeland finnland exkursionen\"},{\"@type\":\"BreadcrumbList\",\"@id\":\"https:\\\/\\\/visitsavonlinna.fi\\\/de\\\/saimaa-ringelrobbenexkursionen\\\/#breadcrumb\",\"itemListElement\":[{\"@type\":\"ListItem\",\"position\":1,\"name\":\"Visitsavonlinna.fi\",\"item\":\"https:\\\/\\\/visitsavonlinna.fi\\\/de\\\/\"},{\"@type\":\"ListItem\",\"position\":2,\"name\":\"Die Saimaa-Ringelrobbenexkursionen\"}]},{\"@type\":\"WebSite\",\"@id\":\"https:\\\/\\\/visitsavonlinna.fi\\\/#website\",\"url\":\"https:\\\/\\\/visitsavonlinna.fi\\\/\",\"name\":\"Visit Savonlinna\",\"description\":\"\",\"potentialAction\":[{\"@type\":\"SearchAction\",\"target\":{\"@type\":\"EntryPoint\",\"urlTemplate\":\"https:\\\/\\\/visitsavonlinna.fi\\\/?s={search_term_string}\"},\"query-input\":{\"@type\":\"PropertyValueSpecification\",\"valueRequired\":true,\"valueName\":\"search_term_string\"}}],\"inLanguage\":\"de-DE\"}]}<\/script>\n<!-- \/ Yoast SEO Premium plugin. -->","yoast_head_json":{"title":"Die Saimaa-Ringelrobbe I Lakeland Finland I Visit Savonlinna","description":"Wenn Sie eine Saimaa-Ringelrobbe sehen m\u00f6chten, empfiehlt sich eine Robbenexkursion mit einem erfahrenen Guide.","robots":{"index":"index","follow":"follow","max-snippet":"max-snippet:-1","max-image-preview":"max-image-preview:large","max-video-preview":"max-video-preview:-1"},"canonical":"https:\/\/visitsavonlinna.fi\/de\/saimaa-ringelrobbenexkursionen\/","og_locale":"de_DE","og_type":"article","og_title":"Die Saimaa-Ringelrobbenexkursionen","og_description":"Wenn Sie eine Saimaa-Ringelrobbe sehen m\u00f6chten, empfiehlt sich eine Robbenexkursion mit einem erfahrenen Guide.","og_url":"https:\/\/visitsavonlinna.fi\/de\/saimaa-ringelrobbenexkursionen\/","og_site_name":"Visit Savonlinna","article_modified_time":"2023-01-24T14:57:50+00:00","og_image":[{"width":2000,"height":1216,"url":"https:\/\/visitsavonlinna.fi\/wp-content\/uploads\/sites\/2\/2023\/01\/savonlinna-saimaa-ringelrobbe-lakeland-finnland-exkursionen.jpg","type":"image\/jpeg"}],"twitter_card":"summary_large_image","twitter_misc":{"Gesch\u00e4tzte Lesezeit":"2 minutes"},"schema":{"@context":"https:\/\/schema.org","@graph":[{"@type":"WebPage","@id":"https:\/\/visitsavonlinna.fi\/de\/saimaa-ringelrobbenexkursionen\/","url":"https:\/\/visitsavonlinna.fi\/de\/saimaa-ringelrobbenexkursionen\/","name":"Die Saimaa-Ringelrobbe I Lakeland Finland I Visit Savonlinna","isPartOf":{"@id":"https:\/\/visitsavonlinna.fi\/#website"},"primaryImageOfPage":{"@id":"https:\/\/visitsavonlinna.fi\/de\/saimaa-ringelrobbenexkursionen\/#primaryimage"},"image":{"@id":"https:\/\/visitsavonlinna.fi\/de\/saimaa-ringelrobbenexkursionen\/#primaryimage"},"thumbnailUrl":"https:\/\/visitsavonlinna.fi\/wp-content\/uploads\/sites\/2\/2023\/01\/savonlinna-saimaa-ringelrobbe-lakeland-finnland-exkursionen.jpg","datePublished":"2023-01-24T13:38:30+00:00","dateModified":"2023-01-24T14:57:50+00:00","description":"Wenn Sie eine Saimaa-Ringelrobbe sehen m\u00f6chten, empfiehlt sich eine Robbenexkursion mit einem erfahrenen Guide.","breadcrumb":{"@id":"https:\/\/visitsavonlinna.fi\/de\/saimaa-ringelrobbenexkursionen\/#breadcrumb"},"inLanguage":"de-DE","potentialAction":[{"@type":"ReadAction","target":["https:\/\/visitsavonlinna.fi\/de\/saimaa-ringelrobbenexkursionen\/"]}]},{"@type":"ImageObject","inLanguage":"de-DE","@id":"https:\/\/visitsavonlinna.fi\/de\/saimaa-ringelrobbenexkursionen\/#primaryimage","url":"https:\/\/visitsavonlinna.fi\/wp-content\/uploads\/sites\/2\/2023\/01\/savonlinna-saimaa-ringelrobbe-lakeland-finnland-exkursionen.jpg","contentUrl":"https:\/\/visitsavonlinna.fi\/wp-content\/uploads\/sites\/2\/2023\/01\/savonlinna-saimaa-ringelrobbe-lakeland-finnland-exkursionen.jpg","width":2000,"height":1216,"caption":"Savonlinna saimaa-ringelrobbe lakeland finnland exkursionen"},{"@type":"BreadcrumbList","@id":"https:\/\/visitsavonlinna.fi\/de\/saimaa-ringelrobbenexkursionen\/#breadcrumb","itemListElement":[{"@type":"ListItem","position":1,"name":"Visitsavonlinna.fi","item":"https:\/\/visitsavonlinna.fi\/de\/"},{"@type":"ListItem","position":2,"name":"Die Saimaa-Ringelrobbenexkursionen"}]},{"@type":"WebSite","@id":"https:\/\/visitsavonlinna.fi\/#website","url":"https:\/\/visitsavonlinna.fi\/","name":"Visit Savonlinna","description":"","potentialAction":[{"@type":"SearchAction","target":{"@type":"EntryPoint","urlTemplate":"https:\/\/visitsavonlinna.fi\/?s={search_term_string}"},"query-input":{"@type":"PropertyValueSpecification","valueRequired":true,"valueName":"search_term_string"}}],"inLanguage":"de-DE"}]}},"_links":{"self":[{"href":"https:\/\/visitsavonlinna.fi\/de\/wp-json\/wp\/v2\/pages\/252989","targetHints":{"allow":["GET"]}}],"collection":[{"href":"https:\/\/visitsavonlinna.fi\/de\/wp-json\/wp\/v2\/pages"}],"about":[{"href":"https:\/\/visitsavonlinna.fi\/de\/wp-json\/wp\/v2\/types\/page"}],"author":[{"embeddable":true,"href":"https:\/\/visitsavonlinna.fi\/de\/wp-json\/wp\/v2\/users\/55"}],"replies":[{"embeddable":true,"href":"https:\/\/visitsavonlinna.fi\/de\/wp-json\/wp\/v2\/comments?post=252989"}],"version-history":[{"count":6,"href":"https:\/\/visitsavonlinna.fi\/de\/wp-json\/wp\/v2\/pages\/252989\/revisions"}],"predecessor-version":[{"id":253031,"href":"https:\/\/visitsavonlinna.fi\/de\/wp-json\/wp\/v2\/pages\/252989\/revisions\/253031"}],"wp:featuredmedia":[{"embeddable":true,"href":"https:\/\/visitsavonlinna.fi\/de\/wp-json\/wp\/v2\/media\/253002"}],"wp:attachment":[{"href":"https:\/\/visitsavonlinna.fi\/de\/wp-json\/wp\/v2\/media?parent=252989"}],"wp:term":[{"taxonomy":"relatedcontent","embeddable":true,"href":"https:\/\/visitsavonlinna.fi\/de\/wp-json\/wp\/v2\/relatedcontent?post=252989"}],"curies":[{"name":"wp","href":"https:\/\/api.w.org\/{rel}","templated":true}]}}