{"id":253019,"date":"2023-01-24T16:39:10","date_gmt":"2023-01-24T14:39:10","guid":{"rendered":"https:\/\/visitsavonlinna.fi\/?page_id=253019"},"modified":"2023-01-24T16:52:49","modified_gmt":"2023-01-24T14:52:49","slug":"paddeln","status":"publish","type":"page","link":"https:\/\/visitsavonlinna.fi\/de\/paddeln\/","title":{"rendered":"Paddeln"},"content":{"rendered":"<p>[vc_row][vc_column width=&#8220;1\/4&#8243;][\/vc_column][vc_column width=&#8220;1\/2&#8243;][vc_column_text]<\/p>\n<h1 style=\"text-align: center\">Paddeln<\/h1>\n<p style=\"text-align: center\">Der Saimaa-See ist das gr\u00f6\u00dfte Seengebiet Europas und Sie werden eine \u00fcppige Seenlandschaft und wunderbare Kanu- und Kajakrouten finden.<\/p>\n<p style=\"text-align: center\">Auf dem Saimaa-See zu paddeln ist eine erstaunliche Erfahrung; Es hat riesige offene Seen, felsige Buchten, bewaldete K\u00fcsten und labyrinthartige Inselketten. Die Wasser-Nationalparks Linnansaari und Kolovesi in der Savonlinna-Region sind wie geschaffen, um per Paddel erkundet zu werden.<\/p>\n<p style=\"text-align: center\">Die Stadt Savonlinna ist vom See Saimaa umgeben, was bedeutet, dass Sie sogar mit dem Kanu zu den Sehensw\u00fcrdigkeiten der Stadt fahren k\u00f6nnen. Sie k\u00f6nnen eine Paddeltour mit einem F\u00fchrer buchen oder ein Kanu oder Kajak f\u00fcr Ihre eigenen Ausfl\u00fcge mieten. Ein friedlicher Sommertag und ein stiller See sind hervorragende Gr\u00fcnde, die Ufer des Saimaa-Sees mit einem Kanu oder Kajak zu erkunden.<\/p>\n<p style=\"text-align: center\">Die beliebtesten Paddelrouten befinden sich im Linnansaari-Nationalpark und im Kolovesi-Nationalpark sowie in der Region Punkaharju. Sie k\u00f6nnen an diesen Orten auf eigene Faust paddeln oder im Voraus einen Guide buchen, der Sie begleitet. Wenn Sie mit einem gemieteten Kanu im Nationalpark Kolovesi paddeln m\u00f6chten, denken Sie bitte daran, es vor Ihrer Reise bei SaimaaHoliday Oravi zu buchen!<\/p>\n<p style=\"text-align: center\">Im Sommer gibt es im Stadtzentrum von Savonlinna einen Ausr\u00fcstungsverleih f\u00fcr Kanus und SUP-Boards, zum Beispiel am Ufer des Spahotel Casino im Stadtzentrum.<\/p>\n<p style=\"text-align: center\">Lernen Sie das Savonlinna-Gebiet beim Paddeln kennen!<\/p>\n<p>[\/vc_column_text][\/vc_column][vc_column width=&#8220;1\/4&#8243;][\/vc_column][\/vc_row][vc_row][vc_column][\/vc_column][\/vc_row][vc_row][vc_column][vc_column_text]<\/p>\n<h2 style=\"text-align: center;\">Gef\u00fchrte Paddeltouren<\/h2>\n<p>[\/vc_column_text][vc_empty_space][\/vc_column][\/vc_row][vc_row][vc_column]<div class=\"posts-list-grid wpb_content_element\">\n                            <div class=\"row no-gutter\"><div class=\"col-xs-12 col-md-5\">    <div class=\"post-box-buttoned post-box post-101369 visit_saimaa_product type-visit_saimaa_product status-publish has-post-thumbnail hentry servicecategory-fuhrungen servicecategory-paddeln actioncategory-aktivitaten actioncategory-services-de relatedcontent-saimaaholiday-oravi-de responsible-company product aktivitaten fuhrungen paddeln priority-2\"  data-contentid=\"2:101369\"  id=\"paddeln-mit-einem-guide-2-101369-1\">\n\n        <div class=\"vs_post_thumbnail\" style=\"background-image: url('https:\/\/visitsavonlinna.fi\/wp-content\/themes\/visitsavonlinna2021\/images\/default.jpg')\" data-attachment=\"46526-2\"><\/div>        <a href=\"https:\/\/visitsavonlinna.fi\/de\/products\/paddeln-mit-einem-guide\/\"  class=\"back-to-canonical \" title=\"Gef\u00fchrte Paddeltouren\">\n            <span class=\"info\">\n              \n\n                                <button class=\"btn btn-primary\">Gef\u00fchrte Paddeltouren | SaimaaHoliday Oravi<\/button>\n               \n            <\/span><!-- \/.info -->\n        <\/a>\n\n    <\/div>\n    <\/div><\/div><!-- \/.row -->\n                            <\/div><!--\/.posts-list-grid -->[\/vc_column][\/vc_row]<\/p>\n","protected":false},"excerpt":{"rendered":"<p>[vc_row][vc_column width=&#8220;1\/4&#8243;][\/vc_column][vc_column width=&#8220;1\/2&#8243;][vc_column_text] Paddeln Der Saimaa-See ist das gr\u00f6\u00dfte Seengebiet Europas und Sie werden eine \u00fcppige Seenlandschaft und wunderbare Kanu- und Kajakrouten finden. Auf dem Saimaa-See zu paddeln ist eine [&hellip;]<\/p>\n","protected":false},"author":55,"featured_media":253020,"parent":0,"menu_order":0,"comment_status":"closed","ping_status":"closed","template":"","meta":{"footnotes":""},"relatedcontent":[],"class_list":["post-253019","page","type-page","status-publish","has-post-thumbnail","hentry"],"yoast_head":"<!-- This site is optimized with the Yoast SEO Premium plugin v27.3 (Yoast SEO v27.2) - https:\/\/yoast.com\/product\/yoast-seo-premium-wordpress\/ -->\n<title>Paddeln I Lakeland Finnland I Savonlinna<\/title>\n<meta name=\"description\" content=\"Entdecken Sie unglaubliche Naturlandschaften, w\u00e4hrend Sie den Saimaa-See in Finnland mit dem Kanu oder Kajak erkunden.\" \/>\n<meta name=\"robots\" content=\"index, follow, max-snippet:-1, max-image-preview:large, max-video-preview:-1\" \/>\n<link rel=\"canonical\" href=\"https:\/\/visitsavonlinna.fi\/de\/paddeln\/\" \/>\n<meta property=\"og:locale\" content=\"de_DE\" \/>\n<meta property=\"og:type\" content=\"article\" \/>\n<meta property=\"og:title\" content=\"Paddeln I Lakeland Finnland I Savonlinna\" \/>\n<meta property=\"og:description\" content=\"Entdecken Sie unglaubliche Naturlandschaften, w\u00e4hrend Sie den Saimaa-See in Finnland mit dem Kanu oder Kajak erkunden.\" \/>\n<meta property=\"og:url\" content=\"https:\/\/visitsavonlinna.fi\/de\/paddeln\/\" \/>\n<meta property=\"og:site_name\" content=\"Visit Savonlinna\" \/>\n<meta property=\"article:modified_time\" content=\"2023-01-24T14:52:49+00:00\" \/>\n<meta property=\"og:image\" content=\"https:\/\/visitsavonlinna.fi\/wp-content\/uploads\/sites\/2\/2023\/01\/kanufahren-kajakfahren-lakeland-finnland.jpg\" \/>\n\t<meta property=\"og:image:width\" content=\"1995\" \/>\n\t<meta property=\"og:image:height\" content=\"711\" \/>\n\t<meta property=\"og:image:type\" content=\"image\/jpeg\" \/>\n<meta name=\"twitter:card\" content=\"summary_large_image\" \/>\n<meta name=\"twitter:label1\" content=\"Gesch\u00e4tzte Lesezeit\" \/>\n\t<meta name=\"twitter:data1\" content=\"2 minutes\" \/>\n<script type=\"application\/ld+json\" class=\"yoast-schema-graph\">{\"@context\":\"https:\/\/schema.org\",\"@graph\":[{\"@type\":\"WebPage\",\"@id\":\"https:\/\/visitsavonlinna.fi\/de\/paddeln\/\",\"url\":\"https:\/\/visitsavonlinna.fi\/de\/paddeln\/\",\"name\":\"Paddeln I Lakeland Finnland I Savonlinna\",\"isPartOf\":{\"@id\":\"https:\/\/visitsavonlinna.fi\/#website\"},\"primaryImageOfPage\":{\"@id\":\"https:\/\/visitsavonlinna.fi\/de\/paddeln\/#primaryimage\"},\"image\":{\"@id\":\"https:\/\/visitsavonlinna.fi\/de\/paddeln\/#primaryimage\"},\"thumbnailUrl\":\"https:\/\/visitsavonlinna.fi\/wp-content\/uploads\/sites\/2\/2023\/01\/kanufahren-kajakfahren-lakeland-finnland.jpg\",\"datePublished\":\"2023-01-24T14:39:10+00:00\",\"dateModified\":\"2023-01-24T14:52:49+00:00\",\"description\":\"Entdecken Sie unglaubliche Naturlandschaften, w\u00e4hrend Sie den Saimaa-See in Finnland mit dem Kanu oder Kajak erkunden.\",\"breadcrumb\":{\"@id\":\"https:\/\/visitsavonlinna.fi\/de\/paddeln\/#breadcrumb\"},\"inLanguage\":\"de-DE\",\"potentialAction\":[{\"@type\":\"ReadAction\",\"target\":[\"https:\/\/visitsavonlinna.fi\/de\/paddeln\/\"]}]},{\"@type\":\"ImageObject\",\"inLanguage\":\"de-DE\",\"@id\":\"https:\/\/visitsavonlinna.fi\/de\/paddeln\/#primaryimage\",\"url\":\"https:\/\/visitsavonlinna.fi\/wp-content\/uploads\/sites\/2\/2023\/01\/kanufahren-kajakfahren-lakeland-finnland.jpg\",\"contentUrl\":\"https:\/\/visitsavonlinna.fi\/wp-content\/uploads\/sites\/2\/2023\/01\/kanufahren-kajakfahren-lakeland-finnland.jpg\",\"width\":1995,\"height\":711,\"caption\":\"kanufahren kajakfahren lakeland finnland\"},{\"@type\":\"BreadcrumbList\",\"@id\":\"https:\/\/visitsavonlinna.fi\/de\/paddeln\/#breadcrumb\",\"itemListElement\":[{\"@type\":\"ListItem\",\"position\":1,\"name\":\"Visitsavonlinna.fi\",\"item\":\"https:\/\/visitsavonlinna.fi\/de\/\"},{\"@type\":\"ListItem\",\"position\":2,\"name\":\"Paddeln\"}]},{\"@type\":\"WebSite\",\"@id\":\"https:\/\/visitsavonlinna.fi\/#website\",\"url\":\"https:\/\/visitsavonlinna.fi\/\",\"name\":\"Visit Savonlinna\",\"description\":\"\",\"potentialAction\":[{\"@type\":\"SearchAction\",\"target\":{\"@type\":\"EntryPoint\",\"urlTemplate\":\"https:\/\/visitsavonlinna.fi\/?s={search_term_string}\"},\"query-input\":{\"@type\":\"PropertyValueSpecification\",\"valueRequired\":true,\"valueName\":\"search_term_string\"}}],\"inLanguage\":\"de-DE\"}]}<\/script>\n<!-- \/ Yoast SEO Premium plugin. -->","yoast_head_json":{"title":"Paddeln I Lakeland Finnland I Savonlinna","description":"Entdecken Sie unglaubliche Naturlandschaften, w\u00e4hrend Sie den Saimaa-See in Finnland mit dem Kanu oder Kajak erkunden.","robots":{"index":"index","follow":"follow","max-snippet":"max-snippet:-1","max-image-preview":"max-image-preview:large","max-video-preview":"max-video-preview:-1"},"canonical":"https:\/\/visitsavonlinna.fi\/de\/paddeln\/","og_locale":"de_DE","og_type":"article","og_title":"Paddeln I Lakeland Finnland I Savonlinna","og_description":"Entdecken Sie unglaubliche Naturlandschaften, w\u00e4hrend Sie den Saimaa-See in Finnland mit dem Kanu oder Kajak erkunden.","og_url":"https:\/\/visitsavonlinna.fi\/de\/paddeln\/","og_site_name":"Visit Savonlinna","article_modified_time":"2023-01-24T14:52:49+00:00","og_image":[{"width":1995,"height":711,"url":"https:\/\/visitsavonlinna.fi\/wp-content\/uploads\/sites\/2\/2023\/01\/kanufahren-kajakfahren-lakeland-finnland.jpg","type":"image\/jpeg"}],"twitter_card":"summary_large_image","twitter_misc":{"Gesch\u00e4tzte Lesezeit":"2 minutes"},"schema":{"@context":"https:\/\/schema.org","@graph":[{"@type":"WebPage","@id":"https:\/\/visitsavonlinna.fi\/de\/paddeln\/","url":"https:\/\/visitsavonlinna.fi\/de\/paddeln\/","name":"Paddeln I Lakeland Finnland I Savonlinna","isPartOf":{"@id":"https:\/\/visitsavonlinna.fi\/#website"},"primaryImageOfPage":{"@id":"https:\/\/visitsavonlinna.fi\/de\/paddeln\/#primaryimage"},"image":{"@id":"https:\/\/visitsavonlinna.fi\/de\/paddeln\/#primaryimage"},"thumbnailUrl":"https:\/\/visitsavonlinna.fi\/wp-content\/uploads\/sites\/2\/2023\/01\/kanufahren-kajakfahren-lakeland-finnland.jpg","datePublished":"2023-01-24T14:39:10+00:00","dateModified":"2023-01-24T14:52:49+00:00","description":"Entdecken Sie unglaubliche Naturlandschaften, w\u00e4hrend Sie den Saimaa-See in Finnland mit dem Kanu oder Kajak erkunden.","breadcrumb":{"@id":"https:\/\/visitsavonlinna.fi\/de\/paddeln\/#breadcrumb"},"inLanguage":"de-DE","potentialAction":[{"@type":"ReadAction","target":["https:\/\/visitsavonlinna.fi\/de\/paddeln\/"]}]},{"@type":"ImageObject","inLanguage":"de-DE","@id":"https:\/\/visitsavonlinna.fi\/de\/paddeln\/#primaryimage","url":"https:\/\/visitsavonlinna.fi\/wp-content\/uploads\/sites\/2\/2023\/01\/kanufahren-kajakfahren-lakeland-finnland.jpg","contentUrl":"https:\/\/visitsavonlinna.fi\/wp-content\/uploads\/sites\/2\/2023\/01\/kanufahren-kajakfahren-lakeland-finnland.jpg","width":1995,"height":711,"caption":"kanufahren kajakfahren lakeland finnland"},{"@type":"BreadcrumbList","@id":"https:\/\/visitsavonlinna.fi\/de\/paddeln\/#breadcrumb","itemListElement":[{"@type":"ListItem","position":1,"name":"Visitsavonlinna.fi","item":"https:\/\/visitsavonlinna.fi\/de\/"},{"@type":"ListItem","position":2,"name":"Paddeln"}]},{"@type":"WebSite","@id":"https:\/\/visitsavonlinna.fi\/#website","url":"https:\/\/visitsavonlinna.fi\/","name":"Visit Savonlinna","description":"","potentialAction":[{"@type":"SearchAction","target":{"@type":"EntryPoint","urlTemplate":"https:\/\/visitsavonlinna.fi\/?s={search_term_string}"},"query-input":{"@type":"PropertyValueSpecification","valueRequired":true,"valueName":"search_term_string"}}],"inLanguage":"de-DE"}]}},"_links":{"self":[{"href":"https:\/\/visitsavonlinna.fi\/de\/wp-json\/wp\/v2\/pages\/253019","targetHints":{"allow":["GET"]}}],"collection":[{"href":"https:\/\/visitsavonlinna.fi\/de\/wp-json\/wp\/v2\/pages"}],"about":[{"href":"https:\/\/visitsavonlinna.fi\/de\/wp-json\/wp\/v2\/types\/page"}],"author":[{"embeddable":true,"href":"https:\/\/visitsavonlinna.fi\/de\/wp-json\/wp\/v2\/users\/55"}],"replies":[{"embeddable":true,"href":"https:\/\/visitsavonlinna.fi\/de\/wp-json\/wp\/v2\/comments?post=253019"}],"version-history":[{"count":7,"href":"https:\/\/visitsavonlinna.fi\/de\/wp-json\/wp\/v2\/pages\/253019\/revisions"}],"predecessor-version":[{"id":253028,"href":"https:\/\/visitsavonlinna.fi\/de\/wp-json\/wp\/v2\/pages\/253019\/revisions\/253028"}],"wp:featuredmedia":[{"embeddable":true,"href":"https:\/\/visitsavonlinna.fi\/de\/wp-json\/wp\/v2\/media\/253020"}],"wp:attachment":[{"href":"https:\/\/visitsavonlinna.fi\/de\/wp-json\/wp\/v2\/media?parent=253019"}],"wp:term":[{"taxonomy":"relatedcontent","embeddable":true,"href":"https:\/\/visitsavonlinna.fi\/de\/wp-json\/wp\/v2\/relatedcontent?post=253019"}],"curies":[{"name":"wp","href":"https:\/\/api.w.org\/{rel}","templated":true}]}}