{"id":253087,"date":"2023-01-25T10:30:55","date_gmt":"2023-01-25T08:30:55","guid":{"rendered":"https:\/\/visitsavonlinna.fi\/?page_id=253087"},"modified":"2023-01-25T10:33:18","modified_gmt":"2023-01-25T08:33:18","slug":"angeln","status":"publish","type":"page","link":"https:\/\/visitsavonlinna.fi\/de\/angeln\/","title":{"rendered":"Angeln in Savonlinna und am Saimaa-See"},"content":{"rendered":"<p>[vc_row][vc_column width=&#8220;1\/4&#8243;][\/vc_column][vc_column width=&#8220;1\/2&#8243;][vc_column_text]<\/p>\n<h1 id=\"tw-target-text\" class=\"tw-data-text tw-text-large tw-ta\" dir=\"ltr\" style=\"text-align: center\" data-placeholder=\"K\u00e4\u00e4nn\u00f6s\"><span class=\"Y2IQFc\" lang=\"de\">Angeln in Savonlinna und am Saimaa-See<\/span><\/h1>\n<p id=\"tw-target-text\" class=\"tw-data-text tw-text-large tw-ta\" dir=\"ltr\" style=\"text-align: center\" data-placeholder=\"K\u00e4\u00e4nn\u00f6s\"><span class=\"Y2IQFc\" lang=\"de\">Der Saimaa-See ist wirklich ein Paradies f\u00fcr Angler! Das Seengebiet rund um die Stadt Savonlinna ist das gr\u00f6\u00dfte in Europa, und Sie k\u00f6nnen dort viele verschiedene Fischgr\u00fcnde und Fischarten finden. Das Angeln in Savonlinna und auf dem Saimaa-See ist ein wunderbares Erlebnis f\u00fcr Seefischer!<\/span><\/p>\n<p class=\"tw-data-text tw-text-large tw-ta\" dir=\"ltr\" style=\"text-align: center\" data-placeholder=\"K\u00e4\u00e4nn\u00f6s\"><span class=\"Y2IQFc\" lang=\"de\">In der Region Savonlinna k\u00f6nnen Sie mit einem Angelschein auf eigene Faust angeln oder an einem organisierten Angelausflug teilnehmen. Wenn Sie mit einem Guide angeln, werden Sie die besten Stellen leicht finden, und wenn Sie m\u00f6chten, kann auf Ihrer Reise ein Mittagessen im Freien organisiert werden. Sie m\u00fcssen Ihre Angelausr\u00fcstung nicht zum Saimaa-See mitbringen, da Sie bei den vielen Verleihstellen in der Umgebung hochwertige Ausr\u00fcstung mieten k\u00f6nnen. Denken Sie daran, eine Angelerlaubnis online zu bekommen.<\/span><\/p>\n<p>[\/vc_column_text][\/vc_column][vc_column width=&#8220;1\/4&#8243;][\/vc_column][\/vc_row][vc_row][vc_column][\/vc_column][\/vc_row][vc_row][vc_column][vc_column_text]<\/p>\n<h2 style=\"text-align: center\">Angelausfl\u00fcge<\/h2>\n<p>[\/vc_column_text][vc_empty_space][\/vc_column][\/vc_row][vc_row][vc_column]<div class=\"posts-list-grid wpb_content_element\">\n                            <div class=\"row no-gutter\"><div class=\"row no-gutter\"><div class=\"col-xs-10 col-sm-5 col-lg-33\">    <div class=\"post-box post-stub post-206781 visit_saimaa_product type-visit_saimaa_product status-publish has-post-thumbnail hentry servicecategory-angeln actioncategory-aktivitaten relatedcontent-saimaaholiday-oravi-de responsible-company product aktivitaten angeln priority-1\" data-openid=\"wobblerangeltours-in-nationalpark-linnansaari-2-206781-1\" data-contentid=\"2:206781\" data-showrelated=\"1\" id=\"wobblerangeltours-in-nationalpark-linnansaari-2-206781-1\">\n\n        <div class=\"vs_post_thumbnail\" style=\"background-image: url('https:\/\/visitsavonlinna.fi\/wp-content\/themes\/visitsavonlinna2021\/images\/default.jpg')\" data-attachment=\"206778-2\"><\/div>        \n        <div class=\"image_overlay\"><\/div>\n                    <div class=\"company-name\">SaimaaHoliday Oravi<\/div>\n                            <div class=\"responsible-icon\">\n                <img decoding=\"async\" src=\"https:\/\/visitsavonlinna.fi\/wp-content\/plugins\/visitsaimaa-content\/images\/responsibility-icons\/vastuullinen_yritys_kulma_plain_small.png\" alt=\"Responsible company\"\/>\n            <\/div>\n                \n        \n                <a href=\"https:\/\/visitsavonlinna.fi\/de\/products\/wobblerangeltours-in-nationalpark-linnansaari\/\"  class=\" get-post-details\" title=\"Gef\u00fchrte Angeltouren im Nationalpark Linnansaari und Joutenvesi\">\n            <span class=\"info\">\n                                    <span class=\"category\">Aktivit\u00e4ten<\/span>\n                \n                                <span class=\"h3\">Gef\u00fchrte Angeltouren im Nationalpark Linnansaari und Joutenvesi<\/span>\n                                            <\/span><!-- \/.info -->\n        <\/a>\n\n    <\/div>\n    <\/div><div class=\"col-xs-10 col-sm-5 col-lg-33\">    <div class=\"post-box post-stub post-206795 visit_saimaa_product type-visit_saimaa_product status-publish has-post-thumbnail hentry servicecategory-angeln actioncategory-aktivitaten relatedcontent-saimaaholiday-oravi-de responsible-company product aktivitaten angeln priority-2\" data-openid=\"wurfangeltours-in-linnansaari-nationalpark-fischgarantie-2-206795-2\" data-contentid=\"2:206795\" data-showrelated=\"1\" id=\"wurfangeltours-in-linnansaari-nationalpark-fischgarantie-2-206795-2\">\n\n        <div class=\"vs_post_thumbnail\" style=\"background-image: url('https:\/\/visitsavonlinna.fi\/wp-content\/themes\/visitsavonlinna2021\/images\/default.jpg')\" data-attachment=\"578462-2\"><\/div>        \n        <div class=\"image_overlay\"><\/div>\n                    <div class=\"company-name\">SaimaaHoliday Oravi<\/div>\n                            <div class=\"responsible-icon\">\n                <img decoding=\"async\" src=\"https:\/\/visitsavonlinna.fi\/wp-content\/plugins\/visitsaimaa-content\/images\/responsibility-icons\/vastuullinen_yritys_kulma_plain_small.png\" alt=\"Responsible company\"\/>\n            <\/div>\n                \n        \n                <a href=\"https:\/\/visitsavonlinna.fi\/de\/products\/wurfangeltours-in-linnansaari-nationalpark-fischgarantie\/\"  class=\" get-post-details\" title=\"Spinnangeltour nach Nationalpark Linnansaari. Fischfanggarantie!!\">\n            <span class=\"info\">\n                                    <span class=\"category\">Aktivit\u00e4ten<\/span>\n                \n                                <span class=\"h3\">Spinnangeltour nach Nationalpark Linnansaari. Fischfanggarantie!!<\/span>\n                                            <\/span><!-- \/.info -->\n        <\/a>\n\n    <\/div>\n    <\/div><div class=\"col-xs-10 col-sm-5 col-lg-33\">    <div class=\"post-box filler \" style=\"background-color: #ffffff;\">\n        <div class=\"icon\"><\/div>\n                    <div class=\"background-icon\" style=\" background-image: url('');\" ><\/div>\n        \n        \n                            \n    <\/div>\n\n    <\/div><\/div><!-- row --><\/div><!-- \/.row -->\n                            <\/div><!--\/.posts-list-grid -->[\/vc_column][\/vc_row]<\/p>\n","protected":false},"excerpt":{"rendered":"<p>[vc_row][vc_column width=&#8220;1\/4&#8243;][\/vc_column][vc_column width=&#8220;1\/2&#8243;][vc_column_text] Angeln in Savonlinna und am Saimaa-See Der Saimaa-See ist wirklich ein Paradies f\u00fcr Angler! Das Seengebiet rund um die Stadt Savonlinna ist das gr\u00f6\u00dfte in Europa, und [&hellip;]<\/p>\n","protected":false},"author":55,"featured_media":253091,"parent":0,"menu_order":0,"comment_status":"closed","ping_status":"closed","template":"","meta":{"footnotes":""},"relatedcontent":[],"class_list":["post-253087","page","type-page","status-publish","has-post-thumbnail","hentry"],"yoast_head":"<!-- This site is optimized with the Yoast SEO Premium plugin v27.3 (Yoast SEO v27.4) - https:\/\/yoast.com\/product\/yoast-seo-premium-wordpress\/ -->\n<title>Angeln I Lakeland Finnland I Visit Savonlinna<\/title>\n<meta name=\"description\" content=\"Der Saimaa-See ist ein Traum f\u00fcr Angler! Nehmen Sie an einem gef\u00fchrten Ausflug teil oder fischen Sie auf eigene Faust mit einem Angelschein.\" \/>\n<meta name=\"robots\" content=\"index, follow, max-snippet:-1, max-image-preview:large, max-video-preview:-1\" \/>\n<link rel=\"canonical\" href=\"https:\/\/visitsavonlinna.fi\/de\/angeln\/\" \/>\n<meta property=\"og:locale\" content=\"de_DE\" \/>\n<meta property=\"og:type\" content=\"article\" \/>\n<meta property=\"og:title\" content=\"Angeln in Savonlinna und am Saimaa-See\" \/>\n<meta property=\"og:description\" content=\"Der Saimaa-See ist ein Traum f\u00fcr Angler! Nehmen Sie an einem gef\u00fchrten Ausflug teil oder fischen Sie auf eigene Faust mit einem Angelschein.\" \/>\n<meta property=\"og:url\" content=\"https:\/\/visitsavonlinna.fi\/de\/angeln\/\" \/>\n<meta property=\"og:site_name\" content=\"Visit Savonlinna\" \/>\n<meta property=\"article:modified_time\" content=\"2023-01-25T08:33:18+00:00\" \/>\n<meta property=\"og:image\" content=\"https:\/\/visitsavonlinna.fi\/wp-content\/uploads\/sites\/2\/2023\/01\/angeln-lakeland-finnland-savonlinna.jpg\" \/>\n\t<meta property=\"og:image:width\" content=\"2000\" \/>\n\t<meta property=\"og:image:height\" content=\"1173\" \/>\n\t<meta property=\"og:image:type\" content=\"image\/jpeg\" \/>\n<meta name=\"twitter:card\" content=\"summary_large_image\" \/>\n<meta name=\"twitter:label1\" content=\"Gesch\u00e4tzte Lesezeit\" \/>\n\t<meta name=\"twitter:data1\" content=\"1 minute\" \/>\n<script type=\"application\/ld+json\" class=\"yoast-schema-graph\">{\"@context\":\"https:\\\/\\\/schema.org\",\"@graph\":[{\"@type\":\"WebPage\",\"@id\":\"https:\\\/\\\/visitsavonlinna.fi\\\/de\\\/angeln\\\/\",\"url\":\"https:\\\/\\\/visitsavonlinna.fi\\\/de\\\/angeln\\\/\",\"name\":\"Angeln I Lakeland Finnland I Visit Savonlinna\",\"isPartOf\":{\"@id\":\"https:\\\/\\\/visitsavonlinna.fi\\\/#website\"},\"primaryImageOfPage\":{\"@id\":\"https:\\\/\\\/visitsavonlinna.fi\\\/de\\\/angeln\\\/#primaryimage\"},\"image\":{\"@id\":\"https:\\\/\\\/visitsavonlinna.fi\\\/de\\\/angeln\\\/#primaryimage\"},\"thumbnailUrl\":\"https:\\\/\\\/visitsavonlinna.fi\\\/wp-content\\\/uploads\\\/sites\\\/2\\\/2023\\\/01\\\/angeln-lakeland-finnland-savonlinna.jpg\",\"datePublished\":\"2023-01-25T08:30:55+00:00\",\"dateModified\":\"2023-01-25T08:33:18+00:00\",\"description\":\"Der Saimaa-See ist ein Traum f\u00fcr Angler! Nehmen Sie an einem gef\u00fchrten Ausflug teil oder fischen Sie auf eigene Faust mit einem Angelschein.\",\"breadcrumb\":{\"@id\":\"https:\\\/\\\/visitsavonlinna.fi\\\/de\\\/angeln\\\/#breadcrumb\"},\"inLanguage\":\"de-DE\",\"potentialAction\":[{\"@type\":\"ReadAction\",\"target\":[\"https:\\\/\\\/visitsavonlinna.fi\\\/de\\\/angeln\\\/\"]}]},{\"@type\":\"ImageObject\",\"inLanguage\":\"de-DE\",\"@id\":\"https:\\\/\\\/visitsavonlinna.fi\\\/de\\\/angeln\\\/#primaryimage\",\"url\":\"https:\\\/\\\/visitsavonlinna.fi\\\/wp-content\\\/uploads\\\/sites\\\/2\\\/2023\\\/01\\\/angeln-lakeland-finnland-savonlinna.jpg\",\"contentUrl\":\"https:\\\/\\\/visitsavonlinna.fi\\\/wp-content\\\/uploads\\\/sites\\\/2\\\/2023\\\/01\\\/angeln-lakeland-finnland-savonlinna.jpg\",\"width\":2000,\"height\":1173,\"caption\":\"angeln angelausflug lakeland finnland savonlinna\"},{\"@type\":\"BreadcrumbList\",\"@id\":\"https:\\\/\\\/visitsavonlinna.fi\\\/de\\\/angeln\\\/#breadcrumb\",\"itemListElement\":[{\"@type\":\"ListItem\",\"position\":1,\"name\":\"Visitsavonlinna.fi\",\"item\":\"https:\\\/\\\/visitsavonlinna.fi\\\/de\\\/\"},{\"@type\":\"ListItem\",\"position\":2,\"name\":\"Angeln in Savonlinna und am Saimaa-See\"}]},{\"@type\":\"WebSite\",\"@id\":\"https:\\\/\\\/visitsavonlinna.fi\\\/#website\",\"url\":\"https:\\\/\\\/visitsavonlinna.fi\\\/\",\"name\":\"Visit Savonlinna\",\"description\":\"\",\"potentialAction\":[{\"@type\":\"SearchAction\",\"target\":{\"@type\":\"EntryPoint\",\"urlTemplate\":\"https:\\\/\\\/visitsavonlinna.fi\\\/?s={search_term_string}\"},\"query-input\":{\"@type\":\"PropertyValueSpecification\",\"valueRequired\":true,\"valueName\":\"search_term_string\"}}],\"inLanguage\":\"de-DE\"}]}<\/script>\n<!-- \/ Yoast SEO Premium plugin. -->","yoast_head_json":{"title":"Angeln I Lakeland Finnland I Visit Savonlinna","description":"Der Saimaa-See ist ein Traum f\u00fcr Angler! Nehmen Sie an einem gef\u00fchrten Ausflug teil oder fischen Sie auf eigene Faust mit einem Angelschein.","robots":{"index":"index","follow":"follow","max-snippet":"max-snippet:-1","max-image-preview":"max-image-preview:large","max-video-preview":"max-video-preview:-1"},"canonical":"https:\/\/visitsavonlinna.fi\/de\/angeln\/","og_locale":"de_DE","og_type":"article","og_title":"Angeln in Savonlinna und am Saimaa-See","og_description":"Der Saimaa-See ist ein Traum f\u00fcr Angler! Nehmen Sie an einem gef\u00fchrten Ausflug teil oder fischen Sie auf eigene Faust mit einem Angelschein.","og_url":"https:\/\/visitsavonlinna.fi\/de\/angeln\/","og_site_name":"Visit Savonlinna","article_modified_time":"2023-01-25T08:33:18+00:00","og_image":[{"width":2000,"height":1173,"url":"https:\/\/visitsavonlinna.fi\/wp-content\/uploads\/sites\/2\/2023\/01\/angeln-lakeland-finnland-savonlinna.jpg","type":"image\/jpeg"}],"twitter_card":"summary_large_image","twitter_misc":{"Gesch\u00e4tzte Lesezeit":"1 minute"},"schema":{"@context":"https:\/\/schema.org","@graph":[{"@type":"WebPage","@id":"https:\/\/visitsavonlinna.fi\/de\/angeln\/","url":"https:\/\/visitsavonlinna.fi\/de\/angeln\/","name":"Angeln I Lakeland Finnland I Visit Savonlinna","isPartOf":{"@id":"https:\/\/visitsavonlinna.fi\/#website"},"primaryImageOfPage":{"@id":"https:\/\/visitsavonlinna.fi\/de\/angeln\/#primaryimage"},"image":{"@id":"https:\/\/visitsavonlinna.fi\/de\/angeln\/#primaryimage"},"thumbnailUrl":"https:\/\/visitsavonlinna.fi\/wp-content\/uploads\/sites\/2\/2023\/01\/angeln-lakeland-finnland-savonlinna.jpg","datePublished":"2023-01-25T08:30:55+00:00","dateModified":"2023-01-25T08:33:18+00:00","description":"Der Saimaa-See ist ein Traum f\u00fcr Angler! Nehmen Sie an einem gef\u00fchrten Ausflug teil oder fischen Sie auf eigene Faust mit einem Angelschein.","breadcrumb":{"@id":"https:\/\/visitsavonlinna.fi\/de\/angeln\/#breadcrumb"},"inLanguage":"de-DE","potentialAction":[{"@type":"ReadAction","target":["https:\/\/visitsavonlinna.fi\/de\/angeln\/"]}]},{"@type":"ImageObject","inLanguage":"de-DE","@id":"https:\/\/visitsavonlinna.fi\/de\/angeln\/#primaryimage","url":"https:\/\/visitsavonlinna.fi\/wp-content\/uploads\/sites\/2\/2023\/01\/angeln-lakeland-finnland-savonlinna.jpg","contentUrl":"https:\/\/visitsavonlinna.fi\/wp-content\/uploads\/sites\/2\/2023\/01\/angeln-lakeland-finnland-savonlinna.jpg","width":2000,"height":1173,"caption":"angeln angelausflug lakeland finnland savonlinna"},{"@type":"BreadcrumbList","@id":"https:\/\/visitsavonlinna.fi\/de\/angeln\/#breadcrumb","itemListElement":[{"@type":"ListItem","position":1,"name":"Visitsavonlinna.fi","item":"https:\/\/visitsavonlinna.fi\/de\/"},{"@type":"ListItem","position":2,"name":"Angeln in Savonlinna und am Saimaa-See"}]},{"@type":"WebSite","@id":"https:\/\/visitsavonlinna.fi\/#website","url":"https:\/\/visitsavonlinna.fi\/","name":"Visit Savonlinna","description":"","potentialAction":[{"@type":"SearchAction","target":{"@type":"EntryPoint","urlTemplate":"https:\/\/visitsavonlinna.fi\/?s={search_term_string}"},"query-input":{"@type":"PropertyValueSpecification","valueRequired":true,"valueName":"search_term_string"}}],"inLanguage":"de-DE"}]}},"_links":{"self":[{"href":"https:\/\/visitsavonlinna.fi\/de\/wp-json\/wp\/v2\/pages\/253087","targetHints":{"allow":["GET"]}}],"collection":[{"href":"https:\/\/visitsavonlinna.fi\/de\/wp-json\/wp\/v2\/pages"}],"about":[{"href":"https:\/\/visitsavonlinna.fi\/de\/wp-json\/wp\/v2\/types\/page"}],"author":[{"embeddable":true,"href":"https:\/\/visitsavonlinna.fi\/de\/wp-json\/wp\/v2\/users\/55"}],"replies":[{"embeddable":true,"href":"https:\/\/visitsavonlinna.fi\/de\/wp-json\/wp\/v2\/comments?post=253087"}],"version-history":[{"count":4,"href":"https:\/\/visitsavonlinna.fi\/de\/wp-json\/wp\/v2\/pages\/253087\/revisions"}],"predecessor-version":[{"id":253093,"href":"https:\/\/visitsavonlinna.fi\/de\/wp-json\/wp\/v2\/pages\/253087\/revisions\/253093"}],"wp:featuredmedia":[{"embeddable":true,"href":"https:\/\/visitsavonlinna.fi\/de\/wp-json\/wp\/v2\/media\/253091"}],"wp:attachment":[{"href":"https:\/\/visitsavonlinna.fi\/de\/wp-json\/wp\/v2\/media?parent=253087"}],"wp:term":[{"taxonomy":"relatedcontent","embeddable":true,"href":"https:\/\/visitsavonlinna.fi\/de\/wp-json\/wp\/v2\/relatedcontent?post=253087"}],"curies":[{"name":"wp","href":"https:\/\/api.w.org\/{rel}","templated":true}]}}