{"id":253119,"date":"2023-01-25T13:14:38","date_gmt":"2023-01-25T11:14:38","guid":{"rendered":"https:\/\/visitsavonlinna.fi\/?page_id=253119"},"modified":"2024-11-22T16:05:25","modified_gmt":"2024-11-22T14:05:25","slug":"reisen-nach-savonlinna","status":"publish","type":"page","link":"https:\/\/visitsavonlinna.fi\/de\/reisen-nach-savonlinna\/","title":{"rendered":"Reisen nach Savonlinna"},"content":{"rendered":"<p>[vc_row][vc_column width=&#8220;1\/4&#8243;][\/vc_column][vc_column width=&#8220;1\/2&#8243;][vc_column_text]<\/p>\n<h1 dir=\"ltr\" style=\"text-align: center\" data-placeholder=\"K\u00e4\u00e4nn\u00f6s\">Reisen nach Savonlinna<\/h1>\n<p id=\"tw-target-text\" class=\"tw-data-text tw-text-large tw-ta\" dir=\"ltr\" style=\"text-align: center\" data-placeholder=\"K\u00e4\u00e4nn\u00f6s\"><span class=\"Y2IQFc\" lang=\"de\">Die Anreise nach Savonlinna ist einfach, mit verschiedenen Reiseverbindungen, darunter Busse, Z\u00fcge, gute Stra\u00dfen und ein kleiner Flughafen, der Inlandsfl\u00fcge nach Helsinki und zur\u00fcck anbietet. \u00dcberpr\u00fcfen Sie die Verbindungen und Fahrpl\u00e4ne zum Drehkreuz Ostfinnlands. Reisende k\u00f6nnen mit dem Zug, Bus, Flugzeug oder sogar mit dem Boot entlang des Saimaa-Sees in die Stadt kommen. Von Lappeenranta, Mikkeli und Joensuu aus ist Savonlinna leicht mit dem Auto zu erreichen, und auch von Kuopio, Jyv\u00e4skyl\u00e4 oder Lahti ist es nicht weit. Von Helsinki nach Savonlinna sind es 330 km, knapp vier Stunden Fahrt.<\/span><\/p>\n<p>[\/vc_column_text][\/vc_column][vc_column width=&#8220;1\/4&#8243;][\/vc_column][\/vc_row][vc_row][vc_column][vc_column_text css=&#8220;&#8220;]<\/p>\n<h2 id=\"tw-target-text\" class=\"tw-data-text tw-text-large tw-ta\" dir=\"ltr\" style=\"text-align: center;\" data-placeholder=\"K\u00e4\u00e4nn\u00f6s\"><span class=\"Y2IQFc\" lang=\"de\">Inlandsfl\u00fcge zwischen Helsinki und Savonlinna<\/span><\/h2>\n<p id=\"tw-target-text\" class=\"tw-data-text tw-text-large tw-ta\" dir=\"ltr\" style=\"text-align: center;\" data-placeholder=\"K\u00e4\u00e4nn\u00f6s\"><span class=\"Y2IQFc\" lang=\"de\">Linienfl\u00fcge zwischen Helsinki und Savonlinna (Flugzeit 1 Stunde) werden an Wochentagen geflogen.<\/span><\/p>\n<p class=\"tw-data-text tw-text-large tw-ta\" dir=\"ltr\" style=\"text-align: center;\" data-placeholder=\"K\u00e4\u00e4nn\u00f6s\"><strong><span class=\"Y2IQFc\" lang=\"de\">Mo, Mi, Fr \u2013 SVL-HEL um 7:00 Uhr | HEL-SVL um 16:45 Uhr<\/span><\/strong><\/p>\n<p class=\"tw-data-text tw-text-large tw-ta\" dir=\"ltr\" style=\"text-align: center;\" data-placeholder=\"K\u00e4\u00e4nn\u00f6s\"><strong><span class=\"Y2IQFc\" lang=\"de\">Di, Do \u2013 SVL-HEL um 7:00 und 14:00 Uhr | HEL-SVL um 8:20 Uhr und 16:45 Uhr<\/span><\/strong><\/p>\n<p id=\"tw-target-text\" class=\"tw-data-text tw-text-large tw-ta\" dir=\"ltr\" style=\"text-align: center;\" data-placeholder=\"K\u00e4\u00e4nn\u00f6s\">Keine Fl\u00fcge:<br \/>\n6.12.2024 \u2013 Unabh\u00e4ngigkeitstag<br \/>\n24.12.2024 &#8211; 6.1.2025 &#8211; Weihnachten und Neujahr<\/p>\n<p dir=\"ltr\" style=\"text-align: center;\" data-placeholder=\"K\u00e4\u00e4nn\u00f6s\"><span class=\"Y2IQFc\" lang=\"de\">Der Flughafen Savonlinna liegt ca. 13 km \/ 15 min vom Markt entfernt. Mit dem Taxi k\u00f6nnen Sie sich bequem fortbewegen.<\/span><\/p>\n<p>[\/vc_column_text][\/vc_column][\/vc_row][vc_row][vc_column][vc_btn title=&#8220;Die Aktuellen Fahrpl\u00e4ne und Tickets \u00bb&#8220; style=&#8220;flat&#8220; color=&#8220;black&#8220; align=&#8220;center&#8220; link=&#8220;url:https%3A%2F%2Fnorppa.aero%2Findex-en|target:_blank&#8220; el_class=&#8220;btn-saimaa&#8220;][vc_empty_space][vc_column_text css=&#8220;&#8220;]<\/p>\n<h2 style=\"text-align: center;\">Direktfl\u00fcge in der Sommersaison 2025<\/h2>\n<p style=\"text-align: center;\">In der Sommersaison 2025 werden Direktfl\u00fcge nach Savonlinna von Rotterdam und Frankfurt aus angeboten.<\/p>\n<p style=\"text-align: center;\">Entdecken Sie auch die Winterpakete der Reiseveranstalter!<\/p>\n<p>&nbsp;<\/p>\n<p style=\"text-align: center;\">Schauen Sie sich die Reisepakete an und kommen Sie als unser Gast nach Saimaa!<\/p>\n<p>[\/vc_column_text][\/vc_column][\/vc_row][vc_row][vc_column width=&#8220;1\/4&#8243;][\/vc_column][vc_column width=&#8220;1\/2&#8243;]<div class=\"image-and-button-shortcode\" style=\"background-image: url('https:\/\/visitsavonlinna.fi\/wp-content\/uploads\/sites\/2\/2022\/12\/olavinlinna-castle-winter-3-1-1920x600.jpg')\">\n\t<a href=\"https:\/\/www.voigt-travel.nl\/finland\"  class=\"btn btn-primary\">Schauen Sie sich die Winter- und Sommerpakete 2025 von Voigt Travel &raquo;<\/a>\n<\/div>[vc_empty_space][\/vc_column][vc_column width=&#8220;1\/4&#8243;][\/vc_column][\/vc_row][vc_row][vc_column width=&#8220;1\/4&#8243;][\/vc_column][vc_column width=&#8220;1\/2&#8243;]<div class=\"image-and-button-shortcode\" style=\"background-image: url('https:\/\/visitsavonlinna.fi\/wp-content\/uploads\/sites\/2\/2023\/03\/kesa_20210727_8-1-1-1920x600.jpg')\">\n\t<a href=\"https:\/\/www.andersweg.reisen\/finnland\"  class=\"btn btn-primary\">Frankfurt - Savonlinna im Winter und Sommer 2025 - Zonista GMBH &raquo;<\/a>\n<\/div>[vc_empty_space][\/vc_column][vc_column width=&#8220;1\/4&#8243;][\/vc_column][\/vc_row][vc_row][vc_column width=&#8220;1\/4&#8243;][\/vc_column][vc_column width=&#8220;1\/2&#8243;]<div class=\"image-and-button-shortcode\" style=\"background-image: url('https:\/\/visitsavonlinna.fi\/wp-content\/uploads\/sites\/2\/2023\/06\/risteily-sulosaari-2021-savonlinna-0016-1859x600.jpg')\">\n\t<a href=\"https:\/\/www.berge-meer.de\/ziel\/finnland\"  class=\"btn btn-primary\">Berge & Meer &raquo;<\/a>\n<\/div>[\/vc_column][vc_column width=&#8220;1\/4&#8243;][\/vc_column][\/vc_row][vc_row][vc_column][vc_empty_space][vc_empty_space][vc_column_text]<\/p>\n<h2 style=\"text-align: center;\">Schauen Sie sich die Ladestationen f\u00fcr Elektroautos auf der Karte an<\/h2>\n<p>[\/vc_column_text]<div class=\"image-and-button-shortcode\" style=\"background-image: url('https:\/\/visitsavonlinna.fi\/wp-content\/uploads\/sites\/2\/2015\/05\/Savonlinna-ylh-lt--1920x600.jpg')\">\n\t<a href=\"https:\/\/chargefinder.com\/en\/savonlinna\/charging-station\/k2emq5\" target=\"_blank\" class=\"btn btn-primary\">Ladestationen f\u00fcr Elektroautos &raquo;<\/a>\n<\/div>[\/vc_column][\/vc_row][vc_row][vc_column][vc_column_text]<\/p>\n<h2 style=\"text-align: center;\">Mit dem Auto nach Savonlinna?<\/h2>\n<p>[\/vc_column_text][vc_column_text]<\/p>\n<p style=\"text-align: center;\">Reise mit dem eigenen Auto von Deutschland nach Savonlinna. Informiere dich \u00fcber die Aktionen von Finnlines und sei unser Gast am bezaubernden Saimaa.<\/p>\n<p style=\"text-align: center;\"><span class=\"ui-provider ed cgp bzd cgq cgr cgs cgt cgu cgv cgw cgx cgy cgz cha chb chc chd che chf chg chh chi chj chk chl chm chn cho chp chq chr chs cht chu chv\" dir=\"ltr\">Die <a class=\"fui-Link ___1rxvrpe f2hkw1w f3rmtva f1ewtqcl fyind8e f1k6fduh f1w7gpdv fk6fouc fjoy568 figsok6 f1hu3pq6 f11qmguv f19f4twv f1tyq0we f1g0x7ka fhxju0i f1qch9an f1cnd47f fqv5qza f1vmzxwi f1o700av f13mvf36 f1cmlufx f9n3di6 f1ids18y f1tx3yz7 f1deo86v f1eh06m1 f1iescvh fhgqx19 f1olyrje f1p93eir f1nev41a f1h8hb77 f1lqvz6u f10aw75t fsle3fq f17ae5zn\" title=\"https:\/\/www.finnlines.com\/de\/passagiere\/angebote-fuer-faehrreisen\/faehre-deutschland-finnland\/?utm_source=hhab_sommerkampagne_adv&amp;utm_medium=adv_anreise&amp;utm_term=&amp;utm_content=&amp;utm_campaign=hhab_sommerkampagne_2024\" href=\"https:\/\/www.finnlines.com\/de\/passagiere\/angebote-fuer-faehrreisen\/faehre-deutschland-finnland\/?utm_source=hhab_sommerkampagne_adv&amp;utm_medium=adv_anreise&amp;utm_term=&amp;utm_content=&amp;utm_campaign=hhab_sommerkampagne_2024\" target=\"_blank\" rel=\"noreferrer noopener\" aria-label=\"Linkki Finnlines-F\u00e4hren\">Finnlines-F\u00e4hren<\/a> fahren t\u00e4glich von L\u00fcbeck in Deutschland nach Helsinki?<\/span><\/p>\n<p>[\/vc_column_text][\/vc_column][\/vc_row][vc_row][vc_column][vc_empty_space][vc_empty_space][vc_column_text]<\/p>\n<h2 style=\"text-align: center\">Suchen Sie Bus- oder Bahntickets?<\/h2>\n<p>[\/vc_column_text][\/vc_column][\/vc_row][vc_row][vc_column width=&#8220;1\/5&#8243;][\/vc_column][vc_column width=&#8220;1\/5&#8243;][\/vc_column][vc_column width=&#8220;1\/5&#8243;][vc_raw_html]JTNDZGl2JTIwc3R5bGUlM0QlMjJ3aWR0aCUzQTI1MHB4JTNCYm9yZGVyLXJhZGl1cyUzQTNweCUzQnBhZGRpbmclM0EwJTNCbWFyZ2luJTNBMCUyMiUzRSUzQ2lmcmFtZSUyMHNyYyUzRCUyMmh0dHBzJTNBJTJGJTJGd3d3LnBlcmlsbGUuZmklMkZkZSUyRnBlcmlsbGV3aWRnZXQlM0YlMjZzaXRlJTNEdmlzaXRzYXZvbmxpbm5hLmZpJTJGZGUlMjIlMjB0aXRsZSUzRCUyMldpZGdldCUyMiUyMGhlaWdodCUzRCUyMjMwMHB4JTIyJTIwd2lkdGglM0QlMjIxMDAlMjUlMjIlMjBzY3JvbGxpbmclM0QlMjJubyUyMiUyMHN0eWxlJTNEJTIyYm9yZGVyLXJhZGl1cyUzQTNweCUzQmJvcmRlciUzQW5vbmUlMjIlM0UlM0MlMkZpZnJhbWUlM0UlM0NzcGFuJTIwc3R5bGUlM0QlMjJ0ZXh0LWFsaWduJTNBY2VudGVyJTNCZm9udC1zaXplJTNBMTJweCUzQmRpc3BsYXklM0FibG9jayUzQmNvbG9yJTNBYmxhY2slMjIlM0UlM0NhJTIwaHJlZiUzRCUyMmh0dHBzJTNBJTJGJTJGd3d3LnBlcmlsbGUuZmklMkZkZSUzRnV0bV9zb3VyY2UlM0R2aXNpdHNhdm9ubGlubmEuZmklMkZkZSUyNnV0bV9tZWRpdW0lM0R3aWRnZXQlMjZ1dG1fY2FtcGFpZ24lM0R2aXNpdHNhdm9ubGlubmEuZmklMkZkZSUyMiUyMHRhcmdldCUzRCUyMl9ibGFuayUyMiUyMHN0eWxlJTNEJTIyY29sb3IlM0ElMjMwMDc0YzIlM0J0ZXh0LWRlY29yYXRpb24lM0Fub25lJTIyJTNFJUMyJUE5JTIwcGVyaWxsZS5maSUzQyUyRmElM0UlM0MlMkZzcGFuJTNFJTNDJTJGZGl2JTNF[\/vc_raw_html][\/vc_column][vc_column width=&#8220;1\/5&#8243;][\/vc_column][vc_column width=&#8220;1\/5&#8243;][\/vc_column][\/vc_row]<\/p>\n","protected":false},"excerpt":{"rendered":"<p>[vc_row][vc_column width=&#8220;1\/4&#8243;][\/vc_column][vc_column width=&#8220;1\/2&#8243;][vc_column_text] Reisen nach Savonlinna Die Anreise nach Savonlinna ist einfach, mit verschiedenen Reiseverbindungen, darunter Busse, Z\u00fcge, gute Stra\u00dfen und ein kleiner Flughafen, der Inlandsfl\u00fcge nach Helsinki und zur\u00fcck [&hellip;]<\/p>\n","protected":false},"author":55,"featured_media":253130,"parent":0,"menu_order":0,"comment_status":"closed","ping_status":"closed","template":"","meta":{"footnotes":""},"relatedcontent":[],"class_list":["post-253119","page","type-page","status-publish","has-post-thumbnail","hentry"],"yoast_head":"<!-- This site is optimized with the Yoast SEO Premium plugin v27.3 (Yoast SEO v27.2) - https:\/\/yoast.com\/product\/yoast-seo-premium-wordpress\/ -->\n<title>Reisen nach Savonlinna I Lakeland Finnland I Fl\u00fcgen I Z\u00fcgen<\/title>\n<meta name=\"description\" content=\"Die Anreise nach Savonlinna ist auch aus dem Ausland einfach, mit Fl\u00fcgen nach Helsinki, Bussen, Z\u00fcgen, Stra\u00dfen und einem kleinen Flughafen.\" \/>\n<meta name=\"robots\" content=\"index, follow, max-snippet:-1, max-image-preview:large, max-video-preview:-1\" \/>\n<link rel=\"canonical\" href=\"https:\/\/visitsavonlinna.fi\/de\/reisen-nach-savonlinna\/\" \/>\n<meta property=\"og:locale\" content=\"de_DE\" \/>\n<meta property=\"og:type\" content=\"article\" \/>\n<meta property=\"og:title\" content=\"Reisen nach Savonlinna I Lakeland Finnland I Fl\u00fcgen I Z\u00fcgen\" \/>\n<meta property=\"og:description\" content=\"Die Anreise nach Savonlinna ist auch aus dem Ausland einfach, mit Fl\u00fcgen nach Helsinki, Bussen, Z\u00fcgen, Stra\u00dfen und einem kleinen Flughafen.\" \/>\n<meta property=\"og:url\" content=\"https:\/\/visitsavonlinna.fi\/de\/reisen-nach-savonlinna\/\" \/>\n<meta property=\"og:site_name\" content=\"Visit Savonlinna\" \/>\n<meta property=\"article:modified_time\" content=\"2024-11-22T14:05:25+00:00\" \/>\n<meta property=\"og:image\" content=\"https:\/\/visitsavonlinna.fi\/wp-content\/uploads\/sites\/2\/2023\/01\/verkehrsverbindungen-nach-savonlinna-lakeland-finnland-flugverbindung-zugverbindung-bus.jpg\" \/>\n\t<meta property=\"og:image:width\" content=\"1991\" \/>\n\t<meta property=\"og:image:height\" content=\"864\" \/>\n\t<meta property=\"og:image:type\" content=\"image\/jpeg\" \/>\n<meta name=\"twitter:card\" content=\"summary_large_image\" \/>\n<meta name=\"twitter:label1\" content=\"Gesch\u00e4tzte Lesezeit\" \/>\n\t<meta name=\"twitter:data1\" content=\"2 minutes\" \/>\n<script type=\"application\/ld+json\" class=\"yoast-schema-graph\">{\"@context\":\"https:\/\/schema.org\",\"@graph\":[{\"@type\":\"WebPage\",\"@id\":\"https:\/\/visitsavonlinna.fi\/de\/reisen-nach-savonlinna\/\",\"url\":\"https:\/\/visitsavonlinna.fi\/de\/reisen-nach-savonlinna\/\",\"name\":\"Reisen nach Savonlinna I Lakeland Finnland I Fl\u00fcgen I Z\u00fcgen\",\"isPartOf\":{\"@id\":\"https:\/\/visitsavonlinna.fi\/#website\"},\"primaryImageOfPage\":{\"@id\":\"https:\/\/visitsavonlinna.fi\/de\/reisen-nach-savonlinna\/#primaryimage\"},\"image\":{\"@id\":\"https:\/\/visitsavonlinna.fi\/de\/reisen-nach-savonlinna\/#primaryimage\"},\"thumbnailUrl\":\"https:\/\/visitsavonlinna.fi\/wp-content\/uploads\/sites\/2\/2023\/01\/verkehrsverbindungen-nach-savonlinna-lakeland-finnland-flugverbindung-zugverbindung-bus.jpg\",\"datePublished\":\"2023-01-25T11:14:38+00:00\",\"dateModified\":\"2024-11-22T14:05:25+00:00\",\"description\":\"Die Anreise nach Savonlinna ist auch aus dem Ausland einfach, mit Fl\u00fcgen nach Helsinki, Bussen, Z\u00fcgen, Stra\u00dfen und einem kleinen Flughafen.\",\"breadcrumb\":{\"@id\":\"https:\/\/visitsavonlinna.fi\/de\/reisen-nach-savonlinna\/#breadcrumb\"},\"inLanguage\":\"de-DE\",\"potentialAction\":[{\"@type\":\"ReadAction\",\"target\":[\"https:\/\/visitsavonlinna.fi\/de\/reisen-nach-savonlinna\/\"]}]},{\"@type\":\"ImageObject\",\"inLanguage\":\"de-DE\",\"@id\":\"https:\/\/visitsavonlinna.fi\/de\/reisen-nach-savonlinna\/#primaryimage\",\"url\":\"https:\/\/visitsavonlinna.fi\/wp-content\/uploads\/sites\/2\/2023\/01\/verkehrsverbindungen-nach-savonlinna-lakeland-finnland-flugverbindung-zugverbindung-bus.jpg\",\"contentUrl\":\"https:\/\/visitsavonlinna.fi\/wp-content\/uploads\/sites\/2\/2023\/01\/verkehrsverbindungen-nach-savonlinna-lakeland-finnland-flugverbindung-zugverbindung-bus.jpg\",\"width\":1991,\"height\":864,\"caption\":\"Verkehrsverbindungen nach savonlinna lakeland finnland flugverbindung zugverbindung bus\"},{\"@type\":\"BreadcrumbList\",\"@id\":\"https:\/\/visitsavonlinna.fi\/de\/reisen-nach-savonlinna\/#breadcrumb\",\"itemListElement\":[{\"@type\":\"ListItem\",\"position\":1,\"name\":\"Visitsavonlinna.fi\",\"item\":\"https:\/\/visitsavonlinna.fi\/de\/\"},{\"@type\":\"ListItem\",\"position\":2,\"name\":\"Reisen nach Savonlinna\"}]},{\"@type\":\"WebSite\",\"@id\":\"https:\/\/visitsavonlinna.fi\/#website\",\"url\":\"https:\/\/visitsavonlinna.fi\/\",\"name\":\"Visit Savonlinna\",\"description\":\"\",\"potentialAction\":[{\"@type\":\"SearchAction\",\"target\":{\"@type\":\"EntryPoint\",\"urlTemplate\":\"https:\/\/visitsavonlinna.fi\/?s={search_term_string}\"},\"query-input\":{\"@type\":\"PropertyValueSpecification\",\"valueRequired\":true,\"valueName\":\"search_term_string\"}}],\"inLanguage\":\"de-DE\"}]}<\/script>\n<!-- \/ Yoast SEO Premium plugin. -->","yoast_head_json":{"title":"Reisen nach Savonlinna I Lakeland Finnland I Fl\u00fcgen I Z\u00fcgen","description":"Die Anreise nach Savonlinna ist auch aus dem Ausland einfach, mit Fl\u00fcgen nach Helsinki, Bussen, Z\u00fcgen, Stra\u00dfen und einem kleinen Flughafen.","robots":{"index":"index","follow":"follow","max-snippet":"max-snippet:-1","max-image-preview":"max-image-preview:large","max-video-preview":"max-video-preview:-1"},"canonical":"https:\/\/visitsavonlinna.fi\/de\/reisen-nach-savonlinna\/","og_locale":"de_DE","og_type":"article","og_title":"Reisen nach Savonlinna I Lakeland Finnland I Fl\u00fcgen I Z\u00fcgen","og_description":"Die Anreise nach Savonlinna ist auch aus dem Ausland einfach, mit Fl\u00fcgen nach Helsinki, Bussen, Z\u00fcgen, Stra\u00dfen und einem kleinen Flughafen.","og_url":"https:\/\/visitsavonlinna.fi\/de\/reisen-nach-savonlinna\/","og_site_name":"Visit Savonlinna","article_modified_time":"2024-11-22T14:05:25+00:00","og_image":[{"width":1991,"height":864,"url":"https:\/\/visitsavonlinna.fi\/wp-content\/uploads\/sites\/2\/2023\/01\/verkehrsverbindungen-nach-savonlinna-lakeland-finnland-flugverbindung-zugverbindung-bus.jpg","type":"image\/jpeg"}],"twitter_card":"summary_large_image","twitter_misc":{"Gesch\u00e4tzte Lesezeit":"2 minutes"},"schema":{"@context":"https:\/\/schema.org","@graph":[{"@type":"WebPage","@id":"https:\/\/visitsavonlinna.fi\/de\/reisen-nach-savonlinna\/","url":"https:\/\/visitsavonlinna.fi\/de\/reisen-nach-savonlinna\/","name":"Reisen nach Savonlinna I Lakeland Finnland I Fl\u00fcgen I Z\u00fcgen","isPartOf":{"@id":"https:\/\/visitsavonlinna.fi\/#website"},"primaryImageOfPage":{"@id":"https:\/\/visitsavonlinna.fi\/de\/reisen-nach-savonlinna\/#primaryimage"},"image":{"@id":"https:\/\/visitsavonlinna.fi\/de\/reisen-nach-savonlinna\/#primaryimage"},"thumbnailUrl":"https:\/\/visitsavonlinna.fi\/wp-content\/uploads\/sites\/2\/2023\/01\/verkehrsverbindungen-nach-savonlinna-lakeland-finnland-flugverbindung-zugverbindung-bus.jpg","datePublished":"2023-01-25T11:14:38+00:00","dateModified":"2024-11-22T14:05:25+00:00","description":"Die Anreise nach Savonlinna ist auch aus dem Ausland einfach, mit Fl\u00fcgen nach Helsinki, Bussen, Z\u00fcgen, Stra\u00dfen und einem kleinen Flughafen.","breadcrumb":{"@id":"https:\/\/visitsavonlinna.fi\/de\/reisen-nach-savonlinna\/#breadcrumb"},"inLanguage":"de-DE","potentialAction":[{"@type":"ReadAction","target":["https:\/\/visitsavonlinna.fi\/de\/reisen-nach-savonlinna\/"]}]},{"@type":"ImageObject","inLanguage":"de-DE","@id":"https:\/\/visitsavonlinna.fi\/de\/reisen-nach-savonlinna\/#primaryimage","url":"https:\/\/visitsavonlinna.fi\/wp-content\/uploads\/sites\/2\/2023\/01\/verkehrsverbindungen-nach-savonlinna-lakeland-finnland-flugverbindung-zugverbindung-bus.jpg","contentUrl":"https:\/\/visitsavonlinna.fi\/wp-content\/uploads\/sites\/2\/2023\/01\/verkehrsverbindungen-nach-savonlinna-lakeland-finnland-flugverbindung-zugverbindung-bus.jpg","width":1991,"height":864,"caption":"Verkehrsverbindungen nach savonlinna lakeland finnland flugverbindung zugverbindung bus"},{"@type":"BreadcrumbList","@id":"https:\/\/visitsavonlinna.fi\/de\/reisen-nach-savonlinna\/#breadcrumb","itemListElement":[{"@type":"ListItem","position":1,"name":"Visitsavonlinna.fi","item":"https:\/\/visitsavonlinna.fi\/de\/"},{"@type":"ListItem","position":2,"name":"Reisen nach Savonlinna"}]},{"@type":"WebSite","@id":"https:\/\/visitsavonlinna.fi\/#website","url":"https:\/\/visitsavonlinna.fi\/","name":"Visit Savonlinna","description":"","potentialAction":[{"@type":"SearchAction","target":{"@type":"EntryPoint","urlTemplate":"https:\/\/visitsavonlinna.fi\/?s={search_term_string}"},"query-input":{"@type":"PropertyValueSpecification","valueRequired":true,"valueName":"search_term_string"}}],"inLanguage":"de-DE"}]}},"_links":{"self":[{"href":"https:\/\/visitsavonlinna.fi\/de\/wp-json\/wp\/v2\/pages\/253119","targetHints":{"allow":["GET"]}}],"collection":[{"href":"https:\/\/visitsavonlinna.fi\/de\/wp-json\/wp\/v2\/pages"}],"about":[{"href":"https:\/\/visitsavonlinna.fi\/de\/wp-json\/wp\/v2\/types\/page"}],"author":[{"embeddable":true,"href":"https:\/\/visitsavonlinna.fi\/de\/wp-json\/wp\/v2\/users\/55"}],"replies":[{"embeddable":true,"href":"https:\/\/visitsavonlinna.fi\/de\/wp-json\/wp\/v2\/comments?post=253119"}],"version-history":[{"count":21,"href":"https:\/\/visitsavonlinna.fi\/de\/wp-json\/wp\/v2\/pages\/253119\/revisions"}],"predecessor-version":[{"id":567747,"href":"https:\/\/visitsavonlinna.fi\/de\/wp-json\/wp\/v2\/pages\/253119\/revisions\/567747"}],"wp:featuredmedia":[{"embeddable":true,"href":"https:\/\/visitsavonlinna.fi\/de\/wp-json\/wp\/v2\/media\/253130"}],"wp:attachment":[{"href":"https:\/\/visitsavonlinna.fi\/de\/wp-json\/wp\/v2\/media?parent=253119"}],"wp:term":[{"taxonomy":"relatedcontent","embeddable":true,"href":"https:\/\/visitsavonlinna.fi\/de\/wp-json\/wp\/v2\/relatedcontent?post=253119"}],"curies":[{"name":"wp","href":"https:\/\/api.w.org\/{rel}","templated":true}]}}