{"id":253137,"date":"2023-01-25T14:05:58","date_gmt":"2023-01-25T12:05:58","guid":{"rendered":"https:\/\/visitsavonlinna.fi\/?page_id=253137"},"modified":"2026-04-07T16:58:40","modified_gmt":"2026-04-07T13:58:40","slug":"touristen-information","status":"publish","type":"page","link":"https:\/\/visitsavonlinna.fi\/de\/touristen-information\/","title":{"rendered":"Touristeninformation"},"content":{"rendered":"<p>[vc_row][vc_column width=&#8220;1\/4&#8243;][\/vc_column][vc_column width=&#8220;1\/2&#8243;][vc_column_text css=&#8220;&#8220;]<\/p>\n<h1 dir=\"ltr\" style=\"text-align: center;\" data-placeholder=\"K\u00e4\u00e4nn\u00f6s\">Touristen-information in der Region Savonlinna<\/h1>\n<p id=\"tw-target-text\" class=\"tw-data-text tw-text-large tw-ta\" dir=\"ltr\" style=\"text-align: center;\" data-placeholder=\"K\u00e4\u00e4nn\u00f6s\"><span class=\"Y2IQFc\" lang=\"de\">In der Region Savonlinna gibt es viele Sehensw\u00fcrdigkeiten, Attraktionen und Aktivit\u00e4ten. Sie k\u00f6nnen Informationen \u00fcber sie online finden, aber manchmal reicht das m\u00f6glicherweise nicht aus. In den Touristeninformationen finden Sie au\u00dferdem Brosch\u00fcren und Karten, die Ihnen bei der Reise in die Region helfen und mehr Informationen \u00fcber die Angebote der Region erhalten.<\/span><\/p>\n<p class=\"tw-data-text tw-text-large tw-ta\" dir=\"ltr\" style=\"text-align: center;\" data-placeholder=\"K\u00e4\u00e4nn\u00f6s\"><span class=\"Y2IQFc\" lang=\"de\">Wenn Sie in Punkaharju sind, besuchen Sie die Touristeninformation im finnischen Waldmuseum <a href=\"http:\/\/www.lusto.fi\/de\" target=\"_blank\" rel=\"noopener\">Lusto<\/a>.<\/span><\/p>\n<p class=\"tw-data-text tw-text-large tw-ta\" dir=\"ltr\" style=\"text-align: center;\" data-placeholder=\"K\u00e4\u00e4nn\u00f6s\"><span class=\"Y2IQFc\" lang=\"de\">Ben\u00f6tigen Sie weitere Informationen zu Sehensw\u00fcrdigkeiten und Attraktionen, \u00dcbernachtungsm\u00f6glichkeiten, Restaurants, Aktivit\u00e4ten oder \u00f6ffentlichen Verkehrsmitteln? Wenn Sie die Informationen auf unserer Website nicht finden k\u00f6nnen, kontaktieren Sie uns bitte. Wir sind f\u00fcr dich da!<\/span><\/p>\n<p>[\/vc_column_text][\/vc_column][vc_column width=&#8220;1\/4&#8243;][\/vc_column][\/vc_row]<\/p>\n","protected":false},"excerpt":{"rendered":"<p>[vc_row][vc_column width=&#8220;1\/4&#8243;][\/vc_column][vc_column width=&#8220;1\/2&#8243;][vc_column_text css=&#8220;&#8220;] Touristen-information in der Region Savonlinna In der Region Savonlinna gibt es viele Sehensw\u00fcrdigkeiten, Attraktionen und Aktivit\u00e4ten. Sie k\u00f6nnen Informationen \u00fcber sie online finden, aber manchmal reicht [&hellip;]<\/p>\n","protected":false},"author":55,"featured_media":253138,"parent":0,"menu_order":0,"comment_status":"closed","ping_status":"closed","template":"","meta":{"footnotes":""},"relatedcontent":[],"class_list":["post-253137","page","type-page","status-publish","has-post-thumbnail","hentry"],"yoast_head":"<!-- This site is optimized with the Yoast SEO Premium plugin v27.3 (Yoast SEO v27.3) - https:\/\/yoast.com\/product\/yoast-seo-premium-wordpress\/ -->\n<title>Touristeninformationen I Lakeland Finnland I Savonlinna<\/title>\n<meta name=\"description\" content=\"Touristen-information in der Region Savonlinna In der Region Savonlinna gibt es viele Sehensw\u00fcrdigkeiten, Attraktionen und Aktivit\u00e4ten. Sie k\u00f6nnen\" \/>\n<meta name=\"robots\" content=\"index, follow, max-snippet:-1, max-image-preview:large, max-video-preview:-1\" \/>\n<link rel=\"canonical\" href=\"https:\/\/visitsavonlinna.fi\/de\/touristen-information\/\" \/>\n<meta property=\"og:locale\" content=\"de_DE\" \/>\n<meta property=\"og:type\" content=\"article\" \/>\n<meta property=\"og:title\" content=\"Touristeninformation\" \/>\n<meta property=\"og:description\" content=\"Touristen-information in der Region Savonlinna In der Region Savonlinna gibt es viele Sehensw\u00fcrdigkeiten, Attraktionen und Aktivit\u00e4ten. Sie k\u00f6nnen\" \/>\n<meta property=\"og:url\" content=\"https:\/\/visitsavonlinna.fi\/de\/touristen-information\/\" \/>\n<meta property=\"og:site_name\" content=\"Visit Savonlinna\" \/>\n<meta property=\"article:modified_time\" content=\"2026-04-07T13:58:40+00:00\" \/>\n<meta property=\"og:image\" content=\"https:\/\/visitsavonlinna.fi\/wp-content\/uploads\/sites\/2\/2023\/01\/savonlinna-region-touristeninformation-riihisaari-museum.jpg\" \/>\n\t<meta property=\"og:image:width\" content=\"2000\" \/>\n\t<meta property=\"og:image:height\" content=\"779\" \/>\n\t<meta property=\"og:image:type\" content=\"image\/jpeg\" \/>\n<meta name=\"twitter:card\" content=\"summary_large_image\" \/>\n<meta name=\"twitter:label1\" content=\"Gesch\u00e4tzte Lesezeit\" \/>\n\t<meta name=\"twitter:data1\" content=\"1 minute\" \/>\n<script type=\"application\/ld+json\" class=\"yoast-schema-graph\">{\"@context\":\"https:\\\/\\\/schema.org\",\"@graph\":[{\"@type\":\"WebPage\",\"@id\":\"https:\\\/\\\/visitsavonlinna.fi\\\/de\\\/touristen-information\\\/\",\"url\":\"https:\\\/\\\/visitsavonlinna.fi\\\/de\\\/touristen-information\\\/\",\"name\":\"Touristeninformationen I Lakeland Finnland I Savonlinna\",\"isPartOf\":{\"@id\":\"https:\\\/\\\/visitsavonlinna.fi\\\/#website\"},\"primaryImageOfPage\":{\"@id\":\"https:\\\/\\\/visitsavonlinna.fi\\\/de\\\/touristen-information\\\/#primaryimage\"},\"image\":{\"@id\":\"https:\\\/\\\/visitsavonlinna.fi\\\/de\\\/touristen-information\\\/#primaryimage\"},\"thumbnailUrl\":\"https:\\\/\\\/visitsavonlinna.fi\\\/wp-content\\\/uploads\\\/sites\\\/2\\\/2023\\\/01\\\/savonlinna-region-touristeninformation-riihisaari-museum.jpg\",\"datePublished\":\"2023-01-25T12:05:58+00:00\",\"dateModified\":\"2026-04-07T13:58:40+00:00\",\"description\":\"Touristen-information in der Region Savonlinna In der Region Savonlinna gibt es viele Sehensw\u00fcrdigkeiten, Attraktionen und Aktivit\u00e4ten. Sie k\u00f6nnen\",\"breadcrumb\":{\"@id\":\"https:\\\/\\\/visitsavonlinna.fi\\\/de\\\/touristen-information\\\/#breadcrumb\"},\"inLanguage\":\"de-DE\",\"potentialAction\":[{\"@type\":\"ReadAction\",\"target\":[\"https:\\\/\\\/visitsavonlinna.fi\\\/de\\\/touristen-information\\\/\"]}]},{\"@type\":\"ImageObject\",\"inLanguage\":\"de-DE\",\"@id\":\"https:\\\/\\\/visitsavonlinna.fi\\\/de\\\/touristen-information\\\/#primaryimage\",\"url\":\"https:\\\/\\\/visitsavonlinna.fi\\\/wp-content\\\/uploads\\\/sites\\\/2\\\/2023\\\/01\\\/savonlinna-region-touristeninformation-riihisaari-museum.jpg\",\"contentUrl\":\"https:\\\/\\\/visitsavonlinna.fi\\\/wp-content\\\/uploads\\\/sites\\\/2\\\/2023\\\/01\\\/savonlinna-region-touristeninformation-riihisaari-museum.jpg\",\"width\":2000,\"height\":779,\"caption\":\"savonlinna region touristeninformation riihisaari museum\"},{\"@type\":\"BreadcrumbList\",\"@id\":\"https:\\\/\\\/visitsavonlinna.fi\\\/de\\\/touristen-information\\\/#breadcrumb\",\"itemListElement\":[{\"@type\":\"ListItem\",\"position\":1,\"name\":\"Visitsavonlinna.fi\",\"item\":\"https:\\\/\\\/visitsavonlinna.fi\\\/de\\\/\"},{\"@type\":\"ListItem\",\"position\":2,\"name\":\"Touristeninformation\"}]},{\"@type\":\"WebSite\",\"@id\":\"https:\\\/\\\/visitsavonlinna.fi\\\/#website\",\"url\":\"https:\\\/\\\/visitsavonlinna.fi\\\/\",\"name\":\"Visit Savonlinna\",\"description\":\"\",\"potentialAction\":[{\"@type\":\"SearchAction\",\"target\":{\"@type\":\"EntryPoint\",\"urlTemplate\":\"https:\\\/\\\/visitsavonlinna.fi\\\/?s={search_term_string}\"},\"query-input\":{\"@type\":\"PropertyValueSpecification\",\"valueRequired\":true,\"valueName\":\"search_term_string\"}}],\"inLanguage\":\"de-DE\"}]}<\/script>\n<!-- \/ Yoast SEO Premium plugin. -->","yoast_head_json":{"title":"Touristeninformationen I Lakeland Finnland I Savonlinna","description":"Touristen-information in der Region Savonlinna In der Region Savonlinna gibt es viele Sehensw\u00fcrdigkeiten, Attraktionen und Aktivit\u00e4ten. Sie k\u00f6nnen","robots":{"index":"index","follow":"follow","max-snippet":"max-snippet:-1","max-image-preview":"max-image-preview:large","max-video-preview":"max-video-preview:-1"},"canonical":"https:\/\/visitsavonlinna.fi\/de\/touristen-information\/","og_locale":"de_DE","og_type":"article","og_title":"Touristeninformation","og_description":"Touristen-information in der Region Savonlinna In der Region Savonlinna gibt es viele Sehensw\u00fcrdigkeiten, Attraktionen und Aktivit\u00e4ten. Sie k\u00f6nnen","og_url":"https:\/\/visitsavonlinna.fi\/de\/touristen-information\/","og_site_name":"Visit Savonlinna","article_modified_time":"2026-04-07T13:58:40+00:00","og_image":[{"width":2000,"height":779,"url":"https:\/\/visitsavonlinna.fi\/wp-content\/uploads\/sites\/2\/2023\/01\/savonlinna-region-touristeninformation-riihisaari-museum.jpg","type":"image\/jpeg"}],"twitter_card":"summary_large_image","twitter_misc":{"Gesch\u00e4tzte Lesezeit":"1 minute"},"schema":{"@context":"https:\/\/schema.org","@graph":[{"@type":"WebPage","@id":"https:\/\/visitsavonlinna.fi\/de\/touristen-information\/","url":"https:\/\/visitsavonlinna.fi\/de\/touristen-information\/","name":"Touristeninformationen I Lakeland Finnland I Savonlinna","isPartOf":{"@id":"https:\/\/visitsavonlinna.fi\/#website"},"primaryImageOfPage":{"@id":"https:\/\/visitsavonlinna.fi\/de\/touristen-information\/#primaryimage"},"image":{"@id":"https:\/\/visitsavonlinna.fi\/de\/touristen-information\/#primaryimage"},"thumbnailUrl":"https:\/\/visitsavonlinna.fi\/wp-content\/uploads\/sites\/2\/2023\/01\/savonlinna-region-touristeninformation-riihisaari-museum.jpg","datePublished":"2023-01-25T12:05:58+00:00","dateModified":"2026-04-07T13:58:40+00:00","description":"Touristen-information in der Region Savonlinna In der Region Savonlinna gibt es viele Sehensw\u00fcrdigkeiten, Attraktionen und Aktivit\u00e4ten. Sie k\u00f6nnen","breadcrumb":{"@id":"https:\/\/visitsavonlinna.fi\/de\/touristen-information\/#breadcrumb"},"inLanguage":"de-DE","potentialAction":[{"@type":"ReadAction","target":["https:\/\/visitsavonlinna.fi\/de\/touristen-information\/"]}]},{"@type":"ImageObject","inLanguage":"de-DE","@id":"https:\/\/visitsavonlinna.fi\/de\/touristen-information\/#primaryimage","url":"https:\/\/visitsavonlinna.fi\/wp-content\/uploads\/sites\/2\/2023\/01\/savonlinna-region-touristeninformation-riihisaari-museum.jpg","contentUrl":"https:\/\/visitsavonlinna.fi\/wp-content\/uploads\/sites\/2\/2023\/01\/savonlinna-region-touristeninformation-riihisaari-museum.jpg","width":2000,"height":779,"caption":"savonlinna region touristeninformation riihisaari museum"},{"@type":"BreadcrumbList","@id":"https:\/\/visitsavonlinna.fi\/de\/touristen-information\/#breadcrumb","itemListElement":[{"@type":"ListItem","position":1,"name":"Visitsavonlinna.fi","item":"https:\/\/visitsavonlinna.fi\/de\/"},{"@type":"ListItem","position":2,"name":"Touristeninformation"}]},{"@type":"WebSite","@id":"https:\/\/visitsavonlinna.fi\/#website","url":"https:\/\/visitsavonlinna.fi\/","name":"Visit Savonlinna","description":"","potentialAction":[{"@type":"SearchAction","target":{"@type":"EntryPoint","urlTemplate":"https:\/\/visitsavonlinna.fi\/?s={search_term_string}"},"query-input":{"@type":"PropertyValueSpecification","valueRequired":true,"valueName":"search_term_string"}}],"inLanguage":"de-DE"}]}},"_links":{"self":[{"href":"https:\/\/visitsavonlinna.fi\/de\/wp-json\/wp\/v2\/pages\/253137","targetHints":{"allow":["GET"]}}],"collection":[{"href":"https:\/\/visitsavonlinna.fi\/de\/wp-json\/wp\/v2\/pages"}],"about":[{"href":"https:\/\/visitsavonlinna.fi\/de\/wp-json\/wp\/v2\/types\/page"}],"author":[{"embeddable":true,"href":"https:\/\/visitsavonlinna.fi\/de\/wp-json\/wp\/v2\/users\/55"}],"replies":[{"embeddable":true,"href":"https:\/\/visitsavonlinna.fi\/de\/wp-json\/wp\/v2\/comments?post=253137"}],"version-history":[{"count":4,"href":"https:\/\/visitsavonlinna.fi\/de\/wp-json\/wp\/v2\/pages\/253137\/revisions"}],"predecessor-version":[{"id":588369,"href":"https:\/\/visitsavonlinna.fi\/de\/wp-json\/wp\/v2\/pages\/253137\/revisions\/588369"}],"wp:featuredmedia":[{"embeddable":true,"href":"https:\/\/visitsavonlinna.fi\/de\/wp-json\/wp\/v2\/media\/253138"}],"wp:attachment":[{"href":"https:\/\/visitsavonlinna.fi\/de\/wp-json\/wp\/v2\/media?parent=253137"}],"wp:term":[{"taxonomy":"relatedcontent","embeddable":true,"href":"https:\/\/visitsavonlinna.fi\/de\/wp-json\/wp\/v2\/relatedcontent?post=253137"}],"curies":[{"name":"wp","href":"https:\/\/api.w.org\/{rel}","templated":true}]}}