{"id":253192,"date":"2023-01-25T15:19:48","date_gmt":"2023-01-25T13:19:48","guid":{"rendered":"https:\/\/visitsavonlinna.fi\/?page_id=253192"},"modified":"2023-01-25T16:12:14","modified_gmt":"2023-01-25T14:12:14","slug":"punkaharju","status":"publish","type":"page","link":"https:\/\/visitsavonlinna.fi\/de\/punkaharju\/","title":{"rendered":"Punkaharju"},"content":{"rendered":"<p>[vc_row][vc_column width=&#8220;1\/4&#8243;][\/vc_column][vc_column width=&#8220;1\/2&#8243;][vc_column_text]<\/p>\n<h1 style=\"text-align: center;\">Punkaharju<\/h1>\n<p style=\"text-align: center;\">Die atemberaubende Landschaft von Punkaharju ist wirklich eine der sch\u00f6nsten Gegenden Finnlands. Bekannt f\u00fcr seine Esker, ist Punkaharju seit Hunderten von Jahren ein Favorit unter Reisenden. Der russische Zar Nikolai I. war so begeistert von Punkaharju, dass er im Jahr 1843 anordnete, dass das Gebiet gesch\u00fctzt werden sollte, was seitdem so geblieben ist, was es ideal f\u00fcr moderne Reisende macht. Punkaharju ist ein fantastischer Ort, um Zeit im Freien zu verbringen, entweder beim Wandern, mit dem Fahrrad oder sogar mit dem Boot.<\/p>\n<p style=\"text-align: center;\">Punkaharju bietet mehr als wundersch\u00f6ne Esker und die Landschaft des Saimaa-Sees. Das Finnische Waldmuseum Lusto hat Ausstellungen, Veranstaltungen und Thementage. Die lokale K\u00fcnstlerin Johanna Oras hat ein offenes Sommeratelier, in dem Sie der K\u00fcnstlerin bei der Arbeit zusehen k\u00f6nnen.<\/p>\n<p style=\"text-align: center;\">F\u00fcr Kinder hat Punkaharju einen eigenen Wasser- und Spielpark namens Kes\u00e4maa. Kinder und Erwachsene k\u00f6nnen dort viele lustige Tage erbringen. In der N\u00e4he von Kes\u00e4maa gibt es gute Unterk\u00fcnfte und viele andere Einrichtungen, die ein Reisender ben\u00f6tigen k\u00f6nnte, sowie viele interessante \u00a0Sehensw\u00fcrdigkeiten. Auf dem Hepokatti Farm B&amp;B k\u00f6nnen Sie zum Beispiel Hoftiere kennenlernen. An einem regnerischen Tag k\u00f6nnen Sie in den Pools im Spa des Kruunupuisto entspannen.<\/p>\n<p>[\/vc_column_text][\/vc_column][vc_column width=&#8220;1\/4&#8243;][\/vc_column][\/vc_row]<\/p>\n","protected":false},"excerpt":{"rendered":"<p>[vc_row][vc_column width=&#8220;1\/4&#8243;][\/vc_column][vc_column width=&#8220;1\/2&#8243;][vc_column_text] Punkaharju Die atemberaubende Landschaft von Punkaharju ist wirklich eine der sch\u00f6nsten Gegenden Finnlands. Bekannt f\u00fcr seine Esker, ist Punkaharju seit Hunderten von Jahren ein Favorit unter Reisenden. [&hellip;]<\/p>\n","protected":false},"author":55,"featured_media":253204,"parent":0,"menu_order":0,"comment_status":"closed","ping_status":"closed","template":"","meta":{"footnotes":""},"relatedcontent":[],"class_list":["post-253192","page","type-page","status-publish","has-post-thumbnail","hentry"],"yoast_head":"<!-- This site is optimized with the Yoast SEO Premium plugin v27.3 (Yoast SEO v27.5) - https:\/\/yoast.com\/product\/yoast-seo-premium-wordpress\/ -->\n<title>Punkaharju I Lakeland Finnland I Visit Savonlinna<\/title>\n<meta name=\"description\" content=\"Punkaharju bietet einige der sch\u00f6nsten Naturlandschaften Finnlands sowie interessante Ziele f\u00fcr Tagesausfl\u00fcge.\" \/>\n<meta name=\"robots\" content=\"index, follow, max-snippet:-1, max-image-preview:large, max-video-preview:-1\" \/>\n<link rel=\"canonical\" href=\"https:\/\/visitsavonlinna.fi\/de\/punkaharju\/\" \/>\n<meta property=\"og:locale\" content=\"de_DE\" \/>\n<meta property=\"og:type\" content=\"article\" \/>\n<meta property=\"og:title\" content=\"Punkaharju\" \/>\n<meta property=\"og:description\" content=\"Punkaharju bietet einige der sch\u00f6nsten Naturlandschaften Finnlands sowie interessante Ziele f\u00fcr Tagesausfl\u00fcge.\" \/>\n<meta property=\"og:url\" content=\"https:\/\/visitsavonlinna.fi\/de\/punkaharju\/\" \/>\n<meta property=\"og:site_name\" content=\"Visit Savonlinna\" \/>\n<meta property=\"article:modified_time\" content=\"2023-01-25T14:12:14+00:00\" \/>\n<meta property=\"og:image\" content=\"https:\/\/visitsavonlinna.fi\/wp-content\/uploads\/sites\/2\/2023\/01\/punkaharju-lakeland-finnland-saimaa-see.jpg\" \/>\n\t<meta property=\"og:image:width\" content=\"1923\" \/>\n\t<meta property=\"og:image:height\" content=\"1079\" \/>\n\t<meta property=\"og:image:type\" content=\"image\/jpeg\" \/>\n<meta name=\"twitter:card\" content=\"summary_large_image\" \/>\n<meta name=\"twitter:label1\" content=\"Gesch\u00e4tzte Lesezeit\" \/>\n\t<meta name=\"twitter:data1\" content=\"1 minute\" \/>\n<script type=\"application\/ld+json\" class=\"yoast-schema-graph\">{\"@context\":\"https:\\\/\\\/schema.org\",\"@graph\":[{\"@type\":\"WebPage\",\"@id\":\"https:\\\/\\\/visitsavonlinna.fi\\\/de\\\/punkaharju\\\/\",\"url\":\"https:\\\/\\\/visitsavonlinna.fi\\\/de\\\/punkaharju\\\/\",\"name\":\"Punkaharju I Lakeland Finnland I Visit Savonlinna\",\"isPartOf\":{\"@id\":\"https:\\\/\\\/visitsavonlinna.fi\\\/#website\"},\"primaryImageOfPage\":{\"@id\":\"https:\\\/\\\/visitsavonlinna.fi\\\/de\\\/punkaharju\\\/#primaryimage\"},\"image\":{\"@id\":\"https:\\\/\\\/visitsavonlinna.fi\\\/de\\\/punkaharju\\\/#primaryimage\"},\"thumbnailUrl\":\"https:\\\/\\\/visitsavonlinna.fi\\\/wp-content\\\/uploads\\\/sites\\\/2\\\/2023\\\/01\\\/punkaharju-lakeland-finnland-saimaa-see.jpg\",\"datePublished\":\"2023-01-25T13:19:48+00:00\",\"dateModified\":\"2023-01-25T14:12:14+00:00\",\"description\":\"Punkaharju bietet einige der sch\u00f6nsten Naturlandschaften Finnlands sowie interessante Ziele f\u00fcr Tagesausfl\u00fcge.\",\"breadcrumb\":{\"@id\":\"https:\\\/\\\/visitsavonlinna.fi\\\/de\\\/punkaharju\\\/#breadcrumb\"},\"inLanguage\":\"de-DE\",\"potentialAction\":[{\"@type\":\"ReadAction\",\"target\":[\"https:\\\/\\\/visitsavonlinna.fi\\\/de\\\/punkaharju\\\/\"]}]},{\"@type\":\"ImageObject\",\"inLanguage\":\"de-DE\",\"@id\":\"https:\\\/\\\/visitsavonlinna.fi\\\/de\\\/punkaharju\\\/#primaryimage\",\"url\":\"https:\\\/\\\/visitsavonlinna.fi\\\/wp-content\\\/uploads\\\/sites\\\/2\\\/2023\\\/01\\\/punkaharju-lakeland-finnland-saimaa-see.jpg\",\"contentUrl\":\"https:\\\/\\\/visitsavonlinna.fi\\\/wp-content\\\/uploads\\\/sites\\\/2\\\/2023\\\/01\\\/punkaharju-lakeland-finnland-saimaa-see.jpg\",\"width\":1923,\"height\":1079,\"caption\":\"Punkaharju Lakeland Finnland Saimaa See\"},{\"@type\":\"BreadcrumbList\",\"@id\":\"https:\\\/\\\/visitsavonlinna.fi\\\/de\\\/punkaharju\\\/#breadcrumb\",\"itemListElement\":[{\"@type\":\"ListItem\",\"position\":1,\"name\":\"Visitsavonlinna.fi\",\"item\":\"https:\\\/\\\/visitsavonlinna.fi\\\/de\\\/\"},{\"@type\":\"ListItem\",\"position\":2,\"name\":\"Punkaharju\"}]},{\"@type\":\"WebSite\",\"@id\":\"https:\\\/\\\/visitsavonlinna.fi\\\/#website\",\"url\":\"https:\\\/\\\/visitsavonlinna.fi\\\/\",\"name\":\"Visit Savonlinna\",\"description\":\"\",\"potentialAction\":[{\"@type\":\"SearchAction\",\"target\":{\"@type\":\"EntryPoint\",\"urlTemplate\":\"https:\\\/\\\/visitsavonlinna.fi\\\/?s={search_term_string}\"},\"query-input\":{\"@type\":\"PropertyValueSpecification\",\"valueRequired\":true,\"valueName\":\"search_term_string\"}}],\"inLanguage\":\"de-DE\"}]}<\/script>\n<!-- \/ Yoast SEO Premium plugin. -->","yoast_head_json":{"title":"Punkaharju I Lakeland Finnland I Visit Savonlinna","description":"Punkaharju bietet einige der sch\u00f6nsten Naturlandschaften Finnlands sowie interessante Ziele f\u00fcr Tagesausfl\u00fcge.","robots":{"index":"index","follow":"follow","max-snippet":"max-snippet:-1","max-image-preview":"max-image-preview:large","max-video-preview":"max-video-preview:-1"},"canonical":"https:\/\/visitsavonlinna.fi\/de\/punkaharju\/","og_locale":"de_DE","og_type":"article","og_title":"Punkaharju","og_description":"Punkaharju bietet einige der sch\u00f6nsten Naturlandschaften Finnlands sowie interessante Ziele f\u00fcr Tagesausfl\u00fcge.","og_url":"https:\/\/visitsavonlinna.fi\/de\/punkaharju\/","og_site_name":"Visit Savonlinna","article_modified_time":"2023-01-25T14:12:14+00:00","og_image":[{"width":1923,"height":1079,"url":"https:\/\/visitsavonlinna.fi\/wp-content\/uploads\/sites\/2\/2023\/01\/punkaharju-lakeland-finnland-saimaa-see.jpg","type":"image\/jpeg"}],"twitter_card":"summary_large_image","twitter_misc":{"Gesch\u00e4tzte Lesezeit":"1 minute"},"schema":{"@context":"https:\/\/schema.org","@graph":[{"@type":"WebPage","@id":"https:\/\/visitsavonlinna.fi\/de\/punkaharju\/","url":"https:\/\/visitsavonlinna.fi\/de\/punkaharju\/","name":"Punkaharju I Lakeland Finnland I Visit Savonlinna","isPartOf":{"@id":"https:\/\/visitsavonlinna.fi\/#website"},"primaryImageOfPage":{"@id":"https:\/\/visitsavonlinna.fi\/de\/punkaharju\/#primaryimage"},"image":{"@id":"https:\/\/visitsavonlinna.fi\/de\/punkaharju\/#primaryimage"},"thumbnailUrl":"https:\/\/visitsavonlinna.fi\/wp-content\/uploads\/sites\/2\/2023\/01\/punkaharju-lakeland-finnland-saimaa-see.jpg","datePublished":"2023-01-25T13:19:48+00:00","dateModified":"2023-01-25T14:12:14+00:00","description":"Punkaharju bietet einige der sch\u00f6nsten Naturlandschaften Finnlands sowie interessante Ziele f\u00fcr Tagesausfl\u00fcge.","breadcrumb":{"@id":"https:\/\/visitsavonlinna.fi\/de\/punkaharju\/#breadcrumb"},"inLanguage":"de-DE","potentialAction":[{"@type":"ReadAction","target":["https:\/\/visitsavonlinna.fi\/de\/punkaharju\/"]}]},{"@type":"ImageObject","inLanguage":"de-DE","@id":"https:\/\/visitsavonlinna.fi\/de\/punkaharju\/#primaryimage","url":"https:\/\/visitsavonlinna.fi\/wp-content\/uploads\/sites\/2\/2023\/01\/punkaharju-lakeland-finnland-saimaa-see.jpg","contentUrl":"https:\/\/visitsavonlinna.fi\/wp-content\/uploads\/sites\/2\/2023\/01\/punkaharju-lakeland-finnland-saimaa-see.jpg","width":1923,"height":1079,"caption":"Punkaharju Lakeland Finnland Saimaa See"},{"@type":"BreadcrumbList","@id":"https:\/\/visitsavonlinna.fi\/de\/punkaharju\/#breadcrumb","itemListElement":[{"@type":"ListItem","position":1,"name":"Visitsavonlinna.fi","item":"https:\/\/visitsavonlinna.fi\/de\/"},{"@type":"ListItem","position":2,"name":"Punkaharju"}]},{"@type":"WebSite","@id":"https:\/\/visitsavonlinna.fi\/#website","url":"https:\/\/visitsavonlinna.fi\/","name":"Visit Savonlinna","description":"","potentialAction":[{"@type":"SearchAction","target":{"@type":"EntryPoint","urlTemplate":"https:\/\/visitsavonlinna.fi\/?s={search_term_string}"},"query-input":{"@type":"PropertyValueSpecification","valueRequired":true,"valueName":"search_term_string"}}],"inLanguage":"de-DE"}]}},"_links":{"self":[{"href":"https:\/\/visitsavonlinna.fi\/de\/wp-json\/wp\/v2\/pages\/253192","targetHints":{"allow":["GET"]}}],"collection":[{"href":"https:\/\/visitsavonlinna.fi\/de\/wp-json\/wp\/v2\/pages"}],"about":[{"href":"https:\/\/visitsavonlinna.fi\/de\/wp-json\/wp\/v2\/types\/page"}],"author":[{"embeddable":true,"href":"https:\/\/visitsavonlinna.fi\/de\/wp-json\/wp\/v2\/users\/55"}],"replies":[{"embeddable":true,"href":"https:\/\/visitsavonlinna.fi\/de\/wp-json\/wp\/v2\/comments?post=253192"}],"version-history":[{"count":5,"href":"https:\/\/visitsavonlinna.fi\/de\/wp-json\/wp\/v2\/pages\/253192\/revisions"}],"predecessor-version":[{"id":253223,"href":"https:\/\/visitsavonlinna.fi\/de\/wp-json\/wp\/v2\/pages\/253192\/revisions\/253223"}],"wp:featuredmedia":[{"embeddable":true,"href":"https:\/\/visitsavonlinna.fi\/de\/wp-json\/wp\/v2\/media\/253204"}],"wp:attachment":[{"href":"https:\/\/visitsavonlinna.fi\/de\/wp-json\/wp\/v2\/media?parent=253192"}],"wp:term":[{"taxonomy":"relatedcontent","embeddable":true,"href":"https:\/\/visitsavonlinna.fi\/de\/wp-json\/wp\/v2\/relatedcontent?post=253192"}],"curies":[{"name":"wp","href":"https:\/\/api.w.org\/{rel}","templated":true}]}}