{"id":253301,"date":"2023-01-27T11:20:49","date_gmt":"2023-01-27T09:20:49","guid":{"rendered":"https:\/\/visitsavonlinna.fi\/?page_id=253301"},"modified":"2023-01-27T11:46:03","modified_gmt":"2023-01-27T09:46:03","slug":"linnansaari-nationalpark","status":"publish","type":"page","link":"https:\/\/visitsavonlinna.fi\/de\/linnansaari-nationalpark\/","title":{"rendered":"Linnansaari Nationalpark"},"content":{"rendered":"<p>[vc_row][vc_column width=&#8220;1\/4&#8243;][\/vc_column][vc_column width=&#8220;1\/2&#8243;][vc_column_text]<\/p>\n<div id=\"tw-target-text-container\" class=\"tw-ta-container F0azHf tw-nfl\">\n<h1 id=\"tw-target-text\" class=\"tw-data-text tw-text-large tw-ta\" dir=\"ltr\" style=\"text-align: center;\" data-placeholder=\"K\u00e4\u00e4nn\u00f6s\"><span class=\"Y2IQFc\" lang=\"de\">Linnansaari-Nationalpark<\/span><\/h1>\n<p class=\"tw-data-text tw-text-large tw-ta\" dir=\"ltr\" style=\"text-align: center;\" data-placeholder=\"K\u00e4\u00e4nn\u00f6s\"><span class=\"Y2IQFc\" lang=\"de\">Der Linnansaari-Nationalpark im Saimaa-See bietet die Natur der finnischen Seenplatte von ihrer besten Seite. Mit seinen Hunderten von Inseln und gro\u00dfen offenen Gew\u00e4ssern ist es ein wahres Paradies f\u00fcr alle, die es vom Wasser aus erkunden. Und f\u00fcr Wanderer gibt es viele gut markierte Naturpfade.<\/span><\/p>\n<p class=\"tw-data-text tw-text-large tw-ta\" dir=\"ltr\" style=\"text-align: center;\" data-placeholder=\"K\u00e4\u00e4nn\u00f6s\"><span class=\"Y2IQFc\" lang=\"de\">Im Winter sind Schlittschuhwandern, Tretschlittenfahren, Langlaufen, Wandern oder ein gezogener Schlitten M\u00f6glichkeiten, sich im Nationalpark fortzubewegen. Die Eislauf- und Winterwanderroute f\u00fchrt von Oravi \u00fcber Linnansaari zum Nature Hotel &amp; Spa Resort J\u00e4rvisyd\u00e4n. Im Nationalpark gibt es auch einen wundersch\u00f6nen Schneeschuhpark und ein am Wochenende ge\u00f6ffnetes Pfannkuchencaf\u00e9.<\/span><\/p>\n<\/div>\n<div id=\"tw-target-rmn-container\" class=\"tw-target-rmn tw-ta-container F0azHf tw-nfl\">\n<pre id=\"tw-target-rmn\" class=\"tw-data-placeholder tw-text-small tw-ta\" dir=\"ltr\" data-placeholder=\"\"><\/pre>\n<\/div>\n<p>[\/vc_column_text][\/vc_column][vc_column width=&#8220;1\/4&#8243;][\/vc_column][\/vc_row]<\/p>\n","protected":false},"excerpt":{"rendered":"<p>[vc_row][vc_column width=&#8220;1\/4&#8243;][\/vc_column][vc_column width=&#8220;1\/2&#8243;][vc_column_text] Linnansaari-Nationalpark Der Linnansaari-Nationalpark im Saimaa-See bietet die Natur der finnischen Seenplatte von ihrer besten Seite. Mit seinen Hunderten von Inseln und gro\u00dfen offenen Gew\u00e4ssern ist es ein [&hellip;]<\/p>\n","protected":false},"author":55,"featured_media":253302,"parent":0,"menu_order":0,"comment_status":"closed","ping_status":"closed","template":"","meta":{"footnotes":""},"relatedcontent":[],"class_list":["post-253301","page","type-page","status-publish","has-post-thumbnail","hentry"],"yoast_head":"<!-- This site is optimized with the Yoast SEO Premium plugin v27.3 (Yoast SEO v27.2) - https:\/\/yoast.com\/product\/yoast-seo-premium-wordpress\/ -->\n<title>Linnansaari Nationalpark I Lakeland Finnland I Visit Savonlinna<\/title>\n<meta name=\"description\" content=\"Der Linnansaari-Nationalpark ist die Heimat der Saimaa-Ringelrobbe. Sie k\u00f6nnen das ganze Jahr \u00fcber einen Ausflug in den Nationalpark unternehmen.\" \/>\n<meta name=\"robots\" content=\"index, follow, max-snippet:-1, max-image-preview:large, max-video-preview:-1\" \/>\n<link rel=\"canonical\" href=\"https:\/\/visitsavonlinna.fi\/de\/linnansaari-nationalpark\/\" \/>\n<meta property=\"og:locale\" content=\"de_DE\" \/>\n<meta property=\"og:type\" content=\"article\" \/>\n<meta property=\"og:title\" content=\"Linnansaari Nationalpark I Lakeland Finnland I Visit Savonlinna\" \/>\n<meta property=\"og:description\" content=\"Der Linnansaari-Nationalpark ist die Heimat der Saimaa-Ringelrobbe. Sie k\u00f6nnen das ganze Jahr \u00fcber einen Ausflug in den Nationalpark unternehmen.\" \/>\n<meta property=\"og:url\" content=\"https:\/\/visitsavonlinna.fi\/de\/linnansaari-nationalpark\/\" \/>\n<meta property=\"og:site_name\" content=\"Visit Savonlinna\" \/>\n<meta property=\"article:modified_time\" content=\"2023-01-27T09:46:03+00:00\" \/>\n<meta property=\"og:image\" content=\"https:\/\/visitsavonlinna.fi\/wp-content\/uploads\/sites\/2\/2023\/01\/linnansaari-nationalpark-saimaa-see-savonlinna-saimaa-ringelrobben-kajak-kanufahren.jpg\" \/>\n\t<meta property=\"og:image:width\" content=\"2042\" \/>\n\t<meta property=\"og:image:height\" content=\"679\" \/>\n\t<meta property=\"og:image:type\" content=\"image\/jpeg\" \/>\n<meta name=\"twitter:card\" content=\"summary_large_image\" \/>\n<meta name=\"twitter:label1\" content=\"Gesch\u00e4tzte Lesezeit\" \/>\n\t<meta name=\"twitter:data1\" content=\"1 minute\" \/>\n<script type=\"application\/ld+json\" class=\"yoast-schema-graph\">{\"@context\":\"https:\/\/schema.org\",\"@graph\":[{\"@type\":\"WebPage\",\"@id\":\"https:\/\/visitsavonlinna.fi\/de\/linnansaari-nationalpark\/\",\"url\":\"https:\/\/visitsavonlinna.fi\/de\/linnansaari-nationalpark\/\",\"name\":\"Linnansaari Nationalpark I Lakeland Finnland I Visit Savonlinna\",\"isPartOf\":{\"@id\":\"https:\/\/visitsavonlinna.fi\/#website\"},\"primaryImageOfPage\":{\"@id\":\"https:\/\/visitsavonlinna.fi\/de\/linnansaari-nationalpark\/#primaryimage\"},\"image\":{\"@id\":\"https:\/\/visitsavonlinna.fi\/de\/linnansaari-nationalpark\/#primaryimage\"},\"thumbnailUrl\":\"https:\/\/visitsavonlinna.fi\/wp-content\/uploads\/sites\/2\/2023\/01\/linnansaari-nationalpark-saimaa-see-savonlinna-saimaa-ringelrobben-kajak-kanufahren.jpg\",\"datePublished\":\"2023-01-27T09:20:49+00:00\",\"dateModified\":\"2023-01-27T09:46:03+00:00\",\"description\":\"Der Linnansaari-Nationalpark ist die Heimat der Saimaa-Ringelrobbe. Sie k\u00f6nnen das ganze Jahr \u00fcber einen Ausflug in den Nationalpark unternehmen.\",\"breadcrumb\":{\"@id\":\"https:\/\/visitsavonlinna.fi\/de\/linnansaari-nationalpark\/#breadcrumb\"},\"inLanguage\":\"de-DE\",\"potentialAction\":[{\"@type\":\"ReadAction\",\"target\":[\"https:\/\/visitsavonlinna.fi\/de\/linnansaari-nationalpark\/\"]}]},{\"@type\":\"ImageObject\",\"inLanguage\":\"de-DE\",\"@id\":\"https:\/\/visitsavonlinna.fi\/de\/linnansaari-nationalpark\/#primaryimage\",\"url\":\"https:\/\/visitsavonlinna.fi\/wp-content\/uploads\/sites\/2\/2023\/01\/linnansaari-nationalpark-saimaa-see-savonlinna-saimaa-ringelrobben-kajak-kanufahren.jpg\",\"contentUrl\":\"https:\/\/visitsavonlinna.fi\/wp-content\/uploads\/sites\/2\/2023\/01\/linnansaari-nationalpark-saimaa-see-savonlinna-saimaa-ringelrobben-kajak-kanufahren.jpg\",\"width\":2042,\"height\":679,\"caption\":\"linnansaari nationalpark saimaa-see savonlinna saimaa-ringelrobben kajak kanufahren\"},{\"@type\":\"BreadcrumbList\",\"@id\":\"https:\/\/visitsavonlinna.fi\/de\/linnansaari-nationalpark\/#breadcrumb\",\"itemListElement\":[{\"@type\":\"ListItem\",\"position\":1,\"name\":\"Visitsavonlinna.fi\",\"item\":\"https:\/\/visitsavonlinna.fi\/de\/\"},{\"@type\":\"ListItem\",\"position\":2,\"name\":\"Linnansaari Nationalpark\"}]},{\"@type\":\"WebSite\",\"@id\":\"https:\/\/visitsavonlinna.fi\/#website\",\"url\":\"https:\/\/visitsavonlinna.fi\/\",\"name\":\"Visit Savonlinna\",\"description\":\"\",\"potentialAction\":[{\"@type\":\"SearchAction\",\"target\":{\"@type\":\"EntryPoint\",\"urlTemplate\":\"https:\/\/visitsavonlinna.fi\/?s={search_term_string}\"},\"query-input\":{\"@type\":\"PropertyValueSpecification\",\"valueRequired\":true,\"valueName\":\"search_term_string\"}}],\"inLanguage\":\"de-DE\"}]}<\/script>\n<!-- \/ Yoast SEO Premium plugin. -->","yoast_head_json":{"title":"Linnansaari Nationalpark I Lakeland Finnland I Visit Savonlinna","description":"Der Linnansaari-Nationalpark ist die Heimat der Saimaa-Ringelrobbe. Sie k\u00f6nnen das ganze Jahr \u00fcber einen Ausflug in den Nationalpark unternehmen.","robots":{"index":"index","follow":"follow","max-snippet":"max-snippet:-1","max-image-preview":"max-image-preview:large","max-video-preview":"max-video-preview:-1"},"canonical":"https:\/\/visitsavonlinna.fi\/de\/linnansaari-nationalpark\/","og_locale":"de_DE","og_type":"article","og_title":"Linnansaari Nationalpark I Lakeland Finnland I Visit Savonlinna","og_description":"Der Linnansaari-Nationalpark ist die Heimat der Saimaa-Ringelrobbe. Sie k\u00f6nnen das ganze Jahr \u00fcber einen Ausflug in den Nationalpark unternehmen.","og_url":"https:\/\/visitsavonlinna.fi\/de\/linnansaari-nationalpark\/","og_site_name":"Visit Savonlinna","article_modified_time":"2023-01-27T09:46:03+00:00","og_image":[{"width":2042,"height":679,"url":"https:\/\/visitsavonlinna.fi\/wp-content\/uploads\/sites\/2\/2023\/01\/linnansaari-nationalpark-saimaa-see-savonlinna-saimaa-ringelrobben-kajak-kanufahren.jpg","type":"image\/jpeg"}],"twitter_card":"summary_large_image","twitter_misc":{"Gesch\u00e4tzte Lesezeit":"1 minute"},"schema":{"@context":"https:\/\/schema.org","@graph":[{"@type":"WebPage","@id":"https:\/\/visitsavonlinna.fi\/de\/linnansaari-nationalpark\/","url":"https:\/\/visitsavonlinna.fi\/de\/linnansaari-nationalpark\/","name":"Linnansaari Nationalpark I Lakeland Finnland I Visit Savonlinna","isPartOf":{"@id":"https:\/\/visitsavonlinna.fi\/#website"},"primaryImageOfPage":{"@id":"https:\/\/visitsavonlinna.fi\/de\/linnansaari-nationalpark\/#primaryimage"},"image":{"@id":"https:\/\/visitsavonlinna.fi\/de\/linnansaari-nationalpark\/#primaryimage"},"thumbnailUrl":"https:\/\/visitsavonlinna.fi\/wp-content\/uploads\/sites\/2\/2023\/01\/linnansaari-nationalpark-saimaa-see-savonlinna-saimaa-ringelrobben-kajak-kanufahren.jpg","datePublished":"2023-01-27T09:20:49+00:00","dateModified":"2023-01-27T09:46:03+00:00","description":"Der Linnansaari-Nationalpark ist die Heimat der Saimaa-Ringelrobbe. Sie k\u00f6nnen das ganze Jahr \u00fcber einen Ausflug in den Nationalpark unternehmen.","breadcrumb":{"@id":"https:\/\/visitsavonlinna.fi\/de\/linnansaari-nationalpark\/#breadcrumb"},"inLanguage":"de-DE","potentialAction":[{"@type":"ReadAction","target":["https:\/\/visitsavonlinna.fi\/de\/linnansaari-nationalpark\/"]}]},{"@type":"ImageObject","inLanguage":"de-DE","@id":"https:\/\/visitsavonlinna.fi\/de\/linnansaari-nationalpark\/#primaryimage","url":"https:\/\/visitsavonlinna.fi\/wp-content\/uploads\/sites\/2\/2023\/01\/linnansaari-nationalpark-saimaa-see-savonlinna-saimaa-ringelrobben-kajak-kanufahren.jpg","contentUrl":"https:\/\/visitsavonlinna.fi\/wp-content\/uploads\/sites\/2\/2023\/01\/linnansaari-nationalpark-saimaa-see-savonlinna-saimaa-ringelrobben-kajak-kanufahren.jpg","width":2042,"height":679,"caption":"linnansaari nationalpark saimaa-see savonlinna saimaa-ringelrobben kajak kanufahren"},{"@type":"BreadcrumbList","@id":"https:\/\/visitsavonlinna.fi\/de\/linnansaari-nationalpark\/#breadcrumb","itemListElement":[{"@type":"ListItem","position":1,"name":"Visitsavonlinna.fi","item":"https:\/\/visitsavonlinna.fi\/de\/"},{"@type":"ListItem","position":2,"name":"Linnansaari Nationalpark"}]},{"@type":"WebSite","@id":"https:\/\/visitsavonlinna.fi\/#website","url":"https:\/\/visitsavonlinna.fi\/","name":"Visit Savonlinna","description":"","potentialAction":[{"@type":"SearchAction","target":{"@type":"EntryPoint","urlTemplate":"https:\/\/visitsavonlinna.fi\/?s={search_term_string}"},"query-input":{"@type":"PropertyValueSpecification","valueRequired":true,"valueName":"search_term_string"}}],"inLanguage":"de-DE"}]}},"_links":{"self":[{"href":"https:\/\/visitsavonlinna.fi\/de\/wp-json\/wp\/v2\/pages\/253301","targetHints":{"allow":["GET"]}}],"collection":[{"href":"https:\/\/visitsavonlinna.fi\/de\/wp-json\/wp\/v2\/pages"}],"about":[{"href":"https:\/\/visitsavonlinna.fi\/de\/wp-json\/wp\/v2\/types\/page"}],"author":[{"embeddable":true,"href":"https:\/\/visitsavonlinna.fi\/de\/wp-json\/wp\/v2\/users\/55"}],"replies":[{"embeddable":true,"href":"https:\/\/visitsavonlinna.fi\/de\/wp-json\/wp\/v2\/comments?post=253301"}],"version-history":[{"count":3,"href":"https:\/\/visitsavonlinna.fi\/de\/wp-json\/wp\/v2\/pages\/253301\/revisions"}],"predecessor-version":[{"id":253305,"href":"https:\/\/visitsavonlinna.fi\/de\/wp-json\/wp\/v2\/pages\/253301\/revisions\/253305"}],"wp:featuredmedia":[{"embeddable":true,"href":"https:\/\/visitsavonlinna.fi\/de\/wp-json\/wp\/v2\/media\/253302"}],"wp:attachment":[{"href":"https:\/\/visitsavonlinna.fi\/de\/wp-json\/wp\/v2\/media?parent=253301"}],"wp:term":[{"taxonomy":"relatedcontent","embeddable":true,"href":"https:\/\/visitsavonlinna.fi\/de\/wp-json\/wp\/v2\/relatedcontent?post=253301"}],"curies":[{"name":"wp","href":"https:\/\/api.w.org\/{rel}","templated":true}]}}