{"id":253307,"date":"2023-01-27T12:44:43","date_gmt":"2023-01-27T10:44:43","guid":{"rendered":"https:\/\/visitsavonlinna.fi\/?page_id=253307"},"modified":"2023-01-27T12:46:15","modified_gmt":"2023-01-27T10:46:15","slug":"kolovesi-nationalpark","status":"publish","type":"page","link":"https:\/\/visitsavonlinna.fi\/de\/kolovesi-nationalpark\/","title":{"rendered":"Kolovesi Nationalpark"},"content":{"rendered":"<p>[vc_row][vc_column width=&#8220;1\/4&#8243;][\/vc_column][vc_column width=&#8220;1\/2&#8243;][vc_column_text]<\/p>\n<h1 id=\"tw-target-text\" class=\"tw-data-text tw-text-large tw-ta\" dir=\"ltr\" style=\"text-align: center;\" data-placeholder=\"K\u00e4\u00e4nn\u00f6s\"><span class=\"Y2IQFc\" lang=\"de\">Kolovesi Nationalpark<\/span><\/h1>\n<p class=\"tw-data-text tw-text-large tw-ta\" dir=\"ltr\" style=\"text-align: center;\" data-placeholder=\"K\u00e4\u00e4nn\u00f6s\"><span class=\"Y2IQFc\" lang=\"de\">Der Kolovesi-Nationalpark ist bekannt f\u00fcr seine robusten Klippen, den labyrinthischen Archipel und die Felsmalereien. Wenn Sie Gl\u00fcck haben, sehen Sie vielleicht die Saimaa-Ringelrobbe.<br \/>\n<\/span><\/p>\n<p class=\"tw-data-text tw-text-large tw-ta\" dir=\"ltr\" style=\"text-align: center;\" data-placeholder=\"K\u00e4\u00e4nn\u00f6s\"><span class=\"Y2IQFc\" lang=\"de\">Der Nationalpark Kolovesi liegt in Enonkoski, ca. 60 Kilometer und eine Autostunde von Savonlinna entfernt. Es ist eines der wertvollsten Naturschutzgebiete Finnlands und ein beliebter Paddelplatz. Der Park ist ein Paradies f\u00fcr Paddler, da das Motorbootfahren in den meisten Teilen des Parks verboten ist, um die Ruhe der Natur zu bewahren. <\/span><\/p>\n<p class=\"tw-data-text tw-text-large tw-ta\" dir=\"ltr\" style=\"text-align: center;\" data-placeholder=\"K\u00e4\u00e4nn\u00f6s\"><span class=\"Y2IQFc\" lang=\"de\">Es ist auch m\u00f6glich, im Park zu wandern. Wandern und Campen im Park ist nur im Sommer m\u00f6glich. Kolovesi ist am besten f\u00fcr Camper geeignet, die nicht viele Annehmlichkeiten oder Dienstleistungen ben\u00f6tigen. Es gibt neun (9) kleine Campingpl\u00e4tze im Park mit ein paar Stellpl\u00e4tzen f\u00fcr Zelte. In Kolovesi darf nur auf gekennzeichneten Fl\u00e4chen gezeltet werden.<\/span><\/p>\n<p>&nbsp;[\/vc_column_text][\/vc_column][vc_column width=&#8220;1\/4&#8243;][\/vc_column][\/vc_row]<\/p>\n","protected":false},"excerpt":{"rendered":"<p>[vc_row][vc_column width=&#8220;1\/4&#8243;][\/vc_column][vc_column width=&#8220;1\/2&#8243;][vc_column_text] Kolovesi Nationalpark Der Kolovesi-Nationalpark ist bekannt f\u00fcr seine robusten Klippen, den labyrinthischen Archipel und die Felsmalereien. Wenn Sie Gl\u00fcck haben, sehen Sie vielleicht die Saimaa-Ringelrobbe. Der Nationalpark [&hellip;]<\/p>\n","protected":false},"author":55,"featured_media":253308,"parent":0,"menu_order":0,"comment_status":"closed","ping_status":"closed","template":"","meta":{"footnotes":""},"relatedcontent":[],"class_list":["post-253307","page","type-page","status-publish","has-post-thumbnail","hentry"],"yoast_head":"<!-- This site is optimized with the Yoast SEO Premium plugin v27.3 (Yoast SEO v27.2) - https:\/\/yoast.com\/product\/yoast-seo-premium-wordpress\/ -->\n<title>Kolovesi Nationalpark I Lakeland Finnland I Saimaa-See<\/title>\n<meta name=\"description\" content=\"Der Nationalpark Kolovesi ist ein Paradies f\u00fcr Paddler. Vielleicht sehen Sie auch die Saimaa-Ringelrobbe.\" \/>\n<meta name=\"robots\" content=\"index, follow, max-snippet:-1, max-image-preview:large, max-video-preview:-1\" \/>\n<link rel=\"canonical\" href=\"https:\/\/visitsavonlinna.fi\/de\/kolovesi-nationalpark\/\" \/>\n<meta property=\"og:locale\" content=\"de_DE\" \/>\n<meta property=\"og:type\" content=\"article\" \/>\n<meta property=\"og:title\" content=\"Kolovesi Nationalpark I Lakeland Finnland I Saimaa-See\" \/>\n<meta property=\"og:description\" content=\"Der Nationalpark Kolovesi ist ein Paradies f\u00fcr Paddler. Vielleicht sehen Sie auch die Saimaa-Ringelrobbe.\" \/>\n<meta property=\"og:url\" content=\"https:\/\/visitsavonlinna.fi\/de\/kolovesi-nationalpark\/\" \/>\n<meta property=\"og:site_name\" content=\"Visit Savonlinna\" \/>\n<meta property=\"article:modified_time\" content=\"2023-01-27T10:46:15+00:00\" \/>\n<meta property=\"og:image\" content=\"https:\/\/visitsavonlinna.fi\/wp-content\/uploads\/sites\/2\/2023\/01\/kolovesi-nationalpark-lakeland-finnland-saimaa-see-savonlinna-enonkoski.jpg\" \/>\n\t<meta property=\"og:image:width\" content=\"2560\" \/>\n\t<meta property=\"og:image:height\" content=\"1158\" \/>\n\t<meta property=\"og:image:type\" content=\"image\/jpeg\" \/>\n<meta name=\"twitter:card\" content=\"summary_large_image\" \/>\n<meta name=\"twitter:label1\" content=\"Gesch\u00e4tzte Lesezeit\" \/>\n\t<meta name=\"twitter:data1\" content=\"3 minutes\" \/>\n<script type=\"application\/ld+json\" class=\"yoast-schema-graph\">{\"@context\":\"https:\/\/schema.org\",\"@graph\":[{\"@type\":\"WebPage\",\"@id\":\"https:\/\/visitsavonlinna.fi\/de\/kolovesi-nationalpark\/\",\"url\":\"https:\/\/visitsavonlinna.fi\/de\/kolovesi-nationalpark\/\",\"name\":\"Kolovesi Nationalpark I Lakeland Finnland I Saimaa-See\",\"isPartOf\":{\"@id\":\"https:\/\/visitsavonlinna.fi\/#website\"},\"primaryImageOfPage\":{\"@id\":\"https:\/\/visitsavonlinna.fi\/de\/kolovesi-nationalpark\/#primaryimage\"},\"image\":{\"@id\":\"https:\/\/visitsavonlinna.fi\/de\/kolovesi-nationalpark\/#primaryimage\"},\"thumbnailUrl\":\"https:\/\/visitsavonlinna.fi\/wp-content\/uploads\/sites\/2\/2023\/01\/kolovesi-nationalpark-lakeland-finnland-saimaa-see-savonlinna-enonkoski.jpg\",\"datePublished\":\"2023-01-27T10:44:43+00:00\",\"dateModified\":\"2023-01-27T10:46:15+00:00\",\"description\":\"Der Nationalpark Kolovesi ist ein Paradies f\u00fcr Paddler. Vielleicht sehen Sie auch die Saimaa-Ringelrobbe.\",\"breadcrumb\":{\"@id\":\"https:\/\/visitsavonlinna.fi\/de\/kolovesi-nationalpark\/#breadcrumb\"},\"inLanguage\":\"de-DE\",\"potentialAction\":[{\"@type\":\"ReadAction\",\"target\":[\"https:\/\/visitsavonlinna.fi\/de\/kolovesi-nationalpark\/\"]}]},{\"@type\":\"ImageObject\",\"inLanguage\":\"de-DE\",\"@id\":\"https:\/\/visitsavonlinna.fi\/de\/kolovesi-nationalpark\/#primaryimage\",\"url\":\"https:\/\/visitsavonlinna.fi\/wp-content\/uploads\/sites\/2\/2023\/01\/kolovesi-nationalpark-lakeland-finnland-saimaa-see-savonlinna-enonkoski.jpg\",\"contentUrl\":\"https:\/\/visitsavonlinna.fi\/wp-content\/uploads\/sites\/2\/2023\/01\/kolovesi-nationalpark-lakeland-finnland-saimaa-see-savonlinna-enonkoski.jpg\",\"width\":2560,\"height\":1158,\"caption\":\"kolovesi nationalpark lakeland finnland saimaa see savonlinna enonkoski\"},{\"@type\":\"BreadcrumbList\",\"@id\":\"https:\/\/visitsavonlinna.fi\/de\/kolovesi-nationalpark\/#breadcrumb\",\"itemListElement\":[{\"@type\":\"ListItem\",\"position\":1,\"name\":\"Visitsavonlinna.fi\",\"item\":\"https:\/\/visitsavonlinna.fi\/de\/\"},{\"@type\":\"ListItem\",\"position\":2,\"name\":\"Kolovesi Nationalpark\"}]},{\"@type\":\"WebSite\",\"@id\":\"https:\/\/visitsavonlinna.fi\/#website\",\"url\":\"https:\/\/visitsavonlinna.fi\/\",\"name\":\"Visit Savonlinna\",\"description\":\"\",\"potentialAction\":[{\"@type\":\"SearchAction\",\"target\":{\"@type\":\"EntryPoint\",\"urlTemplate\":\"https:\/\/visitsavonlinna.fi\/?s={search_term_string}\"},\"query-input\":{\"@type\":\"PropertyValueSpecification\",\"valueRequired\":true,\"valueName\":\"search_term_string\"}}],\"inLanguage\":\"de-DE\"}]}<\/script>\n<!-- \/ Yoast SEO Premium plugin. -->","yoast_head_json":{"title":"Kolovesi Nationalpark I Lakeland Finnland I Saimaa-See","description":"Der Nationalpark Kolovesi ist ein Paradies f\u00fcr Paddler. Vielleicht sehen Sie auch die Saimaa-Ringelrobbe.","robots":{"index":"index","follow":"follow","max-snippet":"max-snippet:-1","max-image-preview":"max-image-preview:large","max-video-preview":"max-video-preview:-1"},"canonical":"https:\/\/visitsavonlinna.fi\/de\/kolovesi-nationalpark\/","og_locale":"de_DE","og_type":"article","og_title":"Kolovesi Nationalpark I Lakeland Finnland I Saimaa-See","og_description":"Der Nationalpark Kolovesi ist ein Paradies f\u00fcr Paddler. Vielleicht sehen Sie auch die Saimaa-Ringelrobbe.","og_url":"https:\/\/visitsavonlinna.fi\/de\/kolovesi-nationalpark\/","og_site_name":"Visit Savonlinna","article_modified_time":"2023-01-27T10:46:15+00:00","og_image":[{"width":2560,"height":1158,"url":"https:\/\/visitsavonlinna.fi\/wp-content\/uploads\/sites\/2\/2023\/01\/kolovesi-nationalpark-lakeland-finnland-saimaa-see-savonlinna-enonkoski.jpg","type":"image\/jpeg"}],"twitter_card":"summary_large_image","twitter_misc":{"Gesch\u00e4tzte Lesezeit":"3 minutes"},"schema":{"@context":"https:\/\/schema.org","@graph":[{"@type":"WebPage","@id":"https:\/\/visitsavonlinna.fi\/de\/kolovesi-nationalpark\/","url":"https:\/\/visitsavonlinna.fi\/de\/kolovesi-nationalpark\/","name":"Kolovesi Nationalpark I Lakeland Finnland I Saimaa-See","isPartOf":{"@id":"https:\/\/visitsavonlinna.fi\/#website"},"primaryImageOfPage":{"@id":"https:\/\/visitsavonlinna.fi\/de\/kolovesi-nationalpark\/#primaryimage"},"image":{"@id":"https:\/\/visitsavonlinna.fi\/de\/kolovesi-nationalpark\/#primaryimage"},"thumbnailUrl":"https:\/\/visitsavonlinna.fi\/wp-content\/uploads\/sites\/2\/2023\/01\/kolovesi-nationalpark-lakeland-finnland-saimaa-see-savonlinna-enonkoski.jpg","datePublished":"2023-01-27T10:44:43+00:00","dateModified":"2023-01-27T10:46:15+00:00","description":"Der Nationalpark Kolovesi ist ein Paradies f\u00fcr Paddler. Vielleicht sehen Sie auch die Saimaa-Ringelrobbe.","breadcrumb":{"@id":"https:\/\/visitsavonlinna.fi\/de\/kolovesi-nationalpark\/#breadcrumb"},"inLanguage":"de-DE","potentialAction":[{"@type":"ReadAction","target":["https:\/\/visitsavonlinna.fi\/de\/kolovesi-nationalpark\/"]}]},{"@type":"ImageObject","inLanguage":"de-DE","@id":"https:\/\/visitsavonlinna.fi\/de\/kolovesi-nationalpark\/#primaryimage","url":"https:\/\/visitsavonlinna.fi\/wp-content\/uploads\/sites\/2\/2023\/01\/kolovesi-nationalpark-lakeland-finnland-saimaa-see-savonlinna-enonkoski.jpg","contentUrl":"https:\/\/visitsavonlinna.fi\/wp-content\/uploads\/sites\/2\/2023\/01\/kolovesi-nationalpark-lakeland-finnland-saimaa-see-savonlinna-enonkoski.jpg","width":2560,"height":1158,"caption":"kolovesi nationalpark lakeland finnland saimaa see savonlinna enonkoski"},{"@type":"BreadcrumbList","@id":"https:\/\/visitsavonlinna.fi\/de\/kolovesi-nationalpark\/#breadcrumb","itemListElement":[{"@type":"ListItem","position":1,"name":"Visitsavonlinna.fi","item":"https:\/\/visitsavonlinna.fi\/de\/"},{"@type":"ListItem","position":2,"name":"Kolovesi Nationalpark"}]},{"@type":"WebSite","@id":"https:\/\/visitsavonlinna.fi\/#website","url":"https:\/\/visitsavonlinna.fi\/","name":"Visit Savonlinna","description":"","potentialAction":[{"@type":"SearchAction","target":{"@type":"EntryPoint","urlTemplate":"https:\/\/visitsavonlinna.fi\/?s={search_term_string}"},"query-input":{"@type":"PropertyValueSpecification","valueRequired":true,"valueName":"search_term_string"}}],"inLanguage":"de-DE"}]}},"_links":{"self":[{"href":"https:\/\/visitsavonlinna.fi\/de\/wp-json\/wp\/v2\/pages\/253307","targetHints":{"allow":["GET"]}}],"collection":[{"href":"https:\/\/visitsavonlinna.fi\/de\/wp-json\/wp\/v2\/pages"}],"about":[{"href":"https:\/\/visitsavonlinna.fi\/de\/wp-json\/wp\/v2\/types\/page"}],"author":[{"embeddable":true,"href":"https:\/\/visitsavonlinna.fi\/de\/wp-json\/wp\/v2\/users\/55"}],"replies":[{"embeddable":true,"href":"https:\/\/visitsavonlinna.fi\/de\/wp-json\/wp\/v2\/comments?post=253307"}],"version-history":[{"count":2,"href":"https:\/\/visitsavonlinna.fi\/de\/wp-json\/wp\/v2\/pages\/253307\/revisions"}],"predecessor-version":[{"id":253310,"href":"https:\/\/visitsavonlinna.fi\/de\/wp-json\/wp\/v2\/pages\/253307\/revisions\/253310"}],"wp:featuredmedia":[{"embeddable":true,"href":"https:\/\/visitsavonlinna.fi\/de\/wp-json\/wp\/v2\/media\/253308"}],"wp:attachment":[{"href":"https:\/\/visitsavonlinna.fi\/de\/wp-json\/wp\/v2\/media?parent=253307"}],"wp:term":[{"taxonomy":"relatedcontent","embeddable":true,"href":"https:\/\/visitsavonlinna.fi\/de\/wp-json\/wp\/v2\/relatedcontent?post=253307"}],"curies":[{"name":"wp","href":"https:\/\/api.w.org\/{rel}","templated":true}]}}