{"id":277998,"date":"2023-01-27T14:54:52","date_gmt":"2023-01-27T12:54:52","guid":{"rendered":"https:\/\/visitsavonlinna.fi\/?page_id=277998"},"modified":"2023-01-27T15:12:03","modified_gmt":"2023-01-27T13:12:03","slug":"muikku","status":"publish","type":"page","link":"https:\/\/visitsavonlinna.fi\/de\/muikku\/","title":{"rendered":"Muikku"},"content":{"rendered":"<p>[vc_row][vc_column width=&#8220;1\/4&#8243;][\/vc_column][vc_column width=&#8220;1\/2&#8243;][vc_column_text]<\/p>\n<h1 style=\"text-align: center\">Muikku<\/h1>\n<p style=\"text-align: center\">Muikku (auf Deutsch die Kleine Mar\u00e4ne) ist ein echter Leckerbissen des Seenlandes Saimaa. Viele Restaurants beiten die gebratenen Kleinen Mar\u00e4nen an.<\/p>\n<p style=\"text-align: center\">Muikku wird <span class=\"Y2IQFc\" lang=\"de\">zum Beispiel <\/span>gebraten<span class=\"Y2IQFc\" lang=\"de\">, ger\u00e4uchert oder als Suppe genossen. Und vergessen Sie nicht \u201eMuikkukukko\u201c, ein traditionelles finnisches Gericht mit Fisch, der in einem Brotlaib gebacken wird. &#8222;Puruveden muikku&#8220; (See-Puruvesi-Mar\u00e4ne) erhielt 2013 den EU-Namensschutz und die gesch\u00fctzte Ursprungsbezeichnung. Dieser Schutz ist ein Beweis daf\u00fcr, dass Herkunft, Inhaltsstoffe und Herstellungsverfahren bekannt sind.<\/span><\/p>\n<h2 style=\"text-align: center\">Probieren Sie Muikku<\/h2>\n<p id=\"tw-target-text\" class=\"tw-data-text tw-text-large tw-ta\" dir=\"ltr\" style=\"text-align: center\" data-placeholder=\"K\u00e4\u00e4nn\u00f6s\"><span class=\"Y2IQFc\" lang=\"de\">Gebratenes Muikku ist auf der Speisekarte der meisten unserer Restaurants zu finden. Wir empfehlen besonders Muikkuterassi, die Dachterrasse des Original Sokos Hotel Seurahuone im Stadtzentrum von Savonlinna. Die Terrasse befindet sich im 6. Stock des Geb\u00e4udes und die Aussicht \u00fcber die Stadt ist wunderbar. Es ist auch der perfekte Ort, um atemberaubende Sonnenunterg\u00e4nge zu beobachten.<\/span><\/p>\n<p style=\"text-align: center\">\n<p>[\/vc_column_text][\/vc_column][vc_column width=&#8220;1\/4&#8243;][\/vc_column][\/vc_row][vc_row][vc_column][vc_empty_space][\/vc_column][\/vc_row][vc_row][vc_column]<div class=\"posts-list-grid wpb_content_element no-list-items\"><\/div>[\/vc_column][\/vc_row]<\/p>\n","protected":false},"excerpt":{"rendered":"<p>[vc_row][vc_column width=&#8220;1\/4&#8243;][\/vc_column][vc_column width=&#8220;1\/2&#8243;][vc_column_text] Muikku Muikku (auf Deutsch die Kleine Mar\u00e4ne) ist ein echter Leckerbissen des Seenlandes Saimaa. Viele Restaurants beiten die gebratenen Kleinen Mar\u00e4nen an. Muikku wird zum Beispiel gebraten, [&hellip;]<\/p>\n","protected":false},"author":55,"featured_media":279951,"parent":0,"menu_order":0,"comment_status":"closed","ping_status":"closed","template":"","meta":{"footnotes":""},"relatedcontent":[],"class_list":["post-277998","page","type-page","status-publish","has-post-thumbnail","hentry"],"yoast_head":"<!-- This site is optimized with the Yoast SEO Premium plugin v27.3 (Yoast SEO v27.3) - https:\/\/yoast.com\/product\/yoast-seo-premium-wordpress\/ -->\n<title>Muikku I Die Kleine Mar\u00e4ne I Lokale Delikatessen I Savonlinna<\/title>\n<meta name=\"description\" content=\"Muikku Muikku (auf Deutsch die Kleine Mar\u00e4ne) ist ein echter Leckerbissen des Seenlandes Saimaa. Viele Restaurants beiten die gebratenen Kleinen Mar\u00e4nen\" \/>\n<meta name=\"robots\" content=\"index, follow, max-snippet:-1, max-image-preview:large, max-video-preview:-1\" \/>\n<link rel=\"canonical\" href=\"https:\/\/visitsavonlinna.fi\/de\/muikku\/\" \/>\n<meta property=\"og:locale\" content=\"de_DE\" \/>\n<meta property=\"og:type\" content=\"article\" \/>\n<meta property=\"og:title\" content=\"Muikku\" \/>\n<meta property=\"og:description\" content=\"Muikku Muikku (auf Deutsch die Kleine Mar\u00e4ne) ist ein echter Leckerbissen des Seenlandes Saimaa. Viele Restaurants beiten die gebratenen Kleinen Mar\u00e4nen\" \/>\n<meta property=\"og:url\" content=\"https:\/\/visitsavonlinna.fi\/de\/muikku\/\" \/>\n<meta property=\"og:site_name\" content=\"Visit Savonlinna\" \/>\n<meta property=\"article:modified_time\" content=\"2023-01-27T13:12:03+00:00\" \/>\n<meta property=\"og:image\" content=\"https:\/\/visitsavonlinna.fi\/wp-content\/uploads\/sites\/2\/2023\/01\/muikku-marane-lokales-essen-lakeland-finnland-saimaa-see-saimaa-savonlinna.jpg\" \/>\n\t<meta property=\"og:image:width\" content=\"1024\" \/>\n\t<meta property=\"og:image:height\" content=\"683\" \/>\n\t<meta property=\"og:image:type\" content=\"image\/jpeg\" \/>\n<meta name=\"twitter:card\" content=\"summary_large_image\" \/>\n<meta name=\"twitter:label1\" content=\"Gesch\u00e4tzte Lesezeit\" \/>\n\t<meta name=\"twitter:data1\" content=\"1 minute\" \/>\n<script type=\"application\/ld+json\" class=\"yoast-schema-graph\">{\"@context\":\"https:\\\/\\\/schema.org\",\"@graph\":[{\"@type\":\"WebPage\",\"@id\":\"https:\\\/\\\/visitsavonlinna.fi\\\/de\\\/muikku\\\/\",\"url\":\"https:\\\/\\\/visitsavonlinna.fi\\\/de\\\/muikku\\\/\",\"name\":\"Muikku I Die Kleine Mar\u00e4ne I Lokale Delikatessen I Savonlinna\",\"isPartOf\":{\"@id\":\"https:\\\/\\\/visitsavonlinna.fi\\\/#website\"},\"primaryImageOfPage\":{\"@id\":\"https:\\\/\\\/visitsavonlinna.fi\\\/de\\\/muikku\\\/#primaryimage\"},\"image\":{\"@id\":\"https:\\\/\\\/visitsavonlinna.fi\\\/de\\\/muikku\\\/#primaryimage\"},\"thumbnailUrl\":\"https:\\\/\\\/visitsavonlinna.fi\\\/wp-content\\\/uploads\\\/sites\\\/2\\\/2023\\\/01\\\/muikku-marane-lokales-essen-lakeland-finnland-saimaa-see-saimaa-savonlinna.jpg\",\"datePublished\":\"2023-01-27T12:54:52+00:00\",\"dateModified\":\"2023-01-27T13:12:03+00:00\",\"description\":\"Muikku Muikku (auf Deutsch die Kleine Mar\u00e4ne) ist ein echter Leckerbissen des Seenlandes Saimaa. Viele Restaurants beiten die gebratenen Kleinen Mar\u00e4nen\",\"breadcrumb\":{\"@id\":\"https:\\\/\\\/visitsavonlinna.fi\\\/de\\\/muikku\\\/#breadcrumb\"},\"inLanguage\":\"de-DE\",\"potentialAction\":[{\"@type\":\"ReadAction\",\"target\":[\"https:\\\/\\\/visitsavonlinna.fi\\\/de\\\/muikku\\\/\"]}]},{\"@type\":\"ImageObject\",\"inLanguage\":\"de-DE\",\"@id\":\"https:\\\/\\\/visitsavonlinna.fi\\\/de\\\/muikku\\\/#primaryimage\",\"url\":\"https:\\\/\\\/visitsavonlinna.fi\\\/wp-content\\\/uploads\\\/sites\\\/2\\\/2023\\\/01\\\/muikku-marane-lokales-essen-lakeland-finnland-saimaa-see-saimaa-savonlinna.jpg\",\"contentUrl\":\"https:\\\/\\\/visitsavonlinna.fi\\\/wp-content\\\/uploads\\\/sites\\\/2\\\/2023\\\/01\\\/muikku-marane-lokales-essen-lakeland-finnland-saimaa-see-saimaa-savonlinna.jpg\",\"width\":1024,\"height\":683,\"caption\":\"muikku die kleine mar\u00e4ne lokale delikatesse lakeland finnland saimaa see savonlinna\"},{\"@type\":\"BreadcrumbList\",\"@id\":\"https:\\\/\\\/visitsavonlinna.fi\\\/de\\\/muikku\\\/#breadcrumb\",\"itemListElement\":[{\"@type\":\"ListItem\",\"position\":1,\"name\":\"Visitsavonlinna.fi\",\"item\":\"https:\\\/\\\/visitsavonlinna.fi\\\/de\\\/\"},{\"@type\":\"ListItem\",\"position\":2,\"name\":\"Muikku\"}]},{\"@type\":\"WebSite\",\"@id\":\"https:\\\/\\\/visitsavonlinna.fi\\\/#website\",\"url\":\"https:\\\/\\\/visitsavonlinna.fi\\\/\",\"name\":\"Visit Savonlinna\",\"description\":\"\",\"potentialAction\":[{\"@type\":\"SearchAction\",\"target\":{\"@type\":\"EntryPoint\",\"urlTemplate\":\"https:\\\/\\\/visitsavonlinna.fi\\\/?s={search_term_string}\"},\"query-input\":{\"@type\":\"PropertyValueSpecification\",\"valueRequired\":true,\"valueName\":\"search_term_string\"}}],\"inLanguage\":\"de-DE\"}]}<\/script>\n<!-- \/ Yoast SEO Premium plugin. -->","yoast_head_json":{"title":"Muikku I Die Kleine Mar\u00e4ne I Lokale Delikatessen I Savonlinna","description":"Muikku Muikku (auf Deutsch die Kleine Mar\u00e4ne) ist ein echter Leckerbissen des Seenlandes Saimaa. Viele Restaurants beiten die gebratenen Kleinen Mar\u00e4nen","robots":{"index":"index","follow":"follow","max-snippet":"max-snippet:-1","max-image-preview":"max-image-preview:large","max-video-preview":"max-video-preview:-1"},"canonical":"https:\/\/visitsavonlinna.fi\/de\/muikku\/","og_locale":"de_DE","og_type":"article","og_title":"Muikku","og_description":"Muikku Muikku (auf Deutsch die Kleine Mar\u00e4ne) ist ein echter Leckerbissen des Seenlandes Saimaa. Viele Restaurants beiten die gebratenen Kleinen Mar\u00e4nen","og_url":"https:\/\/visitsavonlinna.fi\/de\/muikku\/","og_site_name":"Visit Savonlinna","article_modified_time":"2023-01-27T13:12:03+00:00","og_image":[{"width":1024,"height":683,"url":"https:\/\/visitsavonlinna.fi\/wp-content\/uploads\/sites\/2\/2023\/01\/muikku-marane-lokales-essen-lakeland-finnland-saimaa-see-saimaa-savonlinna.jpg","type":"image\/jpeg"}],"twitter_card":"summary_large_image","twitter_misc":{"Gesch\u00e4tzte Lesezeit":"1 minute"},"schema":{"@context":"https:\/\/schema.org","@graph":[{"@type":"WebPage","@id":"https:\/\/visitsavonlinna.fi\/de\/muikku\/","url":"https:\/\/visitsavonlinna.fi\/de\/muikku\/","name":"Muikku I Die Kleine Mar\u00e4ne I Lokale Delikatessen I Savonlinna","isPartOf":{"@id":"https:\/\/visitsavonlinna.fi\/#website"},"primaryImageOfPage":{"@id":"https:\/\/visitsavonlinna.fi\/de\/muikku\/#primaryimage"},"image":{"@id":"https:\/\/visitsavonlinna.fi\/de\/muikku\/#primaryimage"},"thumbnailUrl":"https:\/\/visitsavonlinna.fi\/wp-content\/uploads\/sites\/2\/2023\/01\/muikku-marane-lokales-essen-lakeland-finnland-saimaa-see-saimaa-savonlinna.jpg","datePublished":"2023-01-27T12:54:52+00:00","dateModified":"2023-01-27T13:12:03+00:00","description":"Muikku Muikku (auf Deutsch die Kleine Mar\u00e4ne) ist ein echter Leckerbissen des Seenlandes Saimaa. Viele Restaurants beiten die gebratenen Kleinen Mar\u00e4nen","breadcrumb":{"@id":"https:\/\/visitsavonlinna.fi\/de\/muikku\/#breadcrumb"},"inLanguage":"de-DE","potentialAction":[{"@type":"ReadAction","target":["https:\/\/visitsavonlinna.fi\/de\/muikku\/"]}]},{"@type":"ImageObject","inLanguage":"de-DE","@id":"https:\/\/visitsavonlinna.fi\/de\/muikku\/#primaryimage","url":"https:\/\/visitsavonlinna.fi\/wp-content\/uploads\/sites\/2\/2023\/01\/muikku-marane-lokales-essen-lakeland-finnland-saimaa-see-saimaa-savonlinna.jpg","contentUrl":"https:\/\/visitsavonlinna.fi\/wp-content\/uploads\/sites\/2\/2023\/01\/muikku-marane-lokales-essen-lakeland-finnland-saimaa-see-saimaa-savonlinna.jpg","width":1024,"height":683,"caption":"muikku die kleine mar\u00e4ne lokale delikatesse lakeland finnland saimaa see savonlinna"},{"@type":"BreadcrumbList","@id":"https:\/\/visitsavonlinna.fi\/de\/muikku\/#breadcrumb","itemListElement":[{"@type":"ListItem","position":1,"name":"Visitsavonlinna.fi","item":"https:\/\/visitsavonlinna.fi\/de\/"},{"@type":"ListItem","position":2,"name":"Muikku"}]},{"@type":"WebSite","@id":"https:\/\/visitsavonlinna.fi\/#website","url":"https:\/\/visitsavonlinna.fi\/","name":"Visit Savonlinna","description":"","potentialAction":[{"@type":"SearchAction","target":{"@type":"EntryPoint","urlTemplate":"https:\/\/visitsavonlinna.fi\/?s={search_term_string}"},"query-input":{"@type":"PropertyValueSpecification","valueRequired":true,"valueName":"search_term_string"}}],"inLanguage":"de-DE"}]}},"_links":{"self":[{"href":"https:\/\/visitsavonlinna.fi\/de\/wp-json\/wp\/v2\/pages\/277998","targetHints":{"allow":["GET"]}}],"collection":[{"href":"https:\/\/visitsavonlinna.fi\/de\/wp-json\/wp\/v2\/pages"}],"about":[{"href":"https:\/\/visitsavonlinna.fi\/de\/wp-json\/wp\/v2\/types\/page"}],"author":[{"embeddable":true,"href":"https:\/\/visitsavonlinna.fi\/de\/wp-json\/wp\/v2\/users\/55"}],"replies":[{"embeddable":true,"href":"https:\/\/visitsavonlinna.fi\/de\/wp-json\/wp\/v2\/comments?post=277998"}],"version-history":[{"count":7,"href":"https:\/\/visitsavonlinna.fi\/de\/wp-json\/wp\/v2\/pages\/277998\/revisions"}],"predecessor-version":[{"id":291215,"href":"https:\/\/visitsavonlinna.fi\/de\/wp-json\/wp\/v2\/pages\/277998\/revisions\/291215"}],"wp:featuredmedia":[{"embeddable":true,"href":"https:\/\/visitsavonlinna.fi\/de\/wp-json\/wp\/v2\/media\/279951"}],"wp:attachment":[{"href":"https:\/\/visitsavonlinna.fi\/de\/wp-json\/wp\/v2\/media?parent=277998"}],"wp:term":[{"taxonomy":"relatedcontent","embeddable":true,"href":"https:\/\/visitsavonlinna.fi\/de\/wp-json\/wp\/v2\/relatedcontent?post=277998"}],"curies":[{"name":"wp","href":"https:\/\/api.w.org\/{rel}","templated":true}]}}