{"id":304377,"date":"2023-01-31T13:44:44","date_gmt":"2023-01-31T11:44:44","guid":{"rendered":"https:\/\/visitsavonlinna.fi\/?page_id=304377"},"modified":"2025-05-23T15:10:31","modified_gmt":"2025-05-23T12:10:31","slug":"die-savonlinna-opernfestspiele","status":"publish","type":"page","link":"https:\/\/visitsavonlinna.fi\/de\/die-savonlinna-opernfestspiele\/","title":{"rendered":"Die Savonlinna-Opernfestspiele"},"content":{"rendered":"<p>[vc_row][vc_column width=&#8220;1\/4&#8243;][\/vc_column][vc_column width=&#8220;1\/2&#8243;][vc_column_text]<\/p>\n<h1 class=\"css-1wnvjz2\" style=\"text-align: center\">Erstklassige Oper in einer mittelalterlichen Burg<\/h1>\n<p class=\"css-1wnvjz2\" style=\"text-align: center\">Die Savonlinna-Opernfestspiele sind das wichtigste kulturelle Ereignis Finnlands. Sie sind f\u00fcr ihre hochkar\u00e4tigen Opernauff\u00fchrungen und Konzerte weltber\u00fchmt und bringen jeden Sommer Musikliebhaber aus aller Welt in die bezaubernde Seestadt Savonlinna. Das einmonatige Festival findet in Olavinlinna statt, einer imposanten mittelalterlichen Burg direkt am gr\u00f6\u00dften See Finnlands. Dies schafft ein einzigartiges, spektakul\u00e4res Ambiente f\u00fcr die rund 70 000 G\u00e4ste. Im Inneren werden sie mit Klassikern und selten gezeigten Werken sowie mit Urauff\u00fchrungen und Gastproduktionen von angesehenen Opernh\u00e4usern wie der Mail\u00e4nder Scala \u00fcberrascht.<\/p>\n<p>[\/vc_column_text][\/vc_column][vc_column width=&#8220;1\/4&#8243;][\/vc_column][\/vc_row][vc_row][vc_column][vc_empty_space][\/vc_column][\/vc_row][vc_row][vc_column width=&#8220;1\/4&#8243;][\/vc_column][vc_column width=&#8220;1\/2&#8243; css=&#8220;.vc_custom_1675928463462{padding-top: 160px !important;padding-bottom: 160px !important;background-image: url(https:\/\/visitsavonlinna.fi\/wp-content\/uploads\/sites\/2\/2023\/02\/savonlinna-opernfestspiele-1-1.jpg?id=459893) !important;background-position: center !important;background-repeat: no-repeat !important;background-size: cover !important;}&#8220;][vc_btn title=&#8220;TICKETS F\u00dcR DIE SAISON 2025 KAUFEN \u00bb&#8220; style=&#8220;flat&#8220; color=&#8220;black&#8220; align=&#8220;center&#8220; css=&#8220;&#8220; link=&#8220;url:http%3A%2F%2Foperafestival.fi%2Fen%2F|target:_blank&#8220; el_class=&#8220;btn-saimaa&#8220;][\/vc_column][vc_column width=&#8220;1\/4&#8243;][\/vc_column][\/vc_row][vc_row][vc_column][vc_empty_space][\/vc_column][\/vc_row]<\/p>\n","protected":false},"excerpt":{"rendered":"<p>[vc_row][vc_column width=&#8220;1\/4&#8243;][\/vc_column][vc_column width=&#8220;1\/2&#8243;][vc_column_text] Erstklassige Oper in einer mittelalterlichen Burg Die Savonlinna-Opernfestspiele sind das wichtigste kulturelle Ereignis Finnlands. Sie sind f\u00fcr ihre hochkar\u00e4tigen Opernauff\u00fchrungen und Konzerte weltber\u00fchmt und bringen jeden Sommer [&hellip;]<\/p>\n","protected":false},"author":55,"featured_media":331831,"parent":0,"menu_order":0,"comment_status":"closed","ping_status":"closed","template":"","meta":{"footnotes":""},"relatedcontent":[],"class_list":["post-304377","page","type-page","status-publish","has-post-thumbnail","hentry"],"yoast_head":"<!-- This site is optimized with the Yoast SEO Premium plugin v27.3 (Yoast SEO v27.4) - https:\/\/yoast.com\/product\/yoast-seo-premium-wordpress\/ -->\n<title>Savonlinna-Opernfestspiele I Lakeland Finnland<\/title>\n<meta name=\"description\" content=\"Jeden Juli locken die einmonatige Savonlinna-Operfestspiele, das bekannteste Kulturereignis Finnlands, 70.000 Besucher nach Savonlinna.\" \/>\n<meta name=\"robots\" content=\"index, follow, max-snippet:-1, max-image-preview:large, max-video-preview:-1\" \/>\n<link rel=\"canonical\" href=\"https:\/\/visitsavonlinna.fi\/de\/die-savonlinna-opernfestspiele\/\" \/>\n<meta property=\"og:locale\" content=\"de_DE\" \/>\n<meta property=\"og:type\" content=\"article\" \/>\n<meta property=\"og:title\" content=\"Die Savonlinna-Opernfestspiele\" \/>\n<meta property=\"og:description\" content=\"Jeden Juli locken die einmonatige Savonlinna-Operfestspiele, das bekannteste Kulturereignis Finnlands, 70.000 Besucher nach Savonlinna.\" \/>\n<meta property=\"og:url\" content=\"https:\/\/visitsavonlinna.fi\/de\/die-savonlinna-opernfestspiele\/\" \/>\n<meta property=\"og:site_name\" content=\"Visit Savonlinna\" \/>\n<meta property=\"article:modified_time\" content=\"2025-05-23T12:10:31+00:00\" \/>\n<meta property=\"og:image\" content=\"https:\/\/visitsavonlinna.fi\/wp-content\/uploads\/sites\/2\/2023\/01\/savonlinna-opernfestspiele-olavinlinna-romeo-und-julia-saimaa.jpg\" \/>\n\t<meta property=\"og:image:width\" content=\"2048\" \/>\n\t<meta property=\"og:image:height\" content=\"884\" \/>\n\t<meta property=\"og:image:type\" content=\"image\/jpeg\" \/>\n<meta name=\"twitter:card\" content=\"summary_large_image\" \/>\n<meta name=\"twitter:label1\" content=\"Gesch\u00e4tzte Lesezeit\" \/>\n\t<meta name=\"twitter:data1\" content=\"1 minute\" \/>\n<script type=\"application\/ld+json\" class=\"yoast-schema-graph\">{\"@context\":\"https:\\\/\\\/schema.org\",\"@graph\":[{\"@type\":\"WebPage\",\"@id\":\"https:\\\/\\\/visitsavonlinna.fi\\\/de\\\/die-savonlinna-opernfestspiele\\\/\",\"url\":\"https:\\\/\\\/visitsavonlinna.fi\\\/de\\\/die-savonlinna-opernfestspiele\\\/\",\"name\":\"Savonlinna-Opernfestspiele I Lakeland Finnland\",\"isPartOf\":{\"@id\":\"https:\\\/\\\/visitsavonlinna.fi\\\/#website\"},\"primaryImageOfPage\":{\"@id\":\"https:\\\/\\\/visitsavonlinna.fi\\\/de\\\/die-savonlinna-opernfestspiele\\\/#primaryimage\"},\"image\":{\"@id\":\"https:\\\/\\\/visitsavonlinna.fi\\\/de\\\/die-savonlinna-opernfestspiele\\\/#primaryimage\"},\"thumbnailUrl\":\"https:\\\/\\\/visitsavonlinna.fi\\\/wp-content\\\/uploads\\\/sites\\\/2\\\/2023\\\/01\\\/savonlinna-opernfestspiele-olavinlinna-romeo-und-julia-saimaa.jpg\",\"datePublished\":\"2023-01-31T11:44:44+00:00\",\"dateModified\":\"2025-05-23T12:10:31+00:00\",\"description\":\"Jeden Juli locken die einmonatige Savonlinna-Operfestspiele, das bekannteste Kulturereignis Finnlands, 70.000 Besucher nach Savonlinna.\",\"breadcrumb\":{\"@id\":\"https:\\\/\\\/visitsavonlinna.fi\\\/de\\\/die-savonlinna-opernfestspiele\\\/#breadcrumb\"},\"inLanguage\":\"de-DE\",\"potentialAction\":[{\"@type\":\"ReadAction\",\"target\":[\"https:\\\/\\\/visitsavonlinna.fi\\\/de\\\/die-savonlinna-opernfestspiele\\\/\"]}]},{\"@type\":\"ImageObject\",\"inLanguage\":\"de-DE\",\"@id\":\"https:\\\/\\\/visitsavonlinna.fi\\\/de\\\/die-savonlinna-opernfestspiele\\\/#primaryimage\",\"url\":\"https:\\\/\\\/visitsavonlinna.fi\\\/wp-content\\\/uploads\\\/sites\\\/2\\\/2023\\\/01\\\/savonlinna-opernfestspiele-olavinlinna-romeo-und-julia-saimaa.jpg\",\"contentUrl\":\"https:\\\/\\\/visitsavonlinna.fi\\\/wp-content\\\/uploads\\\/sites\\\/2\\\/2023\\\/01\\\/savonlinna-opernfestspiele-olavinlinna-romeo-und-julia-saimaa.jpg\",\"width\":2048,\"height\":884,\"caption\":\"savonlinna opernfestspiele olavinlinna romeo und julia saimaa\"},{\"@type\":\"BreadcrumbList\",\"@id\":\"https:\\\/\\\/visitsavonlinna.fi\\\/de\\\/die-savonlinna-opernfestspiele\\\/#breadcrumb\",\"itemListElement\":[{\"@type\":\"ListItem\",\"position\":1,\"name\":\"Visitsavonlinna.fi\",\"item\":\"https:\\\/\\\/visitsavonlinna.fi\\\/de\\\/\"},{\"@type\":\"ListItem\",\"position\":2,\"name\":\"Die Savonlinna-Opernfestspiele\"}]},{\"@type\":\"WebSite\",\"@id\":\"https:\\\/\\\/visitsavonlinna.fi\\\/#website\",\"url\":\"https:\\\/\\\/visitsavonlinna.fi\\\/\",\"name\":\"Visit Savonlinna\",\"description\":\"\",\"potentialAction\":[{\"@type\":\"SearchAction\",\"target\":{\"@type\":\"EntryPoint\",\"urlTemplate\":\"https:\\\/\\\/visitsavonlinna.fi\\\/?s={search_term_string}\"},\"query-input\":{\"@type\":\"PropertyValueSpecification\",\"valueRequired\":true,\"valueName\":\"search_term_string\"}}],\"inLanguage\":\"de-DE\"}]}<\/script>\n<!-- \/ Yoast SEO Premium plugin. -->","yoast_head_json":{"title":"Savonlinna-Opernfestspiele I Lakeland Finnland","description":"Jeden Juli locken die einmonatige Savonlinna-Operfestspiele, das bekannteste Kulturereignis Finnlands, 70.000 Besucher nach Savonlinna.","robots":{"index":"index","follow":"follow","max-snippet":"max-snippet:-1","max-image-preview":"max-image-preview:large","max-video-preview":"max-video-preview:-1"},"canonical":"https:\/\/visitsavonlinna.fi\/de\/die-savonlinna-opernfestspiele\/","og_locale":"de_DE","og_type":"article","og_title":"Die Savonlinna-Opernfestspiele","og_description":"Jeden Juli locken die einmonatige Savonlinna-Operfestspiele, das bekannteste Kulturereignis Finnlands, 70.000 Besucher nach Savonlinna.","og_url":"https:\/\/visitsavonlinna.fi\/de\/die-savonlinna-opernfestspiele\/","og_site_name":"Visit Savonlinna","article_modified_time":"2025-05-23T12:10:31+00:00","og_image":[{"width":2048,"height":884,"url":"https:\/\/visitsavonlinna.fi\/wp-content\/uploads\/sites\/2\/2023\/01\/savonlinna-opernfestspiele-olavinlinna-romeo-und-julia-saimaa.jpg","type":"image\/jpeg"}],"twitter_card":"summary_large_image","twitter_misc":{"Gesch\u00e4tzte Lesezeit":"1 minute"},"schema":{"@context":"https:\/\/schema.org","@graph":[{"@type":"WebPage","@id":"https:\/\/visitsavonlinna.fi\/de\/die-savonlinna-opernfestspiele\/","url":"https:\/\/visitsavonlinna.fi\/de\/die-savonlinna-opernfestspiele\/","name":"Savonlinna-Opernfestspiele I Lakeland Finnland","isPartOf":{"@id":"https:\/\/visitsavonlinna.fi\/#website"},"primaryImageOfPage":{"@id":"https:\/\/visitsavonlinna.fi\/de\/die-savonlinna-opernfestspiele\/#primaryimage"},"image":{"@id":"https:\/\/visitsavonlinna.fi\/de\/die-savonlinna-opernfestspiele\/#primaryimage"},"thumbnailUrl":"https:\/\/visitsavonlinna.fi\/wp-content\/uploads\/sites\/2\/2023\/01\/savonlinna-opernfestspiele-olavinlinna-romeo-und-julia-saimaa.jpg","datePublished":"2023-01-31T11:44:44+00:00","dateModified":"2025-05-23T12:10:31+00:00","description":"Jeden Juli locken die einmonatige Savonlinna-Operfestspiele, das bekannteste Kulturereignis Finnlands, 70.000 Besucher nach Savonlinna.","breadcrumb":{"@id":"https:\/\/visitsavonlinna.fi\/de\/die-savonlinna-opernfestspiele\/#breadcrumb"},"inLanguage":"de-DE","potentialAction":[{"@type":"ReadAction","target":["https:\/\/visitsavonlinna.fi\/de\/die-savonlinna-opernfestspiele\/"]}]},{"@type":"ImageObject","inLanguage":"de-DE","@id":"https:\/\/visitsavonlinna.fi\/de\/die-savonlinna-opernfestspiele\/#primaryimage","url":"https:\/\/visitsavonlinna.fi\/wp-content\/uploads\/sites\/2\/2023\/01\/savonlinna-opernfestspiele-olavinlinna-romeo-und-julia-saimaa.jpg","contentUrl":"https:\/\/visitsavonlinna.fi\/wp-content\/uploads\/sites\/2\/2023\/01\/savonlinna-opernfestspiele-olavinlinna-romeo-und-julia-saimaa.jpg","width":2048,"height":884,"caption":"savonlinna opernfestspiele olavinlinna romeo und julia saimaa"},{"@type":"BreadcrumbList","@id":"https:\/\/visitsavonlinna.fi\/de\/die-savonlinna-opernfestspiele\/#breadcrumb","itemListElement":[{"@type":"ListItem","position":1,"name":"Visitsavonlinna.fi","item":"https:\/\/visitsavonlinna.fi\/de\/"},{"@type":"ListItem","position":2,"name":"Die Savonlinna-Opernfestspiele"}]},{"@type":"WebSite","@id":"https:\/\/visitsavonlinna.fi\/#website","url":"https:\/\/visitsavonlinna.fi\/","name":"Visit Savonlinna","description":"","potentialAction":[{"@type":"SearchAction","target":{"@type":"EntryPoint","urlTemplate":"https:\/\/visitsavonlinna.fi\/?s={search_term_string}"},"query-input":{"@type":"PropertyValueSpecification","valueRequired":true,"valueName":"search_term_string"}}],"inLanguage":"de-DE"}]}},"_links":{"self":[{"href":"https:\/\/visitsavonlinna.fi\/de\/wp-json\/wp\/v2\/pages\/304377","targetHints":{"allow":["GET"]}}],"collection":[{"href":"https:\/\/visitsavonlinna.fi\/de\/wp-json\/wp\/v2\/pages"}],"about":[{"href":"https:\/\/visitsavonlinna.fi\/de\/wp-json\/wp\/v2\/types\/page"}],"author":[{"embeddable":true,"href":"https:\/\/visitsavonlinna.fi\/de\/wp-json\/wp\/v2\/users\/55"}],"replies":[{"embeddable":true,"href":"https:\/\/visitsavonlinna.fi\/de\/wp-json\/wp\/v2\/comments?post=304377"}],"version-history":[{"count":14,"href":"https:\/\/visitsavonlinna.fi\/de\/wp-json\/wp\/v2\/pages\/304377\/revisions"}],"predecessor-version":[{"id":573505,"href":"https:\/\/visitsavonlinna.fi\/de\/wp-json\/wp\/v2\/pages\/304377\/revisions\/573505"}],"wp:featuredmedia":[{"embeddable":true,"href":"https:\/\/visitsavonlinna.fi\/de\/wp-json\/wp\/v2\/media\/331831"}],"wp:attachment":[{"href":"https:\/\/visitsavonlinna.fi\/de\/wp-json\/wp\/v2\/media?parent=304377"}],"wp:term":[{"taxonomy":"relatedcontent","embeddable":true,"href":"https:\/\/visitsavonlinna.fi\/de\/wp-json\/wp\/v2\/relatedcontent?post=304377"}],"curies":[{"name":"wp","href":"https:\/\/api.w.org\/{rel}","templated":true}]}}