{"id":110624,"date":"2019-05-16T11:19:41","date_gmt":"2019-05-16T08:19:41","guid":{"rendered":"https:\/\/visitsavonlinna.fi\/?page_id=110624"},"modified":"2022-07-26T11:43:19","modified_gmt":"2022-07-26T08:43:19","slug":"hyterma","status":"publish","type":"page","link":"https:\/\/visitsavonlinna.fi\/en\/hyterma\/","title":{"rendered":"Hyterm\u00e4"},"content":{"rendered":"<p>[vc_row][vc_column][vc_empty_space][\/vc_column][\/vc_row][vc_row][vc_column width=&#8221;1\/4&#8243;][\/vc_column][vc_column width=&#8221;1\/2&#8243;][vc_column_text]<\/p>\n<h1 style=\"text-align: center\">Hyterm\u00e4 &#8211; the Legacy of Romu-Heikki<\/h1>\n<p class=\"lead\" style=\"text-align: center\">Hyterm\u00e4 islands in Kerim\u00e4ki (Puruvesi, Lake Saimaa) are one of the most beautiful and interesting places to visit in Lake Saimaa.<\/p>\n<p style=\"text-align: center\">Hyterm\u00e4 nature reserve and museum islands are located about 7 km from the centre of Kerim\u00e4ki towards H\u00e4lv\u00e4. Hyterm\u00e4 was declared a protected nature area in the year 1931, and the fact that is has survived almost completely in its natural state is all down to an ex-rural police chief\u00a0 Heikki V\u00e4yrynen (1916-1940), a.k.a. Romu-Heikki, and his wife.<\/p>\n<p style=\"text-align: center\">The islands have a one-of-a-kind collection of art made from rocks, and easily walked nature paths. Hyterm\u00e4 can only be reached by boat which you can rent and then row the 400m to the island. Once there you will also find a wonderful sandy beach and a pier.<\/p>\n<p style=\"text-align: center\">Hyterm\u00e4 is situated 7 km from the centre of Kerim\u00e4ki (Savonlinna-Kerim\u00e4ki 23 km), address: H\u00e4lv\u00e4nsaarentie 80, Kerim\u00e4ki.<\/p>\n<p>[\/vc_column_text][\/vc_column][vc_column width=&#8221;1\/4&#8243;][\/vc_column][\/vc_row][vc_row][vc_column width=&#8221;1\/2&#8243; css=&#8221;.vc_custom_1658824789988{padding-top: 160px !important;padding-bottom: 160px !important;background-image: url(https:\/\/visitsavonlinna.fi\/wp-content\/uploads\/sites\/2\/2022\/07\/how-to-get-to-Hyterma-nature-reserve-and-museum-islands-Kerimaki-Lake-Saimaa-Lake-Puruvesi.jpg?id=223301) !important;background-position: center !important;background-repeat: no-repeat !important;background-size: cover !important;}&#8221;][vc_btn title=&#8221;How to get to Hyterm\u00e4? \u00bb&#8221; style=&#8221;flat&#8221; color=&#8221;black&#8221; align=&#8221;center&#8221; link=&#8221;url:https%3A%2F%2Fvisitsavonlinna.fi%2Fen%2Fhow-to-get-to-hyterma%2F&#8221; el_class=&#8221;btn-saimaa&#8221;][\/vc_column][vc_column width=&#8221;1\/2&#8243; css=&#8221;.vc_custom_1658824994286{padding-top: 160px !important;padding-bottom: 160px !important;background-image: url(https:\/\/visitsavonlinna.fi\/wp-content\/uploads\/sites\/2\/2022\/04\/Hyterman-luonnonsuojelu-ja-museosaaret-tyonmuisto-kerimaki-saimaa-puruvesi.jpg?id=222013) !important;background-position: center !important;background-repeat: no-repeat !important;background-size: cover !important;}&#8221;][vc_btn title=&#8221;Map \u00bb&#8221; style=&#8221;flat&#8221; color=&#8221;black&#8221; align=&#8221;center&#8221; link=&#8221;url:https%3A%2F%2Fwww.outdooractive.com%2Fen%2Fpoi%2Fvisit-saimaa%2Fhytermae-nature-reserve%2F45231900%2F%3Fi%3D45231900|target:_blank&#8221; el_class=&#8221;btn-saimaa&#8221;][\/vc_column][\/vc_row][vc_row][vc_column][vc_column_text]<\/p>\n<h2 style=\"text-align: center\">Book now!<\/h2>\n<p>[\/vc_column_text][\/vc_column][\/vc_row][vc_row][vc_column width=&#8221;1\/4&#8243;][\/vc_column][vc_column width=&#8221;1\/2&#8243;][vc_raw_html]JTNDZGl2JTIwaWQlM0QlMjJib2t1bi13NjYxMjhfZWUxNDc4MmRfYzU3N180ZmVlXzg2YjNfMjdkY2E0MjE4YzM3JTIyJTNFTG9hZGluZy4uLiUzQyUyRmRpdiUzRSUzQ3NjcmlwdCUyMHR5cGUlM0QlMjJ0ZXh0JTJGamF2YXNjcmlwdCUyMiUzRSUwQXZhciUyMHc2NjEyOF9lZTE0NzgyZF9jNTc3XzRmZWVfODZiM18yN2RjYTQyMThjMzclM0IlMEElMjhmdW5jdGlvbiUyOGQlMkMlMjB0JTI5JTIwJTdCJTBBJTIwJTIwdmFyJTIwaG9zdCUyMCUzRCUyMCUyN3dpZGdldHMuYm9rdW4uaW8lMjclM0IlMEElMjAlMjB2YXIlMjBmcmFtZVVybCUyMCUzRCUyMCUyN2h0dHBzJTNBJTJGJTJGJTI3JTIwJTJCJTIwaG9zdCUyMCUyQiUyMCUyNyUyRndpZGdldHMlMkY2NjEyOCUzRmJvb2tpbmdDaGFubmVsVVVJRCUzRDg1NDNjMzEzLWI2NmItNDFiNS1iZWQ2LWYxODA5ZmYxNjE2ZCUyNmFtcCUzQmxhbmclM0RlbiUyNmFtcCUzQmNjeSUzREVVUiUyNmFtcCUzQmhhc2glM0R3NjYxMjhfZWUxNDc4MmRfYzU3N180ZmVlXzg2YjNfMjdkY2E0MjE4YzM3JTI3JTNCJTBBJTIwJTIwdmFyJTIwcyUyMCUzRCUyMGQuY3JlYXRlRWxlbWVudCUyOHQlMjklMkMlMjBvcHRpb25zJTIwJTNEJTIwJTdCJTI3aG9zdCUyNyUzQSUyMGhvc3QlMkMlMjAlMjdmcmFtZVVybCUyNyUzQSUyMGZyYW1lVXJsJTJDJTIwJTI3d2lkZ2V0SGFzaCUyNyUzQSUyN3c2NjEyOF9lZTE0NzgyZF9jNTc3XzRmZWVfODZiM18yN2RjYTQyMThjMzclMjclMkMlMjAlMjdhdXRvUmVzaXplJTI3JTNBdHJ1ZSUyQyUyN2hlaWdodCUyNyUzQSUyNyUyNyUyQyUyN3dpZHRoJTI3JTNBJTI3MTAwJTI1JTI3JTJDJTIwJTI3bWluSGVpZ2h0JTI3JTNBJTIwMCUyQyUyN2FzeW5jJTI3JTNBdHJ1ZSUyQyUyMCUyN3NzbCUyNyUzQXRydWUlMkMlMjAlMjdhZmZpbGlhdGVUcmFja2luZ0NvZGUlMjclM0ElMjAlMjclMjclMkMlMjAlMjd0cmFuc2llbnRTZXNzaW9uJTI3JTNBJTIwdHJ1ZSUyQyUyMCUyN2Nvb2tpZUxpZmV0aW1lJTI3JTNBJTIwNDMyMDAlMjAlN0QlM0IlMEElMjAlMjBzLnNyYyUyMCUzRCUyMCUyN2h0dHBzJTNBJTJGJTJGJTI3JTIwJTJCJTIwaG9zdCUyMCUyQiUyMCUyNyUyRmFzc2V0cyUyRmphdmFzY3JpcHRzJTJGd2lkZ2V0cyUyRmVtYmVkZGVyLmpzJTI3JTNCJTBBJTIwJTIwcy5vbmxvYWQlMjAlM0QlMjBzLm9ucmVhZHlzdGF0ZWNoYW5nZSUyMCUzRCUyMGZ1bmN0aW9uJTI4JTI5JTIwJTdCJTBBJTIwJTIwJTIwJTIwdmFyJTIwcnMlMjAlM0QlMjB0aGlzLnJlYWR5U3RhdGUlM0IlMjBpZiUyMCUyOHJzJTI5JTIwaWYlMjAlMjhycyUyMCUyMSUzRCUyMCUyN2NvbXBsZXRlJTI3JTI5JTIwaWYlMjAlMjhycyUyMCUyMSUzRCUyMCUyN2xvYWRlZCUyNyUyOSUyMHJldHVybiUzQiUwQSUyMCUyMCUyMCUyMHRyeSUyMCU3QiUwQSUyMCUyMCUyMCUyMCUyMCUyMHc2NjEyOF9lZTE0NzgyZF9jNTc3XzRmZWVfODZiM18yN2RjYTQyMThjMzclMjAlM0QlMjBuZXclMjBCb2t1bldpZGdldEVtYmVkZGVyJTI4JTI5JTNCJTIwdzY2MTI4X2VlMTQ3ODJkX2M1NzdfNGZlZV84NmIzXzI3ZGNhNDIxOGMzNy5pbml0aWFsaXplJTI4b3B0aW9ucyUyOSUzQiUyMHc2NjEyOF9lZTE0NzgyZF9jNTc3XzRmZWVfODZiM18yN2RjYTQyMThjMzcuZGlzcGxheSUyOCUyOSUzQiUwQSUyMCUyMCUyMCUyMCU3RCUyMGNhdGNoJTIwJTI4ZSUyOSUyMCU3QiU3RCUwQSUyMCUyMCU3RCUzQiUwQSUyMCUyMHZhciUyMHNjciUyMCUzRCUyMGQuZ2V0RWxlbWVudHNCeVRhZ05hbWUlMjh0JTI5JTVCMCU1RCUyQyUyMHBhciUyMCUzRCUyMHNjci5wYXJlbnROb2RlJTNCJTIwcGFyLmluc2VydEJlZm9yZSUyOHMlMkMlMjBzY3IlMjklM0IlMEElN0QlMjklMjhkb2N1bWVudCUyQyUyMCUyN3NjcmlwdCUyNyUyOSUzQiUwQSUzQyUyRnNjcmlwdCUzRSUwQQ==[\/vc_raw_html][\/vc_column][vc_column width=&#8221;1\/4&#8243;][\/vc_column][\/vc_row][vc_row][vc_column][vc_column_text]<\/p>\n<h2 style=\"text-align: center\">Visit the Hyterm\u00e4 islands<\/h2>\n<p>[\/vc_column_text][\/vc_column][\/vc_row][vc_row][vc_column]<div class=\"posts-list-grid wpb_content_element no-list-items\"><\/div>[\/vc_column][\/vc_row]<\/p>\n","protected":false},"excerpt":{"rendered":"<p>[vc_row][vc_column][vc_empty_space][\/vc_column][\/vc_row][vc_row][vc_column width=&#8221;1\/4&#8243;][\/vc_column][vc_column width=&#8221;1\/2&#8243;][vc_column_text] Hyterm\u00e4 &#8211; the Legacy of Romu-Heikki Hyterm\u00e4 islands in Kerim\u00e4ki (Puruvesi, Lake Saimaa) are one of the most beautiful and interesting places to visit in Lake Saimaa. [&hellip;]<\/p>\n","protected":false},"author":2,"featured_media":110626,"parent":0,"menu_order":0,"comment_status":"closed","ping_status":"closed","template":"","meta":{"footnotes":""},"relatedcontent":[],"class_list":{"0":"post-110624","1":"page","2":"type-page","3":"status-publish","4":"has-post-thumbnail","5":"hentry","7":"priority-3"},"yoast_head":"<!-- This site is optimized with the Yoast SEO Premium plugin v27.3 (Yoast SEO v27.4) - https:\/\/yoast.com\/product\/yoast-seo-premium-wordpress\/ -->\n<title>Hyterm\u00e4 - Visit Savonlinna<\/title>\n<meta name=\"description\" content=\"Hyterm\u00e4 - the Legacy of Romu-Heikki Hyterm\u00e4 islands in Kerim\u00e4ki (Puruvesi, Lake Saimaa) are one of the most beautiful and interesting places to visit in Hyterm\u00e4 islands in Kerim\u00e4ki are a nature reserve and day trip destination in the middle of crystal clear Puruvesi, Lake Saimaa.\" \/>\n<meta name=\"robots\" content=\"index, follow, max-snippet:-1, max-image-preview:large, max-video-preview:-1\" \/>\n<link rel=\"canonical\" href=\"https:\/\/visitsavonlinna.fi\/en\/hyterma\/\" \/>\n<meta property=\"og:locale\" content=\"en_US\" \/>\n<meta property=\"og:type\" content=\"article\" \/>\n<meta property=\"og:title\" content=\"Hyterm\u00e4\" \/>\n<meta property=\"og:description\" content=\"Hyterm\u00e4 - the Legacy of Romu-Heikki Hyterm\u00e4 islands in Kerim\u00e4ki (Puruvesi, Lake Saimaa) are one of the most beautiful and interesting places to visit in Hyterm\u00e4 islands in Kerim\u00e4ki are a nature reserve and day trip destination in the middle of crystal clear Puruvesi, Lake Saimaa.\" \/>\n<meta property=\"og:url\" content=\"https:\/\/visitsavonlinna.fi\/en\/hyterma\/\" \/>\n<meta property=\"og:site_name\" content=\"Visit Savonlinna\" \/>\n<meta property=\"article:modified_time\" content=\"2022-07-26T08:43:19+00:00\" \/>\n<meta property=\"og:image\" content=\"https:\/\/visitsavonlinna.fi\/wp-content\/uploads\/sites\/2\/2019\/05\/finland-lake-saimaa-savonlinna-Hyterm-kerim-ki-puruvesi.jpg\" \/>\n\t<meta property=\"og:image:width\" content=\"2000\" \/>\n\t<meta property=\"og:image:height\" content=\"740\" \/>\n\t<meta property=\"og:image:type\" content=\"image\/jpeg\" \/>\n<meta name=\"twitter:card\" content=\"summary_large_image\" \/>\n<meta name=\"twitter:label1\" content=\"Est. reading time\" \/>\n\t<meta name=\"twitter:data1\" content=\"2 minutes\" \/>\n<script type=\"application\/ld+json\" class=\"yoast-schema-graph\">{\"@context\":\"https:\\\/\\\/schema.org\",\"@graph\":[{\"@type\":\"WebPage\",\"@id\":\"https:\\\/\\\/visitsavonlinna.fi\\\/en\\\/hyterma\\\/\",\"url\":\"https:\\\/\\\/visitsavonlinna.fi\\\/en\\\/hyterma\\\/\",\"name\":\"Hyterm\u00e4 - Visit Savonlinna\",\"isPartOf\":{\"@id\":\"https:\\\/\\\/visitsavonlinna.fi\\\/#website\"},\"primaryImageOfPage\":{\"@id\":\"https:\\\/\\\/visitsavonlinna.fi\\\/en\\\/hyterma\\\/#primaryimage\"},\"image\":{\"@id\":\"https:\\\/\\\/visitsavonlinna.fi\\\/en\\\/hyterma\\\/#primaryimage\"},\"thumbnailUrl\":\"https:\\\/\\\/visitsavonlinna.fi\\\/wp-content\\\/uploads\\\/sites\\\/2\\\/2019\\\/05\\\/finland-lake-saimaa-savonlinna-Hyterm-kerim-ki-puruvesi.jpg\",\"datePublished\":\"2019-05-16T08:19:41+00:00\",\"dateModified\":\"2022-07-26T08:43:19+00:00\",\"description\":\"Hyterm\u00e4 - the Legacy of Romu-Heikki Hyterm\u00e4 islands in Kerim\u00e4ki (Puruvesi, Lake Saimaa) are one of the most beautiful and interesting places to visit in Hyterm\u00e4 islands in Kerim\u00e4ki are a nature reserve and day trip destination in the middle of crystal clear Puruvesi, Lake Saimaa.\",\"breadcrumb\":{\"@id\":\"https:\\\/\\\/visitsavonlinna.fi\\\/en\\\/hyterma\\\/#breadcrumb\"},\"inLanguage\":\"en-US\",\"potentialAction\":[{\"@type\":\"ReadAction\",\"target\":[\"https:\\\/\\\/visitsavonlinna.fi\\\/en\\\/hyterma\\\/\"]}]},{\"@type\":\"ImageObject\",\"inLanguage\":\"en-US\",\"@id\":\"https:\\\/\\\/visitsavonlinna.fi\\\/en\\\/hyterma\\\/#primaryimage\",\"url\":\"https:\\\/\\\/visitsavonlinna.fi\\\/wp-content\\\/uploads\\\/sites\\\/2\\\/2019\\\/05\\\/finland-lake-saimaa-savonlinna-Hyterm-kerim-ki-puruvesi.jpg\",\"contentUrl\":\"https:\\\/\\\/visitsavonlinna.fi\\\/wp-content\\\/uploads\\\/sites\\\/2\\\/2019\\\/05\\\/finland-lake-saimaa-savonlinna-Hyterm-kerim-ki-puruvesi.jpg\",\"width\":2000,\"height\":740,\"caption\":\"finland lake saimaa savonlinna Hyterm\u00e4 kerim\u00e4ki puruvesi\"},{\"@type\":\"BreadcrumbList\",\"@id\":\"https:\\\/\\\/visitsavonlinna.fi\\\/en\\\/hyterma\\\/#breadcrumb\",\"itemListElement\":[{\"@type\":\"ListItem\",\"position\":1,\"name\":\"Visitsavonlinna.fi\",\"item\":\"https:\\\/\\\/visitsavonlinna.fi\\\/en\\\/\"},{\"@type\":\"ListItem\",\"position\":2,\"name\":\"Hyterm\u00e4\"}]},{\"@type\":\"WebSite\",\"@id\":\"https:\\\/\\\/visitsavonlinna.fi\\\/#website\",\"url\":\"https:\\\/\\\/visitsavonlinna.fi\\\/\",\"name\":\"Visit Savonlinna\",\"description\":\"\",\"potentialAction\":[{\"@type\":\"SearchAction\",\"target\":{\"@type\":\"EntryPoint\",\"urlTemplate\":\"https:\\\/\\\/visitsavonlinna.fi\\\/?s={search_term_string}\"},\"query-input\":{\"@type\":\"PropertyValueSpecification\",\"valueRequired\":true,\"valueName\":\"search_term_string\"}}],\"inLanguage\":\"en-US\"}]}<\/script>\n<!-- \/ Yoast SEO Premium plugin. -->","yoast_head_json":{"title":"Hyterm\u00e4 - Visit Savonlinna","description":"Hyterm\u00e4 - the Legacy of Romu-Heikki Hyterm\u00e4 islands in Kerim\u00e4ki (Puruvesi, Lake Saimaa) are one of the most beautiful and interesting places to visit in Hyterm\u00e4 islands in Kerim\u00e4ki are a nature reserve and day trip destination in the middle of crystal clear Puruvesi, Lake Saimaa.","robots":{"index":"index","follow":"follow","max-snippet":"max-snippet:-1","max-image-preview":"max-image-preview:large","max-video-preview":"max-video-preview:-1"},"canonical":"https:\/\/visitsavonlinna.fi\/en\/hyterma\/","og_locale":"en_US","og_type":"article","og_title":"Hyterm\u00e4","og_description":"Hyterm\u00e4 - the Legacy of Romu-Heikki Hyterm\u00e4 islands in Kerim\u00e4ki (Puruvesi, Lake Saimaa) are one of the most beautiful and interesting places to visit in Hyterm\u00e4 islands in Kerim\u00e4ki are a nature reserve and day trip destination in the middle of crystal clear Puruvesi, Lake Saimaa.","og_url":"https:\/\/visitsavonlinna.fi\/en\/hyterma\/","og_site_name":"Visit Savonlinna","article_modified_time":"2022-07-26T08:43:19+00:00","og_image":[{"width":2000,"height":740,"url":"https:\/\/visitsavonlinna.fi\/wp-content\/uploads\/sites\/2\/2019\/05\/finland-lake-saimaa-savonlinna-Hyterm-kerim-ki-puruvesi.jpg","type":"image\/jpeg"}],"twitter_card":"summary_large_image","twitter_misc":{"Est. reading time":"2 minutes"},"schema":{"@context":"https:\/\/schema.org","@graph":[{"@type":"WebPage","@id":"https:\/\/visitsavonlinna.fi\/en\/hyterma\/","url":"https:\/\/visitsavonlinna.fi\/en\/hyterma\/","name":"Hyterm\u00e4 - Visit Savonlinna","isPartOf":{"@id":"https:\/\/visitsavonlinna.fi\/#website"},"primaryImageOfPage":{"@id":"https:\/\/visitsavonlinna.fi\/en\/hyterma\/#primaryimage"},"image":{"@id":"https:\/\/visitsavonlinna.fi\/en\/hyterma\/#primaryimage"},"thumbnailUrl":"https:\/\/visitsavonlinna.fi\/wp-content\/uploads\/sites\/2\/2019\/05\/finland-lake-saimaa-savonlinna-Hyterm-kerim-ki-puruvesi.jpg","datePublished":"2019-05-16T08:19:41+00:00","dateModified":"2022-07-26T08:43:19+00:00","description":"Hyterm\u00e4 - the Legacy of Romu-Heikki Hyterm\u00e4 islands in Kerim\u00e4ki (Puruvesi, Lake Saimaa) are one of the most beautiful and interesting places to visit in Hyterm\u00e4 islands in Kerim\u00e4ki are a nature reserve and day trip destination in the middle of crystal clear Puruvesi, Lake Saimaa.","breadcrumb":{"@id":"https:\/\/visitsavonlinna.fi\/en\/hyterma\/#breadcrumb"},"inLanguage":"en-US","potentialAction":[{"@type":"ReadAction","target":["https:\/\/visitsavonlinna.fi\/en\/hyterma\/"]}]},{"@type":"ImageObject","inLanguage":"en-US","@id":"https:\/\/visitsavonlinna.fi\/en\/hyterma\/#primaryimage","url":"https:\/\/visitsavonlinna.fi\/wp-content\/uploads\/sites\/2\/2019\/05\/finland-lake-saimaa-savonlinna-Hyterm-kerim-ki-puruvesi.jpg","contentUrl":"https:\/\/visitsavonlinna.fi\/wp-content\/uploads\/sites\/2\/2019\/05\/finland-lake-saimaa-savonlinna-Hyterm-kerim-ki-puruvesi.jpg","width":2000,"height":740,"caption":"finland lake saimaa savonlinna Hyterm\u00e4 kerim\u00e4ki puruvesi"},{"@type":"BreadcrumbList","@id":"https:\/\/visitsavonlinna.fi\/en\/hyterma\/#breadcrumb","itemListElement":[{"@type":"ListItem","position":1,"name":"Visitsavonlinna.fi","item":"https:\/\/visitsavonlinna.fi\/en\/"},{"@type":"ListItem","position":2,"name":"Hyterm\u00e4"}]},{"@type":"WebSite","@id":"https:\/\/visitsavonlinna.fi\/#website","url":"https:\/\/visitsavonlinna.fi\/","name":"Visit Savonlinna","description":"","potentialAction":[{"@type":"SearchAction","target":{"@type":"EntryPoint","urlTemplate":"https:\/\/visitsavonlinna.fi\/?s={search_term_string}"},"query-input":{"@type":"PropertyValueSpecification","valueRequired":true,"valueName":"search_term_string"}}],"inLanguage":"en-US"}]}},"_links":{"self":[{"href":"https:\/\/visitsavonlinna.fi\/en\/wp-json\/wp\/v2\/pages\/110624","targetHints":{"allow":["GET"]}}],"collection":[{"href":"https:\/\/visitsavonlinna.fi\/en\/wp-json\/wp\/v2\/pages"}],"about":[{"href":"https:\/\/visitsavonlinna.fi\/en\/wp-json\/wp\/v2\/types\/page"}],"author":[{"embeddable":true,"href":"https:\/\/visitsavonlinna.fi\/en\/wp-json\/wp\/v2\/users\/2"}],"replies":[{"embeddable":true,"href":"https:\/\/visitsavonlinna.fi\/en\/wp-json\/wp\/v2\/comments?post=110624"}],"version-history":[{"count":9,"href":"https:\/\/visitsavonlinna.fi\/en\/wp-json\/wp\/v2\/pages\/110624\/revisions"}],"predecessor-version":[{"id":223308,"href":"https:\/\/visitsavonlinna.fi\/en\/wp-json\/wp\/v2\/pages\/110624\/revisions\/223308"}],"wp:featuredmedia":[{"embeddable":true,"href":"https:\/\/visitsavonlinna.fi\/en\/wp-json\/wp\/v2\/media\/110626"}],"wp:attachment":[{"href":"https:\/\/visitsavonlinna.fi\/en\/wp-json\/wp\/v2\/media?parent=110624"}],"wp:term":[{"taxonomy":"relatedcontent","embeddable":true,"href":"https:\/\/visitsavonlinna.fi\/en\/wp-json\/wp\/v2\/relatedcontent?post=110624"}],"curies":[{"name":"wp","href":"https:\/\/api.w.org\/{rel}","templated":true}]}}