{"id":223129,"date":"2022-07-20T15:58:47","date_gmt":"2022-07-20T12:58:47","guid":{"rendered":"https:\/\/visitsavonlinna.fi\/?page_id=223129"},"modified":"2022-07-27T15:05:02","modified_gmt":"2022-07-27T12:05:02","slug":"linnansaari-national-park","status":"publish","type":"page","link":"https:\/\/visitsavonlinna.fi\/en\/linnansaari-national-park\/","title":{"rendered":"Linnansaari National Park"},"content":{"rendered":"<p>[vc_row][vc_column width=&#8221;1\/4&#8243;][\/vc_column][vc_column width=&#8221;1\/2&#8243;][vc_column_text]<\/p>\n<h1 style=\"text-align: center\">Linnansaari National Park<\/h1>\n<p style=\"text-align: center\">Linnansaari National Park in Lake Saimaa offers Finnish Lakeland nature at its best. With its hundreds of islands and big open waters, it is a true paradise for anyone exploring it via water. And for hikers, there are many well-marked nature paths.<\/p>\n<p style=\"text-align: center\">In winter, tour skating, kicksledding, cross-country skiing, walking or a pulled sledge are ways of moving around in the national park. The tour skating and winter walking route goes from Oravi via Linnansaari to Nature Hotel &amp; Spa Resort J\u00e4rvisyd\u00e4n. In the national park, there is also a wonderful snowshoe park and a pancake caf\u00e9 that is open on weekends.<\/p>\n<p><!--more--><\/p>\n<h2>Services on Linnansaari island<\/h2>\n<ul>\n<li style=\"text-align: left\">Caf\u00e9\/kiosk serving drinks, ice cream, snacks and fresh-smoked vendace<\/li>\n<li style=\"text-align: left\">Canoe and rowing boat rental<\/li>\n<li style=\"text-align: left\">Ecohostel: five traditional log barns<\/li>\n<li style=\"text-align: left\">Tentsile Linnansaari &#8211; book your night in a tent hanging from trees<\/li>\n<li style=\"text-align: left\">Sauna available for booking<\/li>\n<li style=\"text-align: left\">Campfire sites, a cooking shelter, outhouses and a well<\/li>\n<li style=\"text-align: left\">Two campsites: Sammakkoniemi and Perpulanluhta<\/li>\n<li style=\"text-align: left\">The museum croft of Louhimaa, slash-and-burn areas and sheep out on pasture<\/li>\n<\/ul>\n<p>[\/vc_column_text][vc_empty_space][\/vc_column][vc_column width=&#8221;1\/4&#8243;][\/vc_column][\/vc_row][vc_row][vc_column width=&#8221;1\/2&#8243; css=&#8221;.vc_custom_1658318964794{padding-top: 160px !important;padding-bottom: 160px !important;background-image: url(https:\/\/visitsavonlinna.fi\/wp-content\/uploads\/sites\/2\/2022\/07\/linnansaari-national-park-savonlinna-lake-saimaa-arrival.jpg?id=223144) !important;background-position: center !important;background-repeat: no-repeat !important;background-size: cover !important;}&#8221;][vc_btn title=&#8221;Getting there \u00bb&#8221; style=&#8221;flat&#8221; shape=&#8221;round&#8221; color=&#8221;black&#8221; align=&#8221;center&#8221; link=&#8221;url:https%3A%2F%2Fvisitsavonlinna.fi%2Fen%2Fgetting-to-linnansaari-national-park%2F&#8221; el_class=&#8221;btn-saimaa&#8221;][\/vc_column][vc_column width=&#8221;1\/2&#8243; css=&#8221;.vc_custom_1658319595258{padding-top: 160px !important;padding-bottom: 160px !important;background-image: url(https:\/\/visitsavonlinna.fi\/wp-content\/uploads\/sites\/2\/2015\/04\/Linnansaari.jpg?id=75418) !important;background-position: center !important;background-repeat: no-repeat !important;background-size: cover !important;}&#8221;][vc_btn title=&#8221;Maps \u00bb&#8221; style=&#8221;flat&#8221; shape=&#8221;round&#8221; color=&#8221;black&#8221; align=&#8221;center&#8221; link=&#8221;url:https%3A%2F%2Fwww.nationalparks.fi%2Flinnansaarinp%2Fmaps|target:_blank&#8221; el_class=&#8221;btn-saimaa&#8221;][\/vc_column][\/vc_row][vc_row][vc_column width=&#8221;1\/4&#8243;][\/vc_column][vc_column width=&#8221;1\/2&#8243;][vc_empty_space][vc_column_text]<\/p>\n<h2 style=\"text-align: center\">Routes and trails in the national park<\/h2>\n<p>[\/vc_column_text][vc_empty_space][\/vc_column][vc_column width=&#8221;1\/4&#8243;][\/vc_column][\/vc_row][vc_row][vc_column width=&#8221;1\/2&#8243;][vc_raw_html]JTNDc2NyaXB0JTIwdHlwZSUzRCUyMnRleHQlMkZqYXZhc2NyaXB0JTIyJTIwc3JjJTNEJTIyaHR0cHMlM0ElMkYlMkZ3d3cub3V0ZG9vcmFjdGl2ZS5jb20lMkZlbiUyRmVtYmVkJTJGNTA4MDIyOTQlMkZqcyUzRm13JTNEZmFsc2UlMjIlM0UlM0MlMkZzY3JpcHQlM0U=[\/vc_raw_html][\/vc_column][vc_column width=&#8221;1\/2&#8243;][vc_raw_html]JTNDc2NyaXB0JTIwdHlwZSUzRCUyMnRleHQlMkZqYXZhc2NyaXB0JTIyJTIwc3JjJTNEJTIyaHR0cHMlM0ElMkYlMkZ3d3cub3V0ZG9vcmFjdGl2ZS5jb20lMkZlbiUyRmVtYmVkJTJGNDUyNjY0NjIlMkZqcyUzRm13JTNEZmFsc2UlMjIlM0UlM0MlMkZzY3JpcHQlM0U=[\/vc_raw_html][\/vc_column][\/vc_row][vc_row][vc_column width=&#8221;1\/2&#8243;][\/vc_column][vc_column width=&#8221;1\/2&#8243;][\/vc_column][\/vc_row]<\/p>\n","protected":false},"excerpt":{"rendered":"<p>[vc_row][vc_column width=&#8221;1\/4&#8243;][\/vc_column][vc_column width=&#8221;1\/2&#8243;][vc_column_text] Linnansaari National Park Linnansaari National Park in Lake Saimaa offers Finnish Lakeland nature at its best. With its hundreds of islands and big open waters, it is [&hellip;]<\/p>\n","protected":false},"author":55,"featured_media":223137,"parent":0,"menu_order":0,"comment_status":"closed","ping_status":"closed","template":"","meta":{"footnotes":""},"relatedcontent":[],"class_list":["post-223129","page","type-page","status-publish","has-post-thumbnail","hentry"],"yoast_head":"<!-- This site is optimized with the Yoast SEO Premium plugin v27.3 (Yoast SEO v27.5) - https:\/\/yoast.com\/product\/yoast-seo-premium-wordpress\/ -->\n<title>Linnansaari National Park I Saimaa ringed seal I Visit Savonlinna<\/title>\n<meta name=\"description\" content=\"Linnansaari National Park is home for the Saimaa ringed seal. You can go on an excursion in the national park all year round either by yourself or with a guide.\" \/>\n<meta name=\"robots\" content=\"index, follow, max-snippet:-1, max-image-preview:large, max-video-preview:-1\" \/>\n<link rel=\"canonical\" href=\"https:\/\/visitsavonlinna.fi\/en\/linnansaari-national-park\/\" \/>\n<meta property=\"og:locale\" content=\"en_US\" \/>\n<meta property=\"og:type\" content=\"article\" \/>\n<meta property=\"og:title\" content=\"Linnansaari National Park\" \/>\n<meta property=\"og:description\" content=\"Linnansaari National Park is home for the Saimaa ringed seal. You can go on an excursion in the national park all year round either by yourself or with a guide.\" \/>\n<meta property=\"og:url\" content=\"https:\/\/visitsavonlinna.fi\/en\/linnansaari-national-park\/\" \/>\n<meta property=\"og:site_name\" content=\"Visit Savonlinna\" \/>\n<meta property=\"article:modified_time\" content=\"2022-07-27T12:05:02+00:00\" \/>\n<meta property=\"og:image\" content=\"https:\/\/visitsavonlinna.fi\/wp-content\/uploads\/sites\/2\/2022\/07\/linnansaari-national-park-lake-saimaa-savonlinna-saimaa-ringed-seal-excursion-kayaking-canoeing.jpg\" \/>\n\t<meta property=\"og:image:width\" content=\"2042\" \/>\n\t<meta property=\"og:image:height\" content=\"679\" \/>\n\t<meta property=\"og:image:type\" content=\"image\/jpeg\" \/>\n<meta name=\"twitter:card\" content=\"summary_large_image\" \/>\n<meta name=\"twitter:label1\" content=\"Est. reading time\" \/>\n\t<meta name=\"twitter:data1\" content=\"2 minutes\" \/>\n<script type=\"application\/ld+json\" class=\"yoast-schema-graph\">{\"@context\":\"https:\\\/\\\/schema.org\",\"@graph\":[{\"@type\":\"WebPage\",\"@id\":\"https:\\\/\\\/visitsavonlinna.fi\\\/en\\\/linnansaari-national-park\\\/\",\"url\":\"https:\\\/\\\/visitsavonlinna.fi\\\/en\\\/linnansaari-national-park\\\/\",\"name\":\"Linnansaari National Park I Saimaa ringed seal I Visit Savonlinna\",\"isPartOf\":{\"@id\":\"https:\\\/\\\/visitsavonlinna.fi\\\/#website\"},\"primaryImageOfPage\":{\"@id\":\"https:\\\/\\\/visitsavonlinna.fi\\\/en\\\/linnansaari-national-park\\\/#primaryimage\"},\"image\":{\"@id\":\"https:\\\/\\\/visitsavonlinna.fi\\\/en\\\/linnansaari-national-park\\\/#primaryimage\"},\"thumbnailUrl\":\"https:\\\/\\\/visitsavonlinna.fi\\\/wp-content\\\/uploads\\\/sites\\\/2\\\/2022\\\/07\\\/linnansaari-national-park-lake-saimaa-savonlinna-saimaa-ringed-seal-excursion-kayaking-canoeing.jpg\",\"datePublished\":\"2022-07-20T12:58:47+00:00\",\"dateModified\":\"2022-07-27T12:05:02+00:00\",\"description\":\"Linnansaari National Park is home for the Saimaa ringed seal. You can go on an excursion in the national park all year round either by yourself or with a guide.\",\"breadcrumb\":{\"@id\":\"https:\\\/\\\/visitsavonlinna.fi\\\/en\\\/linnansaari-national-park\\\/#breadcrumb\"},\"inLanguage\":\"en-US\",\"potentialAction\":[{\"@type\":\"ReadAction\",\"target\":[\"https:\\\/\\\/visitsavonlinna.fi\\\/en\\\/linnansaari-national-park\\\/\"]}]},{\"@type\":\"ImageObject\",\"inLanguage\":\"en-US\",\"@id\":\"https:\\\/\\\/visitsavonlinna.fi\\\/en\\\/linnansaari-national-park\\\/#primaryimage\",\"url\":\"https:\\\/\\\/visitsavonlinna.fi\\\/wp-content\\\/uploads\\\/sites\\\/2\\\/2022\\\/07\\\/linnansaari-national-park-lake-saimaa-savonlinna-saimaa-ringed-seal-excursion-kayaking-canoeing.jpg\",\"contentUrl\":\"https:\\\/\\\/visitsavonlinna.fi\\\/wp-content\\\/uploads\\\/sites\\\/2\\\/2022\\\/07\\\/linnansaari-national-park-lake-saimaa-savonlinna-saimaa-ringed-seal-excursion-kayaking-canoeing.jpg\",\"width\":2042,\"height\":679,\"caption\":\"linnansaari-national park-lake saimaa-savonlinna-saimaa ringed seal excursion-kayaking-canoeing\"},{\"@type\":\"BreadcrumbList\",\"@id\":\"https:\\\/\\\/visitsavonlinna.fi\\\/en\\\/linnansaari-national-park\\\/#breadcrumb\",\"itemListElement\":[{\"@type\":\"ListItem\",\"position\":1,\"name\":\"Visitsavonlinna.fi\",\"item\":\"https:\\\/\\\/visitsavonlinna.fi\\\/en\\\/\"},{\"@type\":\"ListItem\",\"position\":2,\"name\":\"Linnansaari National Park\"}]},{\"@type\":\"WebSite\",\"@id\":\"https:\\\/\\\/visitsavonlinna.fi\\\/#website\",\"url\":\"https:\\\/\\\/visitsavonlinna.fi\\\/\",\"name\":\"Visit Savonlinna\",\"description\":\"\",\"potentialAction\":[{\"@type\":\"SearchAction\",\"target\":{\"@type\":\"EntryPoint\",\"urlTemplate\":\"https:\\\/\\\/visitsavonlinna.fi\\\/?s={search_term_string}\"},\"query-input\":{\"@type\":\"PropertyValueSpecification\",\"valueRequired\":true,\"valueName\":\"search_term_string\"}}],\"inLanguage\":\"en-US\"}]}<\/script>\n<!-- \/ Yoast SEO Premium plugin. -->","yoast_head_json":{"title":"Linnansaari National Park I Saimaa ringed seal I Visit Savonlinna","description":"Linnansaari National Park is home for the Saimaa ringed seal. You can go on an excursion in the national park all year round either by yourself or with a guide.","robots":{"index":"index","follow":"follow","max-snippet":"max-snippet:-1","max-image-preview":"max-image-preview:large","max-video-preview":"max-video-preview:-1"},"canonical":"https:\/\/visitsavonlinna.fi\/en\/linnansaari-national-park\/","og_locale":"en_US","og_type":"article","og_title":"Linnansaari National Park","og_description":"Linnansaari National Park is home for the Saimaa ringed seal. You can go on an excursion in the national park all year round either by yourself or with a guide.","og_url":"https:\/\/visitsavonlinna.fi\/en\/linnansaari-national-park\/","og_site_name":"Visit Savonlinna","article_modified_time":"2022-07-27T12:05:02+00:00","og_image":[{"width":2042,"height":679,"url":"https:\/\/visitsavonlinna.fi\/wp-content\/uploads\/sites\/2\/2022\/07\/linnansaari-national-park-lake-saimaa-savonlinna-saimaa-ringed-seal-excursion-kayaking-canoeing.jpg","type":"image\/jpeg"}],"twitter_card":"summary_large_image","twitter_misc":{"Est. reading time":"2 minutes"},"schema":{"@context":"https:\/\/schema.org","@graph":[{"@type":"WebPage","@id":"https:\/\/visitsavonlinna.fi\/en\/linnansaari-national-park\/","url":"https:\/\/visitsavonlinna.fi\/en\/linnansaari-national-park\/","name":"Linnansaari National Park I Saimaa ringed seal I Visit Savonlinna","isPartOf":{"@id":"https:\/\/visitsavonlinna.fi\/#website"},"primaryImageOfPage":{"@id":"https:\/\/visitsavonlinna.fi\/en\/linnansaari-national-park\/#primaryimage"},"image":{"@id":"https:\/\/visitsavonlinna.fi\/en\/linnansaari-national-park\/#primaryimage"},"thumbnailUrl":"https:\/\/visitsavonlinna.fi\/wp-content\/uploads\/sites\/2\/2022\/07\/linnansaari-national-park-lake-saimaa-savonlinna-saimaa-ringed-seal-excursion-kayaking-canoeing.jpg","datePublished":"2022-07-20T12:58:47+00:00","dateModified":"2022-07-27T12:05:02+00:00","description":"Linnansaari National Park is home for the Saimaa ringed seal. You can go on an excursion in the national park all year round either by yourself or with a guide.","breadcrumb":{"@id":"https:\/\/visitsavonlinna.fi\/en\/linnansaari-national-park\/#breadcrumb"},"inLanguage":"en-US","potentialAction":[{"@type":"ReadAction","target":["https:\/\/visitsavonlinna.fi\/en\/linnansaari-national-park\/"]}]},{"@type":"ImageObject","inLanguage":"en-US","@id":"https:\/\/visitsavonlinna.fi\/en\/linnansaari-national-park\/#primaryimage","url":"https:\/\/visitsavonlinna.fi\/wp-content\/uploads\/sites\/2\/2022\/07\/linnansaari-national-park-lake-saimaa-savonlinna-saimaa-ringed-seal-excursion-kayaking-canoeing.jpg","contentUrl":"https:\/\/visitsavonlinna.fi\/wp-content\/uploads\/sites\/2\/2022\/07\/linnansaari-national-park-lake-saimaa-savonlinna-saimaa-ringed-seal-excursion-kayaking-canoeing.jpg","width":2042,"height":679,"caption":"linnansaari-national park-lake saimaa-savonlinna-saimaa ringed seal excursion-kayaking-canoeing"},{"@type":"BreadcrumbList","@id":"https:\/\/visitsavonlinna.fi\/en\/linnansaari-national-park\/#breadcrumb","itemListElement":[{"@type":"ListItem","position":1,"name":"Visitsavonlinna.fi","item":"https:\/\/visitsavonlinna.fi\/en\/"},{"@type":"ListItem","position":2,"name":"Linnansaari National Park"}]},{"@type":"WebSite","@id":"https:\/\/visitsavonlinna.fi\/#website","url":"https:\/\/visitsavonlinna.fi\/","name":"Visit Savonlinna","description":"","potentialAction":[{"@type":"SearchAction","target":{"@type":"EntryPoint","urlTemplate":"https:\/\/visitsavonlinna.fi\/?s={search_term_string}"},"query-input":{"@type":"PropertyValueSpecification","valueRequired":true,"valueName":"search_term_string"}}],"inLanguage":"en-US"}]}},"_links":{"self":[{"href":"https:\/\/visitsavonlinna.fi\/en\/wp-json\/wp\/v2\/pages\/223129","targetHints":{"allow":["GET"]}}],"collection":[{"href":"https:\/\/visitsavonlinna.fi\/en\/wp-json\/wp\/v2\/pages"}],"about":[{"href":"https:\/\/visitsavonlinna.fi\/en\/wp-json\/wp\/v2\/types\/page"}],"author":[{"embeddable":true,"href":"https:\/\/visitsavonlinna.fi\/en\/wp-json\/wp\/v2\/users\/55"}],"replies":[{"embeddable":true,"href":"https:\/\/visitsavonlinna.fi\/en\/wp-json\/wp\/v2\/comments?post=223129"}],"version-history":[{"count":17,"href":"https:\/\/visitsavonlinna.fi\/en\/wp-json\/wp\/v2\/pages\/223129\/revisions"}],"predecessor-version":[{"id":223426,"href":"https:\/\/visitsavonlinna.fi\/en\/wp-json\/wp\/v2\/pages\/223129\/revisions\/223426"}],"wp:featuredmedia":[{"embeddable":true,"href":"https:\/\/visitsavonlinna.fi\/en\/wp-json\/wp\/v2\/media\/223137"}],"wp:attachment":[{"href":"https:\/\/visitsavonlinna.fi\/en\/wp-json\/wp\/v2\/media?parent=223129"}],"wp:term":[{"taxonomy":"relatedcontent","embeddable":true,"href":"https:\/\/visitsavonlinna.fi\/en\/wp-json\/wp\/v2\/relatedcontent?post=223129"}],"curies":[{"name":"wp","href":"https:\/\/api.w.org\/{rel}","templated":true}]}}