{"id":458196,"date":"2023-01-31T16:50:52","date_gmt":"2023-01-31T14:50:52","guid":{"rendered":"https:\/\/visitsavonlinna.fi\/?page_id=458196"},"modified":"2026-02-18T09:27:48","modified_gmt":"2026-02-18T07:27:48","slug":"savonlinna-opera-festival","status":"publish","type":"page","link":"https:\/\/visitsavonlinna.fi\/en\/savonlinna-opera-festival\/","title":{"rendered":"Savonlinna Opera Festival"},"content":{"rendered":"<p>[vc_row][vc_column width=&#8221;1\/4&#8243;][\/vc_column][vc_column width=&#8221;1\/2&#8243;][vc_column_text]<\/p>\n<h1 dir=\"ltr\" style=\"text-align: center\" data-placeholder=\"K\u00e4\u00e4nn\u00f6s\">Savonlinna Opera Festival<\/h1>\n<p id=\"tw-target-text\" class=\"tw-data-text tw-text-large tw-ta\" dir=\"ltr\" style=\"text-align: center\" data-placeholder=\"K\u00e4\u00e4nn\u00f6s\"><span class=\"Y2IQFc\" lang=\"en\"><strong>Savonlinna is known above all for the Savonlinna Opera Festival. Finnish soprano Aino Ackt\u00e9 organized the first opera festival in Olavinlinna Castle in 1912, and since then it has grown into an international cultural event.<\/strong><\/span><\/p>\n<p style=\"text-align: center\">The Savonlinna Opera Festival is internationally the best-known cultural event in Finland. Over the years, it has grown into a month-long international festival. Every year, it attracts approximately 70,000 guests, of which 10 percent are foreigners, to enjoy world-class opera in Savonlinna.<\/p>\n<p style=\"text-align: center\">The Savonlinna Opera Festival provides more than just opera in a historic castle milieu, those visiting the festival get to also enjoy the charm of a small town, unique lake nature, bright summer nights and a strong cultural spirit. The venue for the Savonlinna Opera Festival is the unique, large castle courtyard of the northernmost medieval castle in the world Olavinlinna that has excellent acoustics and a 2,264-seat covered auditorium.<\/p>\n<p>[\/vc_column_text][\/vc_column][vc_column width=&#8221;1\/4&#8243;][\/vc_column][\/vc_row][vc_row][vc_column][vc_empty_space][\/vc_column][\/vc_row][vc_row disable_element=&#8221;yes&#8221;][vc_column][vc_row_inner][vc_column_inner width=&#8221;1\/4&#8243;][\/vc_column_inner][vc_column_inner width=&#8221;1\/2&#8243;][vc_column_text css=&#8221;&#8221;]<\/p>\n<h2 style=\"text-align: center;\">Experience Savonlinna Opera Festival \u2013 Opera Packages Now Available<\/h2>\n<p style=\"text-align: center;\" data-start=\"576\" data-end=\"800\">Opera packages for the upcoming Savonlinna Opera Festival are now on sale. The packages include opera tickets and accommodation, making it easy to enjoy world-class performances in the unique setting of Olavinlinna Castle. All you need to do is enjoy the music, the atmosphere and summer in Savonlinna.&nbsp;<strong>The packages are available until February 15.<\/strong><\/p>\n<p>[\/vc_column_text][\/vc_column_inner][vc_column_inner width=&#8221;1\/4&#8243;][\/vc_column_inner][\/vc_row_inner][vc_row_inner][vc_column_inner][vc_raw_html css=&#8221;&#8221;]JTNDam9oa3Utd2lkZ2V0JTIwaWQlM0QlMjJzYXZvbmxpbm5hdHJhdmVsJTJGOWVmNTQ0OTliZDE3YzcwZSUyMiUyMGxvY2FsZSUzRCUyMmVuX1VTJTIyJTNFJTNDJTJGam9oa3Utd2lkZ2V0JTNF[\/vc_raw_html][\/vc_column_inner][\/vc_row_inner][vc_empty_space][\/vc_column][\/vc_row][vc_row][vc_column width=&#8221;1\/4&#8243;][\/vc_column][vc_column width=&#8221;1\/2&#8243; css=&#8221;.vc_custom_1675238982990{padding-top: 160px !important;padding-bottom: 160px !important;background-image: url(https:\/\/visitsavonlinna.fi\/wp-content\/uploads\/sites\/2\/2023\/02\/savonlinna-operafestival-1.jpg?id=458247) !important;background-position: center !important;background-repeat: no-repeat !important;background-size: cover !important;}&#8221;][vc_btn title=&#8221;Buy tickets \u00bb&#8221; style=&#8221;flat&#8221; color=&#8221;black&#8221; align=&#8221;center&#8221; css=&#8221;&#8221; link=&#8221;url:https%3A%2F%2Foperafestival.fi%2Fen%2F|target:_blank&#8221; el_class=&#8221;btn-saimaa&#8221;][\/vc_column][vc_column width=&#8221;1\/4&#8243;][\/vc_column][\/vc_row][vc_row][vc_column][vc_empty_space][\/vc_column][\/vc_row][vc_row][vc_column][vc_empty_space][\/vc_column][\/vc_row][vc_row][vc_column][vc_column_text]<\/p>\n<h2 style=\"text-align: center;\">Events of the opera summer<\/h2>\n<p>[\/vc_column_text][\/vc_column][\/vc_row][vc_row][vc_column][vc_empty_space][\/vc_column][\/vc_row][vc_row][vc_column][vc_raw_html css=&#8221;&#8221;]JTNDc2NyaXB0JTIwdHlwZSUzRCUyN3RleHQlMkZqYXZhc2NyaXB0JTI3JTIwc3JjJTNEJTI3aHR0cHMlM0ElMkYlMkZ0YXBhaHR1bWF0LnNhdm9ubGlubmEuZmklMkZ3aWRnZXQtbG9hZGVyJTJGNjg1MWIzZThlZWUzM2M2NmM0NGU5NDFiJTI3JTNFJTNDJTJGc2NyaXB0JTNFJTNDZGl2JTIwaWQlM0QlMjdFVkVOVFpXSURHRVQtNjg1MWIzZThlZWUzM2M2NmM0NGU5NDFiJTI3JTIwY2xhc3MlM0QlMjdFVkVOVFpXSURHRVQlMjclM0UlM0MlMkZkaXYlM0U=[\/vc_raw_html][\/vc_column][\/vc_row]<\/p>\n","protected":false},"excerpt":{"rendered":"<p>[vc_row][vc_column width=&#8221;1\/4&#8243;][\/vc_column][vc_column width=&#8221;1\/2&#8243;][vc_column_text] Savonlinna Opera Festival Savonlinna is known above all for the Savonlinna Opera Festival. Finnish soprano Aino Ackt\u00e9 organized the first opera festival in Olavinlinna Castle in 1912, [&hellip;]<\/p>\n","protected":false},"author":55,"featured_media":458206,"parent":0,"menu_order":0,"comment_status":"closed","ping_status":"closed","template":"","meta":{"footnotes":""},"relatedcontent":[],"class_list":["post-458196","page","type-page","status-publish","has-post-thumbnail","hentry"],"yoast_head":"<!-- This site is optimized with the Yoast SEO Premium plugin v27.3 (Yoast SEO v27.4) - https:\/\/yoast.com\/product\/yoast-seo-premium-wordpress\/ -->\n<title>Savonlinna Opera Festival I opera I culture I Lake Saimaa I Finland<\/title>\n<meta name=\"description\" content=\"Every July, the month-long Savonlinna Opera Festival, the best-known cultural event in Finland, brings 70,000 visitors to Savonlinna.\" \/>\n<meta name=\"robots\" content=\"index, follow, max-snippet:-1, max-image-preview:large, max-video-preview:-1\" \/>\n<link rel=\"canonical\" href=\"https:\/\/visitsavonlinna.fi\/en\/savonlinna-opera-festival\/\" \/>\n<meta property=\"og:locale\" content=\"en_US\" \/>\n<meta property=\"og:type\" content=\"article\" \/>\n<meta property=\"og:title\" content=\"Savonlinna Opera Festival\" \/>\n<meta property=\"og:description\" content=\"Every July, the month-long Savonlinna Opera Festival, the best-known cultural event in Finland, brings 70,000 visitors to Savonlinna.\" \/>\n<meta property=\"og:url\" content=\"https:\/\/visitsavonlinna.fi\/en\/savonlinna-opera-festival\/\" \/>\n<meta property=\"og:site_name\" content=\"Visit Savonlinna\" \/>\n<meta property=\"article:modified_time\" content=\"2026-02-18T07:27:48+00:00\" \/>\n<meta property=\"og:image\" content=\"https:\/\/visitsavonlinna.fi\/wp-content\/uploads\/sites\/2\/2023\/01\/savonlinna-opera-festival-olavinlinna-castle-romeo-and-julia-lake-saimaa.jpg\" \/>\n\t<meta property=\"og:image:width\" content=\"2048\" \/>\n\t<meta property=\"og:image:height\" content=\"884\" \/>\n\t<meta property=\"og:image:type\" content=\"image\/jpeg\" \/>\n<meta name=\"twitter:card\" content=\"summary_large_image\" \/>\n<meta name=\"twitter:label1\" content=\"Est. reading time\" \/>\n\t<meta name=\"twitter:data1\" content=\"1 minute\" \/>\n<script type=\"application\/ld+json\" class=\"yoast-schema-graph\">{\"@context\":\"https:\\\/\\\/schema.org\",\"@graph\":[{\"@type\":\"WebPage\",\"@id\":\"https:\\\/\\\/visitsavonlinna.fi\\\/en\\\/savonlinna-opera-festival\\\/\",\"url\":\"https:\\\/\\\/visitsavonlinna.fi\\\/en\\\/savonlinna-opera-festival\\\/\",\"name\":\"Savonlinna Opera Festival I opera I culture I Lake Saimaa I Finland\",\"isPartOf\":{\"@id\":\"https:\\\/\\\/visitsavonlinna.fi\\\/#website\"},\"primaryImageOfPage\":{\"@id\":\"https:\\\/\\\/visitsavonlinna.fi\\\/en\\\/savonlinna-opera-festival\\\/#primaryimage\"},\"image\":{\"@id\":\"https:\\\/\\\/visitsavonlinna.fi\\\/en\\\/savonlinna-opera-festival\\\/#primaryimage\"},\"thumbnailUrl\":\"https:\\\/\\\/visitsavonlinna.fi\\\/wp-content\\\/uploads\\\/sites\\\/2\\\/2023\\\/01\\\/savonlinna-opera-festival-olavinlinna-castle-romeo-and-julia-lake-saimaa.jpg\",\"datePublished\":\"2023-01-31T14:50:52+00:00\",\"dateModified\":\"2026-02-18T07:27:48+00:00\",\"description\":\"Every July, the month-long Savonlinna Opera Festival, the best-known cultural event in Finland, brings 70,000 visitors to Savonlinna.\",\"breadcrumb\":{\"@id\":\"https:\\\/\\\/visitsavonlinna.fi\\\/en\\\/savonlinna-opera-festival\\\/#breadcrumb\"},\"inLanguage\":\"en-US\",\"potentialAction\":[{\"@type\":\"ReadAction\",\"target\":[\"https:\\\/\\\/visitsavonlinna.fi\\\/en\\\/savonlinna-opera-festival\\\/\"]}]},{\"@type\":\"ImageObject\",\"inLanguage\":\"en-US\",\"@id\":\"https:\\\/\\\/visitsavonlinna.fi\\\/en\\\/savonlinna-opera-festival\\\/#primaryimage\",\"url\":\"https:\\\/\\\/visitsavonlinna.fi\\\/wp-content\\\/uploads\\\/sites\\\/2\\\/2023\\\/01\\\/savonlinna-opera-festival-olavinlinna-castle-romeo-and-julia-lake-saimaa.jpg\",\"contentUrl\":\"https:\\\/\\\/visitsavonlinna.fi\\\/wp-content\\\/uploads\\\/sites\\\/2\\\/2023\\\/01\\\/savonlinna-opera-festival-olavinlinna-castle-romeo-and-julia-lake-saimaa.jpg\",\"width\":2048,\"height\":884,\"caption\":\"savonlinna opera festival olavinlinna castle romeo and juliet lake saimaa\"},{\"@type\":\"BreadcrumbList\",\"@id\":\"https:\\\/\\\/visitsavonlinna.fi\\\/en\\\/savonlinna-opera-festival\\\/#breadcrumb\",\"itemListElement\":[{\"@type\":\"ListItem\",\"position\":1,\"name\":\"Visitsavonlinna.fi\",\"item\":\"https:\\\/\\\/visitsavonlinna.fi\\\/en\\\/\"},{\"@type\":\"ListItem\",\"position\":2,\"name\":\"Savonlinna Opera Festival\"}]},{\"@type\":\"WebSite\",\"@id\":\"https:\\\/\\\/visitsavonlinna.fi\\\/#website\",\"url\":\"https:\\\/\\\/visitsavonlinna.fi\\\/\",\"name\":\"Visit Savonlinna\",\"description\":\"\",\"potentialAction\":[{\"@type\":\"SearchAction\",\"target\":{\"@type\":\"EntryPoint\",\"urlTemplate\":\"https:\\\/\\\/visitsavonlinna.fi\\\/?s={search_term_string}\"},\"query-input\":{\"@type\":\"PropertyValueSpecification\",\"valueRequired\":true,\"valueName\":\"search_term_string\"}}],\"inLanguage\":\"en-US\"}]}<\/script>\n<!-- \/ Yoast SEO Premium plugin. -->","yoast_head_json":{"title":"Savonlinna Opera Festival I opera I culture I Lake Saimaa I Finland","description":"Every July, the month-long Savonlinna Opera Festival, the best-known cultural event in Finland, brings 70,000 visitors to Savonlinna.","robots":{"index":"index","follow":"follow","max-snippet":"max-snippet:-1","max-image-preview":"max-image-preview:large","max-video-preview":"max-video-preview:-1"},"canonical":"https:\/\/visitsavonlinna.fi\/en\/savonlinna-opera-festival\/","og_locale":"en_US","og_type":"article","og_title":"Savonlinna Opera Festival","og_description":"Every July, the month-long Savonlinna Opera Festival, the best-known cultural event in Finland, brings 70,000 visitors to Savonlinna.","og_url":"https:\/\/visitsavonlinna.fi\/en\/savonlinna-opera-festival\/","og_site_name":"Visit Savonlinna","article_modified_time":"2026-02-18T07:27:48+00:00","og_image":[{"width":2048,"height":884,"url":"https:\/\/visitsavonlinna.fi\/wp-content\/uploads\/sites\/2\/2023\/01\/savonlinna-opera-festival-olavinlinna-castle-romeo-and-julia-lake-saimaa.jpg","type":"image\/jpeg"}],"twitter_card":"summary_large_image","twitter_misc":{"Est. reading time":"1 minute"},"schema":{"@context":"https:\/\/schema.org","@graph":[{"@type":"WebPage","@id":"https:\/\/visitsavonlinna.fi\/en\/savonlinna-opera-festival\/","url":"https:\/\/visitsavonlinna.fi\/en\/savonlinna-opera-festival\/","name":"Savonlinna Opera Festival I opera I culture I Lake Saimaa I Finland","isPartOf":{"@id":"https:\/\/visitsavonlinna.fi\/#website"},"primaryImageOfPage":{"@id":"https:\/\/visitsavonlinna.fi\/en\/savonlinna-opera-festival\/#primaryimage"},"image":{"@id":"https:\/\/visitsavonlinna.fi\/en\/savonlinna-opera-festival\/#primaryimage"},"thumbnailUrl":"https:\/\/visitsavonlinna.fi\/wp-content\/uploads\/sites\/2\/2023\/01\/savonlinna-opera-festival-olavinlinna-castle-romeo-and-julia-lake-saimaa.jpg","datePublished":"2023-01-31T14:50:52+00:00","dateModified":"2026-02-18T07:27:48+00:00","description":"Every July, the month-long Savonlinna Opera Festival, the best-known cultural event in Finland, brings 70,000 visitors to Savonlinna.","breadcrumb":{"@id":"https:\/\/visitsavonlinna.fi\/en\/savonlinna-opera-festival\/#breadcrumb"},"inLanguage":"en-US","potentialAction":[{"@type":"ReadAction","target":["https:\/\/visitsavonlinna.fi\/en\/savonlinna-opera-festival\/"]}]},{"@type":"ImageObject","inLanguage":"en-US","@id":"https:\/\/visitsavonlinna.fi\/en\/savonlinna-opera-festival\/#primaryimage","url":"https:\/\/visitsavonlinna.fi\/wp-content\/uploads\/sites\/2\/2023\/01\/savonlinna-opera-festival-olavinlinna-castle-romeo-and-julia-lake-saimaa.jpg","contentUrl":"https:\/\/visitsavonlinna.fi\/wp-content\/uploads\/sites\/2\/2023\/01\/savonlinna-opera-festival-olavinlinna-castle-romeo-and-julia-lake-saimaa.jpg","width":2048,"height":884,"caption":"savonlinna opera festival olavinlinna castle romeo and juliet lake saimaa"},{"@type":"BreadcrumbList","@id":"https:\/\/visitsavonlinna.fi\/en\/savonlinna-opera-festival\/#breadcrumb","itemListElement":[{"@type":"ListItem","position":1,"name":"Visitsavonlinna.fi","item":"https:\/\/visitsavonlinna.fi\/en\/"},{"@type":"ListItem","position":2,"name":"Savonlinna Opera Festival"}]},{"@type":"WebSite","@id":"https:\/\/visitsavonlinna.fi\/#website","url":"https:\/\/visitsavonlinna.fi\/","name":"Visit Savonlinna","description":"","potentialAction":[{"@type":"SearchAction","target":{"@type":"EntryPoint","urlTemplate":"https:\/\/visitsavonlinna.fi\/?s={search_term_string}"},"query-input":{"@type":"PropertyValueSpecification","valueRequired":true,"valueName":"search_term_string"}}],"inLanguage":"en-US"}]}},"_links":{"self":[{"href":"https:\/\/visitsavonlinna.fi\/en\/wp-json\/wp\/v2\/pages\/458196","targetHints":{"allow":["GET"]}}],"collection":[{"href":"https:\/\/visitsavonlinna.fi\/en\/wp-json\/wp\/v2\/pages"}],"about":[{"href":"https:\/\/visitsavonlinna.fi\/en\/wp-json\/wp\/v2\/types\/page"}],"author":[{"embeddable":true,"href":"https:\/\/visitsavonlinna.fi\/en\/wp-json\/wp\/v2\/users\/55"}],"replies":[{"embeddable":true,"href":"https:\/\/visitsavonlinna.fi\/en\/wp-json\/wp\/v2\/comments?post=458196"}],"version-history":[{"count":16,"href":"https:\/\/visitsavonlinna.fi\/en\/wp-json\/wp\/v2\/pages\/458196\/revisions"}],"predecessor-version":[{"id":586286,"href":"https:\/\/visitsavonlinna.fi\/en\/wp-json\/wp\/v2\/pages\/458196\/revisions\/586286"}],"wp:featuredmedia":[{"embeddable":true,"href":"https:\/\/visitsavonlinna.fi\/en\/wp-json\/wp\/v2\/media\/458206"}],"wp:attachment":[{"href":"https:\/\/visitsavonlinna.fi\/en\/wp-json\/wp\/v2\/media?parent=458196"}],"wp:term":[{"taxonomy":"relatedcontent","embeddable":true,"href":"https:\/\/visitsavonlinna.fi\/en\/wp-json\/wp\/v2\/relatedcontent?post=458196"}],"curies":[{"name":"wp","href":"https:\/\/api.w.org\/{rel}","templated":true}]}}