{"id":46057,"date":"2017-10-09T14:32:13","date_gmt":"2017-10-09T11:32:13","guid":{"rendered":"https:\/\/visitsavonlinna.fi\/?page_id=46057"},"modified":"2026-03-30T11:03:11","modified_gmt":"2026-03-30T08:03:11","slug":"exhibitions-and-galleries","status":"publish","type":"page","link":"https:\/\/visitsavonlinna.fi\/en\/exhibitions-and-galleries\/","title":{"rendered":"Exhibitions and galleries in the Savonlinna region"},"content":{"rendered":"<p>[vc_row][vc_column width=&#8221;1\/4&#8243;][\/vc_column][vc_column width=&#8221;1\/2&#8243;][vc_column_text css=&#8221;&#8221;]<\/p>\n<h1 style=\"text-align: center;\">Exhibitions and galleries<\/h1>\n<p style=\"text-align: center;\">Many galleries &amp; exhibitions in the Savonlinna region are open all year round. In summer, art really comes alive in the Savonlinna region, when small galleries and exhibitions open their doors. Art Manor Johanna Oras is open in summer in Punkaharju. Photo: Art Manor Johanna Oras \/ Jouko J\u00e4rvinen<\/p>\n<p><!--more--><\/p>\n<p style=\"text-align: left;\">Of course, we have exhibitions in winter, as well. Savonlinna&#8217;s provincial museum Riihisaari has its permanent exhibition plus many other changing cultural and historical exhibits and art exhibits throughout the year. The exhibition at the bottom floor of Olavinlinna Castle tells the history of the castle. The Finnish Forest Museum Lusto has an exhibition that shows the importance of forests to Finnish people through the ages. Lusto also has other changing forest-themed exhibits.<\/p>\n<p>[\/vc_column_text][\/vc_column][vc_column width=&#8221;1\/4&#8243;][\/vc_column][\/vc_row][vc_row][vc_column][vc_column_text]<\/p>\n<h2 id=\"tw-target-text\" class=\"tw-data-text tw-text-large XcVN5d tw-ta\" dir=\"ltr\" style=\"text-align: center\" data-placeholder=\"K\u00e4\u00e4nn\u00f6s\"><span class=\"Y2IQFc\" lang=\"en\">Check out our exhibition and gallery sites<\/span><\/h2>\n<p>[\/vc_column_text][vc_empty_space][\/vc_column][\/vc_row][vc_row][vc_column]<div class=\"posts-list-grid wpb_content_element\">\n                            <div class=\"row no-gutter\"><div class=\"row no-gutter\"><div class=\"col-xs-10 col-sm-5 col-lg-33\">    <div class=\"post-box post-stub post-18424 visit_saimaa_product type-visit_saimaa_product status-publish has-post-thumbnail hentry servicecategory-exhibitions servicecategory-museums actioncategory-see relatedcontent-riihisaari responsible-company product culture-sights-info exhibitions museums priority-3\" data-openid=\"riihisaari-lake-saimaa-nature-and-culture-centre-2-18424-1\" data-contentid=\"2:18424\" data-showrelated=\"1\" id=\"riihisaari-lake-saimaa-nature-and-culture-centre-2-18424-1\">\n\n        <div class=\"vs_post_thumbnail\" style=\"background-image: url('https:\/\/visitsavonlinna.fi\/wp-content\/themes\/visitsavonlinna2021\/images\/default.jpg')\" data-attachment=\"584773-2\"><\/div>        \n        <div class=\"image_overlay\"><\/div>\n                    <div class=\"company-name\">Riihisaari<\/div>\n                            <div class=\"responsible-icon\">\n                <img decoding=\"async\" src=\"https:\/\/visitsavonlinna.fi\/wp-content\/plugins\/visitsaimaa-content\/images\/responsibility-icons\/vastuullinen_yritys_kulma_plain_small.png\" alt=\"Responsible company\"\/>\n            <\/div>\n                \n        \n                <a href=\"https:\/\/visitsavonlinna.fi\/en\/products\/riihisaari-lake-saimaa-nature-and-culture-centre\/\"  class=\" get-post-details\" title=\"Riihisaari\">\n            <span class=\"info\">\n                                    <span class=\"category\">See<\/span>\n                \n                                <span class=\"h3\">Riihisaari<\/span>\n                                            <\/span><!-- \/.info -->\n        <\/a>\n\n    <\/div>\n    <\/div><div class=\"col-xs-10 col-sm-5 col-lg-33\">    <div class=\"post-box post-stub post-100891 visit_saimaa_product type-visit_saimaa_product status-publish has-post-thumbnail hentry servicecategory-museums actioncategory-see relatedcontent-finnish-forest-museum-lusto product culture-sights-info museums priority-2\" data-openid=\"lusto-for-children-2-100891-2\" data-contentid=\"2:100891\" data-showrelated=\"1\" id=\"lusto-for-children-2-100891-2\">\n\n        <div class=\"vs_post_thumbnail\" style=\"background-image: url('https:\/\/visitsavonlinna.fi\/wp-content\/themes\/visitsavonlinna2021\/images\/default.jpg')\" data-attachment=\"587741-2\"><\/div>        \n        <div class=\"image_overlay\"><\/div>\n                    <div class=\"company-name\">Finnish Forest Museum Lusto<\/div>\n                        \n        \n                <a href=\"https:\/\/visitsavonlinna.fi\/en\/products\/lusto-for-children\/\"  class=\" get-post-details\" title=\"Lusto for Children\">\n            <span class=\"info\">\n                                    <span class=\"category\">See<\/span>\n                \n                                <span class=\"h3\">Lusto for Children<\/span>\n                                            <\/span><!-- \/.info -->\n        <\/a>\n\n    <\/div>\n    <\/div><div class=\"col-xs-10 col-sm-5 col-lg-33\">    <div class=\"post-box post-stub post-20046 visit_saimaa_product type-visit_saimaa_product status-publish has-post-thumbnail hentry servicecategory-exhibitions servicecategory-galleries servicecategory-museums servicecategory-tourist-information actioncategory-see actioncategory-services relatedcontent-finnish-forest-museum-lusto product culture-sights-info exhibitions galleries museums tourist-information priority-2\" data-openid=\"lusto-the-finninsh-forest-museum-2-20046-3\" data-contentid=\"2:20046\" data-showrelated=\"1\" id=\"lusto-the-finninsh-forest-museum-2-20046-3\">\n\n        <div class=\"vs_post_thumbnail\" style=\"background-image: url('https:\/\/visitsavonlinna.fi\/wp-content\/themes\/visitsavonlinna2021\/images\/default.jpg')\" data-attachment=\"557193-2\"><\/div>        \n        <div class=\"image_overlay\"><\/div>\n                    <div class=\"company-name\">Finnish Forest Museum Lusto<\/div>\n                        \n        \n                <a href=\"https:\/\/visitsavonlinna.fi\/en\/products\/lusto-the-finninsh-forest-museum\/\"  class=\" get-post-details\" title=\"Sense The Forest\">\n            <span class=\"info\">\n                                    <span class=\"category\">See, Services<\/span>\n                \n                                <span class=\"h3\">Sense The Forest<\/span>\n                                            <\/span><!-- \/.info -->\n        <\/a>\n\n    <\/div>\n    <\/div><div class=\"col-xs-10 col-sm-5 col-lg-33\">    <div class=\"post-box post-stub post-219407 visit_saimaa_shop type-visit_saimaa_shop status-publish has-post-thumbnail hentry servicecategory-museums servicecategory-souvenirs servicecategory-specialised-stores servicecategory-tourist-information actioncategory-see actioncategory-services actioncategory-shopping relatedcontent-riihisaari responsible-company shop shopping culture-sights-info museums souvenirs specialised-stores tourist-information priority-3\" data-openid=\"museum-shop-of-riihisaari-and-tourist-information-2-219407-4\" data-contentid=\"2:219407\" data-showrelated=\"1\" id=\"museum-shop-of-riihisaari-and-tourist-information-2-219407-4\">\n\n        <div class=\"vs_post_thumbnail\" style=\"background-image: url('https:\/\/visitsavonlinna.fi\/wp-content\/themes\/visitsavonlinna2021\/images\/default.jpg')\" data-attachment=\"584762-2\"><\/div>        \n        <div class=\"image_overlay\"><\/div>\n                    <div class=\"company-name\">Riihisaari<\/div>\n                            <div class=\"responsible-icon\">\n                <img decoding=\"async\" src=\"https:\/\/visitsavonlinna.fi\/wp-content\/plugins\/visitsaimaa-content\/images\/responsibility-icons\/vastuullinen_yritys_kulma_plain_small.png\" alt=\"Responsible company\"\/>\n            <\/div>\n                \n        \n                <a href=\"https:\/\/visitsavonlinna.fi\/en\/shops\/museum-shop-of-riihisaari-and-tourist-information\/\"  class=\" get-post-details\" title=\"Museum Shop of Riihisaari\">\n            <span class=\"info\">\n                                    <span class=\"category\">See, Services, Shopping<\/span>\n                \n                                <span class=\"h3\">Museum Shop of Riihisaari<\/span>\n                                            <\/span><!-- \/.info -->\n        <\/a>\n\n    <\/div>\n    <\/div><div class=\"col-xs-10 col-sm-5 col-lg-33\">    <div class=\"post-box filler \" style=\"background-color: #ffffff;\">\n        <div class=\"icon\"><\/div>\n                    <div class=\"background-icon\" style=\" background-image: url('');\" ><\/div>\n        \n        \n                            \n    <\/div>\n\n    <\/div><div class=\"col-xs-10 col-sm-5 col-lg-33\">    <div class=\"post-box filler \" style=\"background-color: #ffffff;\">\n        <div class=\"icon\"><\/div>\n                    <div class=\"background-icon\" style=\" background-image: url('');\" ><\/div>\n        \n        \n                            \n    <\/div>\n\n    <\/div><\/div><!-- row --><\/div><!-- \/.row -->\n                            <\/div><!--\/.posts-list-grid -->[\/vc_column][\/vc_row][vc_row disable_element=&#8221;yes&#8221;][vc_column][\/vc_column][\/vc_row][vc_row disable_element=&#8221;yes&#8221;][vc_column][vc_column_text]<\/p>\n<h2 style=\"text-align: center\">Exhibitions, galleries, art &amp; culture in Savonlinna area<\/h2>\n<p>[\/vc_column_text][\/vc_column][\/vc_row][vc_row disable_element=&#8221;yes&#8221;][vc_column][vc_raw_html]JTNDc2NyaXB0JTIwdHlwZSUzRCUyMnRleHQlMkZqYXZhc2NyaXB0JTIyJTIwc3JjJTNEJTIyaHR0cHMlM0ElMkYlMkZldmVudHp3aWRnZXRzLWJhY2tlbmQuZXZlbnR6LnRvZGF5JTJGaW5pdGlhbC1sb2FkZXItd2lkZ2V0JTJGdmVyLTMuMCUyRnNpbXBsZS1wYWdlLWxpc3QtMyUyRjM1NDcyMzgzNyUzRnNpdGVfaWQlM0Q1Yzc2OTI2N2Q3YWNjNDc2ZmEyYjQ5YWYlMjZjb3VudHJ5JTNERkklMjZsYW5nJTNEZW4lMjZkYXRhVXJsJTNEJTI1MkZjb2xsZWN0aW9uJTI1MkY1ZjQ2MzUxMjE3NzE3MTA0N2VhNTMzMTklMjUyRmNvbnRlbnQlMjUzRmxhbmclMjUzRGVuJTI1MjZjb3VudHJ5JTI1M0RGSSUyNTI2cGFnZVR5cGVzJTI1M0RldmVudCUyNTI2dHlwZSUyNTNEanNvbiUyNTI2dmVyc2lvbiUyNTNEMyUyNTI2YXBpS2V5JTI1M0Q0ODYxMDI5MGYwZmYzMjQ2ODQxMjY5OWYlMjZwYXJhbXMlM0RzaG93Q291bnRJblJvdyUyNTNEMyUyNTI2aW5pdGlhbENvdW50JTI1M0Q2JTI1MjZtb3JlJTI1M0Q2JTI1MjZsaW1pdCUyNTNENTAwJTI1MjZ1c2VJblNpdGVQYWdlRGV0YWlscyUyNTNEdHJ1ZSUyNTI2dXNlSW5TaXRlSGFzaCUyNTNEdHJ1ZSUyNTI2dGFyZ2V0JTI1M0RfYmxhbmslMjUyNmFwaUtleSUyNTNENDg2MTAyOTBmMGZmMzI0Njg0MTI2OTlmJTIyJTNFJTNDJTJGc2NyaXB0JTNFJTNDZGl2JTIwaWQlM0QlMjJFVkVOVFotV0lER0VULTM1NDcyMzgzNyUyMiUzRSUzQyUyRmRpdiUzRQ==[\/vc_raw_html][\/vc_column][\/vc_row]<\/p>\n","protected":false},"excerpt":{"rendered":"<p>[vc_row][vc_column width=&#8221;1\/4&#8243;][\/vc_column][vc_column width=&#8221;1\/2&#8243;][vc_column_text css=&#8221;&#8221;] Exhibitions and galleries Many galleries &amp; exhibitions in the Savonlinna region are open all year round. In summer, art really comes alive in the Savonlinna region, [&hellip;]<\/p>\n","protected":false},"author":2,"featured_media":46059,"parent":0,"menu_order":0,"comment_status":"closed","ping_status":"closed","template":"","meta":{"footnotes":""},"relatedcontent":[],"class_list":{"0":"post-46057","1":"page","2":"type-page","3":"status-publish","4":"has-post-thumbnail","5":"hentry","7":"priority-3"},"yoast_head":"<!-- This site is optimized with the Yoast SEO Premium plugin v27.3 (Yoast SEO v27.2) - https:\/\/yoast.com\/product\/yoast-seo-premium-wordpress\/ -->\n<title>Exhibitions and galleries in the Savonlinna region - Visit Savonlinna<\/title>\n<meta name=\"description\" content=\"Discover the art, history and culture of the Savonlinna region through exhibitions and galleries throughout the area.\" \/>\n<meta name=\"robots\" content=\"index, follow, max-snippet:-1, max-image-preview:large, max-video-preview:-1\" \/>\n<link rel=\"canonical\" href=\"https:\/\/visitsavonlinna.fi\/en\/exhibitions-and-galleries\/\" \/>\n<meta property=\"og:locale\" content=\"en_US\" \/>\n<meta property=\"og:type\" content=\"article\" \/>\n<meta property=\"og:title\" content=\"Exhibitions and galleries in the Savonlinna region - Visit Savonlinna\" \/>\n<meta property=\"og:description\" content=\"Discover the art, history and culture of the Savonlinna region through exhibitions and galleries throughout the area.\" \/>\n<meta property=\"og:url\" content=\"https:\/\/visitsavonlinna.fi\/en\/exhibitions-and-galleries\/\" \/>\n<meta property=\"og:site_name\" content=\"Visit Savonlinna\" \/>\n<meta property=\"article:modified_time\" content=\"2026-03-30T08:03:11+00:00\" \/>\n<meta property=\"og:image\" content=\"https:\/\/visitsavonlinna.fi\/wp-content\/uploads\/sites\/2\/2017\/10\/finland-savonlinna-lusto-museum-punkaharju-lake-saima-exhibition.jpg\" \/>\n\t<meta property=\"og:image:width\" content=\"1920\" \/>\n\t<meta property=\"og:image:height\" content=\"1150\" \/>\n\t<meta property=\"og:image:type\" content=\"image\/jpeg\" \/>\n<meta name=\"twitter:card\" content=\"summary_large_image\" \/>\n<meta name=\"twitter:label1\" content=\"Est. reading time\" \/>\n\t<meta name=\"twitter:data1\" content=\"2 minutes\" \/>\n<script type=\"application\/ld+json\" class=\"yoast-schema-graph\">{\"@context\":\"https:\/\/schema.org\",\"@graph\":[{\"@type\":\"WebPage\",\"@id\":\"https:\/\/visitsavonlinna.fi\/en\/exhibitions-and-galleries\/\",\"url\":\"https:\/\/visitsavonlinna.fi\/en\/exhibitions-and-galleries\/\",\"name\":\"Exhibitions and galleries in the Savonlinna region - Visit Savonlinna\",\"isPartOf\":{\"@id\":\"https:\/\/visitsavonlinna.fi\/#website\"},\"primaryImageOfPage\":{\"@id\":\"https:\/\/visitsavonlinna.fi\/en\/exhibitions-and-galleries\/#primaryimage\"},\"image\":{\"@id\":\"https:\/\/visitsavonlinna.fi\/en\/exhibitions-and-galleries\/#primaryimage\"},\"thumbnailUrl\":\"https:\/\/visitsavonlinna.fi\/wp-content\/uploads\/sites\/2\/2017\/10\/finland-savonlinna-lusto-museum-punkaharju-lake-saima-exhibition.jpg\",\"datePublished\":\"2017-10-09T11:32:13+00:00\",\"dateModified\":\"2026-03-30T08:03:11+00:00\",\"description\":\"Discover the art, history and culture of the Savonlinna region through exhibitions and galleries throughout the area.\",\"breadcrumb\":{\"@id\":\"https:\/\/visitsavonlinna.fi\/en\/exhibitions-and-galleries\/#breadcrumb\"},\"inLanguage\":\"en-US\",\"potentialAction\":[{\"@type\":\"ReadAction\",\"target\":[\"https:\/\/visitsavonlinna.fi\/en\/exhibitions-and-galleries\/\"]}]},{\"@type\":\"ImageObject\",\"inLanguage\":\"en-US\",\"@id\":\"https:\/\/visitsavonlinna.fi\/en\/exhibitions-and-galleries\/#primaryimage\",\"url\":\"https:\/\/visitsavonlinna.fi\/wp-content\/uploads\/sites\/2\/2017\/10\/finland-savonlinna-lusto-museum-punkaharju-lake-saima-exhibition.jpg\",\"contentUrl\":\"https:\/\/visitsavonlinna.fi\/wp-content\/uploads\/sites\/2\/2017\/10\/finland-savonlinna-lusto-museum-punkaharju-lake-saima-exhibition.jpg\",\"width\":1920,\"height\":1150,\"caption\":\"finland savonlinna lusto museum punkaharju lake saima exhibition\"},{\"@type\":\"BreadcrumbList\",\"@id\":\"https:\/\/visitsavonlinna.fi\/en\/exhibitions-and-galleries\/#breadcrumb\",\"itemListElement\":[{\"@type\":\"ListItem\",\"position\":1,\"name\":\"Visitsavonlinna.fi\",\"item\":\"https:\/\/visitsavonlinna.fi\/en\/\"},{\"@type\":\"ListItem\",\"position\":2,\"name\":\"Exhibitions and galleries in the Savonlinna region\"}]},{\"@type\":\"WebSite\",\"@id\":\"https:\/\/visitsavonlinna.fi\/#website\",\"url\":\"https:\/\/visitsavonlinna.fi\/\",\"name\":\"Visit Savonlinna\",\"description\":\"\",\"potentialAction\":[{\"@type\":\"SearchAction\",\"target\":{\"@type\":\"EntryPoint\",\"urlTemplate\":\"https:\/\/visitsavonlinna.fi\/?s={search_term_string}\"},\"query-input\":{\"@type\":\"PropertyValueSpecification\",\"valueRequired\":true,\"valueName\":\"search_term_string\"}}],\"inLanguage\":\"en-US\"}]}<\/script>\n<!-- \/ Yoast SEO Premium plugin. -->","yoast_head_json":{"title":"Exhibitions and galleries in the Savonlinna region - Visit Savonlinna","description":"Discover the art, history and culture of the Savonlinna region through exhibitions and galleries throughout the area.","robots":{"index":"index","follow":"follow","max-snippet":"max-snippet:-1","max-image-preview":"max-image-preview:large","max-video-preview":"max-video-preview:-1"},"canonical":"https:\/\/visitsavonlinna.fi\/en\/exhibitions-and-galleries\/","og_locale":"en_US","og_type":"article","og_title":"Exhibitions and galleries in the Savonlinna region - Visit Savonlinna","og_description":"Discover the art, history and culture of the Savonlinna region through exhibitions and galleries throughout the area.","og_url":"https:\/\/visitsavonlinna.fi\/en\/exhibitions-and-galleries\/","og_site_name":"Visit Savonlinna","article_modified_time":"2026-03-30T08:03:11+00:00","og_image":[{"width":1920,"height":1150,"url":"https:\/\/visitsavonlinna.fi\/wp-content\/uploads\/sites\/2\/2017\/10\/finland-savonlinna-lusto-museum-punkaharju-lake-saima-exhibition.jpg","type":"image\/jpeg"}],"twitter_card":"summary_large_image","twitter_misc":{"Est. reading time":"2 minutes"},"schema":{"@context":"https:\/\/schema.org","@graph":[{"@type":"WebPage","@id":"https:\/\/visitsavonlinna.fi\/en\/exhibitions-and-galleries\/","url":"https:\/\/visitsavonlinna.fi\/en\/exhibitions-and-galleries\/","name":"Exhibitions and galleries in the Savonlinna region - Visit Savonlinna","isPartOf":{"@id":"https:\/\/visitsavonlinna.fi\/#website"},"primaryImageOfPage":{"@id":"https:\/\/visitsavonlinna.fi\/en\/exhibitions-and-galleries\/#primaryimage"},"image":{"@id":"https:\/\/visitsavonlinna.fi\/en\/exhibitions-and-galleries\/#primaryimage"},"thumbnailUrl":"https:\/\/visitsavonlinna.fi\/wp-content\/uploads\/sites\/2\/2017\/10\/finland-savonlinna-lusto-museum-punkaharju-lake-saima-exhibition.jpg","datePublished":"2017-10-09T11:32:13+00:00","dateModified":"2026-03-30T08:03:11+00:00","description":"Discover the art, history and culture of the Savonlinna region through exhibitions and galleries throughout the area.","breadcrumb":{"@id":"https:\/\/visitsavonlinna.fi\/en\/exhibitions-and-galleries\/#breadcrumb"},"inLanguage":"en-US","potentialAction":[{"@type":"ReadAction","target":["https:\/\/visitsavonlinna.fi\/en\/exhibitions-and-galleries\/"]}]},{"@type":"ImageObject","inLanguage":"en-US","@id":"https:\/\/visitsavonlinna.fi\/en\/exhibitions-and-galleries\/#primaryimage","url":"https:\/\/visitsavonlinna.fi\/wp-content\/uploads\/sites\/2\/2017\/10\/finland-savonlinna-lusto-museum-punkaharju-lake-saima-exhibition.jpg","contentUrl":"https:\/\/visitsavonlinna.fi\/wp-content\/uploads\/sites\/2\/2017\/10\/finland-savonlinna-lusto-museum-punkaharju-lake-saima-exhibition.jpg","width":1920,"height":1150,"caption":"finland savonlinna lusto museum punkaharju lake saima exhibition"},{"@type":"BreadcrumbList","@id":"https:\/\/visitsavonlinna.fi\/en\/exhibitions-and-galleries\/#breadcrumb","itemListElement":[{"@type":"ListItem","position":1,"name":"Visitsavonlinna.fi","item":"https:\/\/visitsavonlinna.fi\/en\/"},{"@type":"ListItem","position":2,"name":"Exhibitions and galleries in the Savonlinna region"}]},{"@type":"WebSite","@id":"https:\/\/visitsavonlinna.fi\/#website","url":"https:\/\/visitsavonlinna.fi\/","name":"Visit Savonlinna","description":"","potentialAction":[{"@type":"SearchAction","target":{"@type":"EntryPoint","urlTemplate":"https:\/\/visitsavonlinna.fi\/?s={search_term_string}"},"query-input":{"@type":"PropertyValueSpecification","valueRequired":true,"valueName":"search_term_string"}}],"inLanguage":"en-US"}]}},"_links":{"self":[{"href":"https:\/\/visitsavonlinna.fi\/en\/wp-json\/wp\/v2\/pages\/46057","targetHints":{"allow":["GET"]}}],"collection":[{"href":"https:\/\/visitsavonlinna.fi\/en\/wp-json\/wp\/v2\/pages"}],"about":[{"href":"https:\/\/visitsavonlinna.fi\/en\/wp-json\/wp\/v2\/types\/page"}],"author":[{"embeddable":true,"href":"https:\/\/visitsavonlinna.fi\/en\/wp-json\/wp\/v2\/users\/2"}],"replies":[{"embeddable":true,"href":"https:\/\/visitsavonlinna.fi\/en\/wp-json\/wp\/v2\/comments?post=46057"}],"version-history":[{"count":13,"href":"https:\/\/visitsavonlinna.fi\/en\/wp-json\/wp\/v2\/pages\/46057\/revisions"}],"predecessor-version":[{"id":588195,"href":"https:\/\/visitsavonlinna.fi\/en\/wp-json\/wp\/v2\/pages\/46057\/revisions\/588195"}],"wp:featuredmedia":[{"embeddable":true,"href":"https:\/\/visitsavonlinna.fi\/en\/wp-json\/wp\/v2\/media\/46059"}],"wp:attachment":[{"href":"https:\/\/visitsavonlinna.fi\/en\/wp-json\/wp\/v2\/media?parent=46057"}],"wp:term":[{"taxonomy":"relatedcontent","embeddable":true,"href":"https:\/\/visitsavonlinna.fi\/en\/wp-json\/wp\/v2\/relatedcontent?post=46057"}],"curies":[{"name":"wp","href":"https:\/\/api.w.org\/{rel}","templated":true}]}}