{"id":536682,"date":"2023-04-20T14:05:36","date_gmt":"2023-04-20T11:05:36","guid":{"rendered":"https:\/\/visitsavonlinna.fi\/?page_id=536682"},"modified":"2025-06-17T21:00:27","modified_gmt":"2025-06-17T18:00:27","slug":"saunas","status":"publish","type":"page","link":"https:\/\/visitsavonlinna.fi\/en\/saunas\/","title":{"rendered":"Saunas in the Savonlinna region"},"content":{"rendered":"<p>[vc_row][vc_column width=&#8221;1\/4&#8243;][\/vc_column][vc_column width=&#8221;1\/2&#8243;][vc_column_text]<\/p>\n<div id=\"tw-target-text-container\" class=\"tw-ta-container F0azHf tw-nfl\">\n<h1 dir=\"ltr\" style=\"text-align: center;\" data-placeholder=\"K\u00e4\u00e4nn\u00f6s\">Saunas in the Savonlinna region<\/h1>\n<p id=\"tw-target-text\" class=\"tw-data-text tw-text-large tw-ta\" dir=\"ltr\" style=\"text-align: center;\" data-placeholder=\"K\u00e4\u00e4nn\u00f6s\"><span class=\"Y2IQFc\" lang=\"en\">Sauna on the shore of Lake Saimaa and a dip in the clean lake water &#8211; what could be better?<\/span><\/p>\n<p class=\"tw-data-text tw-text-large tw-ta\" dir=\"ltr\" style=\"text-align: center;\" data-placeholder=\"K\u00e4\u00e4nn\u00f6s\"><span class=\"Y2IQFc\" lang=\"en\">There are millions of saunas in Finland and the Lake Saimaa region is a sauna lover&#8217;s dream destination, both in summer and in winter. You can access the sauna in the region&#8217;s <a href=\"https:\/\/visitsavonlinna.fi\/en\/spas\/\">spas<\/a> and indoor swimming pools, but if you want a sauna for your own group, renting a sauna or a sauna space is a great solution.<\/span><\/p>\n<p dir=\"ltr\" style=\"text-align: center;\" data-placeholder=\"K\u00e4\u00e4nn\u00f6s\">Photo: Inkeritalo&#8217;s sauna in Punkaharju<\/p>\n<h2 class=\"tw-data-text tw-text-large tw-ta\" dir=\"ltr\" style=\"text-align: center;\" data-placeholder=\"K\u00e4\u00e4nn\u00f6s\"><span class=\"Y2IQFc\" lang=\"en\">Rent a holiday cottage<\/span><\/h2>\n<p class=\"tw-data-text tw-text-large tw-ta\" dir=\"ltr\" style=\"text-align: center;\" data-placeholder=\"K\u00e4\u00e4nn\u00f6s\"><span class=\"Y2IQFc\" lang=\"en\">If you&#8217;re looking for a sauna to rent, why not rent a holiday home at the same time? The rental cottages located by the lake have their own sauna and the possibility to take a dip in the lake. Check out our <a href=\"https:\/\/visitsavonlinna.fi\/en\/rental-cabins-at-lake-saimaa\/\">rental cottages<\/a> and <a href=\"https:\/\/visitsavonlinna.fi\/en\/holiday-villages-in-the-savonlinna-area\/\">holiday villages<\/a>.<br \/>\n<\/span><\/p>\n<\/div>\n<div id=\"tw-target-rmn-container\" class=\"tw-target-rmn tw-ta-container F0azHf tw-nfl\" style=\"text-align: center;\">\n<pre id=\"tw-target-rmn\" class=\"tw-data-placeholder tw-text-small tw-ta\" dir=\"ltr\" data-placeholder=\"\"><\/pre>\n<p>&nbsp;<\/p>\n<\/div>\n<p>[\/vc_column_text][\/vc_column][vc_column width=&#8221;1\/4&#8243;][\/vc_column][\/vc_row][vc_row][vc_column][vc_empty_space][\/vc_column][\/vc_row][vc_row][vc_column][vc_column_text]<\/p>\n<h2 style=\"text-align: center;\">Sauna experiences<\/h2>\n<p>[\/vc_column_text][vc_empty_space][\/vc_column][\/vc_row][vc_row][vc_column]<div class=\"posts-list-grid wpb_content_element\">\n                            <div class=\"row no-gutter\"><div class=\"row no-gutter\"><div class=\"col-xs-10 col-sm-5 col-lg-33\">    <div class=\"post-box post-stub post-193571 visit_saimaa_product type-visit_saimaa_product status-publish has-post-thumbnail hentry servicecategory-other-activities servicecategory-saunas actioncategory-do actioncategory-savonlinna-services relatedcontent-saimaaholiday-oravi-en responsible-company product well-being-health-and-beauty activities other-activities saunas priority-2\" data-openid=\"sauna-yoga-in-oravi-2-193571-1\" data-contentid=\"2:193571\" data-showrelated=\"1\" id=\"sauna-yoga-in-oravi-2-193571-1\">\n\n        <div class=\"vs_post_thumbnail\" style=\"background-image: url('https:\/\/visitsavonlinna.fi\/wp-content\/themes\/visitsavonlinna2021\/images\/default.jpg')\" data-attachment=\"193570-2\"><\/div>        \n        <div class=\"image_overlay\"><\/div>\n                    <div class=\"company-name\">SaimaaHoliday Oravi<\/div>\n                            <div class=\"responsible-icon\">\n                <img decoding=\"async\" src=\"https:\/\/visitsavonlinna.fi\/wp-content\/plugins\/visitsaimaa-content\/images\/responsibility-icons\/vastuullinen_yritys_kulma_plain_small.png\" alt=\"Responsible company\"\/>\n            <\/div>\n                \n        \n                <a href=\"https:\/\/visitsavonlinna.fi\/en\/products\/sauna-yoga-in-oravi\/\"  class=\" get-post-details\" title=\"Saunayoga in Oravi\">\n            <span class=\"info\">\n                                    <span class=\"category\">Do, Savonlinna services<\/span>\n                \n                                <span class=\"h3\">Saunayoga in Oravi<\/span>\n                                            <\/span><!-- \/.info -->\n        <\/a>\n\n    <\/div>\n    <\/div><div class=\"col-xs-10 col-sm-5 col-lg-33\">    <div class=\"post-box post-stub post-552884 visit_saimaa_product type-visit_saimaa_product status-publish has-post-thumbnail hentry servicecategory-ice-swimming servicecategory-saunas actioncategory-do actioncategory-recreation actioncategory-savonlinna-services relatedcontent-saimaaholiday-oravi-en responsible-company product well-being-health-and-beauty activities ice-swimming saunas priority-2\" data-openid=\"finnish-sauna-and-ice-hole-in-the-lake-in-oravi-2-552884-2\" data-contentid=\"2:552884\" data-showrelated=\"1\" id=\"finnish-sauna-and-ice-hole-in-the-lake-in-oravi-2-552884-2\">\n\n        <div class=\"vs_post_thumbnail\" style=\"background-image: url('https:\/\/visitsavonlinna.fi\/wp-content\/themes\/visitsavonlinna2021\/images\/default.jpg')\" data-attachment=\"206727-2\"><\/div>        \n        <div class=\"image_overlay\"><\/div>\n                    <div class=\"company-name\">SaimaaHoliday Oravi<\/div>\n                            <div class=\"responsible-icon\">\n                <img decoding=\"async\" src=\"https:\/\/visitsavonlinna.fi\/wp-content\/plugins\/visitsaimaa-content\/images\/responsibility-icons\/vastuullinen_yritys_kulma_plain_small.png\" alt=\"Responsible company\"\/>\n            <\/div>\n                \n        \n                <a href=\"https:\/\/visitsavonlinna.fi\/en\/products\/finnish-sauna-and-ice-hole-in-the-lake-in-oravi\/\"  class=\" get-post-details\" title=\"Finnish sauna and ice hole in the lake in Oravi\">\n            <span class=\"info\">\n                                    <span class=\"category\">Do, Recreation, Savonlinna services<\/span>\n                \n                                <span class=\"h3\">Finnish sauna and ice hole in the lake in Oravi<\/span>\n                                            <\/span><!-- \/.info -->\n        <\/a>\n\n    <\/div>\n    <\/div><div class=\"col-xs-10 col-sm-5 col-lg-33\">    <div class=\"post-box post-stub post-570155 visit_saimaa_product type-visit_saimaa_product status-publish has-post-thumbnail hentry servicecategory-saunas servicecategory-swimming actioncategory-do actioncategory-recreation actioncategory-savonlinna-services relatedcontent-kruunupuisto responsible-company product activities well-being-health-and-beauty saunas swimming priority-2\" data-openid=\"kruunupuisto-spa-2-570155-3\" data-contentid=\"2:570155\" data-showrelated=\"1\" id=\"kruunupuisto-spa-2-570155-3\">\n\n        <div class=\"vs_post_thumbnail\" style=\"background-image: url('https:\/\/visitsavonlinna.fi\/wp-content\/themes\/visitsavonlinna2021\/images\/default.jpg')\" data-attachment=\"552156-2\"><\/div>        \n        <div class=\"image_overlay\"><\/div>\n                    <div class=\"company-name\">Kruunupuisto<\/div>\n                            <div class=\"responsible-icon\">\n                <img decoding=\"async\" src=\"https:\/\/visitsavonlinna.fi\/wp-content\/plugins\/visitsaimaa-content\/images\/responsibility-icons\/vastuullinen_yritys_kulma_plain_small.png\" alt=\"Responsible company\"\/>\n            <\/div>\n                \n        \n                <a href=\"https:\/\/visitsavonlinna.fi\/en\/products\/kruunupuisto-spa\/\"  class=\" get-post-details\" title=\"Kruunupuisto spa\">\n            <span class=\"info\">\n                                    <span class=\"category\">Do, Recreation, Savonlinna services<\/span>\n                \n                                <span class=\"h3\">Kruunupuisto spa<\/span>\n                                            <\/span><!-- \/.info -->\n        <\/a>\n\n    <\/div>\n    <\/div><div class=\"col-xs-10 col-sm-5 col-lg-33\">    <div class=\"post-box post-stub post-570173 visit_saimaa_product type-visit_saimaa_product status-publish has-post-thumbnail hentry servicecategory-christmas-parties servicecategory-conferences-and-conference-facilities servicecategory-recreation-events servicecategory-saunas actioncategory-savonlinna-services actioncategory-services relatedcontent-kruunupuisto responsible-company product well-being-health-and-beauty for-companies-and-groups christmas-parties conferences-and-conference-facilities recreation-events saunas priority-3\" data-openid=\"inkeritalo-traditional-finnish-sauna-2-570173-4\" data-contentid=\"2:570173\" data-showrelated=\"1\" id=\"inkeritalo-traditional-finnish-sauna-2-570173-4\">\n\n        <div class=\"vs_post_thumbnail\" style=\"background-image: url('https:\/\/visitsavonlinna.fi\/wp-content\/themes\/visitsavonlinna2021\/images\/default.jpg')\" data-attachment=\"577929-2\"><\/div>        \n        <div class=\"image_overlay\"><\/div>\n                    <div class=\"company-name\">Kruunupuisto<\/div>\n                            <div class=\"responsible-icon\">\n                <img decoding=\"async\" src=\"https:\/\/visitsavonlinna.fi\/wp-content\/plugins\/visitsaimaa-content\/images\/responsibility-icons\/vastuullinen_yritys_kulma_plain_small.png\" alt=\"Responsible company\"\/>\n            <\/div>\n                \n        \n                <a href=\"https:\/\/visitsavonlinna.fi\/en\/products\/inkeritalo-traditional-finnish-sauna\/\"  class=\" get-post-details\" title=\"Inkeritalo Traditional Finnish sauna\">\n            <span class=\"info\">\n                                    <span class=\"category\">Savonlinna services, Services<\/span>\n                \n                                <span class=\"h3\">Inkeritalo Traditional Finnish sauna<\/span>\n                                            <\/span><!-- \/.info -->\n        <\/a>\n\n    <\/div>\n    <\/div><div class=\"col-xs-10 col-sm-5 col-lg-33\">    <div class=\"post-box post-stub post-570234 visit_saimaa_product type-visit_saimaa_product status-publish has-post-thumbnail hentry servicecategory-saunas servicecategory-wellness-treatments actioncategory-do actioncategory-savonlinna-services relatedcontent-nature-hotel-and-spa-resort-jarvisydan responsible-company product well-being-health-and-beauty saunas wellness-treatments priority-3\" data-openid=\"lake-spa-2-570234-5\" data-contentid=\"2:570234\" data-showrelated=\"1\" id=\"lake-spa-2-570234-5\">\n\n        <div class=\"vs_post_thumbnail\" style=\"background-image: url('https:\/\/visitsavonlinna.fi\/wp-content\/themes\/visitsavonlinna2021\/images\/default.jpg')\" data-attachment=\"194171-2\"><\/div>        \n        <div class=\"image_overlay\"><\/div>\n                    <div class=\"company-name\">Nature Hotel &amp; Spa Resort J\u00e4rvisyd\u00e4n<\/div>\n                            <div class=\"responsible-icon\">\n                <img decoding=\"async\" src=\"https:\/\/visitsavonlinna.fi\/wp-content\/plugins\/visitsaimaa-content\/images\/responsibility-icons\/vastuullinen_yritys_kulma_plain_small.png\" alt=\"Responsible company\"\/>\n            <\/div>\n                \n        \n                <a href=\"https:\/\/visitsavonlinna.fi\/en\/products\/lake-spa\/\"  class=\" get-post-details\" title=\"Lake Spa\">\n            <span class=\"info\">\n                                    <span class=\"category\">Do, Savonlinna services<\/span>\n                \n                                <span class=\"h3\">Lake Spa<\/span>\n                                            <\/span><!-- \/.info -->\n        <\/a>\n\n    <\/div>\n    <\/div><div class=\"col-xs-10 col-sm-5 col-lg-33\">    <div class=\"post-box post-stub post-571355 visit_saimaa_product type-visit_saimaa_product status-publish has-post-thumbnail hentry servicecategory-saunas actioncategory-savonlinna-services relatedcontent-nature-hotel-and-spa-resort-jarvisydan responsible-company product well-being-health-and-beauty saunas priority-3\" data-openid=\"hotel-spa-resort-jarvisydan-finnish-sauna-world-2-571355-6\" data-contentid=\"2:571355\" data-showrelated=\"1\" id=\"hotel-spa-resort-jarvisydan-finnish-sauna-world-2-571355-6\">\n\n        <div class=\"vs_post_thumbnail\" style=\"background-image: url('https:\/\/visitsavonlinna.fi\/wp-content\/themes\/visitsavonlinna2021\/images\/default.jpg')\" data-attachment=\"571354-2\"><\/div>        \n        <div class=\"image_overlay\"><\/div>\n                    <div class=\"company-name\">Nature Hotel &amp; Spa Resort J\u00e4rvisyd\u00e4n<\/div>\n                            <div class=\"responsible-icon\">\n                <img decoding=\"async\" src=\"https:\/\/visitsavonlinna.fi\/wp-content\/plugins\/visitsaimaa-content\/images\/responsibility-icons\/vastuullinen_yritys_kulma_plain_small.png\" alt=\"Responsible company\"\/>\n            <\/div>\n                \n        \n                <a href=\"https:\/\/visitsavonlinna.fi\/en\/products\/hotel-spa-resort-jarvisydan-finnish-sauna-world\/\"  class=\" get-post-details\" title=\"Hotel &amp; Spa Resort J\u00e4rvisyd\u00e4n &#8211; Finnish Sauna World\">\n            <span class=\"info\">\n                                    <span class=\"category\">Savonlinna services<\/span>\n                \n                                <span class=\"h3\">Hotel &amp; Spa Resort J\u00e4rvisyd\u00e4n &#8211; Finnish Sauna World<\/span>\n                                            <\/span><!-- \/.info -->\n        <\/a>\n\n    <\/div>\n    <\/div><div class=\"col-xs-10 col-sm-5 col-lg-33\">    <div class=\"post-box post-stub post-588166 visit_saimaa_product type-visit_saimaa_product status-publish has-post-thumbnail hentry servicecategory-saunas actioncategory-savonlinna-services relatedcontent-nature-hotel-and-spa-resort-jarvisydan responsible-company product well-being-health-and-beauty saunas priority-3\" data-openid=\"lakeside-saunas-at-kuru-2-588166-7\" data-contentid=\"2:588166\" data-showrelated=\"1\" id=\"lakeside-saunas-at-kuru-2-588166-7\">\n\n        <div class=\"vs_post_thumbnail\" style=\"background-image: url('https:\/\/visitsavonlinna.fi\/wp-content\/themes\/visitsavonlinna2021\/images\/default.jpg')\" data-attachment=\"570748-2\"><\/div>        \n        <div class=\"image_overlay\"><\/div>\n                    <div class=\"company-name\">Nature Hotel &amp; Spa Resort J\u00e4rvisyd\u00e4n<\/div>\n                            <div class=\"responsible-icon\">\n                <img decoding=\"async\" src=\"https:\/\/visitsavonlinna.fi\/wp-content\/plugins\/visitsaimaa-content\/images\/responsibility-icons\/vastuullinen_yritys_kulma_plain_small.png\" alt=\"Responsible company\"\/>\n            <\/div>\n                \n        \n                <a href=\"https:\/\/visitsavonlinna.fi\/en\/products\/lakeside-saunas-at-kuru\/\"  class=\" get-post-details\" title=\"Lakeside Saunas at Kuru\">\n            <span class=\"info\">\n                                    <span class=\"category\">Savonlinna services<\/span>\n                \n                                <span class=\"h3\">Lakeside Saunas at Kuru<\/span>\n                                            <\/span><!-- \/.info -->\n        <\/a>\n\n    <\/div>\n    <\/div><div class=\"col-xs-10 col-sm-5 col-lg-33\">    <div class=\"post-box filler \" style=\"background-color: #ffffff;\">\n        <div class=\"icon\"><\/div>\n                    <div class=\"background-icon\" style=\" background-image: url('');\" ><\/div>\n        \n        \n                            \n    <\/div>\n\n    <\/div><div class=\"col-xs-10 col-sm-5 col-lg-33\">    <div class=\"post-box filler \" style=\"background-color: #ffffff;\">\n        <div class=\"icon\"><\/div>\n                    <div class=\"background-icon\" style=\" background-image: url('');\" ><\/div>\n        \n        \n                            \n    <\/div>\n\n    <\/div><\/div><!-- row --><\/div><!-- \/.row -->\n                        <\/div><!--\/.posts-list-grid -->[\/vc_column][\/vc_row][vc_row][vc_column][\/vc_column][\/vc_row]<\/p>\n","protected":false},"excerpt":{"rendered":"<p>[vc_row][vc_column width=&#8221;1\/4&#8243;][\/vc_column][vc_column width=&#8221;1\/2&#8243;][vc_column_text] Saunas in the Savonlinna region Sauna on the shore of Lake Saimaa and a dip in the clean lake water &#8211; what could be better? There are [&hellip;]<\/p>\n","protected":false},"author":55,"featured_media":536683,"parent":0,"menu_order":0,"comment_status":"closed","ping_status":"closed","template":"","meta":{"footnotes":""},"relatedcontent":[],"class_list":["post-536682","page","type-page","status-publish","has-post-thumbnail","hentry","product","well-being-health-and-beauty","saunas","priority-3"],"yoast_head":"<!-- This site is optimized with the Yoast SEO Premium plugin v27.3 (Yoast SEO v27.2) - https:\/\/yoast.com\/product\/yoast-seo-premium-wordpress\/ -->\n<title>Lake Saimaa saunas I Rent a sauna I Savonlinna I Finland<\/title>\n<meta name=\"description\" content=\"Spend a refreshing sauna evening or try the smoke sauna, a truly unique experience. Rent a sauna for your group of friends.\" \/>\n<meta name=\"robots\" content=\"index, follow, max-snippet:-1, max-image-preview:large, max-video-preview:-1\" \/>\n<link rel=\"canonical\" href=\"https:\/\/visitsavonlinna.fi\/en\/saunas\/\" \/>\n<meta property=\"og:locale\" content=\"en_US\" \/>\n<meta property=\"og:type\" content=\"article\" \/>\n<meta property=\"og:title\" content=\"Lake Saimaa saunas I Rent a sauna I Savonlinna I Finland\" \/>\n<meta property=\"og:description\" content=\"Spend a refreshing sauna evening or try the smoke sauna, a truly unique experience. Rent a sauna for your group of friends.\" \/>\n<meta property=\"og:url\" content=\"https:\/\/visitsavonlinna.fi\/en\/saunas\/\" \/>\n<meta property=\"og:site_name\" content=\"Visit Savonlinna\" \/>\n<meta property=\"article:modified_time\" content=\"2025-06-17T18:00:27+00:00\" \/>\n<meta property=\"og:image\" content=\"https:\/\/visitsavonlinna.fi\/wp-content\/uploads\/sites\/2\/2023\/04\/saunas-in-savonlinna-lake-saimaa-inkeritalo-punkaharju.jpg\" \/>\n\t<meta property=\"og:image:width\" content=\"2000\" \/>\n\t<meta property=\"og:image:height\" content=\"1066\" \/>\n\t<meta property=\"og:image:type\" content=\"image\/jpeg\" \/>\n<meta name=\"twitter:card\" content=\"summary_large_image\" \/>\n<meta name=\"twitter:label1\" content=\"Est. reading time\" \/>\n\t<meta name=\"twitter:data1\" content=\"2 minutes\" \/>\n<script type=\"application\/ld+json\" class=\"yoast-schema-graph\">{\"@context\":\"https:\/\/schema.org\",\"@graph\":[{\"@type\":\"WebPage\",\"@id\":\"https:\/\/visitsavonlinna.fi\/en\/saunas\/\",\"url\":\"https:\/\/visitsavonlinna.fi\/en\/saunas\/\",\"name\":\"Lake Saimaa saunas I Rent a sauna I Savonlinna I Finland\",\"isPartOf\":{\"@id\":\"https:\/\/visitsavonlinna.fi\/#website\"},\"primaryImageOfPage\":{\"@id\":\"https:\/\/visitsavonlinna.fi\/en\/saunas\/#primaryimage\"},\"image\":{\"@id\":\"https:\/\/visitsavonlinna.fi\/en\/saunas\/#primaryimage\"},\"thumbnailUrl\":\"https:\/\/visitsavonlinna.fi\/wp-content\/uploads\/sites\/2\/2023\/04\/saunas-in-savonlinna-lake-saimaa-inkeritalo-punkaharju.jpg\",\"datePublished\":\"2023-04-20T11:05:36+00:00\",\"dateModified\":\"2025-06-17T18:00:27+00:00\",\"description\":\"Spend a refreshing sauna evening or try the smoke sauna, a truly unique experience. Rent a sauna for your group of friends.\",\"breadcrumb\":{\"@id\":\"https:\/\/visitsavonlinna.fi\/en\/saunas\/#breadcrumb\"},\"inLanguage\":\"en-US\",\"potentialAction\":[{\"@type\":\"ReadAction\",\"target\":[\"https:\/\/visitsavonlinna.fi\/en\/saunas\/\"]}]},{\"@type\":\"ImageObject\",\"inLanguage\":\"en-US\",\"@id\":\"https:\/\/visitsavonlinna.fi\/en\/saunas\/#primaryimage\",\"url\":\"https:\/\/visitsavonlinna.fi\/wp-content\/uploads\/sites\/2\/2023\/04\/saunas-in-savonlinna-lake-saimaa-inkeritalo-punkaharju.jpg\",\"contentUrl\":\"https:\/\/visitsavonlinna.fi\/wp-content\/uploads\/sites\/2\/2023\/04\/saunas-in-savonlinna-lake-saimaa-inkeritalo-punkaharju.jpg\",\"width\":2000,\"height\":1066,\"caption\":\"saunas-in savonlinna-lake saimaa-inkeritalo-punkaharju\"},{\"@type\":\"BreadcrumbList\",\"@id\":\"https:\/\/visitsavonlinna.fi\/en\/saunas\/#breadcrumb\",\"itemListElement\":[{\"@type\":\"ListItem\",\"position\":1,\"name\":\"Visitsavonlinna.fi\",\"item\":\"https:\/\/visitsavonlinna.fi\/en\/\"},{\"@type\":\"ListItem\",\"position\":2,\"name\":\"Saunas in the Savonlinna region\"}]},{\"@type\":\"WebSite\",\"@id\":\"https:\/\/visitsavonlinna.fi\/#website\",\"url\":\"https:\/\/visitsavonlinna.fi\/\",\"name\":\"Visit Savonlinna\",\"description\":\"\",\"potentialAction\":[{\"@type\":\"SearchAction\",\"target\":{\"@type\":\"EntryPoint\",\"urlTemplate\":\"https:\/\/visitsavonlinna.fi\/?s={search_term_string}\"},\"query-input\":{\"@type\":\"PropertyValueSpecification\",\"valueRequired\":true,\"valueName\":\"search_term_string\"}}],\"inLanguage\":\"en-US\"}]}<\/script>\n<!-- \/ Yoast SEO Premium plugin. -->","yoast_head_json":{"title":"Lake Saimaa saunas I Rent a sauna I Savonlinna I Finland","description":"Spend a refreshing sauna evening or try the smoke sauna, a truly unique experience. Rent a sauna for your group of friends.","robots":{"index":"index","follow":"follow","max-snippet":"max-snippet:-1","max-image-preview":"max-image-preview:large","max-video-preview":"max-video-preview:-1"},"canonical":"https:\/\/visitsavonlinna.fi\/en\/saunas\/","og_locale":"en_US","og_type":"article","og_title":"Lake Saimaa saunas I Rent a sauna I Savonlinna I Finland","og_description":"Spend a refreshing sauna evening or try the smoke sauna, a truly unique experience. Rent a sauna for your group of friends.","og_url":"https:\/\/visitsavonlinna.fi\/en\/saunas\/","og_site_name":"Visit Savonlinna","article_modified_time":"2025-06-17T18:00:27+00:00","og_image":[{"width":2000,"height":1066,"url":"https:\/\/visitsavonlinna.fi\/wp-content\/uploads\/sites\/2\/2023\/04\/saunas-in-savonlinna-lake-saimaa-inkeritalo-punkaharju.jpg","type":"image\/jpeg"}],"twitter_card":"summary_large_image","twitter_misc":{"Est. reading time":"2 minutes"},"schema":{"@context":"https:\/\/schema.org","@graph":[{"@type":"WebPage","@id":"https:\/\/visitsavonlinna.fi\/en\/saunas\/","url":"https:\/\/visitsavonlinna.fi\/en\/saunas\/","name":"Lake Saimaa saunas I Rent a sauna I Savonlinna I Finland","isPartOf":{"@id":"https:\/\/visitsavonlinna.fi\/#website"},"primaryImageOfPage":{"@id":"https:\/\/visitsavonlinna.fi\/en\/saunas\/#primaryimage"},"image":{"@id":"https:\/\/visitsavonlinna.fi\/en\/saunas\/#primaryimage"},"thumbnailUrl":"https:\/\/visitsavonlinna.fi\/wp-content\/uploads\/sites\/2\/2023\/04\/saunas-in-savonlinna-lake-saimaa-inkeritalo-punkaharju.jpg","datePublished":"2023-04-20T11:05:36+00:00","dateModified":"2025-06-17T18:00:27+00:00","description":"Spend a refreshing sauna evening or try the smoke sauna, a truly unique experience. Rent a sauna for your group of friends.","breadcrumb":{"@id":"https:\/\/visitsavonlinna.fi\/en\/saunas\/#breadcrumb"},"inLanguage":"en-US","potentialAction":[{"@type":"ReadAction","target":["https:\/\/visitsavonlinna.fi\/en\/saunas\/"]}]},{"@type":"ImageObject","inLanguage":"en-US","@id":"https:\/\/visitsavonlinna.fi\/en\/saunas\/#primaryimage","url":"https:\/\/visitsavonlinna.fi\/wp-content\/uploads\/sites\/2\/2023\/04\/saunas-in-savonlinna-lake-saimaa-inkeritalo-punkaharju.jpg","contentUrl":"https:\/\/visitsavonlinna.fi\/wp-content\/uploads\/sites\/2\/2023\/04\/saunas-in-savonlinna-lake-saimaa-inkeritalo-punkaharju.jpg","width":2000,"height":1066,"caption":"saunas-in savonlinna-lake saimaa-inkeritalo-punkaharju"},{"@type":"BreadcrumbList","@id":"https:\/\/visitsavonlinna.fi\/en\/saunas\/#breadcrumb","itemListElement":[{"@type":"ListItem","position":1,"name":"Visitsavonlinna.fi","item":"https:\/\/visitsavonlinna.fi\/en\/"},{"@type":"ListItem","position":2,"name":"Saunas in the Savonlinna region"}]},{"@type":"WebSite","@id":"https:\/\/visitsavonlinna.fi\/#website","url":"https:\/\/visitsavonlinna.fi\/","name":"Visit Savonlinna","description":"","potentialAction":[{"@type":"SearchAction","target":{"@type":"EntryPoint","urlTemplate":"https:\/\/visitsavonlinna.fi\/?s={search_term_string}"},"query-input":{"@type":"PropertyValueSpecification","valueRequired":true,"valueName":"search_term_string"}}],"inLanguage":"en-US"}]}},"_links":{"self":[{"href":"https:\/\/visitsavonlinna.fi\/en\/wp-json\/wp\/v2\/pages\/536682","targetHints":{"allow":["GET"]}}],"collection":[{"href":"https:\/\/visitsavonlinna.fi\/en\/wp-json\/wp\/v2\/pages"}],"about":[{"href":"https:\/\/visitsavonlinna.fi\/en\/wp-json\/wp\/v2\/types\/page"}],"author":[{"embeddable":true,"href":"https:\/\/visitsavonlinna.fi\/en\/wp-json\/wp\/v2\/users\/55"}],"replies":[{"embeddable":true,"href":"https:\/\/visitsavonlinna.fi\/en\/wp-json\/wp\/v2\/comments?post=536682"}],"version-history":[{"count":8,"href":"https:\/\/visitsavonlinna.fi\/en\/wp-json\/wp\/v2\/pages\/536682\/revisions"}],"predecessor-version":[{"id":574309,"href":"https:\/\/visitsavonlinna.fi\/en\/wp-json\/wp\/v2\/pages\/536682\/revisions\/574309"}],"wp:featuredmedia":[{"embeddable":true,"href":"https:\/\/visitsavonlinna.fi\/en\/wp-json\/wp\/v2\/media\/536683"}],"wp:attachment":[{"href":"https:\/\/visitsavonlinna.fi\/en\/wp-json\/wp\/v2\/media?parent=536682"}],"wp:term":[{"taxonomy":"relatedcontent","embeddable":true,"href":"https:\/\/visitsavonlinna.fi\/en\/wp-json\/wp\/v2\/relatedcontent?post=536682"}],"curies":[{"name":"wp","href":"https:\/\/api.w.org\/{rel}","templated":true}]}}