{"id":259279,"date":"2023-01-27T15:13:46","date_gmt":"2023-01-27T13:13:46","guid":{"rendered":"https:\/\/visitsavonlinna.fi\/?page_id=259279"},"modified":"2025-08-07T18:20:16","modified_gmt":"2025-08-07T15:20:16","slug":"visit-savonlinna","status":"publish","type":"page","link":"https:\/\/visitsavonlinna.fi\/sv\/","title":{"rendered":"Visit Savonlinna"},"content":{"rendered":"<p>[vc_row css=&#8221;.vc_custom_1567148115795{margin-bottom: 50px !important;}&#8221;][vc_column width=&#8221;1\/4&#8243;][\/vc_column][vc_column width=&#8221;1\/2&#8243;][vc_empty_space height=&#8221;64px&#8221;][vc_column_text]<\/p>\n<h1 style=\"text-align: center\">V\u00e4lkommen till Nyslott<\/h1>\n<p style=\"text-align: center\">Den urgamla sk\u00e4rg\u00e5rds- och slottsstaden Nyslott med sina omgivande byar erbjuder s\u00e5 mycket att se och uppleva \u00e5ret runt. Det finns gott om kultur, upplevelser och attraktioner att njuta av. Du \u00e4r varmt v\u00e4lkommen att tillbringa en of\u00f6rgl\u00f6mlig semester vid Saimen!<\/p>\n<p>[\/vc_column_text][\/vc_column][vc_column width=&#8221;1\/4&#8243;][\/vc_column][\/vc_row][vc_row full_width=&#8221;stretch_row&#8221; equal_height=&#8221;yes&#8221; css=&#8221;.vc_custom_1663072359825{margin-top: -80px !important;}&#8221;][vc_column width=&#8221;1\/4&#8243; css=&#8221;.vc_custom_1624289645046{border-right-width: 2px !important;padding-top: 80px !important;padding-bottom: 30px !important;padding-left: 30px !important;background-color: #f1eadd !important;border-right-color: #ffffff !important;border-right-style: solid !important;border-radius: 2px !important;}&#8221;][vc_column_text css=&#8221;.vc_custom_1674824853119{padding-right: 10px !important;padding-left: 10px !important;}&#8221;]<\/p>\n<h3 style=\"text-align: center\">Virtuell rundtur<\/h3>\n<p style=\"text-align: center\">Har du funderat p\u00e5 hur Nyslottsregionen ser ut?<\/p>\n<p style=\"text-align: center\"><a href=\"https:\/\/www.virtualtour.visitsavonlinna.fi\/\">Utforska Nyslott virtuellt \u00bb<\/a><\/p>\n<p>[\/vc_column_text][\/vc_column][vc_column width=&#8221;1\/4&#8243; css=&#8221;.vc_custom_1624289649040{border-right-width: 2px !important;padding-top: 80px !important;padding-bottom: 30px !important;padding-left: 30px !important;background-color: #f1eadd !important;border-right-color: #ffffff !important;border-right-style: solid !important;border-radius: 2px !important;}&#8221;][vc_column_text css=&#8221;.vc_custom_1674824916998{padding-right: 10px !important;padding-left: 10px !important;}&#8221;]<\/p>\n<h3 style=\"text-align: center\">Evenemangskalender<\/h3>\n<p style=\"text-align: center\">Vart ska man g\u00e5? Vad ska man g\u00f6ra? Kolla in evenemangskalendern!<\/p>\n<p style=\"text-align: center\"><a href=\"https:\/\/tapahtumat.savonlinna.fi\/en-FI\">\u00a0Se evenemangen \u00bb<\/a><\/p>\n<p>[\/vc_column_text][\/vc_column][vc_column width=&#8221;1\/4&#8243; css=&#8221;.vc_custom_1663075990205{border-right-width: 2px !important;padding-top: 80px !important;padding-bottom: 30px !important;padding-left: 30px !important;background-color: #f1eadd !important;border-right-color: #ffffff !important;border-right-style: solid !important;border-radius: 2px !important;}&#8221;][vc_column_text css=&#8221;.vc_custom_1754474667590{padding-right: 10px !important;padding-left: 10px !important;}&#8221;]<\/p>\n<h3 style=\"text-align: center;\">K\u00f6p Online<\/h3>\n<p style=\"text-align: center;\">Kolla in aktiviteterna i Nyslottsregionen och k\u00f6p i f\u00f6rv\u00e4g.<\/p>\n<p style=\"text-align: center;\"><a href=\"https:\/\/visitsavonlinna.fi\/en\/lake-saimaa-shop\/\">Se produkterna \u00bb<\/a><\/p>\n<p>[\/vc_column_text][\/vc_column][vc_column width=&#8221;1\/4&#8243; css=&#8221;.vc_custom_1624289656079{padding-top: 80px !important;padding-bottom: 30px !important;padding-left: 30px !important;background-color: #f1eadd !important;}&#8221;][vc_column_text css=&#8221;.vc_custom_1674825024110{padding-right: 10px !important;padding-left: 10px !important;}&#8221;]<\/p>\n<h3 style=\"text-align: center\">Rutter och stigar<\/h3>\n<p style=\"text-align: center\">Promenera, cykla, paddla, \u00e5ka skidor eller \u00e5ka skridskor? Vilken v\u00e4g v\u00e4ljer du?<\/p>\n<p style=\"text-align: center\"><a href=\"https:\/\/visitsavonlinna.fi\/en\/routes\/#filter=r-fullyTranslatedLangus-,r-onlyOpened-,sb-sortedBy-0\">L\u00e4r k\u00e4nna rutter och destinationer \u00bb<\/a><\/p>\n<p>[\/vc_column_text][\/vc_column][\/vc_row][vc_row][vc_column][vc_empty_space][\/vc_column][\/vc_row][vc_row][vc_column][vc_column_text]<\/p>\n<h2 style=\"text-align: center\">Vi rekommenderar<\/h2>\n<p>[\/vc_column_text][\/vc_column][\/vc_row][vc_row][vc_column][vc_empty_space][\/vc_column][\/vc_row][vc_row][vc_column]<div class=\"posts-list-grid wpb_content_element\">\n                            <div class=\"row no-gutter\"><div class=\"col-xs-12 col-md-5\">    <div class=\"post-box-buttoned post-box post-344250 page type-page status-publish has-post-thumbnail hentry\"  data-contentid=\"2:344250\"  id=\"nyslotts-operafestival-2-344250-1\">\n\n        <div class=\"vs_post_thumbnail\" style=\"background-image: url('https:\/\/visitsavonlinna.fi\/wp-content\/themes\/visitsavonlinna2021\/images\/default.jpg')\" data-attachment=\"371002-2\"><\/div>        <a href=\"https:\/\/visitsavonlinna.fi\/sv\/nyslotts-operafestival\/\"  class=\"back-to-canonical \" title=\"Nyslotts operafestival\">\n            <span class=\"info\">\n              \n\n                                <button class=\"btn btn-primary\">Nyslotts operafestival<\/button>\n               \n            <\/span><!-- \/.info -->\n        <\/a>\n\n    <\/div>\n    <\/div><div class=\"col-xs-12 col-md-5\">    <div class=\"post-box-buttoned post-box post-460880 page type-page status-publish has-post-thumbnail hentry\"  data-contentid=\"2:460880\"  id=\"saimenvikare-2-460880-2\">\n\n        <div class=\"vs_post_thumbnail\" style=\"background-image: url('https:\/\/visitsavonlinna.fi\/wp-content\/themes\/visitsavonlinna2021\/images\/default.jpg')\" data-attachment=\"460881-2\"><\/div>        <a href=\"https:\/\/visitsavonlinna.fi\/sv\/saimenvikare\/\"  class=\"back-to-canonical \" title=\"Saimenvikare och s\u00e4lsafarier\">\n            <span class=\"info\">\n              \n\n                                <button class=\"btn btn-primary\">Saimenvikare och s\u00e4lsafarier<\/button>\n               \n            <\/span><!-- \/.info -->\n        <\/a>\n\n    <\/div>\n    <\/div><div class=\"col-xs-12 col-md-5\">    <div class=\"post-box-buttoned post-box post-532153 page type-page status-publish has-post-thumbnail hentry\"  data-contentid=\"2:532153\"  id=\"kryssningar-pa-saimen-2-532153-3\">\n\n        <div class=\"vs_post_thumbnail\" style=\"background-image: url('https:\/\/visitsavonlinna.fi\/wp-content\/themes\/visitsavonlinna2021\/images\/default.jpg')\" data-attachment=\"532163-2\"><\/div>        <a href=\"https:\/\/visitsavonlinna.fi\/sv\/kryssningar-pa-saimen\/\"  class=\"back-to-canonical \" title=\"Kryssningar p\u00e5 Saimen\">\n            <span class=\"info\">\n              \n\n                                <button class=\"btn btn-primary\">Kryssningar p\u00e5 Saimen<\/button>\n               \n            <\/span><!-- \/.info -->\n        <\/a>\n\n    <\/div>\n    <\/div><\/div><!-- \/.row -->\n                            <\/div><!--\/.posts-list-grid -->[\/vc_column][\/vc_row][vc_row disable_element=&#8221;yes&#8221;][vc_column width=&#8221;1\/3&#8243;][\/vc_column][\/vc_row][vc_row][vc_column][vc_empty_space][\/vc_column][\/vc_row][vc_row][vc_column][vc_column_text]<\/p>\n<h2 style=\"text-align: center\">Tj\u00e4nster<\/h2>\n<p>[\/vc_column_text][vc_empty_space][\/vc_column][\/vc_row][vc_row][vc_column width=&#8221;1\/2&#8243; css=&#8221;.vc_custom_1677499877249{padding-top: 160px !important;padding-bottom: 160px !important;background-image: url(https:\/\/visitsavonlinna.fi\/wp-content\/uploads\/sites\/2\/2023\/02\/boende-i-nyslott-saimen-finland.jpg?id=461194) !important;background-position: center !important;background-repeat: no-repeat !important;background-size: cover !important;}&#8221;][vc_btn title=&#8221;Boende&#8221; style=&#8221;flat&#8221; color=&#8221;black&#8221; align=&#8221;center&#8221; el_class=&#8221;btn-saimaa&#8221; link=&#8221;url:https%3A%2F%2Fvisitsavonlinna.fi%2Fen%2Faccommodation%2F&#8221;][\/vc_column][vc_column width=&#8221;1\/2&#8243; css=&#8221;.vc_custom_1677499944444{padding-top: 160px !important;padding-bottom: 160px !important;background-image: url(https:\/\/visitsavonlinna.fi\/wp-content\/uploads\/sites\/2\/2023\/02\/ata-och-shoppa-1.jpg?id=461198) !important;background-position: center !important;background-repeat: no-repeat !important;background-size: cover !important;}&#8221;][vc_btn title=&#8221;\u00c4ta och shoppa&#8221; style=&#8221;flat&#8221; color=&#8221;black&#8221; align=&#8221;center&#8221; el_class=&#8221;btn-saimaa&#8221; link=&#8221;url:https%3A%2F%2Fvisitsavonlinna.fi%2Fen%2Feat-and-shop%2F&#8221;][\/vc_column][\/vc_row][vc_row][vc_column][vc_empty_space][\/vc_column][\/vc_row][vc_row][vc_column][vc_empty_space][vc_column_text css=&#8221;&#8221;]<\/p>\n<h2 style=\"text-align: center;\">Boka aktiviteter online<\/h2>\n<p>[\/vc_column_text][vc_raw_html]JTNDc2NyaXB0JTIwdHlwZSUzRCUyMnRleHQlMkZqYXZhc2NyaXB0JTIyJTIwc3JjJTNEJTIyaHR0cHMlM0ElMkYlMkZ3aWRnZXRzLmJva3VuLmlvJTJGYXNzZXRzJTJGamF2YXNjcmlwdHMlMkZhcHBzJTJGYnVpbGQlMkZCb2t1bldpZGdldHNMb2FkZXIuanMlM0Zib29raW5nQ2hhbm5lbFVVSUQlM0Q0NWQxN2IwOC0xOGRmLTQyYjgtODg0Ni1hMjhmYWUyZjVkY2UlMjIlMjBhc3luYyUzRSUzQyUyRnNjcmlwdCUzRSUwQSUyMCUyMCUyMCUyMCUyMCUwQSUyMCUyMCUyMCUyMCUzQ2RpdiUyMGNsYXNzJTNEJTIyYm9rdW5XaWRnZXQlMjIlMjBkYXRhLXNyYyUzRCUyMmh0dHBzJTNBJTJGJTJGd2lkZ2V0cy5ib2t1bi5pbyUyRm9ubGluZS1zYWxlcyUyRjQ1ZDE3YjA4LTE4ZGYtNDJiOC04ODQ2LWEyOGZhZTJmNWRjZSUyRnByb2R1Y3QtbGlzdCUyRjY1NjAwJTIyJTNFJTNDJTJGZGl2JTNFJTBBJTIwJTIwJTIwJTIwJTNDbm9zY3JpcHQlM0VQbGVhc2UlMjBlbmFibGUlMjBqYXZhc2NyaXB0JTIwaW4lMjB5b3VyJTIwYnJvd3NlciUyMHRvJTIwYm9vayUzQyUyRm5vc2NyaXB0JTNFJTBB[\/vc_raw_html][\/vc_column][\/vc_row][vc_row][vc_column][vc_empty_space][\/vc_column][\/vc_row][vc_row][vc_column][vc_column_text]<\/p>\n<h2 style=\"text-align: center\">Aktuellt i regionen just nu<\/h2>\n<p>[\/vc_column_text][\/vc_column][\/vc_row][vc_row][vc_column][vc_raw_html css=&#8221;&#8221;]JTNDc2NyaXB0JTIwdHlwZSUzRCUyN3RleHQlMkZqYXZhc2NyaXB0JTI3JTIwc3JjJTNEJTI3aHR0cHMlM0ElMkYlMkZ0YXBhaHR1bWF0LnNhdm9ubGlubmEuZmklMkZ3aWRnZXQtbG9hZGVyJTJGNjY1OThhMTA3NDM2MGQ1MDNiN2MwNzUyJTI3JTNFJTNDJTJGc2NyaXB0JTNFJTNDZGl2JTIwaWQlM0QlMjdFVkVOVFpXSURHRVQtNjY1OThhMTA3NDM2MGQ1MDNiN2MwNzUyJTI3JTIwY2xhc3MlM0QlMjdFVkVOVFpXSURHRVQlMjclM0UlM0MlMkZkaXYlM0U=[\/vc_raw_html][\/vc_column][\/vc_row][vc_row][vc_column][vc_empty_space][\/vc_column][\/vc_row][vc_row][vc_column][vc_column_text]<\/p>\n<h2 style=\"text-align: center\">Perille.fi reses\u00f6kning ber\u00e4ttar hur du tar dig till Nyslott<\/h2>\n<p>[\/vc_column_text][vc_row_inner][vc_column_inner width=&#8221;1\/4&#8243;][vc_column_text][\/vc_column_text][\/vc_column_inner][vc_column_inner width=&#8221;1\/4&#8243;][vc_column_text]Att planera en resa och k\u00f6pa en biljett g\u00e5r enkelt och snabbt med tj\u00e4nsten Perille.fi. Tj\u00e4nsten kan anv\u00e4ndas f\u00f6r att j\u00e4mf\u00f6ra buss-, t\u00e5g-, fartygs-, f\u00e4rje- och taxipriser, restider, restiden och resmetodens milj\u00f6p\u00e5verkan. Du kan ocks\u00e5 j\u00e4mf\u00f6ra alternativen med din egen bil.[\/vc_column_text][\/vc_column_inner][vc_column_inner width=&#8221;1\/4&#8243;][vc_raw_html]JTNDZGl2JTIwc3R5bGUlM0QlMjJ3aWR0aCUzQTI1MHB4JTNCYm9yZGVyLXJhZGl1cyUzQTNweCUzQnBhZGRpbmclM0EwJTNCbWFyZ2luJTNBMCUyMiUzRSUzQ2lmcmFtZSUyMHNyYyUzRCUyMmh0dHBzJTNBJTJGJTJGd3d3LnBlcmlsbGUuZmklMkZzdiUyRnBlcmlsbGV3aWRnZXQlM0YlMjZzaXRlJTNEdmlzaXRzYXZvbmxpbm5hLmZpJTJGc3YlMjIlMjB0aXRsZSUzRCUyMldpZGdldCUyMiUyMGhlaWdodCUzRCUyMjMwMHB4JTIyJTIwd2lkdGglM0QlMjIxMDAlMjUlMjIlMjBzY3JvbGxpbmclM0QlMjJubyUyMiUyMHN0eWxlJTNEJTIyYm9yZGVyLXJhZGl1cyUzQTNweCUzQmJvcmRlciUzQW5vbmUlMjIlM0UlM0MlMkZpZnJhbWUlM0UlM0NzcGFuJTIwc3R5bGUlM0QlMjJ0ZXh0LWFsaWduJTNBY2VudGVyJTNCZm9udC1zaXplJTNBMTJweCUzQmRpc3BsYXklM0FibG9jayUzQmNvbG9yJTNBYmxhY2slMjIlM0UlM0NhJTIwaHJlZiUzRCUyMmh0dHBzJTNBJTJGJTJGd3d3LnBlcmlsbGUuZmklMkZzdiUzRnV0bV9zb3VyY2UlM0R2aXNpdHNhdm9ubGlubmEuZmklMkZzdiUyNnV0bV9tZWRpdW0lM0R3aWRnZXQlMjZ1dG1fY2FtcGFpZ24lM0R2aXNpdHNhdm9ubGlubmEuZmklMkZzdiUyMiUyMHRhcmdldCUzRCUyMl9ibGFuayUyMiUyMHN0eWxlJTNEJTIyY29sb3IlM0ElMjMwMDc0YzIlM0J0ZXh0LWRlY29yYXRpb24lM0Fub25lJTIyJTNFJUMyJUE5JTIwcGVyaWxsZS5maSUzQyUyRmElM0UlM0MlMkZzcGFuJTNFJTNDJTJGZGl2JTNF[\/vc_raw_html][\/vc_column_inner][vc_column_inner width=&#8221;1\/4&#8243;][vc_column_text][\/vc_column_text][\/vc_column_inner][\/vc_row_inner][\/vc_column][\/vc_row]<\/p>\n","protected":false},"excerpt":{"rendered":"<p>[vc_row css=&#8221;.vc_custom_1567148115795{margin-bottom: 50px !important;}&#8221;][vc_column width=&#8221;1\/4&#8243;][\/vc_column][vc_column width=&#8221;1\/2&#8243;][vc_empty_space height=&#8221;64px&#8221;][vc_column_text] V\u00e4lkommen till Nyslott Den urgamla sk\u00e4rg\u00e5rds- och slottsstaden Nyslott med sina omgivande byar erbjuder s\u00e5 mycket att se och uppleva \u00e5ret runt. Det [&hellip;]<\/p>\n","protected":false},"author":1,"featured_media":261217,"parent":0,"menu_order":0,"comment_status":"closed","ping_status":"closed","template":"","meta":{"footnotes":""},"relatedcontent":[],"class_list":["post-259279","page","type-page","status-publish","has-post-thumbnail","hentry"],"yoast_head":"<!-- This site is optimized with the Yoast SEO Premium plugin v27.3 (Yoast SEO v27.4) - https:\/\/yoast.com\/product\/yoast-seo-premium-wordpress\/ -->\n<title>Visit Savonlinna | Nyslottsregionen | Saimen<\/title>\n<meta name=\"description\" content=\"L\u00e4r k\u00e4nna Nyslottsregionen och dess underbara natur och rena vatten i sj\u00f6n Saimen. I Nyslott kan du uppleva kultur, natur och g\u00e4stfrihet n\u00e4r de \u00e4r som b\u00e4st.\" \/>\n<meta name=\"robots\" content=\"index, follow, max-snippet:-1, max-image-preview:large, max-video-preview:-1\" \/>\n<link rel=\"canonical\" href=\"https:\/\/visitsavonlinna.fi\/sv\/\" \/>\n<meta property=\"og:locale\" content=\"sv_SE\" \/>\n<meta property=\"og:type\" content=\"article\" \/>\n<meta property=\"og:title\" content=\"Visit Savonlinna\" \/>\n<meta property=\"og:description\" content=\"L\u00e4r k\u00e4nna Nyslottsregionen och dess underbara natur och rena vatten i sj\u00f6n Saimen. I Nyslott kan du uppleva kultur, natur och g\u00e4stfrihet n\u00e4r de \u00e4r som b\u00e4st.\" \/>\n<meta property=\"og:url\" content=\"https:\/\/visitsavonlinna.fi\/sv\/\" \/>\n<meta property=\"og:site_name\" content=\"Visit Savonlinna\" \/>\n<meta property=\"article:modified_time\" content=\"2025-08-07T15:20:16+00:00\" \/>\n<meta property=\"og:image\" content=\"https:\/\/visitsavonlinna.fi\/wp-content\/uploads\/sites\/2\/2022\/04\/Savonlinna-saimaa-olavinlinna.jpg\" \/>\n\t<meta property=\"og:image:width\" content=\"2048\" \/>\n\t<meta property=\"og:image:height\" content=\"747\" \/>\n\t<meta property=\"og:image:type\" content=\"image\/jpeg\" \/>\n<meta name=\"twitter:card\" content=\"summary_large_image\" \/>\n<meta name=\"twitter:label1\" content=\"Ber\u00e4knad l\u00e4stid\" \/>\n\t<meta name=\"twitter:data1\" content=\"3 minuter\" \/>\n<script type=\"application\/ld+json\" class=\"yoast-schema-graph\">{\"@context\":\"https:\\\/\\\/schema.org\",\"@graph\":[{\"@type\":\"WebPage\",\"@id\":\"https:\\\/\\\/visitsavonlinna.fi\\\/sv\\\/\",\"url\":\"https:\\\/\\\/visitsavonlinna.fi\\\/sv\\\/\",\"name\":\"Visit Savonlinna | Nyslottsregionen | Saimen\",\"isPartOf\":{\"@id\":\"https:\\\/\\\/visitsavonlinna.fi\\\/#website\"},\"primaryImageOfPage\":{\"@id\":\"https:\\\/\\\/visitsavonlinna.fi\\\/sv\\\/#primaryimage\"},\"image\":{\"@id\":\"https:\\\/\\\/visitsavonlinna.fi\\\/sv\\\/#primaryimage\"},\"thumbnailUrl\":\"https:\\\/\\\/visitsavonlinna.fi\\\/wp-content\\\/uploads\\\/sites\\\/2\\\/2022\\\/04\\\/Savonlinna-saimaa-olavinlinna.jpg\",\"datePublished\":\"2023-01-27T13:13:46+00:00\",\"dateModified\":\"2025-08-07T15:20:16+00:00\",\"description\":\"L\u00e4r k\u00e4nna Nyslottsregionen och dess underbara natur och rena vatten i sj\u00f6n Saimen. I Nyslott kan du uppleva kultur, natur och g\u00e4stfrihet n\u00e4r de \u00e4r som b\u00e4st.\",\"breadcrumb\":{\"@id\":\"https:\\\/\\\/visitsavonlinna.fi\\\/sv\\\/#breadcrumb\"},\"inLanguage\":\"sv-SE\",\"potentialAction\":[{\"@type\":\"ReadAction\",\"target\":[\"https:\\\/\\\/visitsavonlinna.fi\\\/sv\\\/\"]}]},{\"@type\":\"ImageObject\",\"inLanguage\":\"sv-SE\",\"@id\":\"https:\\\/\\\/visitsavonlinna.fi\\\/sv\\\/#primaryimage\",\"url\":\"https:\\\/\\\/visitsavonlinna.fi\\\/wp-content\\\/uploads\\\/sites\\\/2\\\/2022\\\/04\\\/Savonlinna-saimaa-olavinlinna.jpg\",\"contentUrl\":\"https:\\\/\\\/visitsavonlinna.fi\\\/wp-content\\\/uploads\\\/sites\\\/2\\\/2022\\\/04\\\/Savonlinna-saimaa-olavinlinna.jpg\",\"width\":2048,\"height\":747,\"caption\":\"Savonlinna saimaa olavinlinna\"},{\"@type\":\"BreadcrumbList\",\"@id\":\"https:\\\/\\\/visitsavonlinna.fi\\\/sv\\\/#breadcrumb\",\"itemListElement\":[{\"@type\":\"ListItem\",\"position\":1,\"name\":\"Visitsavonlinna.fi\",\"item\":\"https:\\\/\\\/visitsavonlinna.fi\\\/sv\\\/\"},{\"@type\":\"ListItem\",\"position\":2,\"name\":\"Visit Savonlinna\"}]},{\"@type\":\"WebSite\",\"@id\":\"https:\\\/\\\/visitsavonlinna.fi\\\/#website\",\"url\":\"https:\\\/\\\/visitsavonlinna.fi\\\/\",\"name\":\"Visit Savonlinna\",\"description\":\"\",\"potentialAction\":[{\"@type\":\"SearchAction\",\"target\":{\"@type\":\"EntryPoint\",\"urlTemplate\":\"https:\\\/\\\/visitsavonlinna.fi\\\/?s={search_term_string}\"},\"query-input\":{\"@type\":\"PropertyValueSpecification\",\"valueRequired\":true,\"valueName\":\"search_term_string\"}}],\"inLanguage\":\"sv-SE\"}]}<\/script>\n<!-- \/ Yoast SEO Premium plugin. -->","yoast_head_json":{"title":"Visit Savonlinna | Nyslottsregionen | Saimen","description":"L\u00e4r k\u00e4nna Nyslottsregionen och dess underbara natur och rena vatten i sj\u00f6n Saimen. I Nyslott kan du uppleva kultur, natur och g\u00e4stfrihet n\u00e4r de \u00e4r som b\u00e4st.","robots":{"index":"index","follow":"follow","max-snippet":"max-snippet:-1","max-image-preview":"max-image-preview:large","max-video-preview":"max-video-preview:-1"},"canonical":"https:\/\/visitsavonlinna.fi\/sv\/","og_locale":"sv_SE","og_type":"article","og_title":"Visit Savonlinna","og_description":"L\u00e4r k\u00e4nna Nyslottsregionen och dess underbara natur och rena vatten i sj\u00f6n Saimen. I Nyslott kan du uppleva kultur, natur och g\u00e4stfrihet n\u00e4r de \u00e4r som b\u00e4st.","og_url":"https:\/\/visitsavonlinna.fi\/sv\/","og_site_name":"Visit Savonlinna","article_modified_time":"2025-08-07T15:20:16+00:00","og_image":[{"width":2048,"height":747,"url":"https:\/\/visitsavonlinna.fi\/wp-content\/uploads\/sites\/2\/2022\/04\/Savonlinna-saimaa-olavinlinna.jpg","type":"image\/jpeg"}],"twitter_card":"summary_large_image","twitter_misc":{"Ber\u00e4knad l\u00e4stid":"3 minuter"},"schema":{"@context":"https:\/\/schema.org","@graph":[{"@type":"WebPage","@id":"https:\/\/visitsavonlinna.fi\/sv\/","url":"https:\/\/visitsavonlinna.fi\/sv\/","name":"Visit Savonlinna | Nyslottsregionen | Saimen","isPartOf":{"@id":"https:\/\/visitsavonlinna.fi\/#website"},"primaryImageOfPage":{"@id":"https:\/\/visitsavonlinna.fi\/sv\/#primaryimage"},"image":{"@id":"https:\/\/visitsavonlinna.fi\/sv\/#primaryimage"},"thumbnailUrl":"https:\/\/visitsavonlinna.fi\/wp-content\/uploads\/sites\/2\/2022\/04\/Savonlinna-saimaa-olavinlinna.jpg","datePublished":"2023-01-27T13:13:46+00:00","dateModified":"2025-08-07T15:20:16+00:00","description":"L\u00e4r k\u00e4nna Nyslottsregionen och dess underbara natur och rena vatten i sj\u00f6n Saimen. I Nyslott kan du uppleva kultur, natur och g\u00e4stfrihet n\u00e4r de \u00e4r som b\u00e4st.","breadcrumb":{"@id":"https:\/\/visitsavonlinna.fi\/sv\/#breadcrumb"},"inLanguage":"sv-SE","potentialAction":[{"@type":"ReadAction","target":["https:\/\/visitsavonlinna.fi\/sv\/"]}]},{"@type":"ImageObject","inLanguage":"sv-SE","@id":"https:\/\/visitsavonlinna.fi\/sv\/#primaryimage","url":"https:\/\/visitsavonlinna.fi\/wp-content\/uploads\/sites\/2\/2022\/04\/Savonlinna-saimaa-olavinlinna.jpg","contentUrl":"https:\/\/visitsavonlinna.fi\/wp-content\/uploads\/sites\/2\/2022\/04\/Savonlinna-saimaa-olavinlinna.jpg","width":2048,"height":747,"caption":"Savonlinna saimaa olavinlinna"},{"@type":"BreadcrumbList","@id":"https:\/\/visitsavonlinna.fi\/sv\/#breadcrumb","itemListElement":[{"@type":"ListItem","position":1,"name":"Visitsavonlinna.fi","item":"https:\/\/visitsavonlinna.fi\/sv\/"},{"@type":"ListItem","position":2,"name":"Visit Savonlinna"}]},{"@type":"WebSite","@id":"https:\/\/visitsavonlinna.fi\/#website","url":"https:\/\/visitsavonlinna.fi\/","name":"Visit Savonlinna","description":"","potentialAction":[{"@type":"SearchAction","target":{"@type":"EntryPoint","urlTemplate":"https:\/\/visitsavonlinna.fi\/?s={search_term_string}"},"query-input":{"@type":"PropertyValueSpecification","valueRequired":true,"valueName":"search_term_string"}}],"inLanguage":"sv-SE"}]}},"_links":{"self":[{"href":"https:\/\/visitsavonlinna.fi\/sv\/wp-json\/wp\/v2\/pages\/259279","targetHints":{"allow":["GET"]}}],"collection":[{"href":"https:\/\/visitsavonlinna.fi\/sv\/wp-json\/wp\/v2\/pages"}],"about":[{"href":"https:\/\/visitsavonlinna.fi\/sv\/wp-json\/wp\/v2\/types\/page"}],"author":[{"embeddable":true,"href":"https:\/\/visitsavonlinna.fi\/sv\/wp-json\/wp\/v2\/users\/1"}],"replies":[{"embeddable":true,"href":"https:\/\/visitsavonlinna.fi\/sv\/wp-json\/wp\/v2\/comments?post=259279"}],"version-history":[{"count":45,"href":"https:\/\/visitsavonlinna.fi\/sv\/wp-json\/wp\/v2\/pages\/259279\/revisions"}],"predecessor-version":[{"id":575665,"href":"https:\/\/visitsavonlinna.fi\/sv\/wp-json\/wp\/v2\/pages\/259279\/revisions\/575665"}],"wp:featuredmedia":[{"embeddable":true,"href":"https:\/\/visitsavonlinna.fi\/sv\/wp-json\/wp\/v2\/media\/261217"}],"wp:attachment":[{"href":"https:\/\/visitsavonlinna.fi\/sv\/wp-json\/wp\/v2\/media?parent=259279"}],"wp:term":[{"taxonomy":"relatedcontent","embeddable":true,"href":"https:\/\/visitsavonlinna.fi\/sv\/wp-json\/wp\/v2\/relatedcontent?post=259279"}],"curies":[{"name":"wp","href":"https:\/\/api.w.org\/{rel}","templated":true}]}}