{"id":344250,"date":"2023-01-31T14:35:47","date_gmt":"2023-01-31T12:35:47","guid":{"rendered":"https:\/\/visitsavonlinna.fi\/?page_id=344250"},"modified":"2024-04-23T15:55:35","modified_gmt":"2024-04-23T12:55:35","slug":"nyslotts-operafestival","status":"publish","type":"page","link":"https:\/\/visitsavonlinna.fi\/sv\/nyslotts-operafestival\/","title":{"rendered":"Nyslotts operafestival"},"content":{"rendered":"<p>[vc_row][vc_column width=&#8221;1\/4&#8243;][\/vc_column][vc_column width=&#8221;1\/2&#8243;][vc_column_text]<\/p>\n<h1 class=\"css-1wnvjz2\" style=\"text-align: center\">F\u00f6rstklassig opera i ett medeltida slott<\/h1>\n<p class=\"css-1wnvjz2\" style=\"text-align: center\">Nyslotts operafestival \u00e4r Finlands fr\u00e4msta kulturh\u00e4ndelse. Evenemanget \u00e4r v\u00e4rldsber\u00f6mt f\u00f6r f\u00f6rstklassiga operaf\u00f6rest\u00e4llningar och konserter och lockar varje sommar musik\u00e4lskare fr\u00e5n hela v\u00e4rlden till den charmiga sj\u00f6n\u00e4ra staden Nyslott. Den m\u00e5nadsl\u00e5nga festivalen h\u00e5lls i Olofsborg, ett m\u00e4ktigt medeltida slott vid Finlands st\u00f6rsta sj\u00f6. Detta skapar en unik och dramatisk atmosf\u00e4r f\u00f6r de 70 000 bes\u00f6karna. Inne p\u00e5 festivalomr\u00e5det h\u00e4nf\u00f6rs bes\u00f6karna av klassiker och s\u00e4llan uppsatta verk vid sidan av v\u00e4rldspremi\u00e4rer och g\u00e4stspelande produktioner fr\u00e5n uppskattade operahus som La Scala.<\/p>\n<p>[\/vc_column_text][\/vc_column][vc_column width=&#8221;1\/4&#8243;][\/vc_column][\/vc_row][vc_row][vc_column width=&#8221;1\/4&#8243;][vc_empty_space][\/vc_column][vc_column width=&#8221;1\/2&#8243; css=&#8221;.vc_custom_1677223677701{padding-top: 160px !important;padding-bottom: 160px !important;background-image: url(https:\/\/visitsavonlinna.fi\/wp-content\/uploads\/sites\/2\/2023\/02\/nyslotts-operafestival.jpg?id=460888) !important;background-position: center !important;background-repeat: no-repeat !important;background-size: cover !important;}&#8221;][vc_empty_space][vc_btn title=&#8221;K\u00f6pa biljetter till s\u00e4songen 2024 \u00bb&#8221; style=&#8221;flat&#8221; color=&#8221;black&#8221; align=&#8221;center&#8221; css=&#8221;&#8221; el_class=&#8221;btn-saimaa&#8221; link=&#8221;url:https%3A%2F%2Foperafestival.fi%2Fen%2F|target:_blank&#8221;][\/vc_column][vc_column width=&#8221;1\/4&#8243;][\/vc_column][\/vc_row][vc_row][vc_column][\/vc_column][\/vc_row][vc_row][vc_column][vc_empty_space][vc_empty_space][\/vc_column][\/vc_row]<\/p>\n","protected":false},"excerpt":{"rendered":"<p>[vc_row][vc_column width=&#8221;1\/4&#8243;][\/vc_column][vc_column width=&#8221;1\/2&#8243;][vc_column_text] F\u00f6rstklassig opera i ett medeltida slott Nyslotts operafestival \u00e4r Finlands fr\u00e4msta kulturh\u00e4ndelse. Evenemanget \u00e4r v\u00e4rldsber\u00f6mt f\u00f6r f\u00f6rstklassiga operaf\u00f6rest\u00e4llningar och konserter och lockar varje sommar musik\u00e4lskare fr\u00e5n hela [&hellip;]<\/p>\n","protected":false},"author":55,"featured_media":371002,"parent":0,"menu_order":0,"comment_status":"closed","ping_status":"closed","template":"","meta":{"footnotes":""},"relatedcontent":[],"class_list":["post-344250","page","type-page","status-publish","has-post-thumbnail","hentry"],"yoast_head":"<!-- This site is optimized with the Yoast SEO Premium plugin v27.3 (Yoast SEO v27.2) - https:\/\/yoast.com\/product\/yoast-seo-premium-wordpress\/ -->\n<title>Nyslotts operafestival I Insj\u00f6finland I Sj\u00f6distriktet I Finland<\/title>\n<meta name=\"description\" content=\"Varje juli lockar Nyslotts operafestival, Finlands mest k\u00e4nda kulturevenemang, 70 000 bes\u00f6kare till Nyslott.\" \/>\n<meta name=\"robots\" content=\"index, follow, max-snippet:-1, max-image-preview:large, max-video-preview:-1\" \/>\n<link rel=\"canonical\" href=\"https:\/\/visitsavonlinna.fi\/sv\/nyslotts-operafestival\/\" \/>\n<meta property=\"og:locale\" content=\"sv_SE\" \/>\n<meta property=\"og:type\" content=\"article\" \/>\n<meta property=\"og:title\" content=\"Nyslotts operafestival I Insj\u00f6finland I Sj\u00f6distriktet I Finland\" \/>\n<meta property=\"og:description\" content=\"Varje juli lockar Nyslotts operafestival, Finlands mest k\u00e4nda kulturevenemang, 70 000 bes\u00f6kare till Nyslott.\" \/>\n<meta property=\"og:url\" content=\"https:\/\/visitsavonlinna.fi\/sv\/nyslotts-operafestival\/\" \/>\n<meta property=\"og:site_name\" content=\"Visit Savonlinna\" \/>\n<meta property=\"article:modified_time\" content=\"2024-04-23T12:55:35+00:00\" \/>\n<meta property=\"og:image\" content=\"https:\/\/visitsavonlinna.fi\/wp-content\/uploads\/sites\/2\/2023\/01\/nyslotts-operafestival-olavinlinna-romeo-och-julia-insjofinland.jpg\" \/>\n\t<meta property=\"og:image:width\" content=\"2048\" \/>\n\t<meta property=\"og:image:height\" content=\"884\" \/>\n\t<meta property=\"og:image:type\" content=\"image\/jpeg\" \/>\n<meta name=\"twitter:card\" content=\"summary_large_image\" \/>\n<meta name=\"twitter:label1\" content=\"Ber\u00e4knad l\u00e4stid\" \/>\n\t<meta name=\"twitter:data1\" content=\"1 minut\" \/>\n<script type=\"application\/ld+json\" class=\"yoast-schema-graph\">{\"@context\":\"https:\/\/schema.org\",\"@graph\":[{\"@type\":\"WebPage\",\"@id\":\"https:\/\/visitsavonlinna.fi\/sv\/nyslotts-operafestival\/\",\"url\":\"https:\/\/visitsavonlinna.fi\/sv\/nyslotts-operafestival\/\",\"name\":\"Nyslotts operafestival I Insj\u00f6finland I Sj\u00f6distriktet I Finland\",\"isPartOf\":{\"@id\":\"https:\/\/visitsavonlinna.fi\/#website\"},\"primaryImageOfPage\":{\"@id\":\"https:\/\/visitsavonlinna.fi\/sv\/nyslotts-operafestival\/#primaryimage\"},\"image\":{\"@id\":\"https:\/\/visitsavonlinna.fi\/sv\/nyslotts-operafestival\/#primaryimage\"},\"thumbnailUrl\":\"https:\/\/visitsavonlinna.fi\/wp-content\/uploads\/sites\/2\/2023\/01\/nyslotts-operafestival-olavinlinna-romeo-och-julia-insjofinland.jpg\",\"datePublished\":\"2023-01-31T12:35:47+00:00\",\"dateModified\":\"2024-04-23T12:55:35+00:00\",\"description\":\"Varje juli lockar Nyslotts operafestival, Finlands mest k\u00e4nda kulturevenemang, 70 000 bes\u00f6kare till Nyslott.\",\"breadcrumb\":{\"@id\":\"https:\/\/visitsavonlinna.fi\/sv\/nyslotts-operafestival\/#breadcrumb\"},\"inLanguage\":\"sv-SE\",\"potentialAction\":[{\"@type\":\"ReadAction\",\"target\":[\"https:\/\/visitsavonlinna.fi\/sv\/nyslotts-operafestival\/\"]}]},{\"@type\":\"ImageObject\",\"inLanguage\":\"sv-SE\",\"@id\":\"https:\/\/visitsavonlinna.fi\/sv\/nyslotts-operafestival\/#primaryimage\",\"url\":\"https:\/\/visitsavonlinna.fi\/wp-content\/uploads\/sites\/2\/2023\/01\/nyslotts-operafestival-olavinlinna-romeo-och-julia-insjofinland.jpg\",\"contentUrl\":\"https:\/\/visitsavonlinna.fi\/wp-content\/uploads\/sites\/2\/2023\/01\/nyslotts-operafestival-olavinlinna-romeo-och-julia-insjofinland.jpg\",\"width\":2048,\"height\":884,\"caption\":\"nyslotts operafestival olavinlinna romeo och julia insj\u00f6finland\"},{\"@type\":\"BreadcrumbList\",\"@id\":\"https:\/\/visitsavonlinna.fi\/sv\/nyslotts-operafestival\/#breadcrumb\",\"itemListElement\":[{\"@type\":\"ListItem\",\"position\":1,\"name\":\"Visitsavonlinna.fi\",\"item\":\"https:\/\/visitsavonlinna.fi\/sv\/\"},{\"@type\":\"ListItem\",\"position\":2,\"name\":\"Nyslotts operafestival\"}]},{\"@type\":\"WebSite\",\"@id\":\"https:\/\/visitsavonlinna.fi\/#website\",\"url\":\"https:\/\/visitsavonlinna.fi\/\",\"name\":\"Visit Savonlinna\",\"description\":\"\",\"potentialAction\":[{\"@type\":\"SearchAction\",\"target\":{\"@type\":\"EntryPoint\",\"urlTemplate\":\"https:\/\/visitsavonlinna.fi\/?s={search_term_string}\"},\"query-input\":{\"@type\":\"PropertyValueSpecification\",\"valueRequired\":true,\"valueName\":\"search_term_string\"}}],\"inLanguage\":\"sv-SE\"}]}<\/script>\n<!-- \/ Yoast SEO Premium plugin. -->","yoast_head_json":{"title":"Nyslotts operafestival I Insj\u00f6finland I Sj\u00f6distriktet I Finland","description":"Varje juli lockar Nyslotts operafestival, Finlands mest k\u00e4nda kulturevenemang, 70 000 bes\u00f6kare till Nyslott.","robots":{"index":"index","follow":"follow","max-snippet":"max-snippet:-1","max-image-preview":"max-image-preview:large","max-video-preview":"max-video-preview:-1"},"canonical":"https:\/\/visitsavonlinna.fi\/sv\/nyslotts-operafestival\/","og_locale":"sv_SE","og_type":"article","og_title":"Nyslotts operafestival I Insj\u00f6finland I Sj\u00f6distriktet I Finland","og_description":"Varje juli lockar Nyslotts operafestival, Finlands mest k\u00e4nda kulturevenemang, 70 000 bes\u00f6kare till Nyslott.","og_url":"https:\/\/visitsavonlinna.fi\/sv\/nyslotts-operafestival\/","og_site_name":"Visit Savonlinna","article_modified_time":"2024-04-23T12:55:35+00:00","og_image":[{"width":2048,"height":884,"url":"https:\/\/visitsavonlinna.fi\/wp-content\/uploads\/sites\/2\/2023\/01\/nyslotts-operafestival-olavinlinna-romeo-och-julia-insjofinland.jpg","type":"image\/jpeg"}],"twitter_card":"summary_large_image","twitter_misc":{"Ber\u00e4knad l\u00e4stid":"1 minut"},"schema":{"@context":"https:\/\/schema.org","@graph":[{"@type":"WebPage","@id":"https:\/\/visitsavonlinna.fi\/sv\/nyslotts-operafestival\/","url":"https:\/\/visitsavonlinna.fi\/sv\/nyslotts-operafestival\/","name":"Nyslotts operafestival I Insj\u00f6finland I Sj\u00f6distriktet I Finland","isPartOf":{"@id":"https:\/\/visitsavonlinna.fi\/#website"},"primaryImageOfPage":{"@id":"https:\/\/visitsavonlinna.fi\/sv\/nyslotts-operafestival\/#primaryimage"},"image":{"@id":"https:\/\/visitsavonlinna.fi\/sv\/nyslotts-operafestival\/#primaryimage"},"thumbnailUrl":"https:\/\/visitsavonlinna.fi\/wp-content\/uploads\/sites\/2\/2023\/01\/nyslotts-operafestival-olavinlinna-romeo-och-julia-insjofinland.jpg","datePublished":"2023-01-31T12:35:47+00:00","dateModified":"2024-04-23T12:55:35+00:00","description":"Varje juli lockar Nyslotts operafestival, Finlands mest k\u00e4nda kulturevenemang, 70 000 bes\u00f6kare till Nyslott.","breadcrumb":{"@id":"https:\/\/visitsavonlinna.fi\/sv\/nyslotts-operafestival\/#breadcrumb"},"inLanguage":"sv-SE","potentialAction":[{"@type":"ReadAction","target":["https:\/\/visitsavonlinna.fi\/sv\/nyslotts-operafestival\/"]}]},{"@type":"ImageObject","inLanguage":"sv-SE","@id":"https:\/\/visitsavonlinna.fi\/sv\/nyslotts-operafestival\/#primaryimage","url":"https:\/\/visitsavonlinna.fi\/wp-content\/uploads\/sites\/2\/2023\/01\/nyslotts-operafestival-olavinlinna-romeo-och-julia-insjofinland.jpg","contentUrl":"https:\/\/visitsavonlinna.fi\/wp-content\/uploads\/sites\/2\/2023\/01\/nyslotts-operafestival-olavinlinna-romeo-och-julia-insjofinland.jpg","width":2048,"height":884,"caption":"nyslotts operafestival olavinlinna romeo och julia insj\u00f6finland"},{"@type":"BreadcrumbList","@id":"https:\/\/visitsavonlinna.fi\/sv\/nyslotts-operafestival\/#breadcrumb","itemListElement":[{"@type":"ListItem","position":1,"name":"Visitsavonlinna.fi","item":"https:\/\/visitsavonlinna.fi\/sv\/"},{"@type":"ListItem","position":2,"name":"Nyslotts operafestival"}]},{"@type":"WebSite","@id":"https:\/\/visitsavonlinna.fi\/#website","url":"https:\/\/visitsavonlinna.fi\/","name":"Visit Savonlinna","description":"","potentialAction":[{"@type":"SearchAction","target":{"@type":"EntryPoint","urlTemplate":"https:\/\/visitsavonlinna.fi\/?s={search_term_string}"},"query-input":{"@type":"PropertyValueSpecification","valueRequired":true,"valueName":"search_term_string"}}],"inLanguage":"sv-SE"}]}},"_links":{"self":[{"href":"https:\/\/visitsavonlinna.fi\/sv\/wp-json\/wp\/v2\/pages\/344250","targetHints":{"allow":["GET"]}}],"collection":[{"href":"https:\/\/visitsavonlinna.fi\/sv\/wp-json\/wp\/v2\/pages"}],"about":[{"href":"https:\/\/visitsavonlinna.fi\/sv\/wp-json\/wp\/v2\/types\/page"}],"author":[{"embeddable":true,"href":"https:\/\/visitsavonlinna.fi\/sv\/wp-json\/wp\/v2\/users\/55"}],"replies":[{"embeddable":true,"href":"https:\/\/visitsavonlinna.fi\/sv\/wp-json\/wp\/v2\/comments?post=344250"}],"version-history":[{"count":7,"href":"https:\/\/visitsavonlinna.fi\/sv\/wp-json\/wp\/v2\/pages\/344250\/revisions"}],"predecessor-version":[{"id":556238,"href":"https:\/\/visitsavonlinna.fi\/sv\/wp-json\/wp\/v2\/pages\/344250\/revisions\/556238"}],"wp:featuredmedia":[{"embeddable":true,"href":"https:\/\/visitsavonlinna.fi\/sv\/wp-json\/wp\/v2\/media\/371002"}],"wp:attachment":[{"href":"https:\/\/visitsavonlinna.fi\/sv\/wp-json\/wp\/v2\/media?parent=344250"}],"wp:term":[{"taxonomy":"relatedcontent","embeddable":true,"href":"https:\/\/visitsavonlinna.fi\/sv\/wp-json\/wp\/v2\/relatedcontent?post=344250"}],"curies":[{"name":"wp","href":"https:\/\/api.w.org\/{rel}","templated":true}]}}