{"id":460823,"date":"2023-02-23T15:59:57","date_gmt":"2023-02-23T13:59:57","guid":{"rendered":"https:\/\/visitsavonlinna.fi\/?page_id=460823"},"modified":"2023-02-24T09:17:50","modified_gmt":"2023-02-24T07:17:50","slug":"se-och-upplev","status":"publish","type":"page","link":"https:\/\/visitsavonlinna.fi\/sv\/se-och-upplev\/","title":{"rendered":"Se och upplev"},"content":{"rendered":"<p>[vc_row][vc_column width=&#8221;1\/4&#8243;][\/vc_column][vc_column width=&#8221;1\/2&#8243;][vc_column_text]<\/p>\n<div id=\"tw-target-text-container\" class=\"tw-ta-container F0azHf tw-nfl\">\n<h1 dir=\"ltr\" style=\"text-align: center\" data-placeholder=\"K\u00e4\u00e4nn\u00f6s\">Se och upplev<\/h1>\n<p id=\"tw-target-text\" class=\"tw-data-text tw-text-large tw-ta\" dir=\"ltr\" style=\"text-align: center\" data-placeholder=\"K\u00e4\u00e4nn\u00f6s\"><span class=\"Y2IQFc\" lang=\"sv\"><strong>Nyslott ligger mitt i Saimen, Finlands st\u00f6rsta sj\u00f6, d\u00e4r den spektakul\u00e4ra och omv\u00e4xlande naturen \u00e4r o\u00f6vertr\u00e4ffad.<\/strong> <\/span><\/p>\n<p class=\"tw-data-text tw-text-large tw-ta\" dir=\"ltr\" style=\"text-align: center\" data-placeholder=\"K\u00e4\u00e4nn\u00f6s\"><span class=\"Y2IQFc\" lang=\"sv\">I Nyslott och dess omgivande byar kan du uppleva naturen, njuta av en m\u00e4ngd olika aktiviteter och bes\u00f6ka otaliga platser under \u00e5ret. Nyslottsregionen har en rik kultur och historia som intresserar bes\u00f6kare, liksom action och \u00e4ventyr. P\u00e5 sommaren \u00e4r det livliga Salutorget i Nyslott en fantastisk plats f\u00f6r att njuta av lokala delikatesser, kaffe och f\u00f6rfriskningar, medan restauranger \u00f6ppnar sina d\u00f6rrar f\u00f6r resen\u00e4rer och \u00e5ngfartyg som kryssar p\u00e5 sj\u00f6n Saimen. Vandrare och kanotister navigerar i de n\u00e4rliggande nationalparkerna, fiskare beger sig ut p\u00e5 vattnet och golfare beger sig till greenerna i Kerigolf och Rantasalmi Golf.<\/span><\/p>\n<p class=\"tw-data-text tw-text-large tw-ta\" dir=\"ltr\" style=\"text-align: center\" data-placeholder=\"K\u00e4\u00e4nn\u00f6s\"><span class=\"Y2IQFc\" lang=\"sv\">Unikt f\u00f6r regionen \u00e4r utflykterna till Saimen vikare som erbjuder en chans att se dessa utrotningshotade djur. En varm dag kan du ta ett dopp i Saimen f\u00f6r att svalka dig, eller njuta av solen p\u00e5 en sandstrand eller p\u00e5 en klippa med utsikt \u00f6ver landskapet. Utforska de vidstr\u00e4ckta skogarna i Nyslottsregionen fr\u00e5n h\u00e4stryggen eller till fots, eller cykla p\u00e5 omr\u00e5dets fridfulla cykelleder.<\/span><\/p>\n<p class=\"tw-data-text tw-text-large tw-ta\" dir=\"ltr\" style=\"text-align: center\" data-placeholder=\"K\u00e4\u00e4nn\u00f6s\"><span class=\"Y2IQFc\" lang=\"sv\">P\u00e5 vintern kan du prova l\u00e4ngd- och utf\u00f6rs\u00e5kning, sn\u00f6skor och isfiske, ta ett dopp i ett ish\u00e5l eller till och med flyta bland isen i en speciell torrdr\u00e4kt. Med en guide f\u00e5r du ut det mesta av din tid och aktiviteter. Alla typer av utflykter, samt turer i omr\u00e5det, kan bokas. Uthyrning av utrustning \u00e4r \u00f6ppen \u00e5ret runt p\u00e5 olika platser i regionen.<\/span><\/p>\n<p class=\"tw-data-text tw-text-large tw-ta\" dir=\"ltr\" style=\"text-align: center\" data-placeholder=\"K\u00e4\u00e4nn\u00f6s\"><span class=\"Y2IQFc\" lang=\"sv\">Tillsammans med den ber\u00f6mda Nyslottsoperafestivalen finns det m\u00e5nga konserter, teaterf\u00f6rest\u00e4llningar, stora sommarevenemang och sm\u00e5 lokala evenemang. Det finns ocks\u00e5 de m\u00e5nga sev\u00e4rdheterna och attraktionerna i Nyslott och det omgivande omr\u00e5det bes\u00f6k &#8211; l\u00e4mpliga f\u00f6r familjer och par s\u00e5v\u00e4l som grupper och \u00e4ventyrss\u00f6kande.<\/span><\/p>\n<\/div>\n<p>[\/vc_column_text][\/vc_column][vc_column width=&#8221;1\/4&#8243;][\/vc_column][\/vc_row][vc_row][vc_column][vc_empty_space][\/vc_column][\/vc_row][vc_row][vc_column][vc_column_text]<\/p>\n<h2 style=\"text-align: center;\">Vi rekommenderar<\/h2>\n<p>[\/vc_column_text][\/vc_column][\/vc_row][vc_row][vc_column][vc_empty_space][\/vc_column][\/vc_row][vc_row][vc_column]<div class=\"posts-list-grid wpb_content_element\">\n                            <div class=\"row no-gutter\"><div class=\"col-xs-12 col-md-5\">    <div class=\"post-box-buttoned post-box post-344250 page type-page status-publish has-post-thumbnail hentry\"  data-contentid=\"2:344250\"  id=\"nyslotts-operafestival-2-344250-1\">\n\n        <div class=\"vs_post_thumbnail\" style=\"background-image: url('https:\/\/visitsavonlinna.fi\/wp-content\/themes\/visitsavonlinna2021\/images\/default.jpg')\" data-attachment=\"371002-2\"><\/div>        <a href=\"https:\/\/visitsavonlinna.fi\/sv\/nyslotts-operafestival\/\"  class=\"back-to-canonical \" title=\"Nyslotts operafestival\">\n            <span class=\"info\">\n              \n\n                                <button class=\"btn btn-primary\">Nyslotts operafestival<\/button>\n               \n            <\/span><!-- \/.info -->\n        <\/a>\n\n    <\/div>\n    <\/div><div class=\"col-xs-12 col-md-5\">    <div class=\"post-box-buttoned post-box post-460880 page type-page status-publish has-post-thumbnail hentry\"  data-contentid=\"2:460880\"  id=\"saimenvikare-2-460880-2\">\n\n        <div class=\"vs_post_thumbnail\" style=\"background-image: url('https:\/\/visitsavonlinna.fi\/wp-content\/themes\/visitsavonlinna2021\/images\/default.jpg')\" data-attachment=\"460881-2\"><\/div>        <a href=\"https:\/\/visitsavonlinna.fi\/sv\/saimenvikare\/\"  class=\"back-to-canonical \" title=\"Saimenvikare och s\u00e4lsafarier\">\n            <span class=\"info\">\n              \n\n                                <button class=\"btn btn-primary\">Saimenvikare och s\u00e4lsafarier<\/button>\n               \n            <\/span><!-- \/.info -->\n        <\/a>\n\n    <\/div>\n    <\/div><\/div><!-- \/.row -->\n                            <\/div><!--\/.posts-list-grid -->[\/vc_column][\/vc_row]<\/p>\n","protected":false},"excerpt":{"rendered":"<p>[vc_row][vc_column width=&#8221;1\/4&#8243;][\/vc_column][vc_column width=&#8221;1\/2&#8243;][vc_column_text] Se och upplev Nyslott ligger mitt i Saimen, Finlands st\u00f6rsta sj\u00f6, d\u00e4r den spektakul\u00e4ra och omv\u00e4xlande naturen \u00e4r o\u00f6vertr\u00e4ffad. I Nyslott och dess omgivande byar kan du [&hellip;]<\/p>\n","protected":false},"author":55,"featured_media":460836,"parent":0,"menu_order":0,"comment_status":"closed","ping_status":"open","template":"","meta":{"footnotes":""},"relatedcontent":[],"class_list":["post-460823","page","type-page","status-publish","has-post-thumbnail","hentry"],"yoast_head":"<!-- This site is optimized with the Yoast SEO Premium plugin v27.3 (Yoast SEO v27.2) - https:\/\/yoast.com\/product\/yoast-seo-premium-wordpress\/ -->\n<title>Aktiviteter I Sev\u00e4rdheter I Nyslott I Saimen<\/title>\n<meta name=\"description\" content=\"Uppt\u00e4ck otaliga sev\u00e4rdheter och aktiviteter i Nyslott vid Saimen.\" \/>\n<meta name=\"robots\" content=\"index, follow, max-snippet:-1, max-image-preview:large, max-video-preview:-1\" \/>\n<link rel=\"canonical\" href=\"https:\/\/visitsavonlinna.fi\/sv\/se-och-upplev\/\" \/>\n<meta property=\"og:locale\" content=\"sv_SE\" \/>\n<meta property=\"og:type\" content=\"article\" \/>\n<meta property=\"og:title\" content=\"Aktiviteter I Sev\u00e4rdheter I Nyslott I Saimen\" \/>\n<meta property=\"og:description\" content=\"Uppt\u00e4ck otaliga sev\u00e4rdheter och aktiviteter i Nyslott vid Saimen.\" \/>\n<meta property=\"og:url\" content=\"https:\/\/visitsavonlinna.fi\/sv\/se-och-upplev\/\" \/>\n<meta property=\"og:site_name\" content=\"Visit Savonlinna\" \/>\n<meta property=\"article:modified_time\" content=\"2023-02-24T07:17:50+00:00\" \/>\n<meta property=\"og:image\" content=\"https:\/\/visitsavonlinna.fi\/wp-content\/uploads\/sites\/2\/2023\/02\/se-upplev-nyslott-saimen-finland.jpg\" \/>\n\t<meta property=\"og:image:width\" content=\"2048\" \/>\n\t<meta property=\"og:image:height\" content=\"1366\" \/>\n\t<meta property=\"og:image:type\" content=\"image\/jpeg\" \/>\n<meta name=\"twitter:card\" content=\"summary_large_image\" \/>\n<meta name=\"twitter:label1\" content=\"Ber\u00e4knad l\u00e4stid\" \/>\n\t<meta name=\"twitter:data1\" content=\"2 minuter\" \/>\n<script type=\"application\/ld+json\" class=\"yoast-schema-graph\">{\"@context\":\"https:\/\/schema.org\",\"@graph\":[{\"@type\":\"WebPage\",\"@id\":\"https:\/\/visitsavonlinna.fi\/sv\/se-och-upplev\/\",\"url\":\"https:\/\/visitsavonlinna.fi\/sv\/se-och-upplev\/\",\"name\":\"Aktiviteter I Sev\u00e4rdheter I Nyslott I Saimen\",\"isPartOf\":{\"@id\":\"https:\/\/visitsavonlinna.fi\/#website\"},\"primaryImageOfPage\":{\"@id\":\"https:\/\/visitsavonlinna.fi\/sv\/se-och-upplev\/#primaryimage\"},\"image\":{\"@id\":\"https:\/\/visitsavonlinna.fi\/sv\/se-och-upplev\/#primaryimage\"},\"thumbnailUrl\":\"https:\/\/visitsavonlinna.fi\/wp-content\/uploads\/sites\/2\/2023\/02\/se-upplev-nyslott-saimen-finland.jpg\",\"datePublished\":\"2023-02-23T13:59:57+00:00\",\"dateModified\":\"2023-02-24T07:17:50+00:00\",\"description\":\"Uppt\u00e4ck otaliga sev\u00e4rdheter och aktiviteter i Nyslott vid Saimen.\",\"breadcrumb\":{\"@id\":\"https:\/\/visitsavonlinna.fi\/sv\/se-och-upplev\/#breadcrumb\"},\"inLanguage\":\"sv-SE\",\"potentialAction\":[{\"@type\":\"ReadAction\",\"target\":[\"https:\/\/visitsavonlinna.fi\/sv\/se-och-upplev\/\"]}]},{\"@type\":\"ImageObject\",\"inLanguage\":\"sv-SE\",\"@id\":\"https:\/\/visitsavonlinna.fi\/sv\/se-och-upplev\/#primaryimage\",\"url\":\"https:\/\/visitsavonlinna.fi\/wp-content\/uploads\/sites\/2\/2023\/02\/se-upplev-nyslott-saimen-finland.jpg\",\"contentUrl\":\"https:\/\/visitsavonlinna.fi\/wp-content\/uploads\/sites\/2\/2023\/02\/se-upplev-nyslott-saimen-finland.jpg\",\"width\":2048,\"height\":1366,\"caption\":\"se-upplev-nyslott-saimen-finland\"},{\"@type\":\"BreadcrumbList\",\"@id\":\"https:\/\/visitsavonlinna.fi\/sv\/se-och-upplev\/#breadcrumb\",\"itemListElement\":[{\"@type\":\"ListItem\",\"position\":1,\"name\":\"Visitsavonlinna.fi\",\"item\":\"https:\/\/visitsavonlinna.fi\/sv\/\"},{\"@type\":\"ListItem\",\"position\":2,\"name\":\"Se och upplev\"}]},{\"@type\":\"WebSite\",\"@id\":\"https:\/\/visitsavonlinna.fi\/#website\",\"url\":\"https:\/\/visitsavonlinna.fi\/\",\"name\":\"Visit Savonlinna\",\"description\":\"\",\"potentialAction\":[{\"@type\":\"SearchAction\",\"target\":{\"@type\":\"EntryPoint\",\"urlTemplate\":\"https:\/\/visitsavonlinna.fi\/?s={search_term_string}\"},\"query-input\":{\"@type\":\"PropertyValueSpecification\",\"valueRequired\":true,\"valueName\":\"search_term_string\"}}],\"inLanguage\":\"sv-SE\"}]}<\/script>\n<!-- \/ Yoast SEO Premium plugin. -->","yoast_head_json":{"title":"Aktiviteter I Sev\u00e4rdheter I Nyslott I Saimen","description":"Uppt\u00e4ck otaliga sev\u00e4rdheter och aktiviteter i Nyslott vid Saimen.","robots":{"index":"index","follow":"follow","max-snippet":"max-snippet:-1","max-image-preview":"max-image-preview:large","max-video-preview":"max-video-preview:-1"},"canonical":"https:\/\/visitsavonlinna.fi\/sv\/se-och-upplev\/","og_locale":"sv_SE","og_type":"article","og_title":"Aktiviteter I Sev\u00e4rdheter I Nyslott I Saimen","og_description":"Uppt\u00e4ck otaliga sev\u00e4rdheter och aktiviteter i Nyslott vid Saimen.","og_url":"https:\/\/visitsavonlinna.fi\/sv\/se-och-upplev\/","og_site_name":"Visit Savonlinna","article_modified_time":"2023-02-24T07:17:50+00:00","og_image":[{"width":2048,"height":1366,"url":"https:\/\/visitsavonlinna.fi\/wp-content\/uploads\/sites\/2\/2023\/02\/se-upplev-nyslott-saimen-finland.jpg","type":"image\/jpeg"}],"twitter_card":"summary_large_image","twitter_misc":{"Ber\u00e4knad l\u00e4stid":"2 minuter"},"schema":{"@context":"https:\/\/schema.org","@graph":[{"@type":"WebPage","@id":"https:\/\/visitsavonlinna.fi\/sv\/se-och-upplev\/","url":"https:\/\/visitsavonlinna.fi\/sv\/se-och-upplev\/","name":"Aktiviteter I Sev\u00e4rdheter I Nyslott I Saimen","isPartOf":{"@id":"https:\/\/visitsavonlinna.fi\/#website"},"primaryImageOfPage":{"@id":"https:\/\/visitsavonlinna.fi\/sv\/se-och-upplev\/#primaryimage"},"image":{"@id":"https:\/\/visitsavonlinna.fi\/sv\/se-och-upplev\/#primaryimage"},"thumbnailUrl":"https:\/\/visitsavonlinna.fi\/wp-content\/uploads\/sites\/2\/2023\/02\/se-upplev-nyslott-saimen-finland.jpg","datePublished":"2023-02-23T13:59:57+00:00","dateModified":"2023-02-24T07:17:50+00:00","description":"Uppt\u00e4ck otaliga sev\u00e4rdheter och aktiviteter i Nyslott vid Saimen.","breadcrumb":{"@id":"https:\/\/visitsavonlinna.fi\/sv\/se-och-upplev\/#breadcrumb"},"inLanguage":"sv-SE","potentialAction":[{"@type":"ReadAction","target":["https:\/\/visitsavonlinna.fi\/sv\/se-och-upplev\/"]}]},{"@type":"ImageObject","inLanguage":"sv-SE","@id":"https:\/\/visitsavonlinna.fi\/sv\/se-och-upplev\/#primaryimage","url":"https:\/\/visitsavonlinna.fi\/wp-content\/uploads\/sites\/2\/2023\/02\/se-upplev-nyslott-saimen-finland.jpg","contentUrl":"https:\/\/visitsavonlinna.fi\/wp-content\/uploads\/sites\/2\/2023\/02\/se-upplev-nyslott-saimen-finland.jpg","width":2048,"height":1366,"caption":"se-upplev-nyslott-saimen-finland"},{"@type":"BreadcrumbList","@id":"https:\/\/visitsavonlinna.fi\/sv\/se-och-upplev\/#breadcrumb","itemListElement":[{"@type":"ListItem","position":1,"name":"Visitsavonlinna.fi","item":"https:\/\/visitsavonlinna.fi\/sv\/"},{"@type":"ListItem","position":2,"name":"Se och upplev"}]},{"@type":"WebSite","@id":"https:\/\/visitsavonlinna.fi\/#website","url":"https:\/\/visitsavonlinna.fi\/","name":"Visit Savonlinna","description":"","potentialAction":[{"@type":"SearchAction","target":{"@type":"EntryPoint","urlTemplate":"https:\/\/visitsavonlinna.fi\/?s={search_term_string}"},"query-input":{"@type":"PropertyValueSpecification","valueRequired":true,"valueName":"search_term_string"}}],"inLanguage":"sv-SE"}]}},"_links":{"self":[{"href":"https:\/\/visitsavonlinna.fi\/sv\/wp-json\/wp\/v2\/pages\/460823","targetHints":{"allow":["GET"]}}],"collection":[{"href":"https:\/\/visitsavonlinna.fi\/sv\/wp-json\/wp\/v2\/pages"}],"about":[{"href":"https:\/\/visitsavonlinna.fi\/sv\/wp-json\/wp\/v2\/types\/page"}],"author":[{"embeddable":true,"href":"https:\/\/visitsavonlinna.fi\/sv\/wp-json\/wp\/v2\/users\/55"}],"replies":[{"embeddable":true,"href":"https:\/\/visitsavonlinna.fi\/sv\/wp-json\/wp\/v2\/comments?post=460823"}],"version-history":[{"count":9,"href":"https:\/\/visitsavonlinna.fi\/sv\/wp-json\/wp\/v2\/pages\/460823\/revisions"}],"predecessor-version":[{"id":460887,"href":"https:\/\/visitsavonlinna.fi\/sv\/wp-json\/wp\/v2\/pages\/460823\/revisions\/460887"}],"wp:featuredmedia":[{"embeddable":true,"href":"https:\/\/visitsavonlinna.fi\/sv\/wp-json\/wp\/v2\/media\/460836"}],"wp:attachment":[{"href":"https:\/\/visitsavonlinna.fi\/sv\/wp-json\/wp\/v2\/media?parent=460823"}],"wp:term":[{"taxonomy":"relatedcontent","embeddable":true,"href":"https:\/\/visitsavonlinna.fi\/sv\/wp-json\/wp\/v2\/relatedcontent?post=460823"}],"curies":[{"name":"wp","href":"https:\/\/api.w.org\/{rel}","templated":true}]}}