{"id":460845,"date":"2023-02-23T16:43:01","date_gmt":"2023-02-23T14:43:01","guid":{"rendered":"https:\/\/visitsavonlinna.fi\/?page_id=460845"},"modified":"2023-02-23T16:43:07","modified_gmt":"2023-02-23T14:43:07","slug":"ata-och-shoppa","status":"publish","type":"page","link":"https:\/\/visitsavonlinna.fi\/sv\/ata-och-shoppa\/","title":{"rendered":"\u00c4ta och shoppa"},"content":{"rendered":"<p>[vc_row][vc_column width=&#8221;1\/4&#8243;][\/vc_column][vc_column width=&#8221;1\/2&#8243;][vc_column_text]<\/p>\n<div id=\"tw-target-text-container\" class=\"tw-ta-container F0azHf tw-nfl\">\n<h1 dir=\"ltr\" style=\"text-align: center\" data-placeholder=\"K\u00e4\u00e4nn\u00f6s\">\u00c4ta och shoppa<\/h1>\n<p id=\"tw-target-text\" class=\"tw-data-text tw-text-large tw-ta\" dir=\"ltr\" style=\"text-align: center\" data-placeholder=\"K\u00e4\u00e4nn\u00f6s\"><span class=\"Y2IQFc\" lang=\"sv\">Nyslott \u00e4r en stad med lokala delikatesser, f\u00e4rsk lokal mat (s\u00e4rskilt fisk!) och hantverkare. F\u00e4rska r\u00e5varor fr\u00e5n Saimen och den omgivande landsbygden utg\u00f6r basen f\u00f6r restauranger i och runt Nyslott. &#8221;Muikku&#8221; (sikl\u00f6k), s\u00e4rskilt fr\u00e5n sj\u00f6n Puruvesi, &#8221;Puruveden muikku&#8221;, \u00e4r en speciell favorit! F\u00f6rutom lokal mat erbjuder Nyslott \u00e4ven internationella r\u00e4tter.<\/span><\/p>\n<p class=\"tw-data-text tw-text-large tw-ta\" dir=\"ltr\" style=\"text-align: center\" data-placeholder=\"K\u00e4\u00e4nn\u00f6s\"><span class=\"Y2IQFc\" lang=\"sv\">Nyslotts kaffehuskultur \u00e4r av sitt slag. Inne i tr\u00e4husen i gamla historiska Nyslott finns utm\u00e4rkande sm\u00e5 kaf\u00e9er och sommarrestauranger. Nyslotts salutorg m\u00e5ste vara en av de vackraste platserna i v\u00e5rt land att fika p\u00e5. Folk tar med sina b\u00e5tar till Salutorget eftersom g\u00e4sthamnen ligger precis intill. Nyslott har sin egen speciella delikatess, &#8221;l\u00f6rtsy&#8221;. Antingen salta eller s\u00f6ta, denna bakade goding har spridit sig runt om i landet, men de mest autentiska finns bara i Nyslott.<\/span><\/p>\n<p class=\"tw-data-text tw-text-large tw-ta\" dir=\"ltr\" style=\"text-align: center\" data-placeholder=\"K\u00e4\u00e4nn\u00f6s\"><span class=\"Y2IQFc\" lang=\"sv\">Nyslott har l\u00e5nga traditioner inom \u00f6ltillverkning och \u00e4n idag har vi tre hantverksbryggerier: Waahto Brewery, Olaf Brewing och Karvilan Panimo. Du kan k\u00f6pa produkterna fr\u00e5n dessa bryggerier fr\u00e5n de flesta livsmedelsbutiker och restauranger i regionen.<\/span><\/p>\n<\/div>\n<div id=\"tw-target-rmn-container\" class=\"tw-target-rmn tw-ta-container F0azHf tw-nfl\">\n<pre id=\"tw-target-rmn\" class=\"tw-data-placeholder tw-text-small tw-ta\" dir=\"ltr\" data-placeholder=\"\"><\/pre>\n<\/div>\n<p>[\/vc_column_text][\/vc_column][vc_column width=&#8221;1\/4&#8243;][\/vc_column][\/vc_row]<\/p>\n","protected":false},"excerpt":{"rendered":"<p>[vc_row][vc_column width=&#8221;1\/4&#8243;][\/vc_column][vc_column width=&#8221;1\/2&#8243;][vc_column_text] \u00c4ta och shoppa Nyslott \u00e4r en stad med lokala delikatesser, f\u00e4rsk lokal mat (s\u00e4rskilt fisk!) och hantverkare. F\u00e4rska r\u00e5varor fr\u00e5n Saimen och den omgivande landsbygden utg\u00f6r basen [&hellip;]<\/p>\n","protected":false},"author":55,"featured_media":460846,"parent":0,"menu_order":0,"comment_status":"closed","ping_status":"closed","template":"","meta":{"footnotes":""},"relatedcontent":[],"class_list":["post-460845","page","type-page","status-publish","has-post-thumbnail","hentry"],"yoast_head":"<!-- This site is optimized with the Yoast SEO Premium plugin v27.3 (Yoast SEO v27.4) - https:\/\/yoast.com\/product\/yoast-seo-premium-wordpress\/ -->\n<title>\u00c4ta I Shoppa I Nyslott I Saimen<\/title>\n<meta name=\"description\" content=\"Njut av delikatesserna fr\u00e5n Nyslotts k\u00f6k och f\u00e4rska lokala r\u00e5varor fr\u00e5n Saimen, och kolla in shoppingm\u00f6jligheter f\u00f6r souvenirer.\" \/>\n<meta name=\"robots\" content=\"index, follow, max-snippet:-1, max-image-preview:large, max-video-preview:-1\" \/>\n<link rel=\"canonical\" href=\"https:\/\/visitsavonlinna.fi\/sv\/ata-och-shoppa\/\" \/>\n<meta property=\"og:locale\" content=\"sv_SE\" \/>\n<meta property=\"og:type\" content=\"article\" \/>\n<meta property=\"og:title\" content=\"\u00c4ta och shoppa\" \/>\n<meta property=\"og:description\" content=\"Njut av delikatesserna fr\u00e5n Nyslotts k\u00f6k och f\u00e4rska lokala r\u00e5varor fr\u00e5n Saimen, och kolla in shoppingm\u00f6jligheter f\u00f6r souvenirer.\" \/>\n<meta property=\"og:url\" content=\"https:\/\/visitsavonlinna.fi\/sv\/ata-och-shoppa\/\" \/>\n<meta property=\"og:site_name\" content=\"Visit Savonlinna\" \/>\n<meta property=\"article:modified_time\" content=\"2023-02-23T14:43:07+00:00\" \/>\n<meta property=\"og:image\" content=\"https:\/\/visitsavonlinna.fi\/wp-content\/uploads\/sites\/2\/2023\/02\/ata-och-shoppa-nyslott-saimen.jpg\" \/>\n\t<meta property=\"og:image:width\" content=\"2048\" \/>\n\t<meta property=\"og:image:height\" content=\"1366\" \/>\n\t<meta property=\"og:image:type\" content=\"image\/jpeg\" \/>\n<meta name=\"twitter:card\" content=\"summary_large_image\" \/>\n<meta name=\"twitter:label1\" content=\"Ber\u00e4knad l\u00e4stid\" \/>\n\t<meta name=\"twitter:data1\" content=\"2 minuter\" \/>\n<script type=\"application\/ld+json\" class=\"yoast-schema-graph\">{\"@context\":\"https:\\\/\\\/schema.org\",\"@graph\":[{\"@type\":\"WebPage\",\"@id\":\"https:\\\/\\\/visitsavonlinna.fi\\\/sv\\\/ata-och-shoppa\\\/\",\"url\":\"https:\\\/\\\/visitsavonlinna.fi\\\/sv\\\/ata-och-shoppa\\\/\",\"name\":\"\u00c4ta I Shoppa I Nyslott I Saimen\",\"isPartOf\":{\"@id\":\"https:\\\/\\\/visitsavonlinna.fi\\\/#website\"},\"primaryImageOfPage\":{\"@id\":\"https:\\\/\\\/visitsavonlinna.fi\\\/sv\\\/ata-och-shoppa\\\/#primaryimage\"},\"image\":{\"@id\":\"https:\\\/\\\/visitsavonlinna.fi\\\/sv\\\/ata-och-shoppa\\\/#primaryimage\"},\"thumbnailUrl\":\"https:\\\/\\\/visitsavonlinna.fi\\\/wp-content\\\/uploads\\\/sites\\\/2\\\/2023\\\/02\\\/ata-och-shoppa-nyslott-saimen.jpg\",\"datePublished\":\"2023-02-23T14:43:01+00:00\",\"dateModified\":\"2023-02-23T14:43:07+00:00\",\"description\":\"Njut av delikatesserna fr\u00e5n Nyslotts k\u00f6k och f\u00e4rska lokala r\u00e5varor fr\u00e5n Saimen, och kolla in shoppingm\u00f6jligheter f\u00f6r souvenirer.\",\"breadcrumb\":{\"@id\":\"https:\\\/\\\/visitsavonlinna.fi\\\/sv\\\/ata-och-shoppa\\\/#breadcrumb\"},\"inLanguage\":\"sv-SE\",\"potentialAction\":[{\"@type\":\"ReadAction\",\"target\":[\"https:\\\/\\\/visitsavonlinna.fi\\\/sv\\\/ata-och-shoppa\\\/\"]}]},{\"@type\":\"ImageObject\",\"inLanguage\":\"sv-SE\",\"@id\":\"https:\\\/\\\/visitsavonlinna.fi\\\/sv\\\/ata-och-shoppa\\\/#primaryimage\",\"url\":\"https:\\\/\\\/visitsavonlinna.fi\\\/wp-content\\\/uploads\\\/sites\\\/2\\\/2023\\\/02\\\/ata-och-shoppa-nyslott-saimen.jpg\",\"contentUrl\":\"https:\\\/\\\/visitsavonlinna.fi\\\/wp-content\\\/uploads\\\/sites\\\/2\\\/2023\\\/02\\\/ata-och-shoppa-nyslott-saimen.jpg\",\"width\":2048,\"height\":1366,\"caption\":\"\u00e4ta och shoppa nyslott saimen\"},{\"@type\":\"BreadcrumbList\",\"@id\":\"https:\\\/\\\/visitsavonlinna.fi\\\/sv\\\/ata-och-shoppa\\\/#breadcrumb\",\"itemListElement\":[{\"@type\":\"ListItem\",\"position\":1,\"name\":\"Visitsavonlinna.fi\",\"item\":\"https:\\\/\\\/visitsavonlinna.fi\\\/sv\\\/\"},{\"@type\":\"ListItem\",\"position\":2,\"name\":\"\u00c4ta och shoppa\"}]},{\"@type\":\"WebSite\",\"@id\":\"https:\\\/\\\/visitsavonlinna.fi\\\/#website\",\"url\":\"https:\\\/\\\/visitsavonlinna.fi\\\/\",\"name\":\"Visit Savonlinna\",\"description\":\"\",\"potentialAction\":[{\"@type\":\"SearchAction\",\"target\":{\"@type\":\"EntryPoint\",\"urlTemplate\":\"https:\\\/\\\/visitsavonlinna.fi\\\/?s={search_term_string}\"},\"query-input\":{\"@type\":\"PropertyValueSpecification\",\"valueRequired\":true,\"valueName\":\"search_term_string\"}}],\"inLanguage\":\"sv-SE\"}]}<\/script>\n<!-- \/ Yoast SEO Premium plugin. -->","yoast_head_json":{"title":"\u00c4ta I Shoppa I Nyslott I Saimen","description":"Njut av delikatesserna fr\u00e5n Nyslotts k\u00f6k och f\u00e4rska lokala r\u00e5varor fr\u00e5n Saimen, och kolla in shoppingm\u00f6jligheter f\u00f6r souvenirer.","robots":{"index":"index","follow":"follow","max-snippet":"max-snippet:-1","max-image-preview":"max-image-preview:large","max-video-preview":"max-video-preview:-1"},"canonical":"https:\/\/visitsavonlinna.fi\/sv\/ata-och-shoppa\/","og_locale":"sv_SE","og_type":"article","og_title":"\u00c4ta och shoppa","og_description":"Njut av delikatesserna fr\u00e5n Nyslotts k\u00f6k och f\u00e4rska lokala r\u00e5varor fr\u00e5n Saimen, och kolla in shoppingm\u00f6jligheter f\u00f6r souvenirer.","og_url":"https:\/\/visitsavonlinna.fi\/sv\/ata-och-shoppa\/","og_site_name":"Visit Savonlinna","article_modified_time":"2023-02-23T14:43:07+00:00","og_image":[{"width":2048,"height":1366,"url":"https:\/\/visitsavonlinna.fi\/wp-content\/uploads\/sites\/2\/2023\/02\/ata-och-shoppa-nyslott-saimen.jpg","type":"image\/jpeg"}],"twitter_card":"summary_large_image","twitter_misc":{"Ber\u00e4knad l\u00e4stid":"2 minuter"},"schema":{"@context":"https:\/\/schema.org","@graph":[{"@type":"WebPage","@id":"https:\/\/visitsavonlinna.fi\/sv\/ata-och-shoppa\/","url":"https:\/\/visitsavonlinna.fi\/sv\/ata-och-shoppa\/","name":"\u00c4ta I Shoppa I Nyslott I Saimen","isPartOf":{"@id":"https:\/\/visitsavonlinna.fi\/#website"},"primaryImageOfPage":{"@id":"https:\/\/visitsavonlinna.fi\/sv\/ata-och-shoppa\/#primaryimage"},"image":{"@id":"https:\/\/visitsavonlinna.fi\/sv\/ata-och-shoppa\/#primaryimage"},"thumbnailUrl":"https:\/\/visitsavonlinna.fi\/wp-content\/uploads\/sites\/2\/2023\/02\/ata-och-shoppa-nyslott-saimen.jpg","datePublished":"2023-02-23T14:43:01+00:00","dateModified":"2023-02-23T14:43:07+00:00","description":"Njut av delikatesserna fr\u00e5n Nyslotts k\u00f6k och f\u00e4rska lokala r\u00e5varor fr\u00e5n Saimen, och kolla in shoppingm\u00f6jligheter f\u00f6r souvenirer.","breadcrumb":{"@id":"https:\/\/visitsavonlinna.fi\/sv\/ata-och-shoppa\/#breadcrumb"},"inLanguage":"sv-SE","potentialAction":[{"@type":"ReadAction","target":["https:\/\/visitsavonlinna.fi\/sv\/ata-och-shoppa\/"]}]},{"@type":"ImageObject","inLanguage":"sv-SE","@id":"https:\/\/visitsavonlinna.fi\/sv\/ata-och-shoppa\/#primaryimage","url":"https:\/\/visitsavonlinna.fi\/wp-content\/uploads\/sites\/2\/2023\/02\/ata-och-shoppa-nyslott-saimen.jpg","contentUrl":"https:\/\/visitsavonlinna.fi\/wp-content\/uploads\/sites\/2\/2023\/02\/ata-och-shoppa-nyslott-saimen.jpg","width":2048,"height":1366,"caption":"\u00e4ta och shoppa nyslott saimen"},{"@type":"BreadcrumbList","@id":"https:\/\/visitsavonlinna.fi\/sv\/ata-och-shoppa\/#breadcrumb","itemListElement":[{"@type":"ListItem","position":1,"name":"Visitsavonlinna.fi","item":"https:\/\/visitsavonlinna.fi\/sv\/"},{"@type":"ListItem","position":2,"name":"\u00c4ta och shoppa"}]},{"@type":"WebSite","@id":"https:\/\/visitsavonlinna.fi\/#website","url":"https:\/\/visitsavonlinna.fi\/","name":"Visit Savonlinna","description":"","potentialAction":[{"@type":"SearchAction","target":{"@type":"EntryPoint","urlTemplate":"https:\/\/visitsavonlinna.fi\/?s={search_term_string}"},"query-input":{"@type":"PropertyValueSpecification","valueRequired":true,"valueName":"search_term_string"}}],"inLanguage":"sv-SE"}]}},"_links":{"self":[{"href":"https:\/\/visitsavonlinna.fi\/sv\/wp-json\/wp\/v2\/pages\/460845","targetHints":{"allow":["GET"]}}],"collection":[{"href":"https:\/\/visitsavonlinna.fi\/sv\/wp-json\/wp\/v2\/pages"}],"about":[{"href":"https:\/\/visitsavonlinna.fi\/sv\/wp-json\/wp\/v2\/types\/page"}],"author":[{"embeddable":true,"href":"https:\/\/visitsavonlinna.fi\/sv\/wp-json\/wp\/v2\/users\/55"}],"replies":[{"embeddable":true,"href":"https:\/\/visitsavonlinna.fi\/sv\/wp-json\/wp\/v2\/comments?post=460845"}],"version-history":[{"count":2,"href":"https:\/\/visitsavonlinna.fi\/sv\/wp-json\/wp\/v2\/pages\/460845\/revisions"}],"predecessor-version":[{"id":460848,"href":"https:\/\/visitsavonlinna.fi\/sv\/wp-json\/wp\/v2\/pages\/460845\/revisions\/460848"}],"wp:featuredmedia":[{"embeddable":true,"href":"https:\/\/visitsavonlinna.fi\/sv\/wp-json\/wp\/v2\/media\/460846"}],"wp:attachment":[{"href":"https:\/\/visitsavonlinna.fi\/sv\/wp-json\/wp\/v2\/media?parent=460845"}],"wp:term":[{"taxonomy":"relatedcontent","embeddable":true,"href":"https:\/\/visitsavonlinna.fi\/sv\/wp-json\/wp\/v2\/relatedcontent?post=460845"}],"curies":[{"name":"wp","href":"https:\/\/api.w.org\/{rel}","templated":true}]}}