{"id":460880,"date":"2023-02-24T09:12:36","date_gmt":"2023-02-24T07:12:36","guid":{"rendered":"https:\/\/visitsavonlinna.fi\/?page_id=460880"},"modified":"2023-03-28T14:10:37","modified_gmt":"2023-03-28T11:10:37","slug":"saimenvikare","status":"publish","type":"page","link":"https:\/\/visitsavonlinna.fi\/sv\/saimenvikare\/","title":{"rendered":"Saimenvikare och s\u00e4lsafarier"},"content":{"rendered":"<p>[vc_row][vc_column width=&#8221;1\/4&#8243;][\/vc_column][vc_column width=&#8221;1\/2&#8243;][vc_column_text]<\/p>\n<div id=\"tw-target-text-container\" class=\"tw-ta-container F0azHf tw-nfl\">\n<h1 style=\"text-align: center;\">Saimenvikare och s\u00e4lsafarier<\/h1>\n<p style=\"text-align: center;\"><span class=\"Y2IQFc\" lang=\"sv\"><strong>I sj\u00f6n Saimen lever ett unikt djur som du inte kan hitta n\u00e5gon annanstans i v\u00e4rlden \u2013 Saimenvikare (Pusa hispida saimensis), k\u00e4nd p\u00e5 finska som \u201dnorppa\u201d. <\/strong><br \/>\n<\/span><\/p>\n<p style=\"text-align: center;\"><span class=\"Y2IQFc\" lang=\"sv\">Saimenvikarens r\u00f6tter g\u00e5r tillbaka omkring 8 000 \u00e5r tills den separerades fr\u00e5n andra vikarbest\u00e5nd efter den senaste istiden. Sedan dess har den anpassat sig till att leva i s\u00f6tvatten. Det finns f\u00f6r n\u00e4rvarande cirka 400 s\u00e4lar i Saimen. <\/span><\/p>\n<p style=\"text-align: center;\"><span class=\"Y2IQFc\" lang=\"sv\">Saimenvikaren \u00e4r ett d\u00e4ggdjur som lever i vattnet och bara bes\u00f6ker torra land ibland. Maj och juni \u00e4r de b\u00e4sta m\u00e5naderna f\u00f6r att se s\u00e4lar, f\u00f6r efter att isen sm\u00e4lt fr\u00e5n sj\u00f6arna byter s\u00e4larna p\u00e4ls och v\u00e4rmer sig p\u00e5 klipporna i v\u00e5rsolen.<\/span><\/p>\n<p style=\"text-align: center;\"><span class=\"Y2IQFc\" lang=\"sv\">Om du vill se en Saimenvikare, \u00e4r det l\u00e4mpligt att \u00e5ka p\u00e5 s\u00e4lutflykt med en erfaren guide. Guiderna k\u00e4nner till Saimen och dess s\u00e4lar som sina h\u00e4nder! Om du \u00e5ker p\u00e5 utflykt med guide under v\u00e5ren \u00e4r du n\u00e4stan garanterad att f\u00e5 en titt p\u00e5 detta hotade djur. Dessa turer och safari g\u00f6rs alltid med s\u00e4larnas b\u00e4sta i \u00e5tanke, och de st\u00f6rs aldrig.<\/span><\/p>\n<\/div>\n<div id=\"tw-target-rmn-container\" class=\"tw-target-rmn tw-ta-container F0azHf tw-nfl\" style=\"text-align: center;\">\n<pre id=\"tw-target-rmn\" class=\"tw-data-placeholder tw-text-small tw-ta\" dir=\"ltr\" data-placeholder=\"\"><\/pre>\n<\/div>\n<p>[\/vc_column_text][\/vc_column][vc_column width=&#8221;1\/4&#8243;][\/vc_column][\/vc_row][vc_row][vc_column][vc_column_text]<\/p>\n<h2 style=\"text-align: center;\">K\u00f6p en upplevelse online<\/h2>\n<p>[\/vc_column_text][vc_raw_html]JTBBJTNDc2NyaXB0JTIwdHlwZSUzRCUyMnRleHQlMkZqYXZhc2NyaXB0JTIyJTIwc3JjJTNEJTIyaHR0cHMlM0ElMkYlMkZ3aWRnZXRzLmJva3VuLmlvJTJGYXNzZXRzJTJGamF2YXNjcmlwdHMlMkZhcHBzJTJGYnVpbGQlMkZCb2t1bldpZGdldHNMb2FkZXIuanMlM0Zib29raW5nQ2hhbm5lbFVVSUQlM0Q0NWQxN2IwOC0xOGRmLTQyYjgtODg0Ni1hMjhmYWUyZjVkY2UlMjIlMjBhc3luYyUzRSUzQyUyRnNjcmlwdCUzRSUwQSUyMCUyMCUyMCUyMCUyMCUwQSUyMCUyMCUyMCUyMCUzQ2RpdiUyMGNsYXNzJTNEJTIyYm9rdW5XaWRnZXQlMjIlMjBkYXRhLXNyYyUzRCUyMmh0dHBzJTNBJTJGJTJGd2lkZ2V0cy5ib2t1bi5pbyUyRm9ubGluZS1zYWxlcyUyRjQ1ZDE3YjA4LTE4ZGYtNDJiOC04ODQ2LWEyOGZhZTJmNWRjZSUyRnByb2R1Y3QtbGlzdCUyRjY1NzExJTIyJTNFJTNDJTJGZGl2JTNFJTBBJTIwJTIwJTIwJTIwJTNDbm9zY3JpcHQlM0VQbGVhc2UlMjBlbmFibGUlMjBqYXZhc2NyaXB0JTIwaW4lMjB5b3VyJTIwYnJvd3NlciUyMHRvJTIwYm9vayUzQyUyRm5vc2NyaXB0JTNFJTBB[\/vc_raw_html][\/vc_column][\/vc_row]<\/p>\n","protected":false},"excerpt":{"rendered":"<p>[vc_row][vc_column width=&#8221;1\/4&#8243;][\/vc_column][vc_column width=&#8221;1\/2&#8243;][vc_column_text] Saimenvikare och s\u00e4lsafarier I sj\u00f6n Saimen lever ett unikt djur som du inte kan hitta n\u00e5gon annanstans i v\u00e4rlden \u2013 Saimenvikare (Pusa hispida saimensis), k\u00e4nd p\u00e5 finska [&hellip;]<\/p>\n","protected":false},"author":55,"featured_media":460881,"parent":0,"menu_order":0,"comment_status":"closed","ping_status":"closed","template":"","meta":{"footnotes":""},"relatedcontent":[],"class_list":["post-460880","page","type-page","status-publish","has-post-thumbnail","hentry"],"yoast_head":"<!-- This site is optimized with the Yoast SEO Premium plugin v27.3 (Yoast SEO v27.3) - https:\/\/yoast.com\/product\/yoast-seo-premium-wordpress\/ -->\n<title>Saimenvikaren I Saimen I Nyslott I S\u00e4lsafarier<\/title>\n<meta name=\"description\" content=\"Saimenvikaren lever endast i Saimen. En s\u00e4lsafari ger dig den b\u00e4sta chansen att uppt\u00e4cka detta hotade djur.\" \/>\n<meta name=\"robots\" content=\"index, follow, max-snippet:-1, max-image-preview:large, max-video-preview:-1\" \/>\n<link rel=\"canonical\" href=\"https:\/\/visitsavonlinna.fi\/sv\/saimenvikare\/\" \/>\n<meta property=\"og:locale\" content=\"sv_SE\" \/>\n<meta property=\"og:type\" content=\"article\" \/>\n<meta property=\"og:title\" content=\"Saimenvikare och s\u00e4lsafarier\" \/>\n<meta property=\"og:description\" content=\"Saimenvikaren lever endast i Saimen. En s\u00e4lsafari ger dig den b\u00e4sta chansen att uppt\u00e4cka detta hotade djur.\" \/>\n<meta property=\"og:url\" content=\"https:\/\/visitsavonlinna.fi\/sv\/saimenvikare\/\" \/>\n<meta property=\"og:site_name\" content=\"Visit Savonlinna\" \/>\n<meta property=\"article:modified_time\" content=\"2023-03-28T11:10:37+00:00\" \/>\n<meta property=\"og:image\" content=\"https:\/\/visitsavonlinna.fi\/wp-content\/uploads\/sites\/2\/2023\/02\/nyslott-saimen-saimenvikare-norppa-salsafari.jpg\" \/>\n\t<meta property=\"og:image:width\" content=\"2000\" \/>\n\t<meta property=\"og:image:height\" content=\"1216\" \/>\n\t<meta property=\"og:image:type\" content=\"image\/jpeg\" \/>\n<meta name=\"twitter:card\" content=\"summary_large_image\" \/>\n<meta name=\"twitter:label1\" content=\"Ber\u00e4knad l\u00e4stid\" \/>\n\t<meta name=\"twitter:data1\" content=\"2 minuter\" \/>\n<script type=\"application\/ld+json\" class=\"yoast-schema-graph\">{\"@context\":\"https:\\\/\\\/schema.org\",\"@graph\":[{\"@type\":\"WebPage\",\"@id\":\"https:\\\/\\\/visitsavonlinna.fi\\\/sv\\\/saimenvikare\\\/\",\"url\":\"https:\\\/\\\/visitsavonlinna.fi\\\/sv\\\/saimenvikare\\\/\",\"name\":\"Saimenvikaren I Saimen I Nyslott I S\u00e4lsafarier\",\"isPartOf\":{\"@id\":\"https:\\\/\\\/visitsavonlinna.fi\\\/#website\"},\"primaryImageOfPage\":{\"@id\":\"https:\\\/\\\/visitsavonlinna.fi\\\/sv\\\/saimenvikare\\\/#primaryimage\"},\"image\":{\"@id\":\"https:\\\/\\\/visitsavonlinna.fi\\\/sv\\\/saimenvikare\\\/#primaryimage\"},\"thumbnailUrl\":\"https:\\\/\\\/visitsavonlinna.fi\\\/wp-content\\\/uploads\\\/sites\\\/2\\\/2023\\\/02\\\/nyslott-saimen-saimenvikare-norppa-salsafari.jpg\",\"datePublished\":\"2023-02-24T07:12:36+00:00\",\"dateModified\":\"2023-03-28T11:10:37+00:00\",\"description\":\"Saimenvikaren lever endast i Saimen. En s\u00e4lsafari ger dig den b\u00e4sta chansen att uppt\u00e4cka detta hotade djur.\",\"breadcrumb\":{\"@id\":\"https:\\\/\\\/visitsavonlinna.fi\\\/sv\\\/saimenvikare\\\/#breadcrumb\"},\"inLanguage\":\"sv-SE\",\"potentialAction\":[{\"@type\":\"ReadAction\",\"target\":[\"https:\\\/\\\/visitsavonlinna.fi\\\/sv\\\/saimenvikare\\\/\"]}]},{\"@type\":\"ImageObject\",\"inLanguage\":\"sv-SE\",\"@id\":\"https:\\\/\\\/visitsavonlinna.fi\\\/sv\\\/saimenvikare\\\/#primaryimage\",\"url\":\"https:\\\/\\\/visitsavonlinna.fi\\\/wp-content\\\/uploads\\\/sites\\\/2\\\/2023\\\/02\\\/nyslott-saimen-saimenvikare-norppa-salsafari.jpg\",\"contentUrl\":\"https:\\\/\\\/visitsavonlinna.fi\\\/wp-content\\\/uploads\\\/sites\\\/2\\\/2023\\\/02\\\/nyslott-saimen-saimenvikare-norppa-salsafari.jpg\",\"width\":2000,\"height\":1216,\"caption\":\"Nyslott-saimen-saimenvikare-norppa-s\u00e4lsafari\"},{\"@type\":\"BreadcrumbList\",\"@id\":\"https:\\\/\\\/visitsavonlinna.fi\\\/sv\\\/saimenvikare\\\/#breadcrumb\",\"itemListElement\":[{\"@type\":\"ListItem\",\"position\":1,\"name\":\"Visitsavonlinna.fi\",\"item\":\"https:\\\/\\\/visitsavonlinna.fi\\\/sv\\\/\"},{\"@type\":\"ListItem\",\"position\":2,\"name\":\"Saimenvikare och s\u00e4lsafarier\"}]},{\"@type\":\"WebSite\",\"@id\":\"https:\\\/\\\/visitsavonlinna.fi\\\/#website\",\"url\":\"https:\\\/\\\/visitsavonlinna.fi\\\/\",\"name\":\"Visit Savonlinna\",\"description\":\"\",\"potentialAction\":[{\"@type\":\"SearchAction\",\"target\":{\"@type\":\"EntryPoint\",\"urlTemplate\":\"https:\\\/\\\/visitsavonlinna.fi\\\/?s={search_term_string}\"},\"query-input\":{\"@type\":\"PropertyValueSpecification\",\"valueRequired\":true,\"valueName\":\"search_term_string\"}}],\"inLanguage\":\"sv-SE\"}]}<\/script>\n<!-- \/ Yoast SEO Premium plugin. -->","yoast_head_json":{"title":"Saimenvikaren I Saimen I Nyslott I S\u00e4lsafarier","description":"Saimenvikaren lever endast i Saimen. En s\u00e4lsafari ger dig den b\u00e4sta chansen att uppt\u00e4cka detta hotade djur.","robots":{"index":"index","follow":"follow","max-snippet":"max-snippet:-1","max-image-preview":"max-image-preview:large","max-video-preview":"max-video-preview:-1"},"canonical":"https:\/\/visitsavonlinna.fi\/sv\/saimenvikare\/","og_locale":"sv_SE","og_type":"article","og_title":"Saimenvikare och s\u00e4lsafarier","og_description":"Saimenvikaren lever endast i Saimen. En s\u00e4lsafari ger dig den b\u00e4sta chansen att uppt\u00e4cka detta hotade djur.","og_url":"https:\/\/visitsavonlinna.fi\/sv\/saimenvikare\/","og_site_name":"Visit Savonlinna","article_modified_time":"2023-03-28T11:10:37+00:00","og_image":[{"width":2000,"height":1216,"url":"https:\/\/visitsavonlinna.fi\/wp-content\/uploads\/sites\/2\/2023\/02\/nyslott-saimen-saimenvikare-norppa-salsafari.jpg","type":"image\/jpeg"}],"twitter_card":"summary_large_image","twitter_misc":{"Ber\u00e4knad l\u00e4stid":"2 minuter"},"schema":{"@context":"https:\/\/schema.org","@graph":[{"@type":"WebPage","@id":"https:\/\/visitsavonlinna.fi\/sv\/saimenvikare\/","url":"https:\/\/visitsavonlinna.fi\/sv\/saimenvikare\/","name":"Saimenvikaren I Saimen I Nyslott I S\u00e4lsafarier","isPartOf":{"@id":"https:\/\/visitsavonlinna.fi\/#website"},"primaryImageOfPage":{"@id":"https:\/\/visitsavonlinna.fi\/sv\/saimenvikare\/#primaryimage"},"image":{"@id":"https:\/\/visitsavonlinna.fi\/sv\/saimenvikare\/#primaryimage"},"thumbnailUrl":"https:\/\/visitsavonlinna.fi\/wp-content\/uploads\/sites\/2\/2023\/02\/nyslott-saimen-saimenvikare-norppa-salsafari.jpg","datePublished":"2023-02-24T07:12:36+00:00","dateModified":"2023-03-28T11:10:37+00:00","description":"Saimenvikaren lever endast i Saimen. En s\u00e4lsafari ger dig den b\u00e4sta chansen att uppt\u00e4cka detta hotade djur.","breadcrumb":{"@id":"https:\/\/visitsavonlinna.fi\/sv\/saimenvikare\/#breadcrumb"},"inLanguage":"sv-SE","potentialAction":[{"@type":"ReadAction","target":["https:\/\/visitsavonlinna.fi\/sv\/saimenvikare\/"]}]},{"@type":"ImageObject","inLanguage":"sv-SE","@id":"https:\/\/visitsavonlinna.fi\/sv\/saimenvikare\/#primaryimage","url":"https:\/\/visitsavonlinna.fi\/wp-content\/uploads\/sites\/2\/2023\/02\/nyslott-saimen-saimenvikare-norppa-salsafari.jpg","contentUrl":"https:\/\/visitsavonlinna.fi\/wp-content\/uploads\/sites\/2\/2023\/02\/nyslott-saimen-saimenvikare-norppa-salsafari.jpg","width":2000,"height":1216,"caption":"Nyslott-saimen-saimenvikare-norppa-s\u00e4lsafari"},{"@type":"BreadcrumbList","@id":"https:\/\/visitsavonlinna.fi\/sv\/saimenvikare\/#breadcrumb","itemListElement":[{"@type":"ListItem","position":1,"name":"Visitsavonlinna.fi","item":"https:\/\/visitsavonlinna.fi\/sv\/"},{"@type":"ListItem","position":2,"name":"Saimenvikare och s\u00e4lsafarier"}]},{"@type":"WebSite","@id":"https:\/\/visitsavonlinna.fi\/#website","url":"https:\/\/visitsavonlinna.fi\/","name":"Visit Savonlinna","description":"","potentialAction":[{"@type":"SearchAction","target":{"@type":"EntryPoint","urlTemplate":"https:\/\/visitsavonlinna.fi\/?s={search_term_string}"},"query-input":{"@type":"PropertyValueSpecification","valueRequired":true,"valueName":"search_term_string"}}],"inLanguage":"sv-SE"}]}},"_links":{"self":[{"href":"https:\/\/visitsavonlinna.fi\/sv\/wp-json\/wp\/v2\/pages\/460880","targetHints":{"allow":["GET"]}}],"collection":[{"href":"https:\/\/visitsavonlinna.fi\/sv\/wp-json\/wp\/v2\/pages"}],"about":[{"href":"https:\/\/visitsavonlinna.fi\/sv\/wp-json\/wp\/v2\/types\/page"}],"author":[{"embeddable":true,"href":"https:\/\/visitsavonlinna.fi\/sv\/wp-json\/wp\/v2\/users\/55"}],"replies":[{"embeddable":true,"href":"https:\/\/visitsavonlinna.fi\/sv\/wp-json\/wp\/v2\/comments?post=460880"}],"version-history":[{"count":10,"href":"https:\/\/visitsavonlinna.fi\/sv\/wp-json\/wp\/v2\/pages\/460880\/revisions"}],"predecessor-version":[{"id":533007,"href":"https:\/\/visitsavonlinna.fi\/sv\/wp-json\/wp\/v2\/pages\/460880\/revisions\/533007"}],"wp:featuredmedia":[{"embeddable":true,"href":"https:\/\/visitsavonlinna.fi\/sv\/wp-json\/wp\/v2\/media\/460881"}],"wp:attachment":[{"href":"https:\/\/visitsavonlinna.fi\/sv\/wp-json\/wp\/v2\/media?parent=460880"}],"wp:term":[{"taxonomy":"relatedcontent","embeddable":true,"href":"https:\/\/visitsavonlinna.fi\/sv\/wp-json\/wp\/v2\/relatedcontent?post=460880"}],"curies":[{"name":"wp","href":"https:\/\/api.w.org\/{rel}","templated":true}]}}