{"id":460994,"date":"2023-02-24T13:07:00","date_gmt":"2023-02-24T11:07:00","guid":{"rendered":"https:\/\/visitsavonlinna.fi\/?page_id=460994"},"modified":"2023-11-29T14:37:22","modified_gmt":"2023-11-29T12:37:22","slug":"resa-till-nyslott","status":"publish","type":"page","link":"https:\/\/visitsavonlinna.fi\/sv\/resa-till-nyslott\/","title":{"rendered":"Resa till Nyslott"},"content":{"rendered":"<p>[vc_row][vc_column width=&#8221;1\/4&#8243;][\/vc_column][vc_column width=&#8221;1\/2&#8243;][vc_column_text]<\/p>\n<h1 style=\"text-align: center;\">Resa till Nyslott<\/h1>\n<p style=\"text-align: center;\">Att ta sig till Nyslott \u00e4r l\u00e4tt, med olika resef\u00f6rbindelser inklusive bussar, t\u00e5g, bra v\u00e4gar och en liten flygplats som betj\u00e4nar inrikesflyg till Helsingfors och tillbaka. Kontrollera f\u00f6rbindelserna och tidtabellerna till navet i \u00d6stra Finland. Resen\u00e4rer kan ta sig till staden med t\u00e5g, buss, flyg eller till och med b\u00e5t l\u00e4ngs Saimen. Nyslott \u00e4r l\u00e4tt att n\u00e5 med bil fr\u00e5n Villmanstrand, St. Michel och Joensuu, och det \u00e4r inte heller l\u00e5ngt fr\u00e5n Kuopio, Jyv\u00e4skyl\u00e4 eller Lahtis. Fr\u00e5n Helsingfors till Nyslott \u00e4r det 33 mil, knappt fyra timmars bilresa.<\/p>\n<h2 style=\"text-align: center;\">Inrikesflyg mellan Helsingfors och Nyslott<\/h2>\n<p style=\"text-align: center;\">Regulj\u00e4rflyg mellan Helsingfors och Nyslott (flygtid 1 timme) flygs p\u00e5 vardagar:<br \/>\n*m\u00e5n, ons, fre \u2013 SVL-HEL kl. 07:00 | HEL-SVL kl 16:45<br \/>\n*tis och tors \u2013 SVL-HEL kl 7:00 och 14:00 | HEL-SVL kl 8:20 och 16:45<\/p>\n<p style=\"text-align: center;\">Inga flyg:<br \/>\n6.12.2023 &#8211; Sj\u00e4lvst\u00e4ndighetsdagen<br \/>\n23.12.2023 &#8211; 8.1.2024 &#8211; Jul och ny\u00e5r<br \/>\n24.2.2024 &#8211; 3.3.2024 &#8211; Vinterlov<br \/>\n23.3.2024 &#8211; 1.4.2024 &#8211; P\u00e5sk<br \/>\n1.5.2024 &#8211; F\u00f6rsta maj<br \/>\n9.5.2024 &#8211; Kristi himmelsf\u00e4rdsdag<br \/>\n21.6.2024 &#8211; 23.6.2024 &#8211; Midsommar<\/p>\n<p>[\/vc_column_text][\/vc_column][vc_column width=&#8221;1\/4&#8243;][\/vc_column][\/vc_row][vc_row][vc_column][vc_btn title=&#8221;Uppdaterade scheman och biljetter  \u00bb&#8221; style=&#8221;flat&#8221; color=&#8221;black&#8221; align=&#8221;center&#8221; link=&#8221;url:https%3A%2F%2Fnorppa.aero%2Findex-en|target:_blank&#8221; el_class=&#8221;btn-saimaa&#8221;][\/vc_column][\/vc_row][vc_row][vc_column][vc_column_text]<\/p>\n<p id=\"tw-target-text\" class=\"tw-data-text tw-text-large tw-ta\" dir=\"ltr\" style=\"text-align: center;\" data-placeholder=\"K\u00e4\u00e4nn\u00f6s\"><span class=\"Y2IQFc\" lang=\"sv\">Nyslotts flygplats ligger cirka 13 km \/ 15 minuter fr\u00e5n marknaden. Du tar dig enkelt runt med taxi.<\/span><\/p>\n<p>[\/vc_column_text][\/vc_column][\/vc_row]<\/p>\n","protected":false},"excerpt":{"rendered":"<p>[vc_row][vc_column width=&#8221;1\/4&#8243;][\/vc_column][vc_column width=&#8221;1\/2&#8243;][vc_column_text] Resa till Nyslott Att ta sig till Nyslott \u00e4r l\u00e4tt, med olika resef\u00f6rbindelser inklusive bussar, t\u00e5g, bra v\u00e4gar och en liten flygplats som betj\u00e4nar inrikesflyg till Helsingfors [&hellip;]<\/p>\n","protected":false},"author":55,"featured_media":460995,"parent":0,"menu_order":0,"comment_status":"closed","ping_status":"closed","template":"","meta":{"footnotes":""},"relatedcontent":[],"class_list":["post-460994","page","type-page","status-publish","has-post-thumbnail","hentry"],"yoast_head":"<!-- This site is optimized with the Yoast SEO Premium plugin v27.3 (Yoast SEO v27.4) - https:\/\/yoast.com\/product\/yoast-seo-premium-wordpress\/ -->\n<title>Resa till Nyslott I Saimen I Finland<\/title>\n<meta name=\"description\" content=\"Att ta sig till Nyslott \u00e4r ocks\u00e5 enkelt fr\u00e5n utlandet, med flyg till Helsingfors, bussar, t\u00e5g, v\u00e4gar och en liten flygplats.\" \/>\n<meta name=\"robots\" content=\"index, follow, max-snippet:-1, max-image-preview:large, max-video-preview:-1\" \/>\n<link rel=\"canonical\" href=\"https:\/\/visitsavonlinna.fi\/sv\/resa-till-nyslott\/\" \/>\n<meta property=\"og:locale\" content=\"sv_SE\" \/>\n<meta property=\"og:type\" content=\"article\" \/>\n<meta property=\"og:title\" content=\"Resa till Nyslott\" \/>\n<meta property=\"og:description\" content=\"Att ta sig till Nyslott \u00e4r ocks\u00e5 enkelt fr\u00e5n utlandet, med flyg till Helsingfors, bussar, t\u00e5g, v\u00e4gar och en liten flygplats.\" \/>\n<meta property=\"og:url\" content=\"https:\/\/visitsavonlinna.fi\/sv\/resa-till-nyslott\/\" \/>\n<meta property=\"og:site_name\" content=\"Visit Savonlinna\" \/>\n<meta property=\"article:modified_time\" content=\"2023-11-29T12:37:22+00:00\" \/>\n<meta property=\"og:image\" content=\"https:\/\/visitsavonlinna.fi\/wp-content\/uploads\/sites\/2\/2023\/02\/transport-forbindelser-till-nyslott-saimen-finland-flyg-tag-buss.jpg\" \/>\n\t<meta property=\"og:image:width\" content=\"1991\" \/>\n\t<meta property=\"og:image:height\" content=\"864\" \/>\n\t<meta property=\"og:image:type\" content=\"image\/jpeg\" \/>\n<meta name=\"twitter:card\" content=\"summary_large_image\" \/>\n<meta name=\"twitter:label1\" content=\"Ber\u00e4knad l\u00e4stid\" \/>\n\t<meta name=\"twitter:data1\" content=\"1 minut\" \/>\n<script type=\"application\/ld+json\" class=\"yoast-schema-graph\">{\"@context\":\"https:\\\/\\\/schema.org\",\"@graph\":[{\"@type\":\"WebPage\",\"@id\":\"https:\\\/\\\/visitsavonlinna.fi\\\/sv\\\/resa-till-nyslott\\\/\",\"url\":\"https:\\\/\\\/visitsavonlinna.fi\\\/sv\\\/resa-till-nyslott\\\/\",\"name\":\"Resa till Nyslott I Saimen I Finland\",\"isPartOf\":{\"@id\":\"https:\\\/\\\/visitsavonlinna.fi\\\/#website\"},\"primaryImageOfPage\":{\"@id\":\"https:\\\/\\\/visitsavonlinna.fi\\\/sv\\\/resa-till-nyslott\\\/#primaryimage\"},\"image\":{\"@id\":\"https:\\\/\\\/visitsavonlinna.fi\\\/sv\\\/resa-till-nyslott\\\/#primaryimage\"},\"thumbnailUrl\":\"https:\\\/\\\/visitsavonlinna.fi\\\/wp-content\\\/uploads\\\/sites\\\/2\\\/2023\\\/02\\\/transport-forbindelser-till-nyslott-saimen-finland-flyg-tag-buss.jpg\",\"datePublished\":\"2023-02-24T11:07:00+00:00\",\"dateModified\":\"2023-11-29T12:37:22+00:00\",\"description\":\"Att ta sig till Nyslott \u00e4r ocks\u00e5 enkelt fr\u00e5n utlandet, med flyg till Helsingfors, bussar, t\u00e5g, v\u00e4gar och en liten flygplats.\",\"breadcrumb\":{\"@id\":\"https:\\\/\\\/visitsavonlinna.fi\\\/sv\\\/resa-till-nyslott\\\/#breadcrumb\"},\"inLanguage\":\"sv-SE\",\"potentialAction\":[{\"@type\":\"ReadAction\",\"target\":[\"https:\\\/\\\/visitsavonlinna.fi\\\/sv\\\/resa-till-nyslott\\\/\"]}]},{\"@type\":\"ImageObject\",\"inLanguage\":\"sv-SE\",\"@id\":\"https:\\\/\\\/visitsavonlinna.fi\\\/sv\\\/resa-till-nyslott\\\/#primaryimage\",\"url\":\"https:\\\/\\\/visitsavonlinna.fi\\\/wp-content\\\/uploads\\\/sites\\\/2\\\/2023\\\/02\\\/transport-forbindelser-till-nyslott-saimen-finland-flyg-tag-buss.jpg\",\"contentUrl\":\"https:\\\/\\\/visitsavonlinna.fi\\\/wp-content\\\/uploads\\\/sites\\\/2\\\/2023\\\/02\\\/transport-forbindelser-till-nyslott-saimen-finland-flyg-tag-buss.jpg\",\"width\":1991,\"height\":864,\"caption\":\"transport-f\u00f6rbindelser-till-nyslott-saimen-finland-flyg-t\u00e5g-buss\"},{\"@type\":\"BreadcrumbList\",\"@id\":\"https:\\\/\\\/visitsavonlinna.fi\\\/sv\\\/resa-till-nyslott\\\/#breadcrumb\",\"itemListElement\":[{\"@type\":\"ListItem\",\"position\":1,\"name\":\"Visitsavonlinna.fi\",\"item\":\"https:\\\/\\\/visitsavonlinna.fi\\\/sv\\\/\"},{\"@type\":\"ListItem\",\"position\":2,\"name\":\"Resa till Nyslott\"}]},{\"@type\":\"WebSite\",\"@id\":\"https:\\\/\\\/visitsavonlinna.fi\\\/#website\",\"url\":\"https:\\\/\\\/visitsavonlinna.fi\\\/\",\"name\":\"Visit Savonlinna\",\"description\":\"\",\"potentialAction\":[{\"@type\":\"SearchAction\",\"target\":{\"@type\":\"EntryPoint\",\"urlTemplate\":\"https:\\\/\\\/visitsavonlinna.fi\\\/?s={search_term_string}\"},\"query-input\":{\"@type\":\"PropertyValueSpecification\",\"valueRequired\":true,\"valueName\":\"search_term_string\"}}],\"inLanguage\":\"sv-SE\"}]}<\/script>\n<!-- \/ Yoast SEO Premium plugin. -->","yoast_head_json":{"title":"Resa till Nyslott I Saimen I Finland","description":"Att ta sig till Nyslott \u00e4r ocks\u00e5 enkelt fr\u00e5n utlandet, med flyg till Helsingfors, bussar, t\u00e5g, v\u00e4gar och en liten flygplats.","robots":{"index":"index","follow":"follow","max-snippet":"max-snippet:-1","max-image-preview":"max-image-preview:large","max-video-preview":"max-video-preview:-1"},"canonical":"https:\/\/visitsavonlinna.fi\/sv\/resa-till-nyslott\/","og_locale":"sv_SE","og_type":"article","og_title":"Resa till Nyslott","og_description":"Att ta sig till Nyslott \u00e4r ocks\u00e5 enkelt fr\u00e5n utlandet, med flyg till Helsingfors, bussar, t\u00e5g, v\u00e4gar och en liten flygplats.","og_url":"https:\/\/visitsavonlinna.fi\/sv\/resa-till-nyslott\/","og_site_name":"Visit Savonlinna","article_modified_time":"2023-11-29T12:37:22+00:00","og_image":[{"width":1991,"height":864,"url":"https:\/\/visitsavonlinna.fi\/wp-content\/uploads\/sites\/2\/2023\/02\/transport-forbindelser-till-nyslott-saimen-finland-flyg-tag-buss.jpg","type":"image\/jpeg"}],"twitter_card":"summary_large_image","twitter_misc":{"Ber\u00e4knad l\u00e4stid":"1 minut"},"schema":{"@context":"https:\/\/schema.org","@graph":[{"@type":"WebPage","@id":"https:\/\/visitsavonlinna.fi\/sv\/resa-till-nyslott\/","url":"https:\/\/visitsavonlinna.fi\/sv\/resa-till-nyslott\/","name":"Resa till Nyslott I Saimen I Finland","isPartOf":{"@id":"https:\/\/visitsavonlinna.fi\/#website"},"primaryImageOfPage":{"@id":"https:\/\/visitsavonlinna.fi\/sv\/resa-till-nyslott\/#primaryimage"},"image":{"@id":"https:\/\/visitsavonlinna.fi\/sv\/resa-till-nyslott\/#primaryimage"},"thumbnailUrl":"https:\/\/visitsavonlinna.fi\/wp-content\/uploads\/sites\/2\/2023\/02\/transport-forbindelser-till-nyslott-saimen-finland-flyg-tag-buss.jpg","datePublished":"2023-02-24T11:07:00+00:00","dateModified":"2023-11-29T12:37:22+00:00","description":"Att ta sig till Nyslott \u00e4r ocks\u00e5 enkelt fr\u00e5n utlandet, med flyg till Helsingfors, bussar, t\u00e5g, v\u00e4gar och en liten flygplats.","breadcrumb":{"@id":"https:\/\/visitsavonlinna.fi\/sv\/resa-till-nyslott\/#breadcrumb"},"inLanguage":"sv-SE","potentialAction":[{"@type":"ReadAction","target":["https:\/\/visitsavonlinna.fi\/sv\/resa-till-nyslott\/"]}]},{"@type":"ImageObject","inLanguage":"sv-SE","@id":"https:\/\/visitsavonlinna.fi\/sv\/resa-till-nyslott\/#primaryimage","url":"https:\/\/visitsavonlinna.fi\/wp-content\/uploads\/sites\/2\/2023\/02\/transport-forbindelser-till-nyslott-saimen-finland-flyg-tag-buss.jpg","contentUrl":"https:\/\/visitsavonlinna.fi\/wp-content\/uploads\/sites\/2\/2023\/02\/transport-forbindelser-till-nyslott-saimen-finland-flyg-tag-buss.jpg","width":1991,"height":864,"caption":"transport-f\u00f6rbindelser-till-nyslott-saimen-finland-flyg-t\u00e5g-buss"},{"@type":"BreadcrumbList","@id":"https:\/\/visitsavonlinna.fi\/sv\/resa-till-nyslott\/#breadcrumb","itemListElement":[{"@type":"ListItem","position":1,"name":"Visitsavonlinna.fi","item":"https:\/\/visitsavonlinna.fi\/sv\/"},{"@type":"ListItem","position":2,"name":"Resa till Nyslott"}]},{"@type":"WebSite","@id":"https:\/\/visitsavonlinna.fi\/#website","url":"https:\/\/visitsavonlinna.fi\/","name":"Visit Savonlinna","description":"","potentialAction":[{"@type":"SearchAction","target":{"@type":"EntryPoint","urlTemplate":"https:\/\/visitsavonlinna.fi\/?s={search_term_string}"},"query-input":{"@type":"PropertyValueSpecification","valueRequired":true,"valueName":"search_term_string"}}],"inLanguage":"sv-SE"}]}},"_links":{"self":[{"href":"https:\/\/visitsavonlinna.fi\/sv\/wp-json\/wp\/v2\/pages\/460994","targetHints":{"allow":["GET"]}}],"collection":[{"href":"https:\/\/visitsavonlinna.fi\/sv\/wp-json\/wp\/v2\/pages"}],"about":[{"href":"https:\/\/visitsavonlinna.fi\/sv\/wp-json\/wp\/v2\/types\/page"}],"author":[{"embeddable":true,"href":"https:\/\/visitsavonlinna.fi\/sv\/wp-json\/wp\/v2\/users\/55"}],"replies":[{"embeddable":true,"href":"https:\/\/visitsavonlinna.fi\/sv\/wp-json\/wp\/v2\/comments?post=460994"}],"version-history":[{"count":6,"href":"https:\/\/visitsavonlinna.fi\/sv\/wp-json\/wp\/v2\/pages\/460994\/revisions"}],"predecessor-version":[{"id":552987,"href":"https:\/\/visitsavonlinna.fi\/sv\/wp-json\/wp\/v2\/pages\/460994\/revisions\/552987"}],"wp:featuredmedia":[{"embeddable":true,"href":"https:\/\/visitsavonlinna.fi\/sv\/wp-json\/wp\/v2\/media\/460995"}],"wp:attachment":[{"href":"https:\/\/visitsavonlinna.fi\/sv\/wp-json\/wp\/v2\/media?parent=460994"}],"wp:term":[{"taxonomy":"relatedcontent","embeddable":true,"href":"https:\/\/visitsavonlinna.fi\/sv\/wp-json\/wp\/v2\/relatedcontent?post=460994"}],"curies":[{"name":"wp","href":"https:\/\/api.w.org\/{rel}","templated":true}]}}