{"id":461100,"date":"2023-02-27T09:58:09","date_gmt":"2023-02-27T07:58:09","guid":{"rendered":"https:\/\/visitsavonlinna.fi\/?page_id=461100"},"modified":"2023-02-27T10:07:23","modified_gmt":"2023-02-27T08:07:23","slug":"turistinformation-i-nyslottsregionen","status":"publish","type":"page","link":"https:\/\/visitsavonlinna.fi\/sv\/turistinformation-i-nyslottsregionen\/","title":{"rendered":"Turistinformation i Nyslottsregionen"},"content":{"rendered":"<p>[vc_row][vc_column width=&#8221;1\/4&#8243;][\/vc_column][vc_column width=&#8221;1\/2&#8243;][vc_column_text]<\/p>\n<h1 style=\"text-align: center;\">Turistinformation i Nyslotts- regionen<\/h1>\n<p style=\"text-align: center;\">Det finns m\u00e5nga sev\u00e4rdheter, attraktioner och aktiviteter i Nyslottsregionen. Du kan hitta information om dem p\u00e5 n\u00e4tet, men ibland kanske det inte r\u00e4cker. Turistbyr\u00e5erna har \u00e4ven broschyrer och kartor som hj\u00e4lper dig att resa runt i regionen och f\u00e5 mer information om vad regionen har att erbjuda.\u00a0Turistinformation i regionen hj\u00e4lper turister och lokalbefolkningen p\u00e5 m\u00e5nga s\u00e4tt. Nyslotts turistinformation i Riihisaari \u00e4r \u00f6ppen \u00e5ret runt!<\/p>\n<p style=\"text-align: center;\">N\u00e4r du \u00e4r i Punkaharju, bes\u00f6k Turistinformationen i Lusto, Finlands Skogsmuseum. Beh\u00f6ver du mer information om attraktioner, sev\u00e4rdheter, boende, restauranger, aktiviteter eller kollektivtrafik? Om du inte hittar informationen p\u00e5 v\u00e5r hemsida, v\u00e4nligen kontakta oss. Vi finns h\u00e4r f\u00f6r dig!<\/p>\n<p>[\/vc_column_text][\/vc_column][vc_column width=&#8221;1\/4&#8243;][\/vc_column][\/vc_row][vc_row][vc_column][vc_empty_space][\/vc_column][\/vc_row][vc_row][vc_column][vc_column_text]<\/p>\n<h2 style=\"text-align: center;\">Turistinformationst\u00e4llen<\/h2>\n<p>[\/vc_column_text][\/vc_column][\/vc_row][vc_row][vc_column][vc_empty_space][\/vc_column][\/vc_row][vc_row][vc_column width=&#8221;1\/2&#8243;][vc_btn title=&#8221;Riihisaari&#8221; style=&#8221;flat&#8221; color=&#8221;black&#8221; align=&#8221;center&#8221; link=&#8221;url:https%3A%2F%2Fwww.savonlinna.fi%2Friihisaari%2Fsv%2Fstartsida%2F|target:_blank&#8221; el_class=&#8221;btn-saimaa&#8221;][\/vc_column][vc_column width=&#8221;1\/2&#8243;][vc_btn title=&#8221;Lusto&#8221; style=&#8221;flat&#8221; color=&#8221;black&#8221; align=&#8221;center&#8221; link=&#8221;url:https%3A%2F%2Flusto.fi%2Fsv%2F|target:_blank&#8221; el_class=&#8221;btn-saimaa&#8221;][\/vc_column][\/vc_row]<\/p>\n","protected":false},"excerpt":{"rendered":"<p>[vc_row][vc_column width=&#8221;1\/4&#8243;][\/vc_column][vc_column width=&#8221;1\/2&#8243;][vc_column_text] Turistinformation i Nyslotts- regionen Det finns m\u00e5nga sev\u00e4rdheter, attraktioner och aktiviteter i Nyslottsregionen. Du kan hitta information om dem p\u00e5 n\u00e4tet, men ibland kanske det inte r\u00e4cker. [&hellip;]<\/p>\n","protected":false},"author":55,"featured_media":461101,"parent":0,"menu_order":0,"comment_status":"closed","ping_status":"closed","template":"","meta":{"footnotes":""},"relatedcontent":[],"class_list":["post-461100","page","type-page","status-publish","has-post-thumbnail","hentry"],"yoast_head":"<!-- This site is optimized with the Yoast SEO Premium plugin v27.3 (Yoast SEO v27.2) - https:\/\/yoast.com\/product\/yoast-seo-premium-wordpress\/ -->\n<title>Turistinformation i Nyslottsregionen I Nyslott I Visit Savonlinna<\/title>\n<meta name=\"description\" content=\"Turistinformationsst\u00e4llen i Nyslottsregionen betj\u00e4nar resen\u00e4rer och lokalbefolkning. Se kontaktinformation och platser.\" \/>\n<meta name=\"robots\" content=\"index, follow, max-snippet:-1, max-image-preview:large, max-video-preview:-1\" \/>\n<link rel=\"canonical\" href=\"https:\/\/visitsavonlinna.fi\/sv\/turistinformation-i-nyslottsregionen\/\" \/>\n<meta property=\"og:locale\" content=\"sv_SE\" \/>\n<meta property=\"og:type\" content=\"article\" \/>\n<meta property=\"og:title\" content=\"Turistinformation i Nyslottsregionen I Nyslott I Visit Savonlinna\" \/>\n<meta property=\"og:description\" content=\"Turistinformationsst\u00e4llen i Nyslottsregionen betj\u00e4nar resen\u00e4rer och lokalbefolkning. Se kontaktinformation och platser.\" \/>\n<meta property=\"og:url\" content=\"https:\/\/visitsavonlinna.fi\/sv\/turistinformation-i-nyslottsregionen\/\" \/>\n<meta property=\"og:site_name\" content=\"Visit Savonlinna\" \/>\n<meta property=\"article:modified_time\" content=\"2023-02-27T08:07:23+00:00\" \/>\n<meta property=\"og:image\" content=\"https:\/\/visitsavonlinna.fi\/wp-content\/uploads\/sites\/2\/2023\/02\/nyslottsregionen-turistinformation-riihisaari-museum.jpg\" \/>\n\t<meta property=\"og:image:width\" content=\"2000\" \/>\n\t<meta property=\"og:image:height\" content=\"779\" \/>\n\t<meta property=\"og:image:type\" content=\"image\/jpeg\" \/>\n<meta name=\"twitter:card\" content=\"summary_large_image\" \/>\n<meta name=\"twitter:label1\" content=\"Ber\u00e4knad l\u00e4stid\" \/>\n\t<meta name=\"twitter:data1\" content=\"1 minut\" \/>\n<script type=\"application\/ld+json\" class=\"yoast-schema-graph\">{\"@context\":\"https:\/\/schema.org\",\"@graph\":[{\"@type\":\"WebPage\",\"@id\":\"https:\/\/visitsavonlinna.fi\/sv\/turistinformation-i-nyslottsregionen\/\",\"url\":\"https:\/\/visitsavonlinna.fi\/sv\/turistinformation-i-nyslottsregionen\/\",\"name\":\"Turistinformation i Nyslottsregionen I Nyslott I Visit Savonlinna\",\"isPartOf\":{\"@id\":\"https:\/\/visitsavonlinna.fi\/#website\"},\"primaryImageOfPage\":{\"@id\":\"https:\/\/visitsavonlinna.fi\/sv\/turistinformation-i-nyslottsregionen\/#primaryimage\"},\"image\":{\"@id\":\"https:\/\/visitsavonlinna.fi\/sv\/turistinformation-i-nyslottsregionen\/#primaryimage\"},\"thumbnailUrl\":\"https:\/\/visitsavonlinna.fi\/wp-content\/uploads\/sites\/2\/2023\/02\/nyslottsregionen-turistinformation-riihisaari-museum.jpg\",\"datePublished\":\"2023-02-27T07:58:09+00:00\",\"dateModified\":\"2023-02-27T08:07:23+00:00\",\"description\":\"Turistinformationsst\u00e4llen i Nyslottsregionen betj\u00e4nar resen\u00e4rer och lokalbefolkning. Se kontaktinformation och platser.\",\"breadcrumb\":{\"@id\":\"https:\/\/visitsavonlinna.fi\/sv\/turistinformation-i-nyslottsregionen\/#breadcrumb\"},\"inLanguage\":\"sv-SE\",\"potentialAction\":[{\"@type\":\"ReadAction\",\"target\":[\"https:\/\/visitsavonlinna.fi\/sv\/turistinformation-i-nyslottsregionen\/\"]}]},{\"@type\":\"ImageObject\",\"inLanguage\":\"sv-SE\",\"@id\":\"https:\/\/visitsavonlinna.fi\/sv\/turistinformation-i-nyslottsregionen\/#primaryimage\",\"url\":\"https:\/\/visitsavonlinna.fi\/wp-content\/uploads\/sites\/2\/2023\/02\/nyslottsregionen-turistinformation-riihisaari-museum.jpg\",\"contentUrl\":\"https:\/\/visitsavonlinna.fi\/wp-content\/uploads\/sites\/2\/2023\/02\/nyslottsregionen-turistinformation-riihisaari-museum.jpg\",\"width\":2000,\"height\":779,\"caption\":\"yslottsregionen-turistinformation-riihisaari-museum\"},{\"@type\":\"BreadcrumbList\",\"@id\":\"https:\/\/visitsavonlinna.fi\/sv\/turistinformation-i-nyslottsregionen\/#breadcrumb\",\"itemListElement\":[{\"@type\":\"ListItem\",\"position\":1,\"name\":\"Visitsavonlinna.fi\",\"item\":\"https:\/\/visitsavonlinna.fi\/sv\/\"},{\"@type\":\"ListItem\",\"position\":2,\"name\":\"Turistinformation i Nyslottsregionen\"}]},{\"@type\":\"WebSite\",\"@id\":\"https:\/\/visitsavonlinna.fi\/#website\",\"url\":\"https:\/\/visitsavonlinna.fi\/\",\"name\":\"Visit Savonlinna\",\"description\":\"\",\"potentialAction\":[{\"@type\":\"SearchAction\",\"target\":{\"@type\":\"EntryPoint\",\"urlTemplate\":\"https:\/\/visitsavonlinna.fi\/?s={search_term_string}\"},\"query-input\":{\"@type\":\"PropertyValueSpecification\",\"valueRequired\":true,\"valueName\":\"search_term_string\"}}],\"inLanguage\":\"sv-SE\"}]}<\/script>\n<!-- \/ Yoast SEO Premium plugin. -->","yoast_head_json":{"title":"Turistinformation i Nyslottsregionen I Nyslott I Visit Savonlinna","description":"Turistinformationsst\u00e4llen i Nyslottsregionen betj\u00e4nar resen\u00e4rer och lokalbefolkning. Se kontaktinformation och platser.","robots":{"index":"index","follow":"follow","max-snippet":"max-snippet:-1","max-image-preview":"max-image-preview:large","max-video-preview":"max-video-preview:-1"},"canonical":"https:\/\/visitsavonlinna.fi\/sv\/turistinformation-i-nyslottsregionen\/","og_locale":"sv_SE","og_type":"article","og_title":"Turistinformation i Nyslottsregionen I Nyslott I Visit Savonlinna","og_description":"Turistinformationsst\u00e4llen i Nyslottsregionen betj\u00e4nar resen\u00e4rer och lokalbefolkning. Se kontaktinformation och platser.","og_url":"https:\/\/visitsavonlinna.fi\/sv\/turistinformation-i-nyslottsregionen\/","og_site_name":"Visit Savonlinna","article_modified_time":"2023-02-27T08:07:23+00:00","og_image":[{"width":2000,"height":779,"url":"https:\/\/visitsavonlinna.fi\/wp-content\/uploads\/sites\/2\/2023\/02\/nyslottsregionen-turistinformation-riihisaari-museum.jpg","type":"image\/jpeg"}],"twitter_card":"summary_large_image","twitter_misc":{"Ber\u00e4knad l\u00e4stid":"1 minut"},"schema":{"@context":"https:\/\/schema.org","@graph":[{"@type":"WebPage","@id":"https:\/\/visitsavonlinna.fi\/sv\/turistinformation-i-nyslottsregionen\/","url":"https:\/\/visitsavonlinna.fi\/sv\/turistinformation-i-nyslottsregionen\/","name":"Turistinformation i Nyslottsregionen I Nyslott I Visit Savonlinna","isPartOf":{"@id":"https:\/\/visitsavonlinna.fi\/#website"},"primaryImageOfPage":{"@id":"https:\/\/visitsavonlinna.fi\/sv\/turistinformation-i-nyslottsregionen\/#primaryimage"},"image":{"@id":"https:\/\/visitsavonlinna.fi\/sv\/turistinformation-i-nyslottsregionen\/#primaryimage"},"thumbnailUrl":"https:\/\/visitsavonlinna.fi\/wp-content\/uploads\/sites\/2\/2023\/02\/nyslottsregionen-turistinformation-riihisaari-museum.jpg","datePublished":"2023-02-27T07:58:09+00:00","dateModified":"2023-02-27T08:07:23+00:00","description":"Turistinformationsst\u00e4llen i Nyslottsregionen betj\u00e4nar resen\u00e4rer och lokalbefolkning. Se kontaktinformation och platser.","breadcrumb":{"@id":"https:\/\/visitsavonlinna.fi\/sv\/turistinformation-i-nyslottsregionen\/#breadcrumb"},"inLanguage":"sv-SE","potentialAction":[{"@type":"ReadAction","target":["https:\/\/visitsavonlinna.fi\/sv\/turistinformation-i-nyslottsregionen\/"]}]},{"@type":"ImageObject","inLanguage":"sv-SE","@id":"https:\/\/visitsavonlinna.fi\/sv\/turistinformation-i-nyslottsregionen\/#primaryimage","url":"https:\/\/visitsavonlinna.fi\/wp-content\/uploads\/sites\/2\/2023\/02\/nyslottsregionen-turistinformation-riihisaari-museum.jpg","contentUrl":"https:\/\/visitsavonlinna.fi\/wp-content\/uploads\/sites\/2\/2023\/02\/nyslottsregionen-turistinformation-riihisaari-museum.jpg","width":2000,"height":779,"caption":"yslottsregionen-turistinformation-riihisaari-museum"},{"@type":"BreadcrumbList","@id":"https:\/\/visitsavonlinna.fi\/sv\/turistinformation-i-nyslottsregionen\/#breadcrumb","itemListElement":[{"@type":"ListItem","position":1,"name":"Visitsavonlinna.fi","item":"https:\/\/visitsavonlinna.fi\/sv\/"},{"@type":"ListItem","position":2,"name":"Turistinformation i Nyslottsregionen"}]},{"@type":"WebSite","@id":"https:\/\/visitsavonlinna.fi\/#website","url":"https:\/\/visitsavonlinna.fi\/","name":"Visit Savonlinna","description":"","potentialAction":[{"@type":"SearchAction","target":{"@type":"EntryPoint","urlTemplate":"https:\/\/visitsavonlinna.fi\/?s={search_term_string}"},"query-input":{"@type":"PropertyValueSpecification","valueRequired":true,"valueName":"search_term_string"}}],"inLanguage":"sv-SE"}]}},"_links":{"self":[{"href":"https:\/\/visitsavonlinna.fi\/sv\/wp-json\/wp\/v2\/pages\/461100","targetHints":{"allow":["GET"]}}],"collection":[{"href":"https:\/\/visitsavonlinna.fi\/sv\/wp-json\/wp\/v2\/pages"}],"about":[{"href":"https:\/\/visitsavonlinna.fi\/sv\/wp-json\/wp\/v2\/types\/page"}],"author":[{"embeddable":true,"href":"https:\/\/visitsavonlinna.fi\/sv\/wp-json\/wp\/v2\/users\/55"}],"replies":[{"embeddable":true,"href":"https:\/\/visitsavonlinna.fi\/sv\/wp-json\/wp\/v2\/comments?post=461100"}],"version-history":[{"count":3,"href":"https:\/\/visitsavonlinna.fi\/sv\/wp-json\/wp\/v2\/pages\/461100\/revisions"}],"predecessor-version":[{"id":461104,"href":"https:\/\/visitsavonlinna.fi\/sv\/wp-json\/wp\/v2\/pages\/461100\/revisions\/461104"}],"wp:featuredmedia":[{"embeddable":true,"href":"https:\/\/visitsavonlinna.fi\/sv\/wp-json\/wp\/v2\/media\/461101"}],"wp:attachment":[{"href":"https:\/\/visitsavonlinna.fi\/sv\/wp-json\/wp\/v2\/media?parent=461100"}],"wp:term":[{"taxonomy":"relatedcontent","embeddable":true,"href":"https:\/\/visitsavonlinna.fi\/sv\/wp-json\/wp\/v2\/relatedcontent?post=461100"}],"curies":[{"name":"wp","href":"https:\/\/api.w.org\/{rel}","templated":true}]}}