{"id":461107,"date":"2023-02-27T10:25:26","date_gmt":"2023-02-27T08:25:26","guid":{"rendered":"https:\/\/visitsavonlinna.fi\/?page_id=461107"},"modified":"2023-02-28T10:42:45","modified_gmt":"2023-02-28T08:42:45","slug":"nyslott-area-information","status":"publish","type":"page","link":"https:\/\/visitsavonlinna.fi\/sv\/nyslott-area-information\/","title":{"rendered":"Information om Nyslott"},"content":{"rendered":"<p>[vc_row][vc_column width=&#8221;1\/4&#8243;][\/vc_column][vc_column width=&#8221;1\/2&#8243;][vc_column_text]<\/p>\n<h1 style=\"text-align: center;\">Infomation om Nyslott<\/h1>\n<p style=\"text-align: center;\">Idylliska Nyslott \u00e4r en av Finlands \u00e4ldsta st\u00e4der. Det grundades 1639 av d\u00e5varande generalguvern\u00f6ren i Finland Per Brahe den yngre. Bebyggelsen utvecklades gradvis efter att Olofsborg grundades under senmedeltiden. Nyslott har l\u00e4nge varit en viktig stad p\u00e5 gr\u00e4nsen mellan Sverige och Ryssland och senare ett viktigt centrum f\u00f6r sj\u00f6farten p\u00e5 Saimen. V\u00e4sterl\u00e4ndska och \u00f6sterl\u00e4ndska kulturinfluenser pr\u00e4glar fortfarande livet i det sj\u00f6rika omr\u00e5det, vilket kan m\u00e4rkas i lokalbefolkningens karakt\u00e4r, i ordf\u00f6rr\u00e5det och i det kulinariska omr\u00e5det. M\u00e4nniskorna \u00e4r glada och pratsamma \u2013 s\u00f6k g\u00e4rna kontakt.<\/p>\n<p style=\"text-align: center;\">Idag har Nyslott cirka 35 000 inv\u00e5nare. Ursprungligen bestod staden av sju \u00f6ar n\u00e4ra slottet, som idag utg\u00f6r den \u00f6stra halvan av centrum. Fyra kommuner har med tiden inf\u00f6rlivats med Nyslott, n\u00e4mligen S\u00e4\u00e4minki, Savonranta, Kerim\u00e4ki och Punkaharju. Numera har Nyslott, tack vare expansionen, flera betydande attraktioner som varje resen\u00e4r i Finland b\u00f6r se minst en g\u00e5ng. F\u00f6rutom den rena sj\u00f6n Saimen inkluderar dessa Olofsborg, nationella landskap i Punkaharju och den st\u00f6rsta tr\u00e4kyrkan i v\u00e4rlden i Kerim\u00e4ki.<\/p>\n<p>[\/vc_column_text][\/vc_column][vc_column width=&#8221;1\/4&#8243;][\/vc_column][\/vc_row][vc_row][vc_column][vc_empty_space][\/vc_column][\/vc_row][vc_row][vc_column]<div class=\"posts-list-grid wpb_content_element\">\n                            <div class=\"row no-gutter\"><div class=\"col-xs-12 col-md-5\">    <div class=\"post-box-buttoned post-box post-460994 page type-page status-publish has-post-thumbnail hentry\"  data-contentid=\"2:460994\"  id=\"resa-till-nyslott-2-460994-1\">\n\n        <div class=\"vs_post_thumbnail\" style=\"background-image: url('https:\/\/visitsavonlinna.fi\/wp-content\/themes\/visitsavonlinna2021\/images\/default.jpg')\" data-attachment=\"460995-2\"><\/div>        <a href=\"https:\/\/visitsavonlinna.fi\/sv\/resa-till-nyslott\/\"  class=\"back-to-canonical \" title=\"Resa till Nyslott\">\n            <span class=\"info\">\n              \n\n                                <button class=\"btn btn-primary\">Resa till Nyslott<\/button>\n               \n            <\/span><!-- \/.info -->\n        <\/a>\n\n    <\/div>\n    <\/div><div class=\"col-xs-12 col-md-5\">    <div class=\"post-box-buttoned post-box post-461100 page type-page status-publish has-post-thumbnail hentry\"  data-contentid=\"2:461100\"  id=\"turistinformation-i-nyslottsregionen-2-461100-2\">\n\n        <div class=\"vs_post_thumbnail\" style=\"background-image: url('https:\/\/visitsavonlinna.fi\/wp-content\/themes\/visitsavonlinna2021\/images\/default.jpg')\" data-attachment=\"461101-2\"><\/div>        <a href=\"https:\/\/visitsavonlinna.fi\/sv\/turistinformation-i-nyslottsregionen\/\"  class=\"back-to-canonical \" title=\"Turistinformation i Nyslottsregionen\">\n            <span class=\"info\">\n              \n\n                                <button class=\"btn btn-primary\">Turistinformation i Nyslottsregionen<\/button>\n               \n            <\/span><!-- \/.info -->\n        <\/a>\n\n    <\/div>\n    <\/div><\/div><!-- \/.row -->\n                            <\/div><!--\/.posts-list-grid -->[\/vc_column][\/vc_row]<\/p>\n","protected":false},"excerpt":{"rendered":"<p>[vc_row][vc_column width=&#8221;1\/4&#8243;][\/vc_column][vc_column width=&#8221;1\/2&#8243;][vc_column_text] Infomation om Nyslott Idylliska Nyslott \u00e4r en av Finlands \u00e4ldsta st\u00e4der. Det grundades 1639 av d\u00e5varande generalguvern\u00f6ren i Finland Per Brahe den yngre. Bebyggelsen utvecklades gradvis efter [&hellip;]<\/p>\n","protected":false},"author":55,"featured_media":461108,"parent":0,"menu_order":0,"comment_status":"closed","ping_status":"closed","template":"","meta":{"footnotes":""},"relatedcontent":[],"class_list":["post-461107","page","type-page","status-publish","has-post-thumbnail","hentry"],"yoast_head":"<!-- This site is optimized with the Yoast SEO Premium plugin v27.3 (Yoast SEO v27.4) - https:\/\/yoast.com\/product\/yoast-seo-premium-wordpress\/ -->\n<title>Nyslott I Saimen I Finland I Information<\/title>\n<meta name=\"description\" content=\"L\u00e4r dig mer om Nyslotts historia och hur du tar dig hit till Saimenregionen.\" \/>\n<meta name=\"robots\" content=\"index, follow, max-snippet:-1, max-image-preview:large, max-video-preview:-1\" \/>\n<link rel=\"canonical\" href=\"https:\/\/visitsavonlinna.fi\/sv\/nyslott-area-information\/\" \/>\n<meta property=\"og:locale\" content=\"sv_SE\" \/>\n<meta property=\"og:type\" content=\"article\" \/>\n<meta property=\"og:title\" content=\"Information om Nyslott\" \/>\n<meta property=\"og:description\" content=\"L\u00e4r dig mer om Nyslotts historia och hur du tar dig hit till Saimenregionen.\" \/>\n<meta property=\"og:url\" content=\"https:\/\/visitsavonlinna.fi\/sv\/nyslott-area-information\/\" \/>\n<meta property=\"og:site_name\" content=\"Visit Savonlinna\" \/>\n<meta property=\"article:modified_time\" content=\"2023-02-28T08:42:45+00:00\" \/>\n<meta property=\"og:image\" content=\"https:\/\/visitsavonlinna.fi\/wp-content\/uploads\/sites\/2\/2023\/02\/finland-saimen-nyslott-information.jpg\" \/>\n\t<meta property=\"og:image:width\" content=\"2000\" \/>\n\t<meta property=\"og:image:height\" content=\"953\" \/>\n\t<meta property=\"og:image:type\" content=\"image\/jpeg\" \/>\n<meta name=\"twitter:card\" content=\"summary_large_image\" \/>\n<meta name=\"twitter:label1\" content=\"Ber\u00e4knad l\u00e4stid\" \/>\n\t<meta name=\"twitter:data1\" content=\"2 minuter\" \/>\n<script type=\"application\/ld+json\" class=\"yoast-schema-graph\">{\"@context\":\"https:\\\/\\\/schema.org\",\"@graph\":[{\"@type\":\"WebPage\",\"@id\":\"https:\\\/\\\/visitsavonlinna.fi\\\/sv\\\/nyslott-area-information\\\/\",\"url\":\"https:\\\/\\\/visitsavonlinna.fi\\\/sv\\\/nyslott-area-information\\\/\",\"name\":\"Nyslott I Saimen I Finland I Information\",\"isPartOf\":{\"@id\":\"https:\\\/\\\/visitsavonlinna.fi\\\/#website\"},\"primaryImageOfPage\":{\"@id\":\"https:\\\/\\\/visitsavonlinna.fi\\\/sv\\\/nyslott-area-information\\\/#primaryimage\"},\"image\":{\"@id\":\"https:\\\/\\\/visitsavonlinna.fi\\\/sv\\\/nyslott-area-information\\\/#primaryimage\"},\"thumbnailUrl\":\"https:\\\/\\\/visitsavonlinna.fi\\\/wp-content\\\/uploads\\\/sites\\\/2\\\/2023\\\/02\\\/finland-saimen-nyslott-information.jpg\",\"datePublished\":\"2023-02-27T08:25:26+00:00\",\"dateModified\":\"2023-02-28T08:42:45+00:00\",\"description\":\"L\u00e4r dig mer om Nyslotts historia och hur du tar dig hit till Saimenregionen.\",\"breadcrumb\":{\"@id\":\"https:\\\/\\\/visitsavonlinna.fi\\\/sv\\\/nyslott-area-information\\\/#breadcrumb\"},\"inLanguage\":\"sv-SE\",\"potentialAction\":[{\"@type\":\"ReadAction\",\"target\":[\"https:\\\/\\\/visitsavonlinna.fi\\\/sv\\\/nyslott-area-information\\\/\"]}]},{\"@type\":\"ImageObject\",\"inLanguage\":\"sv-SE\",\"@id\":\"https:\\\/\\\/visitsavonlinna.fi\\\/sv\\\/nyslott-area-information\\\/#primaryimage\",\"url\":\"https:\\\/\\\/visitsavonlinna.fi\\\/wp-content\\\/uploads\\\/sites\\\/2\\\/2023\\\/02\\\/finland-saimen-nyslott-information.jpg\",\"contentUrl\":\"https:\\\/\\\/visitsavonlinna.fi\\\/wp-content\\\/uploads\\\/sites\\\/2\\\/2023\\\/02\\\/finland-saimen-nyslott-information.jpg\",\"width\":2000,\"height\":953,\"caption\":\"finland-saimen-nyslott-information\"},{\"@type\":\"BreadcrumbList\",\"@id\":\"https:\\\/\\\/visitsavonlinna.fi\\\/sv\\\/nyslott-area-information\\\/#breadcrumb\",\"itemListElement\":[{\"@type\":\"ListItem\",\"position\":1,\"name\":\"Visitsavonlinna.fi\",\"item\":\"https:\\\/\\\/visitsavonlinna.fi\\\/sv\\\/\"},{\"@type\":\"ListItem\",\"position\":2,\"name\":\"Information om Nyslott\"}]},{\"@type\":\"WebSite\",\"@id\":\"https:\\\/\\\/visitsavonlinna.fi\\\/#website\",\"url\":\"https:\\\/\\\/visitsavonlinna.fi\\\/\",\"name\":\"Visit Savonlinna\",\"description\":\"\",\"potentialAction\":[{\"@type\":\"SearchAction\",\"target\":{\"@type\":\"EntryPoint\",\"urlTemplate\":\"https:\\\/\\\/visitsavonlinna.fi\\\/?s={search_term_string}\"},\"query-input\":{\"@type\":\"PropertyValueSpecification\",\"valueRequired\":true,\"valueName\":\"search_term_string\"}}],\"inLanguage\":\"sv-SE\"}]}<\/script>\n<!-- \/ Yoast SEO Premium plugin. -->","yoast_head_json":{"title":"Nyslott I Saimen I Finland I Information","description":"L\u00e4r dig mer om Nyslotts historia och hur du tar dig hit till Saimenregionen.","robots":{"index":"index","follow":"follow","max-snippet":"max-snippet:-1","max-image-preview":"max-image-preview:large","max-video-preview":"max-video-preview:-1"},"canonical":"https:\/\/visitsavonlinna.fi\/sv\/nyslott-area-information\/","og_locale":"sv_SE","og_type":"article","og_title":"Information om Nyslott","og_description":"L\u00e4r dig mer om Nyslotts historia och hur du tar dig hit till Saimenregionen.","og_url":"https:\/\/visitsavonlinna.fi\/sv\/nyslott-area-information\/","og_site_name":"Visit Savonlinna","article_modified_time":"2023-02-28T08:42:45+00:00","og_image":[{"width":2000,"height":953,"url":"https:\/\/visitsavonlinna.fi\/wp-content\/uploads\/sites\/2\/2023\/02\/finland-saimen-nyslott-information.jpg","type":"image\/jpeg"}],"twitter_card":"summary_large_image","twitter_misc":{"Ber\u00e4knad l\u00e4stid":"2 minuter"},"schema":{"@context":"https:\/\/schema.org","@graph":[{"@type":"WebPage","@id":"https:\/\/visitsavonlinna.fi\/sv\/nyslott-area-information\/","url":"https:\/\/visitsavonlinna.fi\/sv\/nyslott-area-information\/","name":"Nyslott I Saimen I Finland I Information","isPartOf":{"@id":"https:\/\/visitsavonlinna.fi\/#website"},"primaryImageOfPage":{"@id":"https:\/\/visitsavonlinna.fi\/sv\/nyslott-area-information\/#primaryimage"},"image":{"@id":"https:\/\/visitsavonlinna.fi\/sv\/nyslott-area-information\/#primaryimage"},"thumbnailUrl":"https:\/\/visitsavonlinna.fi\/wp-content\/uploads\/sites\/2\/2023\/02\/finland-saimen-nyslott-information.jpg","datePublished":"2023-02-27T08:25:26+00:00","dateModified":"2023-02-28T08:42:45+00:00","description":"L\u00e4r dig mer om Nyslotts historia och hur du tar dig hit till Saimenregionen.","breadcrumb":{"@id":"https:\/\/visitsavonlinna.fi\/sv\/nyslott-area-information\/#breadcrumb"},"inLanguage":"sv-SE","potentialAction":[{"@type":"ReadAction","target":["https:\/\/visitsavonlinna.fi\/sv\/nyslott-area-information\/"]}]},{"@type":"ImageObject","inLanguage":"sv-SE","@id":"https:\/\/visitsavonlinna.fi\/sv\/nyslott-area-information\/#primaryimage","url":"https:\/\/visitsavonlinna.fi\/wp-content\/uploads\/sites\/2\/2023\/02\/finland-saimen-nyslott-information.jpg","contentUrl":"https:\/\/visitsavonlinna.fi\/wp-content\/uploads\/sites\/2\/2023\/02\/finland-saimen-nyslott-information.jpg","width":2000,"height":953,"caption":"finland-saimen-nyslott-information"},{"@type":"BreadcrumbList","@id":"https:\/\/visitsavonlinna.fi\/sv\/nyslott-area-information\/#breadcrumb","itemListElement":[{"@type":"ListItem","position":1,"name":"Visitsavonlinna.fi","item":"https:\/\/visitsavonlinna.fi\/sv\/"},{"@type":"ListItem","position":2,"name":"Information om Nyslott"}]},{"@type":"WebSite","@id":"https:\/\/visitsavonlinna.fi\/#website","url":"https:\/\/visitsavonlinna.fi\/","name":"Visit Savonlinna","description":"","potentialAction":[{"@type":"SearchAction","target":{"@type":"EntryPoint","urlTemplate":"https:\/\/visitsavonlinna.fi\/?s={search_term_string}"},"query-input":{"@type":"PropertyValueSpecification","valueRequired":true,"valueName":"search_term_string"}}],"inLanguage":"sv-SE"}]}},"_links":{"self":[{"href":"https:\/\/visitsavonlinna.fi\/sv\/wp-json\/wp\/v2\/pages\/461107","targetHints":{"allow":["GET"]}}],"collection":[{"href":"https:\/\/visitsavonlinna.fi\/sv\/wp-json\/wp\/v2\/pages"}],"about":[{"href":"https:\/\/visitsavonlinna.fi\/sv\/wp-json\/wp\/v2\/types\/page"}],"author":[{"embeddable":true,"href":"https:\/\/visitsavonlinna.fi\/sv\/wp-json\/wp\/v2\/users\/55"}],"replies":[{"embeddable":true,"href":"https:\/\/visitsavonlinna.fi\/sv\/wp-json\/wp\/v2\/comments?post=461107"}],"version-history":[{"count":3,"href":"https:\/\/visitsavonlinna.fi\/sv\/wp-json\/wp\/v2\/pages\/461107\/revisions"}],"predecessor-version":[{"id":461325,"href":"https:\/\/visitsavonlinna.fi\/sv\/wp-json\/wp\/v2\/pages\/461107\/revisions\/461325"}],"wp:featuredmedia":[{"embeddable":true,"href":"https:\/\/visitsavonlinna.fi\/sv\/wp-json\/wp\/v2\/media\/461108"}],"wp:attachment":[{"href":"https:\/\/visitsavonlinna.fi\/sv\/wp-json\/wp\/v2\/media?parent=461107"}],"wp:term":[{"taxonomy":"relatedcontent","embeddable":true,"href":"https:\/\/visitsavonlinna.fi\/sv\/wp-json\/wp\/v2\/relatedcontent?post=461107"}],"curies":[{"name":"wp","href":"https:\/\/api.w.org\/{rel}","templated":true}]}}