{"id":532153,"date":"2023-03-24T15:01:35","date_gmt":"2023-03-24T13:01:35","guid":{"rendered":"https:\/\/visitsavonlinna.fi\/?page_id=532153"},"modified":"2023-03-30T14:50:38","modified_gmt":"2023-03-30T11:50:38","slug":"kryssningar-pa-saimen","status":"publish","type":"page","link":"https:\/\/visitsavonlinna.fi\/sv\/kryssningar-pa-saimen\/","title":{"rendered":"Kryssningar p\u00e5 Saimen"},"content":{"rendered":"<p>[vc_row][vc_column width=&#8221;1\/4&#8243;][\/vc_column][vc_column width=&#8221;1\/2&#8243;][vc_column_text]<\/p>\n<h1 dir=\"ltr\" style=\"text-align: center;\" data-placeholder=\"K\u00e4\u00e4nn\u00f6s\">Kryssningar p\u00e5 Saimen<\/h1>\n<p id=\"tw-target-text\" class=\"tw-data-text tw-text-large tw-ta\" dir=\"ltr\" style=\"text-align: center;\" data-placeholder=\"K\u00e4\u00e4nn\u00f6s\"><span class=\"Y2IQFc\" lang=\"sv\">Saimen har en m\u00e5nghundra\u00e5rig tradition som en viktig sj\u00f6fartsled fr\u00e5n tj\u00e4rhandelns storhetstid fram till v\u00e5ra dagar.<br \/>\n<\/span><\/p>\n<p class=\"tw-data-text tw-text-large tw-ta\" dir=\"ltr\" style=\"text-align: center;\" data-placeholder=\"K\u00e4\u00e4nn\u00f6s\"><span class=\"Y2IQFc\" lang=\"sv\">Lokala attraktioner, som Olofsborgt och Punkaharju \u00e5s, lockade turister redan p\u00e5 1800-talet, s\u00e5 f\u00f6rutom godstrafiken f\u00e4rdades allt fler passagerarfartyg i sj\u00f6n Saimen. De mest legendariska av dessa var de vita \u00e5ngb\u00e5tarna fr\u00e5n tidigt 1900-tal, p\u00e5 vilka man \u00e4n idag kan beundra Saimen sk\u00e4rg\u00e5rd. Du kan hitta dessa fartyg i Nyslotts hamn s\u00e5v\u00e4l som deras modernare varianter.<\/span><\/p>\n<p class=\"tw-data-text tw-text-large tw-ta\" dir=\"ltr\" style=\"text-align: center;\" data-placeholder=\"K\u00e4\u00e4nn\u00f6s\"><span class=\"Y2IQFc\" lang=\"sv\">En kryssning \u00e4r ett utm\u00e4rkt s\u00e4tt att tillbringa en solig sommardag i Nyslott samtidigt som du njuter av det vackra sj\u00f6omr\u00e5det Saimen med dess m\u00e5nga \u00f6ar. De visslande h\u00e4lsningarna fr\u00e5n de \u00e5ngfartyg som anl\u00e4nder och avg\u00e5r fr\u00e5n Nyslotts hamn uppmanar alla att komma ombord. Skepp Ahoj!<\/span><\/p>\n<p>[\/vc_column_text][\/vc_column][vc_column width=&#8221;1\/4&#8243;][\/vc_column][\/vc_row][vc_row][vc_column][vc_column_text]<\/p>\n<h2 style=\"text-align: center;\">Boka en kryssningsbiljett i f\u00f6rv\u00e4g<\/h2>\n<p>[\/vc_column_text][vc_empty_space][\/vc_column][\/vc_row][vc_row][vc_column][vc_raw_html]JTNDc2NyaXB0JTIwdHlwZSUzRCUyMnRleHQlMkZqYXZhc2NyaXB0JTIyJTIwc3JjJTNEJTIyaHR0cHMlM0ElMkYlMkZ3aWRnZXRzLmJva3VuLmlvJTJGYXNzZXRzJTJGamF2YXNjcmlwdHMlMkZhcHBzJTJGYnVpbGQlMkZCb2t1bldpZGdldHNMb2FkZXIuanMlM0Zib29raW5nQ2hhbm5lbFVVSUQlM0Q0NWQxN2IwOC0xOGRmLTQyYjgtODg0Ni1hMjhmYWUyZjVkY2UlMjIlMjBhc3luYyUzRSUzQyUyRnNjcmlwdCUzRSUwQSUyMCUyMCUyMCUyMCUyMCUwQSUyMCUyMCUyMCUyMCUzQ2RpdiUyMGNsYXNzJTNEJTIyYm9rdW5XaWRnZXQlMjIlMjBkYXRhLXNyYyUzRCUyMmh0dHBzJTNBJTJGJTJGd2lkZ2V0cy5ib2t1bi5pbyUyRm9ubGluZS1zYWxlcyUyRjQ1ZDE3YjA4LTE4ZGYtNDJiOC04ODQ2LWEyOGZhZTJmNWRjZSUyRnByb2R1Y3QtbGlzdCUyRjY1ODA4JTIyJTNFJTNDJTJGZGl2JTNFJTBBJTIwJTIwJTIwJTIwJTNDbm9zY3JpcHQlM0VQbGVhc2UlMjBlbmFibGUlMjBqYXZhc2NyaXB0JTIwaW4lMjB5b3VyJTIwYnJvd3NlciUyMHRvJTIwYm9vayUzQyUyRm5vc2NyaXB0JTNFJTBB[\/vc_raw_html][\/vc_column][\/vc_row]<\/p>\n","protected":false},"excerpt":{"rendered":"<p>[vc_row][vc_column width=&#8221;1\/4&#8243;][\/vc_column][vc_column width=&#8221;1\/2&#8243;][vc_column_text] Kryssningar p\u00e5 Saimen Saimen har en m\u00e5nghundra\u00e5rig tradition som en viktig sj\u00f6fartsled fr\u00e5n tj\u00e4rhandelns storhetstid fram till v\u00e5ra dagar. Lokala attraktioner, som Olofsborgt och Punkaharju \u00e5s, lockade [&hellip;]<\/p>\n","protected":false},"author":55,"featured_media":532163,"parent":0,"menu_order":0,"comment_status":"closed","ping_status":"closed","template":"","meta":{"footnotes":""},"relatedcontent":[],"class_list":["post-532153","page","type-page","status-publish","has-post-thumbnail","hentry"],"yoast_head":"<!-- This site is optimized with the Yoast SEO Premium plugin v27.3 (Yoast SEO v27.3) - https:\/\/yoast.com\/product\/yoast-seo-premium-wordpress\/ -->\n<title>Kryssningar p\u00e5 Saimen I Nyslott I Finland<\/title>\n<meta name=\"description\" content=\"Upplev sj\u00f6n Saimen n\u00e4r den \u00e4r som b\u00e4st p\u00e5 en kryssning i Nyslott.\" \/>\n<meta name=\"robots\" content=\"index, follow, max-snippet:-1, max-image-preview:large, max-video-preview:-1\" \/>\n<link rel=\"canonical\" href=\"https:\/\/visitsavonlinna.fi\/sv\/kryssningar-pa-saimen\/\" \/>\n<meta property=\"og:locale\" content=\"sv_SE\" \/>\n<meta property=\"og:type\" content=\"article\" \/>\n<meta property=\"og:title\" content=\"Kryssningar p\u00e5 Saimen\" \/>\n<meta property=\"og:description\" content=\"Upplev sj\u00f6n Saimen n\u00e4r den \u00e4r som b\u00e4st p\u00e5 en kryssning i Nyslott.\" \/>\n<meta property=\"og:url\" content=\"https:\/\/visitsavonlinna.fi\/sv\/kryssningar-pa-saimen\/\" \/>\n<meta property=\"og:site_name\" content=\"Visit Savonlinna\" \/>\n<meta property=\"article:modified_time\" content=\"2023-03-30T11:50:38+00:00\" \/>\n<meta property=\"og:image\" content=\"https:\/\/visitsavonlinna.fi\/wp-content\/uploads\/sites\/2\/2021\/09\/savonlinna-sisavesiristeilyt-saimaalla-maisemaristeily-samppanjaristeily.jpg\" \/>\n<meta name=\"twitter:card\" content=\"summary_large_image\" \/>\n<meta name=\"twitter:label1\" content=\"Ber\u00e4knad l\u00e4stid\" \/>\n\t<meta name=\"twitter:data1\" content=\"1 minut\" \/>\n<script type=\"application\/ld+json\" class=\"yoast-schema-graph\">{\"@context\":\"https:\\\/\\\/schema.org\",\"@graph\":[{\"@type\":\"WebPage\",\"@id\":\"https:\\\/\\\/visitsavonlinna.fi\\\/sv\\\/kryssningar-pa-saimen\\\/\",\"url\":\"https:\\\/\\\/visitsavonlinna.fi\\\/sv\\\/kryssningar-pa-saimen\\\/\",\"name\":\"Kryssningar p\u00e5 Saimen I Nyslott I Finland\",\"isPartOf\":{\"@id\":\"https:\\\/\\\/visitsavonlinna.fi\\\/#website\"},\"primaryImageOfPage\":{\"@id\":\"https:\\\/\\\/visitsavonlinna.fi\\\/sv\\\/kryssningar-pa-saimen\\\/#primaryimage\"},\"image\":{\"@id\":\"https:\\\/\\\/visitsavonlinna.fi\\\/sv\\\/kryssningar-pa-saimen\\\/#primaryimage\"},\"thumbnailUrl\":\"https:\\\/\\\/visitsavonlinna.fi\\\/wp-content\\\/uploads\\\/sites\\\/2\\\/2023\\\/03\\\/nyslott-kryssningar-saimen.jpg\",\"datePublished\":\"2023-03-24T13:01:35+00:00\",\"dateModified\":\"2023-03-30T11:50:38+00:00\",\"description\":\"Upplev sj\u00f6n Saimen n\u00e4r den \u00e4r som b\u00e4st p\u00e5 en kryssning i Nyslott.\",\"breadcrumb\":{\"@id\":\"https:\\\/\\\/visitsavonlinna.fi\\\/sv\\\/kryssningar-pa-saimen\\\/#breadcrumb\"},\"inLanguage\":\"sv-SE\",\"potentialAction\":[{\"@type\":\"ReadAction\",\"target\":[\"https:\\\/\\\/visitsavonlinna.fi\\\/sv\\\/kryssningar-pa-saimen\\\/\"]}]},{\"@type\":\"ImageObject\",\"inLanguage\":\"sv-SE\",\"@id\":\"https:\\\/\\\/visitsavonlinna.fi\\\/sv\\\/kryssningar-pa-saimen\\\/#primaryimage\",\"url\":\"https:\\\/\\\/visitsavonlinna.fi\\\/wp-content\\\/uploads\\\/sites\\\/2\\\/2023\\\/03\\\/nyslott-kryssningar-saimen.jpg\",\"contentUrl\":\"https:\\\/\\\/visitsavonlinna.fi\\\/wp-content\\\/uploads\\\/sites\\\/2\\\/2023\\\/03\\\/nyslott-kryssningar-saimen.jpg\",\"width\":2200,\"height\":929,\"caption\":\"nyslott-kryssningar-saimen\"},{\"@type\":\"BreadcrumbList\",\"@id\":\"https:\\\/\\\/visitsavonlinna.fi\\\/sv\\\/kryssningar-pa-saimen\\\/#breadcrumb\",\"itemListElement\":[{\"@type\":\"ListItem\",\"position\":1,\"name\":\"Visitsavonlinna.fi\",\"item\":\"https:\\\/\\\/visitsavonlinna.fi\\\/sv\\\/\"},{\"@type\":\"ListItem\",\"position\":2,\"name\":\"Kryssningar p\u00e5 Saimen\"}]},{\"@type\":\"WebSite\",\"@id\":\"https:\\\/\\\/visitsavonlinna.fi\\\/#website\",\"url\":\"https:\\\/\\\/visitsavonlinna.fi\\\/\",\"name\":\"Visit Savonlinna\",\"description\":\"\",\"potentialAction\":[{\"@type\":\"SearchAction\",\"target\":{\"@type\":\"EntryPoint\",\"urlTemplate\":\"https:\\\/\\\/visitsavonlinna.fi\\\/?s={search_term_string}\"},\"query-input\":{\"@type\":\"PropertyValueSpecification\",\"valueRequired\":true,\"valueName\":\"search_term_string\"}}],\"inLanguage\":\"sv-SE\"}]}<\/script>\n<!-- \/ Yoast SEO Premium plugin. -->","yoast_head_json":{"title":"Kryssningar p\u00e5 Saimen I Nyslott I Finland","description":"Upplev sj\u00f6n Saimen n\u00e4r den \u00e4r som b\u00e4st p\u00e5 en kryssning i Nyslott.","robots":{"index":"index","follow":"follow","max-snippet":"max-snippet:-1","max-image-preview":"max-image-preview:large","max-video-preview":"max-video-preview:-1"},"canonical":"https:\/\/visitsavonlinna.fi\/sv\/kryssningar-pa-saimen\/","og_locale":"sv_SE","og_type":"article","og_title":"Kryssningar p\u00e5 Saimen","og_description":"Upplev sj\u00f6n Saimen n\u00e4r den \u00e4r som b\u00e4st p\u00e5 en kryssning i Nyslott.","og_url":"https:\/\/visitsavonlinna.fi\/sv\/kryssningar-pa-saimen\/","og_site_name":"Visit Savonlinna","article_modified_time":"2023-03-30T11:50:38+00:00","og_image":[{"url":"https:\/\/visitsavonlinna.fi\/wp-content\/uploads\/sites\/2\/2021\/09\/savonlinna-sisavesiristeilyt-saimaalla-maisemaristeily-samppanjaristeily.jpg","type":"","width":"","height":""}],"twitter_card":"summary_large_image","twitter_misc":{"Ber\u00e4knad l\u00e4stid":"1 minut"},"schema":{"@context":"https:\/\/schema.org","@graph":[{"@type":"WebPage","@id":"https:\/\/visitsavonlinna.fi\/sv\/kryssningar-pa-saimen\/","url":"https:\/\/visitsavonlinna.fi\/sv\/kryssningar-pa-saimen\/","name":"Kryssningar p\u00e5 Saimen I Nyslott I Finland","isPartOf":{"@id":"https:\/\/visitsavonlinna.fi\/#website"},"primaryImageOfPage":{"@id":"https:\/\/visitsavonlinna.fi\/sv\/kryssningar-pa-saimen\/#primaryimage"},"image":{"@id":"https:\/\/visitsavonlinna.fi\/sv\/kryssningar-pa-saimen\/#primaryimage"},"thumbnailUrl":"https:\/\/visitsavonlinna.fi\/wp-content\/uploads\/sites\/2\/2023\/03\/nyslott-kryssningar-saimen.jpg","datePublished":"2023-03-24T13:01:35+00:00","dateModified":"2023-03-30T11:50:38+00:00","description":"Upplev sj\u00f6n Saimen n\u00e4r den \u00e4r som b\u00e4st p\u00e5 en kryssning i Nyslott.","breadcrumb":{"@id":"https:\/\/visitsavonlinna.fi\/sv\/kryssningar-pa-saimen\/#breadcrumb"},"inLanguage":"sv-SE","potentialAction":[{"@type":"ReadAction","target":["https:\/\/visitsavonlinna.fi\/sv\/kryssningar-pa-saimen\/"]}]},{"@type":"ImageObject","inLanguage":"sv-SE","@id":"https:\/\/visitsavonlinna.fi\/sv\/kryssningar-pa-saimen\/#primaryimage","url":"https:\/\/visitsavonlinna.fi\/wp-content\/uploads\/sites\/2\/2023\/03\/nyslott-kryssningar-saimen.jpg","contentUrl":"https:\/\/visitsavonlinna.fi\/wp-content\/uploads\/sites\/2\/2023\/03\/nyslott-kryssningar-saimen.jpg","width":2200,"height":929,"caption":"nyslott-kryssningar-saimen"},{"@type":"BreadcrumbList","@id":"https:\/\/visitsavonlinna.fi\/sv\/kryssningar-pa-saimen\/#breadcrumb","itemListElement":[{"@type":"ListItem","position":1,"name":"Visitsavonlinna.fi","item":"https:\/\/visitsavonlinna.fi\/sv\/"},{"@type":"ListItem","position":2,"name":"Kryssningar p\u00e5 Saimen"}]},{"@type":"WebSite","@id":"https:\/\/visitsavonlinna.fi\/#website","url":"https:\/\/visitsavonlinna.fi\/","name":"Visit Savonlinna","description":"","potentialAction":[{"@type":"SearchAction","target":{"@type":"EntryPoint","urlTemplate":"https:\/\/visitsavonlinna.fi\/?s={search_term_string}"},"query-input":{"@type":"PropertyValueSpecification","valueRequired":true,"valueName":"search_term_string"}}],"inLanguage":"sv-SE"}]}},"_links":{"self":[{"href":"https:\/\/visitsavonlinna.fi\/sv\/wp-json\/wp\/v2\/pages\/532153","targetHints":{"allow":["GET"]}}],"collection":[{"href":"https:\/\/visitsavonlinna.fi\/sv\/wp-json\/wp\/v2\/pages"}],"about":[{"href":"https:\/\/visitsavonlinna.fi\/sv\/wp-json\/wp\/v2\/types\/page"}],"author":[{"embeddable":true,"href":"https:\/\/visitsavonlinna.fi\/sv\/wp-json\/wp\/v2\/users\/55"}],"replies":[{"embeddable":true,"href":"https:\/\/visitsavonlinna.fi\/sv\/wp-json\/wp\/v2\/comments?post=532153"}],"version-history":[{"count":5,"href":"https:\/\/visitsavonlinna.fi\/sv\/wp-json\/wp\/v2\/pages\/532153\/revisions"}],"predecessor-version":[{"id":533943,"href":"https:\/\/visitsavonlinna.fi\/sv\/wp-json\/wp\/v2\/pages\/532153\/revisions\/533943"}],"wp:featuredmedia":[{"embeddable":true,"href":"https:\/\/visitsavonlinna.fi\/sv\/wp-json\/wp\/v2\/media\/532163"}],"wp:attachment":[{"href":"https:\/\/visitsavonlinna.fi\/sv\/wp-json\/wp\/v2\/media?parent=532153"}],"wp:term":[{"taxonomy":"relatedcontent","embeddable":true,"href":"https:\/\/visitsavonlinna.fi\/sv\/wp-json\/wp\/v2\/relatedcontent?post=532153"}],"curies":[{"name":"wp","href":"https:\/\/api.w.org\/{rel}","templated":true}]}}